{"id":1147,"date":"2019-03-23T20:55:49","date_gmt":"2019-03-23T18:55:49","guid":{"rendered":"http:\/\/overboyaohushua.com\/?page_id=1147"},"modified":"2019-03-24T22:57:36","modified_gmt":"2019-03-24T20:57:36","slug":"model-65-10","status":"publish","type":"page","link":"https:\/\/overboyaohushua.com\/index.php\/model-65-10\/","title":{"rendered":"I.N.R.I."},"content":{"rendered":"\r\n<div class=\"wp-block-image\">\r\n<figure class=\"aligncenter\"><img decoding=\"async\" src=\"http:\/\/wp.cyocaminho.org\/wp-content\/uploads\/2019\/02\/CYCLog-1024x83.png\" alt=\"\" class=\"wp-image-25\" \/>\r\n<figcaption><a href=\"https:\/\/www.cyocaminho.org\">www.cyocaminho.org<\/a><\/figcaption>\r\n<\/figure>\r\n<\/div>\r\n\r\n<p style=\"text-align: center;\"><span style=\"font-size: 28px;\"><em><strong><span style=\"font-family: verdana, geneva, sans-serif;\">I.N.R.I e Seus Mist\u00e9rios\u00a0Sob a \u00d3tica de um <\/span><\/strong><\/em><\/span><\/p>\r\n<p style=\"text-align: center;\"><span style=\"font-size: 28px;\"><em><strong><span style=\"font-family: verdana, geneva, sans-serif;\">Praticante de Satanismo<\/span><\/strong><\/em><\/span><\/p>\r\n<blockquote>\r\n<p align=\"center\" id=\"mcetoc_1d6ltr9u10\" style=\"text-align: left;\"><span style=\"font-size: 16px;\" lang=\"PT\">Uma das Palavras mais conhecida e invocada tantos por m\u00edsticos como por magistas [praticantes de magia] \u00e9 o Tetragrama INRI. Portanto, neste mesmo conceito, o termo Mago refere-se a um Grau Inici\u00e1tico da Grande Ordem. Esta diferen\u00e7a entre Magista e Mago \u00e9 de grande import\u00e2ncia para Thelemitas.<\/span><\/p>\r\n<\/blockquote>\r\n<p style=\"text-align: center;\"><img loading=\"lazy\" decoding=\"async\" src=\"https:\/\/cyocaminho.org\/INRI.png\" width=\"535\" height=\"274\" class=\"alignnone\" \/><\/p>\r\n<h1 align=\"center\" id=\"mcetoc_1d6lttbk61\"><span style=\"font-family: 'comic sans ms', sans-serif; font-size: 16px;\" lang=\"PT\">(Uma prova do quanto o Cristianismo de hoje \u00e9 uma contrafa\u00e7\u00e3o da Verdade)<\/span><\/h1>\r\n<p><span style=\"font-family: verdana, geneva, sans-serif; font-size: 16px;\" lang=\"PT\">Feita esta observa\u00e7\u00e3o continuemos. Mas qual \u00e9, afinal, o significado desta Palavra (INRI)? Existem v\u00e1rios significados que se desdobram em v\u00e1rios n\u00edveis. No decorrer deste reduzido trabalho iremos, aos poucos (a natureza n\u00e3o d\u00e1 saltos), penetrando em seus mist\u00e9rios at\u00e9 o limite de nossa compreens\u00e3o.<\/span><\/p>\r\n<p><span style=\"font-family: verdana, geneva, sans-serif; font-size: 16px;\" lang=\"PT\">Em um n\u00edvel mais leigo, poder\u00edamos dizer que INRI s\u00e3o as iniciais do d\u00edstico supostamente colocado sobre a cruz em que, assim acreditam os crist\u00e3os, morreu \u201cjesus\u201d: I.N.R.I \u00e9 o acr\u00f4nimo de\u00a0<b>I<\/b>esus\u00a0<b>N<\/b>asarenus\u00a0<b>R<\/b>ex\u00a0<b>I<\/b>udaeorum, do latim (Jesus Nazareno Rei dos Judeus em portugu\u00eas).<\/span><\/p>\r\n<p><span style=\"font-family: verdana, geneva, sans-serif; font-size: 16px;\" lang=\"PT\">Mas esta afirmativa n\u00e3o procede, porque muito antes do \u201cjesus\u201d dos Evangelhos, estas quatro iniciais j\u00e1 eram conhecidas pelos antigos S\u00e1bios nos Santu\u00e1rios da Gnosis, como s\u00edntese de uma das f\u00f3rmulas da Natureza.<\/span><\/p>\r\n<p><span style=\"font-family: verdana, geneva, sans-serif; font-size: 16px;\" lang=\"PT\">Em um n\u00edvel mais elevado, vamos reconhecer que INRI s\u00e3o as iniciais que encerram o segredo da Palavra Sagrada dos Cavaleiros da Rosa Cruz (Grau Dezoito da Ma\u00e7onaria Ortodoxa), que n\u00e3o se pronuncia, mas que est\u00e1 contida num especial di\u00e1logo constante do Ritual:<\/span><\/p>\r\n<p><span style=\"font-family: verdana, geneva, sans-serif; font-size: 16px;\" lang=\"PT\">P.: Donde vindes?<br \/>R.: Da J (Y).<br \/>P.: Por qual cidade passastes?<br \/>R.: Por N.<br \/>P.: Quem vos conduziu?<br \/>R.: R.<br \/>P.: De que tribo sois?<br \/>R.: Da tribo de J (Y).<\/span><\/p>\r\n<p><span style=\"font-family: verdana, geneva, sans-serif; font-size: 16px;\" lang=\"PT\">Reparem que a designa\u00e7\u00e3o deste grau ma\u00e7\u00f4nico n\u00e3o \u00e9 Grau Rosa Cruz, mas sim \u201cCavaleiros da Rosa Cruz\u201d. Isto determina a diferen\u00e7a deste Grau daquelas famosas \u201cOrdens Rosa Cruz\u201d t\u00e3o conhecidas pelo p\u00fablico em geral.<\/span><\/p>\r\n<p><span style=\"font-family: verdana, geneva, sans-serif; font-size: 16px;\" lang=\"PT\">Historicamente, \u00e9 dito, que o Grau de Cavaleiro da Rosa Cruz tem por base as doutrinas gn\u00f3sticas da Fraternidade dos Irm\u00e3os da Rosa Cruz, cuja funda\u00e7\u00e3o, ou pelo menos sua organiza\u00e7\u00e3o, \u00e9 atribu\u00edda a Jo\u00e3o Valent\u00edn Andreia, Abade de Adalberon, falecido em 1564.<\/span><\/p>\r\n<p><span style=\"font-family: verdana, geneva, sans-serif; font-size: 16px;\" lang=\"PT\">Como na Natureza tudo nasce, tudo se destroi, e tudo se regenera, a gera\u00e7\u00e3o, a destrui\u00e7\u00e3o e a regenera\u00e7\u00e3o s\u00e3o as principais considera\u00e7\u00f5es que constituem o objeto do grau Rosa Cruz, desenvolvimento te\u00f3rico do tr\u00eas primeiros graus simb\u00f3licos da Ma\u00e7onaria. Isto como doutrina gn\u00f3stica pura. Como pol\u00edtica, o grau Rosa Cruz consagra a recorda\u00e7\u00e3o da emancipa\u00e7\u00e3o dos povos pela Fraternidade e discute os meios de se chegar a fazer desta emancipa\u00e7\u00e3o uma realidade pr\u00e1tica.<\/span><\/p>\r\n<p><span style=\"font-family: verdana, geneva, sans-serif; font-size: 16px;\" lang=\"PT\">Os primitivos Magi (plural de Mago) formavam com estas quatro letras os seguintes aforismas:<\/span><\/p>\r\n<p align=\"center\"><span style=\"font-family: verdana, geneva, sans-serif; font-size: 16px;\"><em><span lang=\"PT\">Ignem Natura Regenerando Integrat.<\/span><\/em><i><span lang=\"PT\"><br \/><em>Igne Natura Renovatur Integrat<\/em><br \/><em>Igne Nitrum Roris Invenitur<\/em><\/span><\/i><\/span><\/p>\r\n<p><span style=\"font-family: verdana, geneva, sans-serif; font-size: 16px;\" lang=\"PT\">Modernos Rosa Cruzes fil\u00f3sofos v\u00eam nelas as iniciais das palavras: India, Natureza, Regenera\u00e7\u00e3o, Ignor\u00e2ncia.<\/span><\/p>\r\n<p><span style=\"font-family: verdana, geneva, sans-serif; font-size: 16px;\" lang=\"PT\">Ou das palavras:\u00a0<em>Indefesso Nasu Repellamus Ignoratiam<\/em><\/span><\/p>\r\n<p><span style=\"font-family: verdana, geneva, sans-serif; font-size: 16px;\" lang=\"PT\">Ou, como dizem os Jesuitas:\u00a0<em>Justum Necare Regis Impios<\/em>\u00a0(\u00c9 justo matar os reis \u00edmpios).<\/span><\/p>\r\n<p><span style=\"font-family: verdana, geneva, sans-serif; font-size: 16px;\" lang=\"PT\">Tamb\u00e9m n\u00e3o podemos nos esquecer que INRI \u00e9 um tetragrama semelhante ao IHVH e, neste caso, as iniciais INRI correspondem, tal como em IHVH para os gn\u00f3sticos, aos Quatro Elementos de Fogo, \u00c1gua, Terra e Ar, assim:<\/span><\/p>\r\n<div align=\"center\">\r\n<table border=\"0\" cellpadding=\"0\" cellspacing=\"0\" style=\"width: 27.0751%;\">\r\n<tbody>\r\n<tr>\r\n<td align=\"center\" style=\"width: 10%;\">\r\n<p><span style=\"font-family: verdana, geneva, sans-serif; font-size: 16px;\" lang=\"PT\">(I) ammin<\/span><\/p>\r\n<\/td>\r\n<td align=\"center\" style=\"width: 10%;\">\r\n<p><span style=\"font-family: verdana, geneva, sans-serif; font-size: 16px;\" lang=\"PT\">\u00c1gua<\/span><\/p>\r\n<\/td>\r\n<\/tr>\r\n<tr>\r\n<td align=\"center\" style=\"width: 10%;\">\r\n<p><span style=\"font-family: verdana, geneva, sans-serif; font-size: 16px;\" lang=\"PT\">(N) our<\/span><\/p>\r\n<\/td>\r\n<td align=\"center\" style=\"width: 10%;\">\r\n<p><span style=\"font-family: verdana, geneva, sans-serif; font-size: 16px;\" lang=\"PT\">Fogo<\/span><\/p>\r\n<\/td>\r\n<\/tr>\r\n<tr>\r\n<td align=\"center\" style=\"width: 10%;\">\r\n<p><span style=\"font-family: verdana, geneva, sans-serif; font-size: 16px;\" lang=\"PT\">(R) owahh<\/span><\/p>\r\n<\/td>\r\n<td align=\"center\" style=\"width: 10%;\">\r\n<p><span style=\"font-family: verdana, geneva, sans-serif; font-size: 16px;\" lang=\"PT\">Ar<\/span><\/p>\r\n<\/td>\r\n<\/tr>\r\n<tr>\r\n<td align=\"center\" style=\"width: 10%;\">\r\n<p><span style=\"font-family: verdana, geneva, sans-serif; font-size: 16px;\" lang=\"PT\">(I) abesch<\/span><\/p>\r\n<\/td>\r\n<td align=\"center\" style=\"width: 10%;\">\r\n<p><span style=\"font-family: verdana, geneva, sans-serif; font-size: 16px;\" lang=\"PT\">Terra<\/span><\/p>\r\n<\/td>\r\n<\/tr>\r\n<\/tbody>\r\n<\/table>\r\n<\/div>\r\n<p><span style=\"font-family: verdana, geneva, sans-serif; font-size: 16px;\" lang=\"PT\">Da mesma forma que podemos alocar uma dessas letras do Tetragrama\u00a0<b>IHVH\u00a0<\/b>nos bra\u00e7os de uma Cruz:<\/span><\/p>\r\n<p class=\"tituloindice\" align=\"center\"><span style=\"font-family: verdana, geneva, sans-serif; font-size: 16px;\"><b><span lang=\"PT\">I<\/span><\/b><\/span><\/p>\r\n<p class=\"tituloindice\" align=\"center\"><span style=\"font-family: verdana, geneva, sans-serif; font-size: 16px;\"><b><span lang=\"PT\">H \u00a0 \u00a0 \u00a0 \u00a0 \u00a0 \u00a0 \u00a0 \u00a0 H<\/span><\/b><\/span><\/p>\r\n<p class=\"tituloindice\" align=\"center\"><span style=\"font-family: verdana, geneva, sans-serif; font-size: 16px;\"><b><span lang=\"PT\">V<\/span><\/b><\/span><\/p>\r\n<p style=\"text-align: center;\"><span style=\"font-family: verdana, geneva, sans-serif; font-size: 16px;\" lang=\"PT\">Tamb\u00e9m podemos faze-lo com o\u00a0<b>INRI<\/b>.<\/span><\/p>\r\n<p><span style=\"font-family: verdana, geneva, sans-serif; font-size: 16px;\" lang=\"PT\">\u00a0<\/span><\/p>\r\n<p class=\"tituloindice\" align=\"center\"><span style=\"font-family: verdana, geneva, sans-serif; font-size: 16px;\"><b><span lang=\"PT\">I<\/span><\/b><\/span><\/p>\r\n<p class=\"tituloindice\" align=\"center\"><span style=\"font-family: verdana, geneva, sans-serif; font-size: 16px;\"><b><span lang=\"PT\">I \u00a0 \u00a0 \u00a0 \u00a0 \u00a0 \u00a0 \u00a0 \u00a0 N<\/span><\/b><\/span><\/p>\r\n<p class=\"tituloindice\" align=\"center\"><span style=\"font-family: verdana, geneva, sans-serif; font-size: 16px;\"><b><span lang=\"PT\">R<\/span><\/b><\/span><\/p>\r\n<p><span style=\"font-family: verdana, geneva, sans-serif; font-size: 16px;\" lang=\"PT\">\u00a0<\/span><\/p>\r\n<p><span style=\"font-family: verdana, geneva, sans-serif; font-size: 16px;\"><span lang=\"PT\">Reparem que nos dois casos h\u00e1 repeti\u00e7\u00e3o de uma das letras. No Ritual Menor do Pentagrama a palavra INRI \u00e9 de suma import\u00e2ncia no hebraico:\u00a0<img loading=\"lazy\" decoding=\"async\" src=\"http:\/\/overboyaohushua.com\/wp-content\/uploads\/2019\/03\/inri.png\" alt=\"\" width=\"372\" height=\"27\" class=\"wp-image-1148  alignnone\" srcset=\"https:\/\/overboyaohushua.com\/wp-content\/uploads\/2019\/03\/inri.png 481w, https:\/\/overboyaohushua.com\/wp-content\/uploads\/2019\/03\/inri-300x22.png 300w\" sizes=\"auto, (max-width: 372px) 100vw, 372px\" \/><\/span><\/span><\/p>\r\n<p><span style=\"font-family: verdana, geneva, sans-serif; font-size: 16px;\" lang=\"PT\">Apenas necessitamos do mais superficial conhecimento das atribui\u00e7\u00f5es dadas no Sepher Yetzirah, do ma\u00e7o de cartas do Tarot, ligeiras no\u00e7\u00f5es de gnosticismo e astrologia. A primeira a\u00e7\u00e3o \u00e9 converter as quatro letras latinas em suas equivalentes hebraicas e, posteriormente, em suas atribui\u00e7\u00f5es diretas, assim:<\/span><\/p>\r\n<p align=\"center\"><span style=\"font-family: verdana, geneva, sans-serif; font-size: 16px;\" lang=\"PT\">I (ou J) = Yod = Virgo = y<br \/>N = Nun = Scorpio = n<br \/>R = Resh = Sol = r<br \/>I (ou J) = Yod = Virgo = y<\/span><\/p>\r\n<p align=\"center\"><span style=\"font-family: verdana, geneva, sans-serif; font-size: 16px;\"><b><span lang=\"PT\">NOTA<\/span><\/b><span lang=\"PT\">: lembramos que a letra JOTA n\u00e3o existe no Hebraico, no Grego e nem no Latim&#8230; Esta letra foi criada muito recentemente (por volta do s\u00e9culo XVI).<\/span><\/span><\/p>\r\n<p><span style=\"font-family: verdana, geneva, sans-serif; font-size: 16px;\" lang=\"PT\">Pesquisando Liber 777 (A. Crowley), na coluna intitulada \u201cDeuses Eg\u00edpcios\u201d, encontramos o seguinte:<\/span><\/p>\r\n<p align=\"center\"><span style=\"font-family: verdana, geneva, sans-serif; font-size: 16px;\" lang=\"PT\">Virgo = ISIS = M\u00e3e Pujante = Que \u00e9 a M\u00e3e de todas as coisas.<br \/>Scorpio = Apophis = O Destruidor (Morte)<br \/>Sol = Osiris ou R\u00e1 = Morto e Erguido.<\/span><\/p>\r\n<p><span style=\"font-family: verdana, geneva, sans-serif; font-size: 16px;\" lang=\"PT\">O \u201cI\u201d final, sendo uma repeti\u00e7\u00e3o, \u00e9 deixado de lado para ser retomado apenas em algum lugar posterior a fim de estender o significado daquelas an\u00e1lise derivadas.<\/span><\/p>\r\n<p><span style=\"font-family: verdana, geneva, sans-serif; font-size: 16px;\" lang=\"PT\">A an\u00e1lise final da Palavra chave resume a f\u00f3rmula com as iniciais de Isis, Apophis e Osiris, dando\u00a0<i>IAO<\/i>, o Deus Supremo dos Gn\u00f3sticos.<\/span><\/p>\r\n<p><span style=\"font-family: verdana, geneva, sans-serif; font-size: 16px;\" lang=\"PT\">Mas\u00a0<i>IAO<\/i>\u00a0tamb\u00e9m pode ser interpretado como Igne Aqua Origo &#8211; A origem do Fogo est\u00e1 na \u00c1gua. O que \u00e9 uma Chave? Estudando Liber Aleph vemos que as Ep\u00edstolas 71 e 72 s\u00e3o dedicadas \u00e0 Palavra INRI; mas agora num outro n\u00edvel, talvez, jamais estudado pela maioria dos ocultistas, e mesmo por Thelemitas.<\/span><\/p>\r\n<p>&nbsp;<\/p>\r\n<p><span style=\"font-family: verdana, geneva, sans-serif; font-size: 16px;\"><b><span lang=\"ES\">Ep\u00edstola 71<\/span><\/b><span lang=\"ES\">\u00a0\u2013\u00a0<b>DE KRISHNA, ET DE DIONYSUS<\/b><\/span><\/span><\/p>\r\n<p><span style=\"font-family: verdana, geneva, sans-serif; font-size: 16px;\" lang=\"PT\">KRISHNA tem formas e nomes inumer\u00e1veis, e Eu n\u00e3o conhe\u00e7o seu verdadeiro Nascimento humano. Pois sua F\u00f3rmula \u00e9 da mais alta Antiguidade. Mas Sua Palavra se espalhou em muitas terras, e n\u00f3s a conhecemos hoje em dia como INRI, com o secreto IAO ali velado. E o significado desta Palavra \u00e9 a Maneira do trabalho da Natureza em Suas Mudan\u00e7as; isto \u00e9, ela \u00e9 a F\u00f3rmula pela qual todas as coisas se reproduzem e se recriam a si mesmas. No entanto, esta Extens\u00e3o e Especializa\u00e7\u00e3o foi mais o trabalho de Dionysus; pois a verdadeira Palavra de Krishna era AUM, implicando antes uma declara\u00e7\u00e3o da Verdade da Natureza que uma Instru\u00e7\u00e3o pr\u00e1tica em Opera\u00e7\u00f5es detalhadas da Magia.<\/span><\/p>\r\n<p><span style=\"font-family: verdana, geneva, sans-serif; font-size: 16px;\" lang=\"PT\">Mas Dionysus, pela Palavra INRI, estabeleceu as Funda\u00e7\u00f5es de toda Ci\u00eancia, como n\u00f3s dizemos Ci\u00eancia hoje em dia em um Senso Particular, isto \u00e9, de fazer com que a Natureza externa mude em Harmonia com nossas Vontades.<\/span><\/p>\r\n<p>&nbsp;<\/p>\r\n<p><span style=\"font-family: verdana, geneva, sans-serif; font-size: 16px;\"><b><span lang=\"PT\">Ep\u00edstola 72<\/span><\/b><span lang=\"PT\">\u00a0\u2013\u00a0<b>DE TAHUTI<\/b><\/span><\/span><\/p>\r\n<p><span style=\"font-family: verdana, geneva, sans-serif; font-size: 16px;\" lang=\"PT\">TAHUTI, ou Thoth, confirmou a Palavra de Dionysus continuando-a, pois Ele mostrou como \u00e9 poss\u00edvel dirigir atrav\u00e9s da Mente as Opera\u00e7\u00f5es da Vontade. Por crit\u00e9rio e pelo registro da mem\u00f3ria o Homem evita Erro, e a Repeti\u00e7\u00e3o de Erro. Mas a verdadeira Palavra de Tahuti era AMOUN. Pela qual Ele fez os Homens compreenderem a Natureza secreta deles, isto \u00e9, a Unidade deles com seus Verdadeiros Entes; ou, como eles ent\u00e3o expressavam isto, com Deus. E Ele lhes desvelou o caminho desta Consecu\u00e7\u00e3o, e a rela\u00e7\u00e3o deste caminho com a F\u00f3rmula de INRI. Tamb\u00e9m, por seu Mist\u00e9rio de N\u00famero ele tornou f\u00e1cil para seu Sucessor que declarasse a natureza do Universo inteiro em sua Forma e sua estrutura, como se fosse uma An\u00e1lise deste, fazendo pela Mat\u00e9ria aquilo que o Buddha estava designado para fazer pela Mente.<\/span><\/p>\r\n<p>&nbsp;<\/p>\r\n<p><span style=\"font-family: verdana, geneva, sans-serif; font-size: 16px;\"><b><span lang=\"PT\">Observa\u00e7\u00e3o Final:<\/span><\/b><\/span><\/p>\r\n<p><span style=\"font-family: verdana, geneva, sans-serif; font-size: 16px;\" lang=\"PT\">O estudante sat\u00e2nico dos Mist\u00e9rios poder\u00e1, \u00e9 claro, alcan\u00e7ar maior profundidade sobre esta Palavra estudando seriamente e praticando, diariamente, o Ritual Menor do Hexagrama, principalmente ficando atento aos gestos requeridos no Ritual.<\/span><\/p>\r\n<p><span style=\"font-family: verdana, geneva, sans-serif; font-size: 16px;\" lang=\"PT\">Que ele tenha em mente que LVX possui uma estreita rela\u00e7\u00e3o com ADNI, cujo valor num\u00e9rico \u00e9 65. E que as letras L, V, X, tomadas como s\u00edmbolos numerais romanos \u00e9 65 (LXV).<\/span><\/p>\r\n<p style=\"text-align: center;\"><b><span style=\"color: #808080; font-family: Verdana;\"> <a href=\"http:\/\/overboyaohushua.com\/index.php\/principal-6\/\"><span style=\"color: #808080;\"> <marquee>Seja um Rosh (l\u00edder Congregacional); fa\u00e7a o CTA: Curso de Teologia Aplicada &#8211; CLIC!<\/marquee><\/span><\/a><\/span><\/b><\/p>\r\n\r\n<p><strong>D\u00favidas:<\/strong><\/p>\r\n\r\n\r\n\t\t\t<link rel=\"stylesheet\" property=\"stylesheet\" href=\"https:\/\/overboyaohushua.com\/wp-content\/plugins\/happyforms\/bundles\/css\/frontend.css\" \/>\n\t\t\t\t<!-- HappyForms CSS variables -->\n\t<style>\n\t#happyforms-54 {\n\t\t--happyforms-part-title-font-size: 16px;\n--happyforms-part-description-font-size: 14px;\n--happyforms-part-value-font-size: 16px;\n--happyforms-submit-button-font-size: 18px;\n--happyforms-color-primary: #000000;\n--happyforms-color-success-notice: #ebf9f0;\n--happyforms-color-success-notice-text: #1eb452;\n--happyforms-color-error: #ff7550;\n--happyforms-color-error-notice: #ffeeea;\n--happyforms-color-error-notice-text: #f23000;\n--happyforms-color-part-title: #000000;\n--happyforms-color-part-value: #000000;\n--happyforms-color-part-placeholder: #888888;\n--happyforms-color-part-description: #454545;\n--happyforms-color-part-border: #dbdbdb;\n--happyforms-color-part-border-focus: #407fff;\n--happyforms-color-part-background: #ffffff;\n--happyforms-color-part-background-focus: #ffffff;\n--happyforms-color-submit-background: #407fff;\n--happyforms-color-submit-background-hover: #3567cc;\n--happyforms-color-submit-border: transparent;\n--happyforms-color-submit-text: #ffffff;\n--happyforms-color-submit-text-hover: #ffffff;\n--happyforms-color-table-row-odd: #fcfcfc;\n--happyforms-color-table-row-even: #efefef;\n--happyforms-color-table-row-odd-text: #000000;\n--happyforms-color-table-row-even-text: #000000;\n--happyforms-color-dropdown-item-bg: #ffffff;\n--happyforms-color-dropdown-item-text: #000000;\n--happyforms-color-dropdown-item-bg-hover: #dbdbdb;\n--happyforms-color-dropdown-item-text-hover: #000000;\n--happyforms-color-divider-hr: #cccccc;\n--happyforms-color-choice-checkmark-bg: #ffffff;\n--happyforms-color-choice-checkmark-bg-focus: #000000;\n--happyforms-color-choice-checkmark-color: #ffffff;\n\t}\n\t<\/style>\n\t<!-- End of HappyForms CSS variables -->\n\t\t<!-- HappyForms Additional CSS -->\n\t<style data-happyforms-additional-css>\n\t\t<\/style>\n\t<!-- End of HappyForms Additional CSS -->\n\t\t\t<link rel=\"stylesheet\" type=\"text\/css\" href=\"https:\/\/overboyaohushua.com\/wp-content\/plugins\/happyforms\/core\/assets\/css\/no-interaction.css\">\n\t\t<div class=\"happyforms-form happyforms-styles\" id=\"happyforms-54\">\n\t\t\n\t<form action=\"\" id=\"happyforms-form-54\" method=\"post\" novalidate=\"true\" autocomplete=\"off\">\n\t\t\t\t<input type=\"hidden\" name=\"happyforms_random_seed\" value=\"1611638555\" \/>\n\t\t\n\t\t\t<input type=\"hidden\" name=\"action\" value=\"happyforms_message\">\n\t\t\t\t<input type=\"hidden\" name=\"client_referer\" value=\"\">\n\t\t\t\t<input type=\"hidden\" name=\"current_post_id\" value=\"\">\n\t\t\t\t<input type=\"hidden\" name=\"happyforms_form_id\" value=\"54\" \/>\n\t\t\t\t<input type=\"hidden\" name=\"happyforms_step\" value=\"0\" \/>\n\t\n\t\t<div class=\"happyforms-flex\">\n\t\t\t\t<input type=\"text\" name=\"54-single_line_text\" style=\"position:absolute;left:-5000px;\" tabindex=\"-1\" autocomplete=\"off\" aria-hidden=\"true\"> <span class=\"screen-reader-text\">Leave this field blank<\/span>\n\t\t\t\t\t\t\t\t\t\t<div class=\"happyforms-form__part happyforms-part happyforms-part--single_line_text happyforms-part--width-full happyforms-part--label-above\" id=\"happyforms-54_single_line_text_1-part\" data-happyforms-type=\"single_line_text\" data-happyforms-id=\"single_line_text_1\" data-happyforms-required=\"\">\n\t<div class=\"happyforms-part-wrap\">\n\t\t\n\t\t\t\t\t\t<div class=\"happyforms-part__label-container\">\n\t\t\t\t<label for=\"happyforms-54_single_line_text_1\" class=\"happyforms-part__label\">\n\t\t\t<span class=\"label\">Nome<\/span>\n\t\t\t\t\t\t\t\t\t\t<span class=\"happyforms-required\"><\/span>\n\t\t\t\t\t\t\t\t\t\t<span class=\"happyforms-optional\">(optional)<\/span>\n\t\t\t\t\t<\/label>\n\t\t\t<\/div>\n\t\t\t\n\t\t\n\t\t<div class=\"happyforms-part__el\">\n\t\t\t\n\t\t\t\n\t\t\t<div class=\"happyforms-input\">\n\t\t\t\t\n\t\t\t\t<input id=\"happyforms-54_single_line_text_1\" type=\"text\" name=\"54_single_line_text_1\" value=\"\" placeholder=\"\" autocomplete=\"off\" spellcheck=\"false\"  autocorrect=\"off\" \/>\n\t\t\t\t\t\t\t<\/div>\n\n\t\t\t\n\t\t\t\n\t\t\t\t\t<\/div>\n\t<\/div>\n<\/div>\n<div class=\"happyforms-part--with-autocomplete happyforms-form__part happyforms-part happyforms-part--email happyforms-part--width-full happyforms-part--label-above\" id=\"happyforms-54_email_7-part\" data-happyforms-type=\"email\" data-happyforms-id=\"email_7\" data-happyforms-required=\"\">\n\t\t<div class=\"happyforms-part-wrap\">\n\t\t\t\t\t\t<div class=\"happyforms-part__label-container\">\n\t\t\t\t<label for=\"happyforms-54_email_7\" class=\"happyforms-part__label\">\n\t\t\t<span class=\"label\">Email<\/span>\n\t\t\t\t\t\t\t\t\t\t<span class=\"happyforms-required\"><\/span>\n\t\t\t\t\t\t\t\t\t\t<span class=\"happyforms-optional\">(optional)<\/span>\n\t\t\t\t\t<\/label>\n\t\t\t<\/div>\n\t\t\t\n\t\t\n\t\t<div class=\"happyforms-part__el\">\n\t\t\t\n\t\t\t\n\t\t\t<div class=\"happyforms-input\">\n\t\t\t\t<input type=\"email\" name=\"54_email_7\" id=\"happyforms-54_email_7\" value=\"\" placeholder=\"\" autocomplete=\"off\" spellcheck=\"false\"  autocorrect=\"off\" \/>\n\t\t\t\t\t\t\t<\/div>\n\n\t\t\t\n\t\t\t\n\t\t\t\t\t<\/div>\n\t<\/div>\n<\/div>\n<div class=\"happyforms-form__part happyforms-part happyforms-part--single_line_text happyforms-part--width-full happyforms-part--label-above\" id=\"happyforms-54_single_line_text_2-part\" data-happyforms-type=\"single_line_text\" data-happyforms-id=\"single_line_text_2\" data-happyforms-required=\"\">\n\t<div class=\"happyforms-part-wrap\">\n\t\t\n\t\t\t\t\t\t<div class=\"happyforms-part__label-container\">\n\t\t\t\t<label for=\"happyforms-54_single_line_text_2\" class=\"happyforms-part__label\">\n\t\t\t<span class=\"label\">Cidade+ Estado<\/span>\n\t\t\t\t\t\t\t\t\t\t<span class=\"happyforms-required\"><\/span>\n\t\t\t\t\t\t\t\t\t\t<span class=\"happyforms-optional\">(optional)<\/span>\n\t\t\t\t\t<\/label>\n\t\t\t<\/div>\n\t\t\t\n\t\t\n\t\t<div class=\"happyforms-part__el\">\n\t\t\t\n\t\t\t\n\t\t\t<div class=\"happyforms-input\">\n\t\t\t\t\n\t\t\t\t<input id=\"happyforms-54_single_line_text_2\" type=\"text\" name=\"54_single_line_text_2\" value=\"\" placeholder=\"\" autocomplete=\"off\" spellcheck=\"false\"  autocorrect=\"off\" \/>\n\t\t\t\t\t\t\t<\/div>\n\n\t\t\t\n\t\t\t\n\t\t\t\t\t<\/div>\n\t<\/div>\n<\/div>\n<div class=\"happyforms-form__part happyforms-part happyforms-part--multi_line_text happyforms-part--width-full happyforms-part--label-above\" id=\"happyforms-54_multi_line_text_6-part\" data-happyforms-type=\"multi_line_text\" data-happyforms-id=\"multi_line_text_6\" data-happyforms-required=\"\">\n\t<div class=\"happyforms-part-wrap\">\n\t\t\t\t\t\t<div class=\"happyforms-part__label-container\">\n\t\t\t\t<label for=\"happyforms-54_multi_line_text_6\" class=\"happyforms-part__label\">\n\t\t\t<span class=\"label\">Mensagem<\/span>\n\t\t\t\t\t\t\t\t\t\t<span class=\"happyforms-required\"><\/span>\n\t\t\t\t\t\t\t\t\t\t<span class=\"happyforms-optional\">(optional)<\/span>\n\t\t\t\t\t<\/label>\n\t\t\t<\/div>\n\t\t\t\n\t\t\n\t\t<div class=\"happyforms-part__el\">\n\t\t\t\n\t\t\t\t\t\t<textarea id=\"happyforms-54_multi_line_text_6\" name=\"54_multi_line_text_6\" rows=\"5\" placeholder=\"\" autocomplete=\"off\" spellcheck=\"false\" autocorrect=\"off\" ><\/textarea>\n\t\t\t\n\t\t\t\n\t\t\t\t\t<\/div>\n\t<\/div>\n<\/div>\n\t\t\t\t\t\t<div class=\"happyforms-form__part happyforms-part happyforms-part--submit\">\n\t\t<button type=\"submit\" class=\"happyforms-submit happyforms-button--submit \">ENVIAR<\/button>\n\t<\/div>\t\t<\/div>\n\n\t\t\t<\/form>\n\n\t<\/div>\n\n<div style='text-align:left' class='yasr-auto-insert-overall'><\/div><div style='text-align:left' class='yasr-auto-insert-visitor'><\/div>","protected":false},"excerpt":{"rendered":"<p>I.N.R.I e Seus Mist\u00e9rios\u00a0Sob a \u00d3tica de um Praticante de Satanismo Uma das Palavras mais conhecida e invocada tantos por m\u00edsticos como por magistas [praticantes de magia] \u00e9 o Tetragrama INRI. Portanto, neste mesmo conceito, o termo Mago refere-se a um Grau Inici\u00e1tico da Grande Ordem. Esta diferen\u00e7a entre Magista e Mago \u00e9 de grande [&hellip;]<\/p>\n","protected":false},"author":1,"featured_media":0,"parent":0,"menu_order":0,"comment_status":"closed","ping_status":"closed","template":"","meta":{"yasr_overall_rating":0,"yasr_post_is_review":"","yasr_auto_insert_disabled":"","yasr_review_type":"","footnotes":""},"class_list":["post-1147","page","type-page","status-publish","hentry"],"yasr_visitor_votes":{"stars_attributes":{"read_only":false,"span_bottom":false},"number_of_votes":0,"sum_votes":0},"_links":{"self":[{"href":"https:\/\/overboyaohushua.com\/index.php\/wp-json\/wp\/v2\/pages\/1147","targetHints":{"allow":["GET"]}}],"collection":[{"href":"https:\/\/overboyaohushua.com\/index.php\/wp-json\/wp\/v2\/pages"}],"about":[{"href":"https:\/\/overboyaohushua.com\/index.php\/wp-json\/wp\/v2\/types\/page"}],"author":[{"embeddable":true,"href":"https:\/\/overboyaohushua.com\/index.php\/wp-json\/wp\/v2\/users\/1"}],"replies":[{"embeddable":true,"href":"https:\/\/overboyaohushua.com\/index.php\/wp-json\/wp\/v2\/comments?post=1147"}],"version-history":[{"count":0,"href":"https:\/\/overboyaohushua.com\/index.php\/wp-json\/wp\/v2\/pages\/1147\/revisions"}],"wp:attachment":[{"href":"https:\/\/overboyaohushua.com\/index.php\/wp-json\/wp\/v2\/media?parent=1147"}],"curies":[{"name":"wp","href":"https:\/\/api.w.org\/{rel}","templated":true}]}}