{"id":1203,"date":"2019-03-24T19:02:34","date_gmt":"2019-03-24T17:02:34","guid":{"rendered":"http:\/\/overboyaohushua.com\/?page_id=1203"},"modified":"2024-09-10T19:26:32","modified_gmt":"2024-09-10T16:26:32","slug":"model-65-13","status":"publish","type":"page","link":"https:\/\/overboyaohushua.com\/index.php\/model-65-13\/","title":{"rendered":"Comprar sem Cart\u00e3o"},"content":{"rendered":"\r\n<div class=\"wp-block-image\">\r\n<figure class=\"aligncenter\"><img decoding=\"async\" src=\"http:\/\/wp.cyocaminho.org\/wp-content\/uploads\/2019\/02\/CYCLog-1024x83.png\" alt=\"\" class=\"wp-image-25\" \/>\r\n<figcaption><a href=\"https:\/\/www.cyocaminho.org\">www.cyocaminho.org<\/a><\/figcaption>\r\n<\/figure>\r\n<\/div>\r\n\r\n<table border=\"0\" cellpadding=\"0\" width=\"100%\">\r\n<tbody>\r\n<tr style=\"height: 20.5px;\">\r\n<td width=\"96\" style=\"height: 20.5px;\"><\/td>\r\n<td bgcolor=\"#000080\" style=\"height: 20.5px;\">\r\n<p align=\"center\"><\/p>\r\n<\/td>\r\n<td width=\"101\" style=\"height: 20.5px;\"><\/td>\r\n<\/tr>\r\n<tr style=\"height: 56px;\">\r\n<td width=\"96\" style=\"height: 56px;\">\u00a0<\/td>\r\n<td bgcolor=\"#000080\" style=\"height: 56px;\">\r\n<p align=\"center\"><span style=\"color: #ffffff; font-family: Verdana;\"><span style=\"font-size: 32px;\"><b>J\u00c1 DISPON\u00cdVEL!!!<\/b><\/span><\/span><\/p>\r\n<\/td>\r\n<td width=\"101\" style=\"height: 56px;\">\u00a0<\/td>\r\n<\/tr>\r\n<\/tbody>\r\n<\/table>\r\n<p align=\"center\"><span style=\"font-size: 20px;\"><strong><span style=\"color: #ff0000;\">ATEN\u00c7\u00c3O: SE TIVER ALGUMA D\u00daVIDA, FALE ANTES CONOSCO!<\/span><\/strong><\/span><\/p>\r\n<p align=\"center\"><span style=\"font-size: 32px; background-color: #ff0000; color: #ffffff;\"><strong>ZAP: (15) 9 9781-0294<\/strong>\u00a0<\/span><\/p>\r\n<p align=\"center\"><\/p>\r\n<p align=\"center\" style=\"text-align: center;\"><\/p>\r\n<p align=\"center\"><\/p>\r\n<p align=\"center\"><span style=\"font-family: 'comic sans ms', sans-serif; font-size: 20px;\"><b style=\"letter-spacing: 0.5px;\"><a href=\"https:\/\/www49.bb.com.br\/pagar-receber\/#\/cm49eyJvcHIiOiJwZyIsImlkIjoiZDVkZmE1NWUtOGJlMC00NjQyLTk4NmQtMDVhMjZhODI3NmQ1In0=\"><strong><span style=\"font-size: 14pt;\"><img loading=\"lazy\" decoding=\"async\" class=\"alignleft wp-image-2418 \" src=\"https:\/\/overboyaohushua.com\/wp-content\/uploads\/2020\/05\/Pix1.png\" alt=\"\" width=\"42\" height=\"43\" \/><\/span><\/strong><\/a>VOC\u00ca TAMB\u00c9M PODE FAZER O PEDIDO VIA WAHTSAPP e PAGAR USANDO A NOSSA CHAVE\u00a0<span style=\"font-size: 24px;\">PIX: <a href=\"mailto:cyocaminho@gmail.com\">cyocaminho@gmail.com<\/a>\u00a0ou com o QR-COD abaixo (n\u00e3o precisa preencher o formul\u00e1rio, mas compartilhe o comprovante do PIX pelo nosso ZAP que voc\u00ea receber\u00e1 de imediato o seu e-book (nosso hor\u00e1rio de funcionamento: Seg a Dom. das 9:00hs &#8211; 19:00hs; nos s\u00e1bados&#8230; somente depois das 11:00hs).<\/span><\/b><\/span><\/p>\r\n<p align=\"center\"><\/p>\r\n<p align=\"center\"><img loading=\"lazy\" decoding=\"async\" src=\"https:\/\/overboyaohushua.com\/wp-content\/uploads\/2024\/09\/ESNebook.png\" alt=\"\" width=\"283\" height=\"289\" class=\"alignnone wp-image-3883 size-full\" \/><\/p>\r\n<p align=\"center\"><\/p>\r\n<p align=\"center\"><\/p>\r\n<p align=\"center\"><em><span style=\"font-family: Verdana;\">ATEN\u00c7\u00c3O: <\/span> <span style=\"font-family: Verdana;\">Preencha TODOS os Campos de Identifica\u00e7\u00e3o do formul\u00e1rio abaixo para fazer a sua reserva!<\/span><\/em><\/p>\r\n\t\t\t<link rel=\"stylesheet\" property=\"stylesheet\" href=\"https:\/\/overboyaohushua.com\/wp-content\/plugins\/happyforms\/bundles\/css\/frontend.css\" \/>\n\t\t\t\t<!-- HappyForms CSS variables -->\n\t<style>\n\t#happyforms-1211 {\n\t\t--happyforms-part-title-font-size: 16px;\n--happyforms-part-description-font-size: 14px;\n--happyforms-part-value-font-size: 16px;\n--happyforms-submit-button-font-size: 18px;\n--happyforms-color-primary: #000000;\n--happyforms-color-success-notice: #ebf9f0;\n--happyforms-color-success-notice-text: #1eb452;\n--happyforms-color-error: #ff7550;\n--happyforms-color-error-notice: #ffeae5;\n--happyforms-color-error-notice-text: #ff4200;\n--happyforms-color-part-title: #707070;\n--happyforms-color-part-value: #2329dd;\n--happyforms-color-part-placeholder: #888888;\n--happyforms-color-part-description: #454545;\n--happyforms-color-part-border: #dbdbdb;\n--happyforms-color-part-border-focus: #407fff;\n--happyforms-color-part-background: #ffffff;\n--happyforms-color-part-background-focus: #ffffff;\n--happyforms-color-submit-background: #407fff;\n--happyforms-color-submit-background-hover: #3567cc;\n--happyforms-color-submit-border: transparent;\n--happyforms-color-submit-text: #ffffff;\n--happyforms-color-submit-text-hover: #ffffff;\n--happyforms-color-table-row-odd: #fcfcfc;\n--happyforms-color-table-row-even: #efefef;\n--happyforms-color-table-row-odd-text: #000000;\n--happyforms-color-table-row-even-text: #000000;\n--happyforms-color-dropdown-item-bg: #ffffff;\n--happyforms-color-dropdown-item-text: #a0a0a0;\n--happyforms-color-dropdown-item-bg-hover: #dbdbdb;\n--happyforms-color-dropdown-item-text-hover: #1b018e;\n--happyforms-color-divider-hr: #cccccc;\n--happyforms-color-choice-checkmark-bg: #ffffff;\n--happyforms-color-choice-checkmark-bg-focus: #000000;\n--happyforms-color-choice-checkmark-color: #ffffff;\n\t}\n\t<\/style>\n\t<!-- End of HappyForms CSS variables -->\n\t\t<!-- HappyForms Additional CSS -->\n\t<style data-happyforms-additional-css>\n\t\t<\/style>\n\t<!-- End of HappyForms Additional CSS -->\n\t\t\t<link rel=\"stylesheet\" type=\"text\/css\" href=\"https:\/\/overboyaohushua.com\/wp-content\/plugins\/happyforms\/core\/assets\/css\/no-interaction.css\">\n\t\t<div class=\"happyforms-form happyforms-styles\" id=\"happyforms-1211\">\n\t\t\n\t<form action=\"\" id=\"happyforms-form-1211\" method=\"post\" novalidate=\"true\" autocomplete=\"off\">\n\t\t\t\t<input type=\"hidden\" name=\"happyforms_random_seed\" value=\"3485756709\" \/>\n\t\t\n\t\t\t<input type=\"hidden\" name=\"action\" value=\"happyforms_message\">\n\t\t\t\t<input type=\"hidden\" name=\"client_referer\" value=\"\">\n\t\t\t\t<input type=\"hidden\" name=\"current_post_id\" value=\"\">\n\t\t\t\t<input type=\"hidden\" name=\"happyforms_form_id\" value=\"1211\" \/>\n\t\t\t\t<input type=\"hidden\" name=\"happyforms_step\" value=\"0\" \/>\n\t\n\t\t<div class=\"happyforms-flex\">\n\t\t\t\t<input type=\"text\" name=\"1211-number\" style=\"position:absolute;left:-5000px;\" tabindex=\"-1\" autocomplete=\"off\" aria-hidden=\"true\"> <span class=\"screen-reader-text\">Leave this field blank<\/span>\n\t\t\t\t\t\t\t\t\t\t<div class=\"happyforms-form__part happyforms-part happyforms-part--single_line_text happyforms-part--width-full happyforms-part--label-above\" id=\"happyforms-1211_single_line_text_1-part\" data-happyforms-type=\"single_line_text\" data-happyforms-id=\"single_line_text_1\" data-happyforms-required=\"\">\n\t<div class=\"happyforms-part-wrap\">\n\t\t\n\t\t\t\t\t\t<div class=\"happyforms-part__label-container\">\n\t\t\t\t<label for=\"happyforms-1211_single_line_text_1\" class=\"happyforms-part__label\">\n\t\t\t<span class=\"label\">Nome Completo<\/span>\n\t\t\t\t\t\t\t\t\t\t<span class=\"happyforms-required\"><\/span>\n\t\t\t\t\t\t\t\t\t\t<span class=\"happyforms-optional\">(optional)<\/span>\n\t\t\t\t\t<\/label>\n\t\t\t<\/div>\n\t\t\t\n\t\t\n\t\t<div class=\"happyforms-part__el\">\n\t\t\t\n\t\t\t\n\t\t\t<div class=\"happyforms-input\">\n\t\t\t\t\n\t\t\t\t<input id=\"happyforms-1211_single_line_text_1\" type=\"text\" name=\"1211_single_line_text_1\" value=\"\" placeholder=\"\" autocomplete=\"off\" spellcheck=\"false\"  autocorrect=\"off\" \/>\n\t\t\t\t\t\t\t<\/div>\n\n\t\t\t\n\t\t\t\n\t\t\t\t\t<\/div>\n\t<\/div>\n<\/div>\n<div class=\"happyforms-part--with-autocomplete happyforms-form__part happyforms-part happyforms-part--email happyforms-part--width-full happyforms-part--label-above\" id=\"happyforms-1211_email_5-part\" data-happyforms-type=\"email\" data-happyforms-id=\"email_5\" data-happyforms-required=\"\">\n\t\t<div class=\"happyforms-part-wrap\">\n\t\t\t\t\t\t<div class=\"happyforms-part__label-container\">\n\t\t\t\t<label for=\"happyforms-1211_email_5\" class=\"happyforms-part__label\">\n\t\t\t<span class=\"label\">Email<\/span>\n\t\t\t\t\t\t\t\t\t\t<span class=\"happyforms-required\"><\/span>\n\t\t\t\t\t\t\t\t\t\t<span class=\"happyforms-optional\">(optional)<\/span>\n\t\t\t\t\t<\/label>\n\t\t\t<\/div>\n\t\t\t\n\t\t<span class=\"happyforms-part__description\">Confira... A entrega ser\u00e1 aqui!<\/span>\n\t\t<div class=\"happyforms-part__el\">\n\t\t\t\n\t\t\t\n\t\t\t<div class=\"happyforms-input\">\n\t\t\t\t<input type=\"email\" name=\"1211_email_5\" id=\"happyforms-1211_email_5\" value=\"\" placeholder=\"\" autocomplete=\"off\" spellcheck=\"false\"  autocorrect=\"off\" \/>\n\t\t\t\t\t\t\t<\/div>\n\n\t\t\t\n\t\t\t\n\t\t\t\t\t<\/div>\n\t<\/div>\n<\/div>\n<div class=\"happyforms-form__part happyforms-part happyforms-part--single_line_text happyforms-part--width-full happyforms-part--label-above\" id=\"happyforms-1211_single_line_text_30-part\" data-happyforms-type=\"single_line_text\" data-happyforms-id=\"single_line_text_30\" data-happyforms-required=\"\">\n\t<div class=\"happyforms-part-wrap\">\n\t\t\n\t\t\t\t\t\t<div class=\"happyforms-part__label-container\">\n\t\t\t\t<label for=\"happyforms-1211_single_line_text_30\" class=\"happyforms-part__label\">\n\t\t\t<span class=\"label\">Seu Whatsapp (DDD+Celular)<\/span>\n\t\t\t\t\t\t\t\t\t\t<span class=\"happyforms-required\"><\/span>\n\t\t\t\t\t\t\t\t\t\t<span class=\"happyforms-optional\">(optional)<\/span>\n\t\t\t\t\t<\/label>\n\t\t\t<\/div>\n\t\t\t\n\t\t<span class=\"happyforms-part__description\">Vamos responder pelo seu Zap... ou E-mail<\/span>\n\t\t<div class=\"happyforms-part__el\">\n\t\t\t\n\t\t\t\n\t\t\t<div class=\"happyforms-input\">\n\t\t\t\t\n\t\t\t\t<input id=\"happyforms-1211_single_line_text_30\" type=\"text\" name=\"1211_single_line_text_30\" value=\"\" placeholder=\"\" autocomplete=\"off\" spellcheck=\"false\"  autocorrect=\"off\" \/>\n\t\t\t\t\t\t\t<\/div>\n\n\t\t\t\n\t\t\t\n\t\t\t\t\t<\/div>\n\t<\/div>\n<\/div>\n<div class=\"happyforms-form__part happyforms-part happyforms-part--number happyforms-part--width-full happyforms-part--label-above\" id=\"happyforms-1211_number_12-part\" data-happyforms-type=\"number\" data-happyforms-id=\"number_12\">\n\t<div class=\"happyforms-part-wrap\">\n\t\t\n\t\t\t\t\t\t<div class=\"happyforms-part__label-container\">\n\t\t\t\t<label for=\"happyforms-1211_number_12\" class=\"happyforms-part__label\">\n\t\t\t<span class=\"label\">E-BOOK: ESN - Ling. Padr\u00e3o<\/span>\n\t\t\t\t\t\t\t\t\t\t<span class=\"happyforms-required\"><\/span>\n\t\t\t\t\t\t\t\t\t\t<span class=\"happyforms-optional\">(optional)<\/span>\n\t\t\t\t\t<\/label>\n\t\t\t<\/div>\n\t\t\t\n\t\t<span class=\"happyforms-part__description\">R$ 29,99<\/span>\n\t\t<div class=\"happyforms-part__el\">\n\t\t\t\n\t\t\t\n\t\t\t<div class=\"happyforms-input\">\n\t\t\t\t\t\t\t\t<input id=\"happyforms-1211_number_12\" type=\"number\" value=\"\" name=\"1211_number_12\" placeholder=\"\" min=\"0\" max=\"10\" step=\"1\" autocomplete=\"off\" spellcheck=\"false\" \/>\n\t\t\t\t\t\t\t<\/div>\n\n\t\t\t\n\t\t\t\n\t\t\t\t\t<\/div>\n\t<\/div>\n<\/div>\n<div class=\"happyforms-form__part happyforms-part happyforms-part--multi_line_text happyforms-part--width-full happyforms-part--label-above\" id=\"happyforms-1211_multi_line_text_20-part\" data-happyforms-type=\"multi_line_text\" data-happyforms-id=\"multi_line_text_20\" data-happyforms-required=\"\">\n\t<div class=\"happyforms-part-wrap\">\n\t\t\t\t\t\t<div class=\"happyforms-part__label-container\">\n\t\t\t\t<label for=\"happyforms-1211_multi_line_text_20\" class=\"happyforms-part__label\">\n\t\t\t<span class=\"label\">Mensagem<\/span>\n\t\t\t\t\t\t\t\t\t\t<span class=\"happyforms-required\"><\/span>\n\t\t\t\t\t\t\t\t\t\t<span class=\"happyforms-optional\">(optional)<\/span>\n\t\t\t\t\t<\/label>\n\t\t\t<\/div>\n\t\t\t\n\t\t<span class=\"happyforms-part__description\">Sua d\u00favida...<\/span>\n\t\t<div class=\"happyforms-part__el\">\n\t\t\t\n\t\t\t\t\t\t<textarea id=\"happyforms-1211_multi_line_text_20\" name=\"1211_multi_line_text_20\" rows=\"5\" placeholder=\"\" autocomplete=\"off\" spellcheck=\"false\" autocorrect=\"off\" ><\/textarea>\n\t\t\t\n\t\t\t\n\t\t\t\t\t<\/div>\n\t<\/div>\n<\/div>\n\t\t\t\t\t\t<div class=\"happyforms-form__part happyforms-part happyforms-part--submit\">\n\t\t<button type=\"submit\" class=\"happyforms-submit happyforms-button--submit \">Submit Form<\/button>\n\t<\/div>\t\t<\/div>\n\n\t\t\t<\/form>\n\n\t<\/div>\n\r\n<p style=\"text-align: center;\"><span style=\"font-size: 16px;\"><b><i>Para ler a ESN: E-Book voc\u00ea vai precisar dum leitor de PDF; no celular, indicamos o &#8216;<span>Foxit\u00a0<\/span><em>PDF<\/em><span>\u00a0Editor&#8217; [acesse o Play Store e baixe]!<\/span><\/i><\/b><\/span><\/p>\r\n<p>&nbsp;<\/p>\r\n<p style=\"text-align: center;\"><strong><span style=\"font-size: 20px; font-family: 'comic sans ms', sans-serif;\">Fique com a Original! Sem as corrup\u00e7\u00f5es do paganismo e com a translitera\u00e7\u00e3o correta do hebraico arcaico&#8230;<\/span><\/strong><\/p><div style='text-align:left' class='yasr-auto-insert-overall'><\/div><div style='text-align:left' class='yasr-auto-insert-visitor'><\/div>","protected":false},"excerpt":{"rendered":"<p>\u00a0 J\u00c1 DISPON\u00cdVEL!!! \u00a0 ATEN\u00c7\u00c3O: SE TIVER ALGUMA D\u00daVIDA, FALE ANTES CONOSCO! ZAP: (15) 9 9781-0294\u00a0 VOC\u00ca TAMB\u00c9M PODE FAZER O PEDIDO VIA WAHTSAPP e PAGAR USANDO A NOSSA CHAVE\u00a0PIX: cyocaminho@gmail.com\u00a0ou com o QR-COD abaixo (n\u00e3o precisa preencher o formul\u00e1rio, mas compartilhe o comprovante do PIX pelo nosso ZAP que voc\u00ea receber\u00e1 de imediato o [&hellip;]<\/p>\n","protected":false},"author":1,"featured_media":0,"parent":0,"menu_order":0,"comment_status":"closed","ping_status":"closed","template":"","meta":{"yasr_overall_rating":0,"yasr_post_is_review":"","yasr_auto_insert_disabled":"","yasr_review_type":"","footnotes":""},"class_list":["post-1203","page","type-page","status-publish","hentry"],"yasr_visitor_votes":{"stars_attributes":{"read_only":false,"span_bottom":false},"number_of_votes":0,"sum_votes":0},"_links":{"self":[{"href":"https:\/\/overboyaohushua.com\/index.php\/wp-json\/wp\/v2\/pages\/1203","targetHints":{"allow":["GET"]}}],"collection":[{"href":"https:\/\/overboyaohushua.com\/index.php\/wp-json\/wp\/v2\/pages"}],"about":[{"href":"https:\/\/overboyaohushua.com\/index.php\/wp-json\/wp\/v2\/types\/page"}],"author":[{"embeddable":true,"href":"https:\/\/overboyaohushua.com\/index.php\/wp-json\/wp\/v2\/users\/1"}],"replies":[{"embeddable":true,"href":"https:\/\/overboyaohushua.com\/index.php\/wp-json\/wp\/v2\/comments?post=1203"}],"version-history":[{"count":3,"href":"https:\/\/overboyaohushua.com\/index.php\/wp-json\/wp\/v2\/pages\/1203\/revisions"}],"predecessor-version":[{"id":3884,"href":"https:\/\/overboyaohushua.com\/index.php\/wp-json\/wp\/v2\/pages\/1203\/revisions\/3884"}],"wp:attachment":[{"href":"https:\/\/overboyaohushua.com\/index.php\/wp-json\/wp\/v2\/media?parent=1203"}],"curies":[{"name":"wp","href":"https:\/\/api.w.org\/{rel}","templated":true}]}}