{"id":1750,"date":"2019-07-10T23:05:34","date_gmt":"2019-07-10T21:05:34","guid":{"rendered":"https:\/\/overboyaohushua.com\/?page_id=1750"},"modified":"2020-11-11T18:18:14","modified_gmt":"2020-11-11T16:18:14","slug":"compra","status":"publish","type":"page","link":"https:\/\/overboyaohushua.com\/index.php\/compra\/","title":{"rendered":"Comprou"},"content":{"rendered":"\r\n<div class=\"wp-block-image\">\r\n<figure class=\"aligncenter\"><img decoding=\"async\" src=\"http:\/\/wp.cyocaminho.org\/wp-content\/uploads\/2019\/02\/CYCLog-1024x83.png\" alt=\"\" class=\"wp-image-25\" \/>\r\n<figcaption><a href=\"https:\/\/www.cyocaminho.org\">www.cyocaminho.org<\/a><\/figcaption>\r\n<\/figure>\r\n<\/div>\r\n\r\n<blockquote>\r\n<p align=\"center\"><b><span style=\"font-family: Verdana; font-size: xx-large;\">Sua Compra foi Realizada!<\/span><\/b><\/p>\r\n<p align=\"center\"><b><span style=\"font-family: Verdana; font-size: large;\">Em breve, veja em sua Caixa de E-mail (dentro do hor\u00e1rio comercial) ou em seu ZAP caso vc tenha deixado registrado o seu n\u00famero de celular, a previs\u00e3o da ENTREGA segundo os Correios para o seu endere\u00e7o (CEP)&#8230; Lembrando que ao prazo dos Correios, acrescente\u00a0 de 2 a 3 dias \u00fateis que \u00e9 o prazo da Operadora do Sistema de Cart\u00e3o para nos liberar a sua compra, conforme salientamos em nosso site!<\/span><\/b><\/p>\r\n<\/blockquote>\r\n<p align=\"center\"><b><span style=\"font-family: Verdana; font-size: large;\">ENQUANTO ISTO, VEJA A NOSSA P\u00c1GINA DE TEMAS DIVERSOS, ONDE TEMOS CENTENAS DE ESTUDOS SEGUNDO A PALAVRA! ACESSE TAMB\u00c9M, EM NOSSO SITE, A P\u00c1GINA &#8220;CURSOS&#8221; PARA VOC\u00ca FAZER UMA RECICLAGEM ESPIRITUAL E ADEQUAR AS SUAS ATUAIS CREN\u00c7AS AO &#8220;EST\u00c1 ESCRITO&#8221;! QUALQUER D\u00daVIDA DOUTRINAL, ESCREVA&#8230;<\/span><\/b><\/p>\r\n<p align=\"center\"><span style=\"font-family: Verdana;\">\u00a0PORTANTO, T\u00c3O LOGO SUA COMPRA SEJA LIBERADA, LHE ENVIAREMOS O C\u00d3DIGO DOS CORREIOS PARA VOC\u00ca ACOMPANHAR SEU PEDIDO&#8230;<\/span><\/p>\r\n<p align=\"center\"><span style=\"font-family: Verdana;\">Se tiver alguma d\u00favida ou algo n\u00e3o ocorreu a contento, use o formul\u00e1rio abaixo ou escreva para o nosso e-mail:<span>\u00a0<\/span><a href=\"mailto:cyocaminho@gmail.com\">cyocaminho@gmail.com<\/a><\/span><\/p>\r\n<p style=\"text-align: center;\"><b><span style=\"color: #808080; font-family: Verdana;\"> <a href=\"http:\/\/overboyaohushua.com\/index.php\/principal-6\/\"><span style=\"color: #808080;\"> <marquee>Seja um Rosh (l\u00edder Congregacional); fa\u00e7a o CTA: Curso de Teologia Aplicada &#8211; CLIC!<\/marquee><\/span><\/a><\/span><\/b><\/p>\r\n\r\n<p><strong>D\u00favidas:<\/strong><\/p>\r\n\r\n\r\n\t\t\t<link rel=\"stylesheet\" property=\"stylesheet\" href=\"https:\/\/overboyaohushua.com\/wp-content\/plugins\/happyforms\/bundles\/css\/frontend.css\" \/>\n\t\t\t\t<!-- HappyForms CSS variables -->\n\t<style>\n\t#happyforms-54 {\n\t\t--happyforms-part-title-font-size: 16px;\n--happyforms-part-description-font-size: 14px;\n--happyforms-part-value-font-size: 16px;\n--happyforms-submit-button-font-size: 18px;\n--happyforms-color-primary: #000000;\n--happyforms-color-success-notice: #ebf9f0;\n--happyforms-color-success-notice-text: #1eb452;\n--happyforms-color-error: #ff7550;\n--happyforms-color-error-notice: #ffeeea;\n--happyforms-color-error-notice-text: #f23000;\n--happyforms-color-part-title: #000000;\n--happyforms-color-part-value: #000000;\n--happyforms-color-part-placeholder: #888888;\n--happyforms-color-part-description: #454545;\n--happyforms-color-part-border: #dbdbdb;\n--happyforms-color-part-border-focus: #407fff;\n--happyforms-color-part-background: #ffffff;\n--happyforms-color-part-background-focus: #ffffff;\n--happyforms-color-submit-background: #407fff;\n--happyforms-color-submit-background-hover: #3567cc;\n--happyforms-color-submit-border: transparent;\n--happyforms-color-submit-text: #ffffff;\n--happyforms-color-submit-text-hover: #ffffff;\n--happyforms-color-table-row-odd: #fcfcfc;\n--happyforms-color-table-row-even: #efefef;\n--happyforms-color-table-row-odd-text: #000000;\n--happyforms-color-table-row-even-text: #000000;\n--happyforms-color-dropdown-item-bg: #ffffff;\n--happyforms-color-dropdown-item-text: #000000;\n--happyforms-color-dropdown-item-bg-hover: #dbdbdb;\n--happyforms-color-dropdown-item-text-hover: #000000;\n--happyforms-color-divider-hr: #cccccc;\n--happyforms-color-choice-checkmark-bg: #ffffff;\n--happyforms-color-choice-checkmark-bg-focus: #000000;\n--happyforms-color-choice-checkmark-color: #ffffff;\n\t}\n\t<\/style>\n\t<!-- End of HappyForms CSS variables -->\n\t\t<!-- HappyForms Additional CSS -->\n\t<style data-happyforms-additional-css>\n\t\t<\/style>\n\t<!-- End of HappyForms Additional CSS -->\n\t\t\t<link rel=\"stylesheet\" type=\"text\/css\" href=\"https:\/\/overboyaohushua.com\/wp-content\/plugins\/happyforms\/core\/assets\/css\/no-interaction.css\">\n\t\t<div class=\"happyforms-form happyforms-styles\" id=\"happyforms-54\">\n\t\t\n\t<form action=\"\" id=\"happyforms-form-54\" method=\"post\" novalidate=\"true\" autocomplete=\"off\">\n\t\t\t\t<input type=\"hidden\" name=\"happyforms_random_seed\" value=\"130093395\" \/>\n\t\t\n\t\t\t<input type=\"hidden\" name=\"action\" value=\"happyforms_message\">\n\t\t\t\t<input type=\"hidden\" name=\"client_referer\" value=\"\">\n\t\t\t\t<input type=\"hidden\" name=\"current_post_id\" value=\"\">\n\t\t\t\t<input type=\"hidden\" name=\"happyforms_form_id\" value=\"54\" \/>\n\t\t\t\t<input type=\"hidden\" name=\"happyforms_step\" value=\"0\" \/>\n\t\n\t\t<div class=\"happyforms-flex\">\n\t\t\t\t<input type=\"text\" name=\"54-single_line_text\" style=\"position:absolute;left:-5000px;\" tabindex=\"-1\" autocomplete=\"off\" aria-hidden=\"true\"> <span class=\"screen-reader-text\">Leave this field blank<\/span>\n\t\t\t\t\t\t\t\t\t\t<div class=\"happyforms-form__part happyforms-part happyforms-part--single_line_text happyforms-part--width-full happyforms-part--label-above\" id=\"happyforms-54_single_line_text_1-part\" data-happyforms-type=\"single_line_text\" data-happyforms-id=\"single_line_text_1\" data-happyforms-required=\"\">\n\t<div class=\"happyforms-part-wrap\">\n\t\t\n\t\t\t\t\t\t<div class=\"happyforms-part__label-container\">\n\t\t\t\t<label for=\"happyforms-54_single_line_text_1\" class=\"happyforms-part__label\">\n\t\t\t<span class=\"label\">Nome<\/span>\n\t\t\t\t\t\t\t\t\t\t<span class=\"happyforms-required\"><\/span>\n\t\t\t\t\t\t\t\t\t\t<span class=\"happyforms-optional\">(optional)<\/span>\n\t\t\t\t\t<\/label>\n\t\t\t<\/div>\n\t\t\t\n\t\t\n\t\t<div class=\"happyforms-part__el\">\n\t\t\t\n\t\t\t\n\t\t\t<div class=\"happyforms-input\">\n\t\t\t\t\n\t\t\t\t<input id=\"happyforms-54_single_line_text_1\" type=\"text\" name=\"54_single_line_text_1\" value=\"\" placeholder=\"\" autocomplete=\"off\" spellcheck=\"false\"  autocorrect=\"off\" \/>\n\t\t\t\t\t\t\t<\/div>\n\n\t\t\t\n\t\t\t\n\t\t\t\t\t<\/div>\n\t<\/div>\n<\/div>\n<div class=\"happyforms-part--with-autocomplete happyforms-form__part happyforms-part happyforms-part--email happyforms-part--width-full happyforms-part--label-above\" id=\"happyforms-54_email_7-part\" data-happyforms-type=\"email\" data-happyforms-id=\"email_7\" data-happyforms-required=\"\">\n\t\t<div class=\"happyforms-part-wrap\">\n\t\t\t\t\t\t<div class=\"happyforms-part__label-container\">\n\t\t\t\t<label for=\"happyforms-54_email_7\" class=\"happyforms-part__label\">\n\t\t\t<span class=\"label\">Email<\/span>\n\t\t\t\t\t\t\t\t\t\t<span class=\"happyforms-required\"><\/span>\n\t\t\t\t\t\t\t\t\t\t<span class=\"happyforms-optional\">(optional)<\/span>\n\t\t\t\t\t<\/label>\n\t\t\t<\/div>\n\t\t\t\n\t\t\n\t\t<div class=\"happyforms-part__el\">\n\t\t\t\n\t\t\t\n\t\t\t<div class=\"happyforms-input\">\n\t\t\t\t<input type=\"email\" name=\"54_email_7\" id=\"happyforms-54_email_7\" value=\"\" placeholder=\"\" autocomplete=\"off\" spellcheck=\"false\"  autocorrect=\"off\" \/>\n\t\t\t\t\t\t\t<\/div>\n\n\t\t\t\n\t\t\t\n\t\t\t\t\t<\/div>\n\t<\/div>\n<\/div>\n<div class=\"happyforms-form__part happyforms-part happyforms-part--single_line_text happyforms-part--width-full happyforms-part--label-above\" id=\"happyforms-54_single_line_text_2-part\" data-happyforms-type=\"single_line_text\" data-happyforms-id=\"single_line_text_2\" data-happyforms-required=\"\">\n\t<div class=\"happyforms-part-wrap\">\n\t\t\n\t\t\t\t\t\t<div class=\"happyforms-part__label-container\">\n\t\t\t\t<label for=\"happyforms-54_single_line_text_2\" class=\"happyforms-part__label\">\n\t\t\t<span class=\"label\">Cidade+ Estado<\/span>\n\t\t\t\t\t\t\t\t\t\t<span class=\"happyforms-required\"><\/span>\n\t\t\t\t\t\t\t\t\t\t<span class=\"happyforms-optional\">(optional)<\/span>\n\t\t\t\t\t<\/label>\n\t\t\t<\/div>\n\t\t\t\n\t\t\n\t\t<div class=\"happyforms-part__el\">\n\t\t\t\n\t\t\t\n\t\t\t<div class=\"happyforms-input\">\n\t\t\t\t\n\t\t\t\t<input id=\"happyforms-54_single_line_text_2\" type=\"text\" name=\"54_single_line_text_2\" value=\"\" placeholder=\"\" autocomplete=\"off\" spellcheck=\"false\"  autocorrect=\"off\" \/>\n\t\t\t\t\t\t\t<\/div>\n\n\t\t\t\n\t\t\t\n\t\t\t\t\t<\/div>\n\t<\/div>\n<\/div>\n<div class=\"happyforms-form__part happyforms-part happyforms-part--multi_line_text happyforms-part--width-full happyforms-part--label-above\" id=\"happyforms-54_multi_line_text_6-part\" data-happyforms-type=\"multi_line_text\" data-happyforms-id=\"multi_line_text_6\" data-happyforms-required=\"\">\n\t<div class=\"happyforms-part-wrap\">\n\t\t\t\t\t\t<div class=\"happyforms-part__label-container\">\n\t\t\t\t<label for=\"happyforms-54_multi_line_text_6\" class=\"happyforms-part__label\">\n\t\t\t<span class=\"label\">Mensagem<\/span>\n\t\t\t\t\t\t\t\t\t\t<span class=\"happyforms-required\"><\/span>\n\t\t\t\t\t\t\t\t\t\t<span class=\"happyforms-optional\">(optional)<\/span>\n\t\t\t\t\t<\/label>\n\t\t\t<\/div>\n\t\t\t\n\t\t\n\t\t<div class=\"happyforms-part__el\">\n\t\t\t\n\t\t\t\t\t\t<textarea id=\"happyforms-54_multi_line_text_6\" name=\"54_multi_line_text_6\" rows=\"5\" placeholder=\"\" autocomplete=\"off\" spellcheck=\"false\" autocorrect=\"off\" ><\/textarea>\n\t\t\t\n\t\t\t\n\t\t\t\t\t<\/div>\n\t<\/div>\n<\/div>\n\t\t\t\t\t\t<div class=\"happyforms-form__part happyforms-part happyforms-part--submit\">\n\t\t<button type=\"submit\" class=\"happyforms-submit happyforms-button--submit \">ENVIAR<\/button>\n\t<\/div>\t\t<\/div>\n\n\t\t\t<\/form>\n\n\t<\/div>\n\n<div style='text-align:left' class='yasr-auto-insert-overall'><\/div><div style='text-align:left' class='yasr-auto-insert-visitor'><\/div>","protected":false},"excerpt":{"rendered":"<p>Sua Compra foi Realizada! Em breve, veja em sua Caixa de E-mail (dentro do hor\u00e1rio comercial) ou em seu ZAP caso vc tenha deixado registrado o seu n\u00famero de celular, a previs\u00e3o da ENTREGA segundo os Correios para o seu endere\u00e7o (CEP)&#8230; Lembrando que ao prazo dos Correios, acrescente\u00a0 de 2 a 3 dias \u00fateis [&hellip;]<\/p>\n","protected":false},"author":1,"featured_media":0,"parent":0,"menu_order":0,"comment_status":"closed","ping_status":"closed","template":"","meta":{"yasr_overall_rating":0,"yasr_post_is_review":"","yasr_auto_insert_disabled":"","yasr_review_type":"","footnotes":""},"class_list":["post-1750","page","type-page","status-publish","hentry"],"yasr_visitor_votes":{"stars_attributes":{"read_only":false,"span_bottom":false},"number_of_votes":0,"sum_votes":0},"_links":{"self":[{"href":"https:\/\/overboyaohushua.com\/index.php\/wp-json\/wp\/v2\/pages\/1750","targetHints":{"allow":["GET"]}}],"collection":[{"href":"https:\/\/overboyaohushua.com\/index.php\/wp-json\/wp\/v2\/pages"}],"about":[{"href":"https:\/\/overboyaohushua.com\/index.php\/wp-json\/wp\/v2\/types\/page"}],"author":[{"embeddable":true,"href":"https:\/\/overboyaohushua.com\/index.php\/wp-json\/wp\/v2\/users\/1"}],"replies":[{"embeddable":true,"href":"https:\/\/overboyaohushua.com\/index.php\/wp-json\/wp\/v2\/comments?post=1750"}],"version-history":[{"count":3,"href":"https:\/\/overboyaohushua.com\/index.php\/wp-json\/wp\/v2\/pages\/1750\/revisions"}],"predecessor-version":[{"id":2421,"href":"https:\/\/overboyaohushua.com\/index.php\/wp-json\/wp\/v2\/pages\/1750\/revisions\/2421"}],"wp:attachment":[{"href":"https:\/\/overboyaohushua.com\/index.php\/wp-json\/wp\/v2\/media?parent=1750"}],"curies":[{"name":"wp","href":"https:\/\/api.w.org\/{rel}","templated":true}]}}