{"id":2101,"date":"2020-03-22T22:29:29","date_gmt":"2020-03-22T20:29:29","guid":{"rendered":"https:\/\/overboyaohushua.com\/?page_id=2101"},"modified":"2020-03-22T22:35:03","modified_gmt":"2020-03-22T20:35:03","slug":"halloween","status":"publish","type":"page","link":"https:\/\/overboyaohushua.com\/index.php\/halloween\/","title":{"rendered":"Feliz Halloween?"},"content":{"rendered":"\r\n<div class=\"wp-block-image\">\r\n<figure class=\"aligncenter\"><img decoding=\"async\" src=\"http:\/\/wp.cyocaminho.org\/wp-content\/uploads\/2019\/02\/CYCLog-1024x83.png\" alt=\"\" class=\"wp-image-25\" \/>\r\n<figcaption><a href=\"https:\/\/www.cyocaminho.org\">www.cyocaminho.org<\/a><\/figcaption>\r\n<\/figure>\r\n<\/div>\r\n\r\n<p style=\"text-align: center;\"><b><span style=\"font-family: Verdana; font-size: xx-large;\">Happy Halloween! Ser\u00e1 mesmo?<\/span><\/b><\/p>\r\n<p align=\"center\"><span style=\"font-size: 16px;\"><span lang=\"PT-BR\">&#8220;Porque a nossa luta n\u00e3o \u00e9 contra o sangue e a carne, e sim contra os principados e potestades, contra os dominadores deste mundo tenebroso, contra as for\u00e7as espirituais do mal, nas regi\u00f5es celestes&#8221;\u00a0<\/span><span lang=\"PT-BR\">(Ef 6:12).<\/span><\/span><\/p>\r\n<p align=\"center\"><span style=\"font-size: 16px;\"><img loading=\"lazy\" decoding=\"async\" border=\"0\" src=\"https:\/\/www.cyocaminho.org\/diabinho_halloween.jpg\" width=\"265\" height=\"265\" \/><\/span><\/p>\r\n<p><span style=\"font-size: 16px;\" lang=\"PT-BR\">Ser\u00e1 que Halloween \u00e9 realmente uma festa feliz (&#8220;happy&#8221;)? Ou ser\u00e1 que h\u00e1 ocultismo da pesada nas suas origens? Ser\u00e1 que essa festa envolve celebra\u00e7\u00f5es f\u00fanebres, consultas aos mortos, louvor \u00e0 &#8220;divindade&#8221; da morte e negociatas com entidades do mundo tenebroso? Ser\u00e1 que \u00e9 um evento t\u00e3o ing\u00eanuo como se diz?<\/span><\/p>\r\n<p><span style=\"font-size: 16px;\"><b><span lang=\"PT-BR\">Origem do Halloween<\/span><\/b><\/span><\/p>\r\n<p><span style=\"font-size: 16px;\" lang=\"PT-BR\">O ano para os praticantes de bruxaria vai de dia 22 de dezembro (nascimento do sol ou &#8220;deus de grandes chifres&#8221; ou &#8220;deus chifrudo&#8221;) at\u00e9 \u00a0dia 31 de outubro (morte do sol ou do &#8220;deus de grandes chifres&#8221;).<\/span><\/p>\r\n<p><span style=\"font-size: 16px;\" lang=\"PT-BR\">Para a religi\u00e7\u00e3o\u00a0<i>Wicca<\/i>\u00a0(bruxaria moderna), o dia 31 de outubro \u00e9 o grande\u00a0<i>sab\u00e1<\/i>\u00a0(festa) de\u00a0<i>Samhain<\/i>. O que \u00e9\u00a0<i>Samhain?<\/i>\u00a0\u00c9 uma palavra de origem celta para designar &#8220;O senhor da morte&#8221;. Os celtas dedicavam esse \u00faltimo dia de outubro para celebrar a &#8220;Festa dos Mortos&#8221;.<\/span><\/p>\r\n<p><span style=\"font-size: 16px;\" lang=\"PT-BR\">Ent\u00e3o, quando os professores de ingl\u00eas desejam um &#8220;Happy Halloween!&#8221;, est\u00e3o, na verdade, desejando um &#8220;feliz&#8221;\u00a0<i>Samhain.<\/i>\u00a0Ou seja, uma &#8220;feliz&#8221; festa dos mortos ou um &#8220;feliz&#8221; ano novo da bruxaria, um &#8220;feliz&#8221; dia do deus da morte, o &#8220;deus chifrudo&#8221;.<\/span><\/p>\r\n<p><span style=\"font-size: 16px;\" lang=\"PT-BR\"><b>Os celtas e o culto aos mortos<\/b><\/span><\/p>\r\n<p><span style=\"font-size: 16px;\" lang=\"PT-BR\">O que hoje chamamos de Halloween era o festival celta de\u00a0<i>Samhain,<\/i>\u00a0o &#8220;deus dos mortos&#8221;.<\/span><\/p>\r\n<p><span style=\"font-size: 16px;\" lang=\"PT-BR\">O ano novo deles come\u00e7ava no dia 1\u00ba de novembro. O festival iniciado na noite anterior homenageava\u00a0<i>Samhain,<\/i>\u00a0&#8220;O senhor da morte&#8221;. Essa celebra\u00e7\u00e3o marcava o in\u00edcio da esta\u00e7\u00e3o de frio (no Hemisf\u00e9rio Norte), com menos per\u00edodos de sol e mais per\u00edodos de escurid\u00e3o.<\/span><\/p>\r\n<p><span style=\"font-size: 16px;\" lang=\"PT-BR\">Quando os professores de ingl\u00eas desejam &#8220;Happy Halloween!&#8221; \u00e0 classe, est\u00e3o indiretamente desejando que seus educandos fa\u00e7am negociatas com esp\u00edritos do mundo sobrenatural que supostamente controlam os processos da natureza. E mais: que seus pupilos apaziguem e acalmem os esp\u00edritos maus, pedindo prote\u00e7\u00e3o aos esp\u00edritos bons durante aquele novo ano.<\/span><\/p>\r\n<p><span style=\"font-size: 16px;\"><b><span lang=\"PT-BR\">Os principais s\u00edmbolos do Halloween<\/span><\/b><\/span><\/p>\r\n<p><span style=\"font-size: 16px;\" lang=\"PT-BR\">Com a migra\u00e7\u00e3o dos ingleses, e especialmente dos irlandeses, para os Estados Unidos, no s\u00e9culo XIX, Halloween foi pouco a pouco tornando-se popular na Am\u00e9rica.<\/span><\/p>\r\n<p><span style=\"font-size: 16px;\"><b><span lang=\"EN-US\"><img loading=\"lazy\" decoding=\"async\" border=\"0\" src=\"https:\/\/www.cyocaminho.org\/jacklantern.gif\" width=\"75\" height=\"75\" align=\"left\" \/>a)<\/span><\/b><span lang=\"EN-US\">\u00a0<i>&#8220;The Jack O&#8217;Lantern&#8221;<\/i>\u00a0(A Lanterna de Jack)<\/span><\/span><\/p>\r\n<p><span style=\"font-size: 16px;\" lang=\"PT-BR\">Esse \u00e9 o nome daquela ab\u00f3bora (jerimum, no Norte e Nordeste) esculpida com uma face demon\u00edaca e iluminada por dentro.<\/span><\/p>\r\n<p><span style=\"font-size: 16px;\" lang=\"PT-BR\">Vem da lenda de um irland\u00eas todo errado, que gostava de aprontar com todo mundo e que chegou a enganar at\u00e9 o pr\u00f3prio satan\u00e1s. Quando Jack morreu, segundo a lenda, n\u00e3o foi permitida sua entrada no \u201cc\u00e9u\u201d, nem no \u201cinferno\u201d. Satan\u00e1s jogou para ele uma vela para iluminar seu caminho pela terra. Jack acendeu a vela e a colocou dentro de um nabo, fazendo uma lanterna para si.<\/span><\/p>\r\n<p><span style=\"font-size: 16px;\" lang=\"PT-BR\">Quando os irlandeses chegaram aos Estados Unidos, encontram uma car\u00eancia de nabos e uma abund\u00e2ncia de ab\u00f3boras. Para manter a tradi\u00e7\u00e3o durante o Halloween, passaram a utilizar ab\u00f3boras no lugar de nabos.<\/span><\/p>\r\n<p><span style=\"font-size: 16px;\"><b><span lang=\"EN-US\">b)<\/span><\/b><span lang=\"EN-US\">\u00a0<i>&#8220;Apple-ducking [bobbing for apples]&#8221;<\/i>\u00a0(ma\u00e7\u00e3s boiando)<\/span><img loading=\"lazy\" decoding=\"async\" border=\"0\" src=\"https:\/\/www.cyocaminho.org\/apple.png\" width=\"224\" height=\"222\" align=\"right\" \/><\/span><\/p>\r\n<p><span style=\"font-size: 16px;\" lang=\"PT-BR\">Esse \u00e9 o nome de um ritual que foi incorporado \u00e0s celebra\u00e7\u00f5es de Halloween depois que os celtas foram dominados pelos romanos. \u00c9 uma homenagem a Pomona, a deusa dos frutos e das \u00e1rvores, que era louvada na \u00e9poca da colheita (novembro). Os antigos geralmente a desenhavam sentada em uma cesta com frutos e flores. A ma\u00e7\u00e3 era uma fruta sagrada para a deusa.<\/span><\/p>\r\n<p><span style=\"font-size: 16px;\"><b><span lang=\"PT-BR\">Obs:<\/span><\/b><span lang=\"PT-BR\">\u00a0Porque ser\u00e1 que tornou-se corrente que o fruto proibido do \u00c9den era uma ma\u00e7\u00e3? Leia nas Escrituras para ver qual era o fruto proibido!!!<\/span><\/span><\/p>\r\n<p><span style=\"font-size: 16px;\" lang=\"PT-BR\">Ma\u00e7\u00e3s ficavam boiando em um barril com \u00e1gua, enquanto as pessoas mergulhavam seu rosto nela tentando segur\u00e1-las com os dentes. Depois faziam adivinha\u00e7\u00f5es sobre o futuro, com base no formato da mordida. Este ritual passou, nos dias de hoje, para as inocentes gincanas&#8230;<\/span><\/p>\r\n<p><span style=\"font-size: 16px;\"><b><span lang=\"EN-US\"><img loading=\"lazy\" decoding=\"async\" src=\"https:\/\/overboyaohushua.com\/wp-content\/uploads\/2020\/03\/halow-297x300.png\" alt=\"\" width=\"297\" height=\"300\" class=\"alignleft wp-image-2102 size-medium\" srcset=\"https:\/\/overboyaohushua.com\/wp-content\/uploads\/2020\/03\/halow-297x300.png 297w, https:\/\/overboyaohushua.com\/wp-content\/uploads\/2020\/03\/halow-100x100.png 100w, https:\/\/overboyaohushua.com\/wp-content\/uploads\/2020\/03\/halow.png 299w\" sizes=\"auto, (max-width: 297px) 100vw, 297px\" \/>c)<\/span><\/b><span lang=\"EN-US\">\u00a0<i>&#8220;Trick or Treat&#8221;<\/i>\u00a0(Travessura ou Trato)<\/span><\/span><\/p>\r\n<p><span style=\"font-size: 16px;\" lang=\"PT-BR\">As criancinhas simbolizam os esp\u00edritos dos mortos que supostamente vagueavam pela noite procurando realizar maldades (travessuras) ou em busca de bom acolhimento (bons tratos). Ao recebermos aquelas criancinhas ing\u00eanuas nas nossas casas, est\u00e1vamos simbolicamente realizando negociatas com principados e potestades (dem\u00f4nios).<\/span><\/p>\r\n<p><span style=\"font-size: 16px;\" lang=\"PT-BR\">Como uma festividade pag\u00e3 em honra ao &#8220;Criador da Morte&#8221; e celebrada em mem\u00f3ria \u00e0 morte do &#8220;deus chifrudo&#8221; foi se infiltrar na Igreja Romana?<\/span><\/p>\r\n<p><span style=\"font-size: 16px;\" lang=\"PT-BR\">Em 43 d.Y., os romanos dominaram os celtas e governaram sobre a Gr\u00e3-Bretanha por cerca de 400 anos. Assim, os conquistadores passaram a conviver com os rituais dos celtas.<\/span><\/p>\r\n<p><span style=\"font-size: 16px;\" lang=\"PT-BR\">Durante s\u00e9culos, a Igreja Romana celebrava &#8220;O Dia de Todos os M\u00e1rtires&#8221; em 13 de maio. O papa Greg\u00f3rio III (papado de 731-741), por\u00e9m, dedicou a Capela de S. Pedro, em Roma, a &#8220;todos os santos&#8221; no dia 1\u00ba de novembro. Assim, em 837, o papa Greg\u00f3rio IV introduziu a festa de &#8220;Todos os Santos&#8221; no calend\u00e1rio romano, tornando universal a sua celebra\u00e7\u00e3o em 1\u00ba de novembro. A partir de ent\u00e3o deixou-se de celebrar o &#8220;Dia dos M\u00e1rtires&#8221; em maio&#8230;<\/span><\/p>\r\n<p><span style=\"font-size: 16px;\" lang=\"PT-BR\">Na Inglaterra medieval esse festival cat\u00f3lico ficou conhecido como\u00a0<i>&#8220;All Hallows Day&#8221;<\/i>\u00a0(&#8220;Dia de Todos os Santos&#8221;). A noite anterior ao 1\u00ba de novembro era chamada\u00a0<i>&#8220;Hallows Evening&#8221;,<\/i>\u00a0abreviada &#8220;<i>Hallows&#8217; Eve<\/i>&#8221; e, posteriormente,\u00a0<i>&#8220;Hallowe&#8217;en&#8221;.<\/i><\/span><\/p>\r\n<p><span style=\"font-size: 16px;\" lang=\"PT-BR\">Mais de um s\u00e9culo ap\u00f3s instituir o &#8220;Dia de Todos os Santos&#8221;, a Igreja Cat\u00f3lica, atrav\u00e9s da sua Abadia de Cluny, na Fran\u00e7a, determinou que o melhor dia para se comemorar o &#8220;Dia dos Mortos&#8221; era logo ap\u00f3s o &#8220;Dia de Todos os Santos&#8221;. Assim, ficou estabelecido o &#8220;Dia de Finados&#8221; no dia 2 de novembro.<\/span><\/p>\r\n<p><span style=\"font-size: 16px;\" lang=\"PT-BR\">Para a Igreja Cat\u00f3lica, a noite de\u00a0<i>&#8220;Hallowe&#8217;en&#8221;,<\/i>\u00a0o &#8220;Dia de Todos os Santos&#8221; e o &#8220;Dia de Finados&#8221; s\u00e3o uma s\u00f3 sequ\u00eancia e celebram coisas parecidas \u2013 a honra e a alma dos mortos! O catolicismo tenta fazer o &#8220;cristianismo&#8221; e o paganismo andarem de m\u00e3os dadas!<\/span><\/p>\r\n<p><span style=\"font-size: 16px;\"><b><span lang=\"PT-BR\">Conclus\u00e3o<\/span><\/b><\/span><\/p>\r\n<p><span style=\"font-size: 16px;\" lang=\"PT-BR\">Meus queridos, o que h\u00e1 de t\u00e3o\u00a0<i>&#8220;happy&#8221;<\/i>\u00a0no Halloween? Onde est\u00e1 a suposta felicidade transmitida pela festa de\u00a0<i>Samhain?<\/i>\u00a0Pessoalmente, n\u00e3o consigo enxergar nada al\u00e9m de trevas espirituais.<\/span><\/p>\r\n<p><span style=\"font-size: 16px;\" lang=\"PT-BR\">Para quem n\u00e3o sente prazer com o sofrimento, &#8220;divertida&#8221; \u00e9 uma palavra pouco apropriada para descrever a festa de\u00a0<i>Samhain,<\/i>\u00a0marcada pela ang\u00fastia, pelo medo, pela depress\u00e3o, al\u00e9m das piores crueldades e contatos com um mundo espiritualmente tenebroso. Nem os celtas simpatizavam com a festa de\u00a0<i>Samhain.<\/i><\/span><\/p>\r\n<p><span style=\"font-size: 16px;\" lang=\"PT-BR\">O Halloween \u00e9 uma algolagnia (sentir prazer pela dor) que leva as crian\u00e7as a se familiarizarem com o sadismo e desperta o que existe de pior dentro de cada adolescente. \u00c9 o avesso das rela\u00e7\u00f5es sociais equilibradas! \u00c9 a fus\u00e3o com a distor\u00e7\u00e3o de valores do mundo c\u00e3o, onde seus participantes tornam-se v\u00edtimas espiritualmente impotentes!<\/span><\/p>\r\n<p><span style=\"font-size: 16px;\" lang=\"PT-BR\">O profeta Yahshuayaohu nos adverte:\u00a0<i>&#8220;Quando vos disserem: Consultai os necromantes e os adivinhos, que chilreiam e murmuram, acaso, n\u00e3o consultar\u00e1 o povo ao seu Deus? A favor dos vivos se consultar\u00e3o os mortos? \u00c0 lei e ao testemunho! Se eles n\u00e3o falarem desta maneira, jamais ver\u00e3o a alva&#8221; (Is 8:19-20).<\/i>\u00a0Meu querido, a op\u00e7\u00e3o \u00e9 sua: consultar aqueles que tagarelam e consultam mortos e adivinhos ou confiar no que diz a Lei do Criador.<\/span><\/p>\r\n<p><span style=\"font-size: 16px;\" lang=\"PT-BR\">A B\u00edblia \u00e9 clara na op\u00e7\u00e3o que devemos seguir:\u00a0<i>As pr\u00e1ticas detest\u00e1veis<br \/><br \/><\/i><b><sup>9-14<\/sup><\/b>Quando chegarem \u00e0 terra prometida ter\u00e3o muito cuidado em n\u00e3o se deixarem corromper pelos horr\u00edveis costumes das na\u00e7\u00f5es que l\u00e1 vivem agora. Por exemplo, se houver algum yaoshorul\u2019ita que apresente o seu filho para ser queimado em sacrif\u00edcio aos falsos criadores, os \u00eddolos, dos pag\u00e3os, dever\u00e1 ser morto. Nenhum yaoshorul\u2019ita praticar\u00e1 coisas como artes de feiti\u00e7arias ou magia negra, ou espiritismo, invocando esp\u00edritos como dos mortos e utilizando m\u00e9diuns, nem bruxarias, adivinha\u00e7\u00f5es ou astrologia e consulta de dos astros. Quem quer que seja que pratique qualquer destas coisas torna-se, para UL, objeto de abomina\u00e7\u00e3o e repugn\u00e2ncia; pois \u00e9 por causa dessas mesmas, coisas que o Criador expulsa da terra as na\u00e7\u00f5es que aqui estavam. Dever\u00e1 andar com toda a integridade e retid\u00e3o na presen\u00e7a de UL, vosso Criador. Os povos cujo territ\u00f3rio v\u00e3o agora ocupar todos eles praticavam essas coisas, mas, o UL, vosso Criador, n\u00e3o permitir\u00e1 que fa\u00e7am tal coisa. (Dt 18:9-14).<i><br \/><br \/><\/i>Estamos vivendo em tempos de pervers\u00e3o coletiva, onde a face enganosa de satan\u00e1s se manifesta algumas vezes de forma descarada, mas muitas vezes sutilmente e camuflada por tr\u00e1s de um ing\u00eanuo &#8220;Happy Halloween!&#8221;.<\/span><\/p>\r\n<p><span style=\"font-size: 16px;\" lang=\"PT-BR\">Que o ETERNO nos livre do mal. Amnao!<\/span><\/p>\r\n<p>&nbsp;<\/p>\r\n<p style=\"text-align: center;\"><b><span style=\"color: #808080; font-family: Verdana;\"> <a href=\"http:\/\/overboyaohushua.com\/index.php\/principal-6\/\"><span style=\"color: #808080;\"> <marquee>Seja um Rosh (l\u00edder Congregacional); fa\u00e7a o CTA: Curso de Teologia Aplicada &#8211; CLIC!<\/marquee><\/span><\/a><\/span><\/b><\/p>\r\n\r\n<p><strong><span style=\"font-size: 16px;\"><a href=\"https:\/\/overboyaohushua.com\/wp-content\/uploads\/2020\/03\/Happy-Halloween.pdf\"><img loading=\"lazy\" decoding=\"async\" src=\"https:\/\/overboyaohushua.com\/wp-content\/uploads\/2020\/03\/PDF-Download-150x150.jpg\" alt=\"\" width=\"65\" height=\"65\" class=\"alignleft wp-image-1972 \" srcset=\"https:\/\/overboyaohushua.com\/wp-content\/uploads\/2020\/03\/PDF-Download-150x150.jpg 150w, https:\/\/overboyaohushua.com\/wp-content\/uploads\/2020\/03\/PDF-Download-300x300.jpg 300w, https:\/\/overboyaohushua.com\/wp-content\/uploads\/2020\/03\/PDF-Download-100x100.jpg 100w, https:\/\/overboyaohushua.com\/wp-content\/uploads\/2020\/03\/PDF-Download.jpg 346w\" sizes=\"auto, (max-width: 65px) 100vw, 65px\" \/><\/a>SE DESEJAR, CLIC NESTA IMAGEM PARA BAIXAR ESTE ESTUDO EM SEU CELULAR&#8230;<\/span><\/strong><\/p>\r\n<p><strong>D\u00favidas:<\/strong><\/p>\r\n\r\n\r\n\t\t\t<link rel=\"stylesheet\" property=\"stylesheet\" href=\"https:\/\/overboyaohushua.com\/wp-content\/plugins\/happyforms\/bundles\/css\/frontend.css\" \/>\n\t\t\t\t<!-- HappyForms CSS variables -->\n\t<style>\n\t#happyforms-54 {\n\t\t--happyforms-part-title-font-size: 16px;\n--happyforms-part-description-font-size: 14px;\n--happyforms-part-value-font-size: 16px;\n--happyforms-submit-button-font-size: 18px;\n--happyforms-color-primary: #000000;\n--happyforms-color-success-notice: #ebf9f0;\n--happyforms-color-success-notice-text: #1eb452;\n--happyforms-color-error: #ff7550;\n--happyforms-color-error-notice: #ffeeea;\n--happyforms-color-error-notice-text: #f23000;\n--happyforms-color-part-title: #000000;\n--happyforms-color-part-value: #000000;\n--happyforms-color-part-placeholder: #888888;\n--happyforms-color-part-description: #454545;\n--happyforms-color-part-border: #dbdbdb;\n--happyforms-color-part-border-focus: #407fff;\n--happyforms-color-part-background: #ffffff;\n--happyforms-color-part-background-focus: #ffffff;\n--happyforms-color-submit-background: #407fff;\n--happyforms-color-submit-background-hover: #3567cc;\n--happyforms-color-submit-border: transparent;\n--happyforms-color-submit-text: #ffffff;\n--happyforms-color-submit-text-hover: #ffffff;\n--happyforms-color-table-row-odd: #fcfcfc;\n--happyforms-color-table-row-even: #efefef;\n--happyforms-color-table-row-odd-text: #000000;\n--happyforms-color-table-row-even-text: #000000;\n--happyforms-color-dropdown-item-bg: #ffffff;\n--happyforms-color-dropdown-item-text: #000000;\n--happyforms-color-dropdown-item-bg-hover: #dbdbdb;\n--happyforms-color-dropdown-item-text-hover: #000000;\n--happyforms-color-divider-hr: #cccccc;\n--happyforms-color-choice-checkmark-bg: #ffffff;\n--happyforms-color-choice-checkmark-bg-focus: #000000;\n--happyforms-color-choice-checkmark-color: #ffffff;\n\t}\n\t<\/style>\n\t<!-- End of HappyForms CSS variables -->\n\t\t<!-- HappyForms Additional CSS -->\n\t<style data-happyforms-additional-css>\n\t\t<\/style>\n\t<!-- End of HappyForms Additional CSS -->\n\t\t\t<link rel=\"stylesheet\" type=\"text\/css\" href=\"https:\/\/overboyaohushua.com\/wp-content\/plugins\/happyforms\/core\/assets\/css\/no-interaction.css\">\n\t\t<div class=\"happyforms-form happyforms-styles\" id=\"happyforms-54\">\n\t\t\n\t<form action=\"\" id=\"happyforms-form-54\" method=\"post\" novalidate=\"true\" autocomplete=\"off\">\n\t\t\t\t<input type=\"hidden\" name=\"happyforms_random_seed\" value=\"3563924488\" \/>\n\t\t\n\t\t\t<input type=\"hidden\" name=\"action\" value=\"happyforms_message\">\n\t\t\t\t<input type=\"hidden\" name=\"client_referer\" value=\"\">\n\t\t\t\t<input type=\"hidden\" name=\"current_post_id\" value=\"\">\n\t\t\t\t<input type=\"hidden\" name=\"happyforms_form_id\" value=\"54\" \/>\n\t\t\t\t<input type=\"hidden\" name=\"happyforms_step\" value=\"0\" \/>\n\t\n\t\t<div class=\"happyforms-flex\">\n\t\t\t\t<input type=\"text\" name=\"54-number\" style=\"position:absolute;left:-5000px;\" tabindex=\"-1\" autocomplete=\"off\" aria-hidden=\"true\"> <span class=\"screen-reader-text\">Leave this field blank<\/span>\n\t\t\t\t\t\t\t\t\t\t<div class=\"happyforms-form__part happyforms-part happyforms-part--single_line_text happyforms-part--width-full happyforms-part--label-above\" id=\"happyforms-54_single_line_text_1-part\" data-happyforms-type=\"single_line_text\" data-happyforms-id=\"single_line_text_1\" data-happyforms-required=\"\">\n\t<div class=\"happyforms-part-wrap\">\n\t\t\n\t\t\t\t\t\t<div class=\"happyforms-part__label-container\">\n\t\t\t\t<label for=\"happyforms-54_single_line_text_1\" class=\"happyforms-part__label\">\n\t\t\t<span class=\"label\">Nome<\/span>\n\t\t\t\t\t\t\t\t\t\t<span class=\"happyforms-required\"><\/span>\n\t\t\t\t\t\t\t\t\t\t<span class=\"happyforms-optional\">(optional)<\/span>\n\t\t\t\t\t<\/label>\n\t\t\t<\/div>\n\t\t\t\n\t\t\n\t\t<div class=\"happyforms-part__el\">\n\t\t\t\n\t\t\t\n\t\t\t<div class=\"happyforms-input\">\n\t\t\t\t\n\t\t\t\t<input id=\"happyforms-54_single_line_text_1\" type=\"text\" name=\"54_single_line_text_1\" value=\"\" placeholder=\"\" autocomplete=\"off\" spellcheck=\"false\"  autocorrect=\"off\" \/>\n\t\t\t\t\t\t\t<\/div>\n\n\t\t\t\n\t\t\t\n\t\t\t\t\t<\/div>\n\t<\/div>\n<\/div>\n<div class=\"happyforms-part--with-autocomplete happyforms-form__part happyforms-part happyforms-part--email happyforms-part--width-full happyforms-part--label-above\" id=\"happyforms-54_email_7-part\" data-happyforms-type=\"email\" data-happyforms-id=\"email_7\" data-happyforms-required=\"\">\n\t\t<div class=\"happyforms-part-wrap\">\n\t\t\t\t\t\t<div class=\"happyforms-part__label-container\">\n\t\t\t\t<label for=\"happyforms-54_email_7\" class=\"happyforms-part__label\">\n\t\t\t<span class=\"label\">Email<\/span>\n\t\t\t\t\t\t\t\t\t\t<span class=\"happyforms-required\"><\/span>\n\t\t\t\t\t\t\t\t\t\t<span class=\"happyforms-optional\">(optional)<\/span>\n\t\t\t\t\t<\/label>\n\t\t\t<\/div>\n\t\t\t\n\t\t\n\t\t<div class=\"happyforms-part__el\">\n\t\t\t\n\t\t\t\n\t\t\t<div class=\"happyforms-input\">\n\t\t\t\t<input type=\"email\" name=\"54_email_7\" id=\"happyforms-54_email_7\" value=\"\" placeholder=\"\" autocomplete=\"off\" spellcheck=\"false\"  autocorrect=\"off\" \/>\n\t\t\t\t\t\t\t<\/div>\n\n\t\t\t\n\t\t\t\n\t\t\t\t\t<\/div>\n\t<\/div>\n<\/div>\n<div class=\"happyforms-form__part happyforms-part happyforms-part--single_line_text happyforms-part--width-full happyforms-part--label-above\" id=\"happyforms-54_single_line_text_2-part\" data-happyforms-type=\"single_line_text\" data-happyforms-id=\"single_line_text_2\" data-happyforms-required=\"\">\n\t<div class=\"happyforms-part-wrap\">\n\t\t\n\t\t\t\t\t\t<div class=\"happyforms-part__label-container\">\n\t\t\t\t<label for=\"happyforms-54_single_line_text_2\" class=\"happyforms-part__label\">\n\t\t\t<span class=\"label\">Cidade+ Estado<\/span>\n\t\t\t\t\t\t\t\t\t\t<span class=\"happyforms-required\"><\/span>\n\t\t\t\t\t\t\t\t\t\t<span class=\"happyforms-optional\">(optional)<\/span>\n\t\t\t\t\t<\/label>\n\t\t\t<\/div>\n\t\t\t\n\t\t\n\t\t<div class=\"happyforms-part__el\">\n\t\t\t\n\t\t\t\n\t\t\t<div class=\"happyforms-input\">\n\t\t\t\t\n\t\t\t\t<input id=\"happyforms-54_single_line_text_2\" type=\"text\" name=\"54_single_line_text_2\" value=\"\" placeholder=\"\" autocomplete=\"off\" spellcheck=\"false\"  autocorrect=\"off\" \/>\n\t\t\t\t\t\t\t<\/div>\n\n\t\t\t\n\t\t\t\n\t\t\t\t\t<\/div>\n\t<\/div>\n<\/div>\n<div class=\"happyforms-form__part happyforms-part happyforms-part--multi_line_text happyforms-part--width-full happyforms-part--label-above\" id=\"happyforms-54_multi_line_text_6-part\" data-happyforms-type=\"multi_line_text\" data-happyforms-id=\"multi_line_text_6\" data-happyforms-required=\"\">\n\t<div class=\"happyforms-part-wrap\">\n\t\t\t\t\t\t<div class=\"happyforms-part__label-container\">\n\t\t\t\t<label for=\"happyforms-54_multi_line_text_6\" class=\"happyforms-part__label\">\n\t\t\t<span class=\"label\">Mensagem<\/span>\n\t\t\t\t\t\t\t\t\t\t<span class=\"happyforms-required\"><\/span>\n\t\t\t\t\t\t\t\t\t\t<span class=\"happyforms-optional\">(optional)<\/span>\n\t\t\t\t\t<\/label>\n\t\t\t<\/div>\n\t\t\t\n\t\t\n\t\t<div class=\"happyforms-part__el\">\n\t\t\t\n\t\t\t\t\t\t<textarea id=\"happyforms-54_multi_line_text_6\" name=\"54_multi_line_text_6\" rows=\"5\" placeholder=\"\" autocomplete=\"off\" spellcheck=\"false\" autocorrect=\"off\" ><\/textarea>\n\t\t\t\n\t\t\t\n\t\t\t\t\t<\/div>\n\t<\/div>\n<\/div>\n\t\t\t\t\t\t<div class=\"happyforms-form__part happyforms-part happyforms-part--submit\">\n\t\t<button type=\"submit\" class=\"happyforms-submit happyforms-button--submit \">ENVIAR<\/button>\n\t<\/div>\t\t<\/div>\n\n\t\t\t<\/form>\n\n\t<\/div>\n\n<div style='text-align:left' class='yasr-auto-insert-overall'><\/div><div style='text-align:left' class='yasr-auto-insert-visitor'><\/div>","protected":false},"excerpt":{"rendered":"<p>Happy Halloween! Ser\u00e1 mesmo? &#8220;Porque a nossa luta n\u00e3o \u00e9 contra o sangue e a carne, e sim contra os principados e potestades, contra os dominadores deste mundo tenebroso, contra as for\u00e7as espirituais do mal, nas regi\u00f5es celestes&#8221;\u00a0(Ef 6:12). Ser\u00e1 que Halloween \u00e9 realmente uma festa feliz (&#8220;happy&#8221;)? Ou ser\u00e1 que h\u00e1 ocultismo da pesada [&hellip;]<\/p>\n","protected":false},"author":1,"featured_media":0,"parent":0,"menu_order":0,"comment_status":"closed","ping_status":"closed","template":"","meta":{"yasr_overall_rating":0,"yasr_post_is_review":"","yasr_auto_insert_disabled":"","yasr_review_type":"","footnotes":""},"class_list":["post-2101","page","type-page","status-publish","hentry"],"yasr_visitor_votes":{"stars_attributes":{"read_only":false,"span_bottom":false},"number_of_votes":0,"sum_votes":0},"_links":{"self":[{"href":"https:\/\/overboyaohushua.com\/index.php\/wp-json\/wp\/v2\/pages\/2101","targetHints":{"allow":["GET"]}}],"collection":[{"href":"https:\/\/overboyaohushua.com\/index.php\/wp-json\/wp\/v2\/pages"}],"about":[{"href":"https:\/\/overboyaohushua.com\/index.php\/wp-json\/wp\/v2\/types\/page"}],"author":[{"embeddable":true,"href":"https:\/\/overboyaohushua.com\/index.php\/wp-json\/wp\/v2\/users\/1"}],"replies":[{"embeddable":true,"href":"https:\/\/overboyaohushua.com\/index.php\/wp-json\/wp\/v2\/comments?post=2101"}],"version-history":[{"count":2,"href":"https:\/\/overboyaohushua.com\/index.php\/wp-json\/wp\/v2\/pages\/2101\/revisions"}],"predecessor-version":[{"id":2105,"href":"https:\/\/overboyaohushua.com\/index.php\/wp-json\/wp\/v2\/pages\/2101\/revisions\/2105"}],"wp:attachment":[{"href":"https:\/\/overboyaohushua.com\/index.php\/wp-json\/wp\/v2\/media?parent=2101"}],"curies":[{"name":"wp","href":"https:\/\/api.w.org\/{rel}","templated":true}]}}