{"id":2295,"date":"2020-07-06T00:26:18","date_gmt":"2020-07-05T22:26:18","guid":{"rendered":"https:\/\/overboyaohushua.com\/?page_id=2295"},"modified":"2024-02-01T21:00:16","modified_gmt":"2024-02-01T19:00:16","slug":"esnapp","status":"publish","type":"page","link":"https:\/\/overboyaohushua.com\/index.php\/esnapp\/","title":{"rendered":"ESNapp"},"content":{"rendered":"<p>&nbsp;<\/p><p>&nbsp;<\/p><!-- Site made with Mobirise Website Builder v3.12.1, https:\/\/mobirise.com --><p>&nbsp;<\/p><section class=\"mbr-navbar mbr-navbar--freeze mbr-navbar--absolute mbr-navbar--sticky mbr-navbar--auto-collapse\" id=\"menu-0\"><div class=\"mbr-navbar__section mbr-section\"><div class=\"mbr-section__container container\"><div class=\"mbr-navbar__container\"><div class=\"mbr-navbar__column mbr-navbar__column--s mbr-navbar__brand\"><span class=\"mbr-navbar__brand-link mbr-brand mbr-brand--inline\"> <span class=\"mbr-brand__logo\"><a href=\"http:\/\/www.cyocaminho.org\"><img loading=\"lazy\" decoding=\"async\" src=\"assets\/images\/favicon1-424x342-93.png\" class=\"mbr-navbar__brand-img mbr-brand__img alignnone\" width=\"16\" height=\"16\" alt=\"\" \/><\/a><\/span> <\/span><\/div><div class=\"mbr-navbar__hamburger mbr-hamburger\"><span class=\"mbr-hamburger__line\"><\/span><\/div><div class=\"mbr-navbar__column mbr-navbar__menu\"><nav class=\"mbr-navbar__menu-box mbr-navbar__menu-box--inline-right\"><div class=\"mbr-navbar__column\"><ul class=\"mbr-navbar__items mbr-navbar__items--right float-left mbr-buttons mbr-buttons--freeze mbr-buttons--right btn-decorator mbr-buttons--active mbr-buttons--only-links\"><li class=\"mbr-navbar__item\"><a class=\"mbr-buttons__link btn text-white\" href=\"index.html\">ESN<\/a><\/li><li class=\"mbr-navbar__item\"><a class=\"mbr-buttons__link btn text-white\" href=\"index.html#msg-box2-x\">[VT]<\/a><\/li><li class=\"mbr-navbar__item\"><a class=\"mbr-buttons__link btn text-white\" href=\"index.html#msg-box2-y\">[NT]<\/a><\/li><li class=\"mbr-navbar__item\"><a class=\"mbr-buttons__link btn text-white\" href=\"http:\/\/esn.cyocaminho.org\">EDITORA<\/a><\/li><li class=\"mbr-navbar__item\"><a class=\"mbr-buttons__link btn text-white\" href=\"Curso.html\">CURSO B\u00cdBLICO<\/a><\/li><li class=\"mbr-navbar__item\"><a class=\"mbr-buttons__link btn text-white\" href=\"Defesa.html\">CREMOS<\/a><\/li><li class=\"mbr-navbar__item\"><a class=\"mbr-buttons__link btn text-white\" href=\"oNome.html\">oNOME<\/a><\/li><\/ul><\/div><\/nav><\/div><\/div><\/div><\/div><\/section><section class=\"engine\"><a rel=\"external\" href=\"https:\/\/mobirise.com\">Site Creator<\/a><\/section><section class=\"mbr-box mbr-section mbr-section--relative mbr-section--fixed-size mbr-section--full-height mbr-section--bg-adapted mbr-parallax-background\" id=\"header1-1\" style=\"background-image: url('assets\/images\/jerus3-2000x495.png');\"><div class=\"mbr-box__magnet mbr-box__magnet--sm-padding mbr-box__magnet--center-center mbr-after-navbar\"><div class=\"mbr-overlay\" style=\"opacity: 0; background-color: #efefef;\"><\/div><div class=\"mbr-box__container mbr-section__container container\"><div class=\"mbr-box mbr-box--stretched\"><div class=\"mbr-box__magnet mbr-box__magnet--center-center\"><div class=\"row\"><div class=\" col-sm-8 col-sm-offset-2\"><div class=\"mbr-hero animated fadeInUp\"><h1 class=\"mbr-hero__text\" id=\"mcetoc_1ecghc0760\">ESN<\/h1><p>&nbsp;<\/p><p>&nbsp;<\/p><\/div><div class=\"mbr-buttons btn-inverse mbr-buttons--center\"><a class=\"mbr-buttons__btn btn btn-lg animated fadeInUp delay btn-default\" href=\"http:\/\/esn.cyocaminho.org\" target=\"_blank\" rel=\"noopener\">EDITORA by CYC<\/a><\/div><\/div><\/div><\/div><\/div><\/div><\/div><\/section><section class=\"mbr-section mbr-section--relative mbr-section--short-paddings\" id=\"msg-box2-12\" style=\"background-color: #ffffff;\"><div class=\"mbr-section__container mbr-section__container--isolated container\" style=\"padding-top: 40px; padding-bottom: 20px;\"><div class=\"row\"><div class=\"mbr-box mbr-box--fixed mbr-box--adapted\"><div class=\"mbr-box__magnet mbr-box__magnet--top-left mbr-section__left col-sm-8\"><div class=\"mbr-section__container\"><div class=\"mbr-header mbr-header--auto-align mbr-header--wysiwyg\"><h3 class=\"mbr-header__text\" id=\"mcetoc_1ecghc0781\">ESN &#8211; ESCRITURAS SAGRADAS SEGUNDO oNOME<\/h3><\/div><\/div><\/div><div class=\"mbr-box__magnet mbr-box__magnet--top-left mbr-section__right col-sm-4\"><\/div><\/div><\/div><\/div><\/section><section class=\"mbr-section mbr-section--relative mbr-section--short-paddings\" id=\"msg-box2-x\" style=\"background-color: #ffffff;\"><div class=\"mbr-section__container mbr-section__container--isolated container\" style=\"padding-top: 40px; padding-bottom: 20px;\"><div class=\"row\"><div class=\"mbr-box mbr-box--fixed mbr-box--adapted\"><div class=\"mbr-box__magnet mbr-box__magnet--top-left mbr-section__left col-sm-8\"><div class=\"mbr-section__container\"><div class=\"mbr-header mbr-header--auto-align mbr-header--wysiwyg\"><h3 class=\"mbr-header__text\" id=\"mcetoc_1ecghc0782\">TANAKH [VT]<\/h3><\/div><\/div><\/div><div class=\"mbr-box__magnet mbr-box__magnet--top-left mbr-section__right col-sm-4\"><\/div><\/div><\/div><\/div><\/section><section class=\"mbr-section mbr-section--relative mbr-section--fixed-size\" id=\"content4-v\" style=\"background-color: #ffffff;\"><div class=\"mbr-section__container container mbr-section__container--std-top-padding\" style=\"padding-top: 31px;\"><div class=\"mbr-section__row row\"><div class=\"mbr-section__col col-xs-12 col-md-3 col-sm-6\"><div class=\"mbr-section__container mbr-section__container--last\" style=\"padding-bottom: 0px;\"><div class=\"mbr-article mbr-article--wysiwyg\"><p><strong>TORAH (LEI)<\/strong><br \/>01. <a href=\"Genesis.html\">G\u00eanesis\/Bereshiyt<\/a> <br \/>02. <a href=\"Exodo.html\">\u00caxodo\/Shuam\u00f3s<\/a><br \/>03. <a href=\"Lev\u00edtico.html\">Lev\u00edtico\/Viyaokr\u00f3<\/a><br \/>04. <a href=\"N\u00fameros.html\">N\u00fameros\/Bamidvar<\/a><br \/>05. <a href=\"Deuteron\u00f4mio.html\">Deuteron\u00f4mio\/Devarim<\/a><br \/><br \/><strong>ANTERIORES<\/strong><br \/>06. <a href=\"Josu\u00e9.html\">Josu\u00e9\/Yao\u2019sh<\/a><br \/>07. <a href=\"Ju\u00edzes.html\">Ju\u00edzes\/Shoftim<\/a><br \/>8. <a href=\"1Samuel.html\">1\u00ba Samuel\/Shamu\u2019ul Alef<\/a><br \/>09. <a href=\"2Samuel.html\">2\u00ba Samuel\/Shamu\u2019ul Bet<\/a><br \/>10. <a href=\"1Reis.html\">1\u00ba Reis\/Molkh\u00edm Alef<\/a><br \/>11. <a href=\"2Reis.html\">2\u00ba Reis\/Molkh\u00edm Bet<\/a><\/p><\/div><\/div><\/div><div class=\"mbr-section__col col-xs-12 col-md-3 col-sm-6\"><div class=\"mbr-section__container mbr-section__container--last\" style=\"padding-bottom: 0px;\"><div class=\"mbr-article mbr-article--wysiwyg\"><p><strong>PROFETAS<\/strong><br \/>12. <a href=\"Isaias.html\">Isa\u00edas\/Yashua\u2019yah<\/a><br \/>13. <a href=\"Jeremias.html\">Jeremias\/Yarmi\u2019yah<\/a><br \/>14. <a href=\"Ezequiel.html\">Ezequiel\/Kozoq\u2019ul<\/a> <br \/>15. <a href=\"Daniel.html\">Daniel\/Dayan\u2019ul<\/a><br \/><br \/><strong>OS DOZE<\/strong><br \/>16. <a href=\"Joel.html\">Joel\/Yao\u2019ul<\/a> <br \/>17. <a href=\"Jonas.html\">Jonas\/Yao\u2019nah<\/a><br \/>18. <a href=\"Os\u00e9ias.html\">Os\u00e9ias\/Hosh\u2019yah<\/a><br \/>19. <a href=\"Am\u00f3s.html\">Am\u00f3s\/Am\u2019oz<\/a><br \/>20. <a href=\"Miqu\u00e9ias.html\">Miqu\u00e9ias\/Mik\u2019ha<\/a> <br \/>21. <a href=\"Sofonias.html\">Sofonias\/Zafna\u2019yah<\/a> <br \/>22. <a href=\"Naum.html\">Nahum\/Naok\u2019hem<\/a><\/p><\/div><\/div><\/div><div class=\"clearfix visible-sm-block\"><\/div><div class=\"mbr-section__col col-xs-12 col-md-3 col-sm-6\"><div class=\"mbr-section__container mbr-section__container--last\" style=\"padding-bottom: 0px;\"><div class=\"mbr-article mbr-article--wysiwyg\"><p>23. <a href=\"Habacuque.html\">Habacuc\/Hab\u2019koak<\/a><br \/>24. <a href=\"Obadias.html\">Obadias\/Awod\u2019yah<\/a><br \/>25. <a href=\"Ageu.html\">Ageu\/Khag\u2019gai<\/a><br \/>26. <a href=\"Zacarias.html\">Zacarias\/Zochar\u2019yah<\/a><br \/>27. <a href=\"Malaquias.html\">Malaquias\/Molaokh\u00ed<\/a><br \/><br \/><br \/><strong>ESCRITOS<\/strong><br \/>28. <a href=\"J\u00f3.html\">J\u00f3\/Yah\u2019ov<\/a><br \/>29. <a href=\"Rute.html\">Rute\/Ruth<\/a><br \/>30. Salmos: \u00a01-50 \/Tehill\u00edm<br \/>\u00a0 \u00a0 Salmos: \u00a051-100 \/Tehillim<br \/>\u00a0 \u00a0 Salmos: 101-150\/Tehillim<br \/>31. <a href=\"Prov\u00e9rbios.html\">Prov\u00e9rbios\/Maush\u2019l\u00e9i<\/a><br \/><strong><br \/><\/strong><\/p><\/div><\/div><\/div><div class=\"mbr-section__col col-xs-12 col-md-3 col-sm-6\"><div class=\"mbr-section__container mbr-section__container--last\" style=\"padding-bottom: 0px;\"><div class=\"mbr-article mbr-article--wysiwyg\"><p>32. <a href=\"Cantares.html\">C\u00e2ntico dos c\u00e2nticos\/Shir\u2019hashrin<\/a><br \/>33. <a href=\"Lamenta\u00e7\u00f5es.html\">Lamenta\u00e7\u00f5es\/Ech\u00e1<\/a><br \/>34. <a href=\"Eclesiastes.html\">Eclesiastes\/Qeholoth<\/a><br \/><br \/><strong>POSTERIORES<\/strong><br \/>35. <a href=\"Esdras.html\">Esdras\/Oz\u2019or <\/a><br \/>36. <a href=\"Neemias.html\">Neemias\/Naokhem\u2019yah<\/a> <br \/>37. <a href=\"1Cr\u00f4nicas.html\">1\u00baCr\u00f4nicas\/Toldoth Alef<\/a><br \/>38. <a href=\"2Cr\u00f4nicas.html\">2\u00ba Cr\u00f4nicas\/Toldoth Bet<\/a> <br \/>39. <a href=\"Ester.html\">Ester\/Had\u2019ssah<\/a><br \/><strong><br \/><\/strong><br \/><strong><br \/><\/strong><br \/><br \/><\/p><\/div><\/div><\/div><\/div><\/div><\/section><section class=\"mbr-section mbr-section--relative mbr-section--short-paddings\" id=\"msg-box2-y\" style=\"background-color: #ffffff;\"><div class=\"mbr-section__container mbr-section__container--isolated container\" style=\"padding-top: 40px; padding-bottom: 20px;\"><div class=\"row\"><div class=\"mbr-box mbr-box--fixed mbr-box--adapted\"><div class=\"mbr-box__magnet mbr-box__magnet--top-left mbr-section__left col-sm-8\"><div class=\"mbr-section__container\"><div class=\"mbr-header mbr-header--auto-align mbr-header--wysiwyg\"><h3 class=\"mbr-header__text\" id=\"mcetoc_1ecghc0793\">A RENOVADA ALIAN\u00c7A \u00a0[NT]<\/h3><\/div><\/div><\/div><div class=\"mbr-box__magnet mbr-box__magnet--top-left mbr-section__right col-sm-4\"><\/div><\/div><\/div><\/div><\/section><section class=\"mbr-section mbr-section--relative mbr-section--fixed-size\" id=\"content4-z\" style=\"background-color: #ffffff;\"><div class=\"mbr-section__container container mbr-section__container--std-top-padding\" style=\"padding-top: 31px;\"><div class=\"mbr-section__row row\"><div class=\"mbr-section__col col-xs-12 col-sm-4\"><div class=\"mbr-section__container mbr-section__container--last\" style=\"padding-bottom: 0px;\"><div class=\"mbr-article mbr-article--wysiwyg\"><p><strong>BOAS NOVAS<\/strong><br \/>01. <a href=\"Mateus.html\">Mateus\/Matt\u2019yaohuh<\/a><br \/>02. <a href=\"Marcos.html\">Marcos\/Marcus<\/a><br \/>03. <a href=\"Lucas.html\">Lucas\/Luka<\/a><br \/>04. <a href=\"Jo\u00e3o.html\">Jo\u00e3o\/Yao\u2019khanan<\/a><br \/><br \/><strong>HIST\u00d3RICO<\/strong><br \/>05. <a href=\"Atos.html\">Atos dos Ap\u00f3stolos\/Emiss\u00e1rios<\/a><br \/><br \/><strong>CARTAS<\/strong><br \/>06. <a href=\"Romanos.html\">Carta aos Romanos\/Lateinus<\/a><br \/>07. <a href=\"1Corintios.html\">1\u00aa Carta aos de Cor\u00edntios\/Alef Qorintyah<\/a><br \/><br \/><\/p><\/div><\/div><\/div><div class=\"mbr-section__col col-xs-12 col-sm-4\"><div class=\"mbr-section__container mbr-section__container--last\" style=\"padding-bottom: 0px;\"><div class=\"mbr-article mbr-article--wysiwyg\"><p>08. <a href=\"2Corintios.html\">2\u00aa Carta aos de Cor\u00edntios\/Bet Qorintyah<\/a><br \/>09. <a href=\"G\u00e1latas.html\">Carta aos G\u00e1latas\/Galutyah<\/a><br \/>10. <a href=\"Ef\u00e9sios.html\">Carta aos Ef\u00e9sios\/Efsiyah<\/a><br \/>11. <a href=\"Filipenses.html\">Carta aos Filipenses\/Fylypsiyah<\/a><br \/>12. <a href=\"Colossenses.html\">Carta aos Colossenses\/Kolesayah<\/a><br \/>13. <a href=\"1Tessalonicenses.html\">1\u00aa aos Tessalonicenses\/Alef Teslonikyah<\/a><br \/>14. <a href=\"2Tessalonicenses.html\">2\u00aa aos Tessalonicenses\/Bet Teslonikyah<\/a><br \/>15. <a href=\"1Tim\u00f3teo.html\">1\u00aa Carta a Tim\u00f3teo\/Yah\u2019tam Alef<\/a><br \/>16. <a href=\"2Tim\u00f3teo.html\">2\u00aa Carta a Tim\u00f3teo\/Yah\u2019tam Bet<\/a> <br \/>17. <a href=\"Tito.html\">Carta a Tito\/Teitus<\/a><\/p><\/div><\/div><\/div><div class=\"mbr-section__col col-xs-12 col-sm-4\"><div class=\"mbr-section__container mbr-section__container--last\" style=\"padding-bottom: 0px;\"><div class=\"mbr-article mbr-article--wysiwyg\"><p>18. <a href=\"Filemom.html\">Carta a Filemom\/Fileymom<\/a><br \/>19.\u00a0<a href=\"Hebreus.html\">Carta aos Hebreus\/Yaohu\u2019dins<\/a><br \/>20. <a href=\"Tiago.html\">Carta de Tiago\/Yah\u2019kof<\/a><br \/>21. <a href=\"1Pedro.html\">1\u00aa Carta de Pedro\/Kafos Alef<\/a><br \/>22. <a href=\"2Pedro.html\">2\u00aa Carta de Pedro\/Kafos Bet<\/a><br \/>23. <a href=\"1Jo\u00e3o.html\">1\u00aa Carta de Jo\u00e3o\/Yao\u2019khanan Alef<\/a> <br \/>24. <a href=\"2Jo\u00e3o.html\">2\u00aa Carta de Jo\u00e3o\/Yao\u2019khanan Bet<\/a><br \/>25. <a href=\"3Jo\u00e3o.html\">3\u00aa Carta de Jo\u00e3o\/Yao\u2019khanan Gimel<\/a><br \/>26. <a href=\"Judas.html\">Carta de Judas\/Yau\u2019dah<\/a><br \/><br \/><strong>PROF\u00c9TICO<\/strong><br \/>27. <a href=\"Apocalipse.html\">Apocalipse\/Gilyahna \u2013 Revela\u00e7\u00e3o<\/a><\/p><\/div><\/div><\/div><\/div><\/div><\/section><section class=\"mbr-section\" id=\"content1-11\"><div class=\"mbr-section__container container mbr-section__container--isolated\"><div class=\"row\"><div class=\"mbr-article mbr-article--wysiwyg col-sm-8 col-sm-offset-2\"><p><strong>NOTA<\/strong>: A presente edi\u00e7\u00e3o (EUC \u2013 Edi\u00e7\u00e3o Unitariana Corrigida by CYC \u2013 Congrega\u00e7\u00e3o Yaoshorul\u2019ita o Caminho) \u00e9 o resultado de um intenso trabalho de revis\u00e3o das Escrituras Sagradas vers\u00e3o Yaohushua (OHOL YAOHUSHUA \/ P.O. BOX 1482 &#8211; JERUSALEM, ISRAEL 91014 &#8211; https:\/\/iaurrushua.bravehost.com) onde tomamos como par\u00e2metros b\u00e1sicos eliminar todo e qualquer resqu\u00edcio das cren\u00e7as tri\u00fanas de seus autores que possam ter influenciado em sua composi\u00e7\u00e3o original&#8230; Tomamos tamb\u00e9m o cuidado de suprimir textos ap\u00f3crifos tais como o presente em Mt 28:19 e I Jo 5:7, 8; assim como o preconceito contra certas palavras (cruz, por exemplo). Tamb\u00e9m procuramos visualizar \u2013 desde a Cria\u00e7\u00e3o \u2013 a presen\u00e7a de Yaohushua hol\u2019Mehushkyah, uma vez que, segundo a ilumina\u00e7\u00e3o de Jo 1:3, 14 tudo tenha sido criado por Ele (a Palavra) mediante o poder de YAOHUH UL\u2019HIM (o Criador ETERNO). Oramos para que este trabalho de EDI\u00c7\u00c3O possa vir a ser-lhe \u00fatil na busca pela Verdade. Amnao!<\/p><\/div><\/div><\/div><\/section><section class=\"mbr-section mbr-section--relative mbr-section--fixed-size\" id=\"contacts3-18\" style=\"background-color: #000000;\"><div class=\"mbr-section__container container\"><div class=\"mbr-contacts mbr-contacts--wysiwyg row\" style=\"padding-top: 45px; padding-bottom: 45px;\"><div class=\"col-sm-8\"><div class=\"row\"><div class=\"col-sm-6\"><p class=\"mbr-contacts__text\"><strong>ENDERE\u00c7O<\/strong><br \/>Rua Cel Bento Pires, 1001 &#8211; Centro<br \/>18.275-040 &#8211; TATU\u00cd\/SP<br \/><br \/><strong>CONTATO<\/strong><br \/>E-mail: cyocaminho@gmail.com<br \/>Celular: (15)\u00a0<br \/>\u00a0 \u00a0 \u00a0 \u00a0 \u00a0 \u00a0 \u00a0 \u00a0 \u00a0 9 9781-0294 [VIVO]\u00a0 \u00a0 \u00a0 \u00a0 \u00a0<br \/>\u00a0<\/p><\/div><div class=\"col-sm-6\"><p class=\"mbr-contacts__text\"><strong>LINKS or PC<\/strong><\/p><p class=\"mbr-contacts__text\"><a href=\"https:\/\/www.cyocaminho.org\" target=\"_blank\" rel=\"noopener\">www.cyocaminho.org<\/a><strong><a href=\"http:\/\/www.cyocaminho.org.br\"><\/a><\/strong><\/p><p class=\"mbr-contacts__text\"><strong>&#8230;e conhecereis a Verdade e a Verdade vos libertar\u00e1 &#8211; Jo 8:32<\/strong><\/p><ul class=\"mbr-contacts__list\"><li><a href=\"https:\/\/esn.cyocaminho.org\" target=\"_blank\" rel=\"noopener\">CYC Editora<\/a><\/li><li>[ESN &#8211; Escrituras Sagradas segundo oNome]<\/li><li><a href=\"https:\/\/www.cyocaminho.org\/Teologia.html\" target=\"_blank\" rel=\"noopener\">FATCYC<\/a><a href=\"http:\/\/www.cyocaminho.org\/Teologia.html\"><\/a><\/li><li>[Faculdade de Teologia by CYC]<\/li><li><\/li><\/ul><p>\u00a9 oCaminho &#8211; 2005-2019d.Y \u00a0 \u00a0 \u00a0 \u00a0 \u00a0 \u00a0 \u00a0 \u00a0 \u00a0.<\/p><p>&nbsp;<\/p><\/div><\/div><\/div><div class=\"mbr-contacts__column col-sm-4\" data-form-type=\"formoid\"><div data-form-alert=\"true\"><div class=\"hide\" data-form-alert-success=\"true\">Shua&#8217;oleym! Em breve responderemos; acesse a sua caixa de e-mail&#8230; Rosh Yaosh Edisom<\/div><\/div><form action=\"https:\/\/mobirise.com\/\" method=\"post\" data-form-title=\"MESSAGE\"><input type=\"hidden\" value=\"uxk\/Gsw8DBTcjwQC+0Or0qTv51j2oz2OcJelbMzV+b6iyn6qb+3ct48SnRPDj13Gjj3cPFoY6pJvrenmn5ioQG4zsPAOOTNYgvu4WK8X+I+vHRv342BoWwj2ku6x+pVx\" data-form-email=\"true\" \/><div class=\"form-group\"><input type=\"text\" class=\"form-control input-sm input-inverse\" name=\"name\" required=\"\" placeholder=\"Name*\" data-form-field=\"Name\" \/><\/div><div class=\"form-group\"><input type=\"email\" class=\"form-control input-sm input-inverse\" name=\"email\" required=\"\" placeholder=\"*Um Email V\u00e1dido - leia Ef 4:25\" data-form-field=\"Email\" \/><\/div><div class=\"form-group\"><input type=\"tel\" class=\"form-control input-sm input-inverse\" name=\"phone\" placeholder=\"Cel (ZAP)\" data-form-field=\"Phone\" \/><\/div><div class=\"form-group\"><textarea class=\"form-control input-sm input-inverse\" name=\"message\" rows=\"4\" placeholder=\"Sua D\u00favida!\" data-form-field=\"Message\"><\/textarea><\/div><div class=\"mbr-buttons mbr-buttons--right btn-inverse\"><button type=\"submit\" class=\"mbr-buttons__btn btn btn-primary\"><span class=\"mbri-letter mbr-iconfont mbr-iconfont-btn\"><\/span>ENVIAR<\/button><\/div><\/form><\/div><\/div><\/div><\/section><p><script src=\"assets\/web\/assets\/jquery\/jquery.min.js\"><\/script> <script src=\"assets\/bootstrap\/js\/bootstrap.min.js\"><\/script> <script src=\"assets\/smooth-scroll\/smooth-scroll.js\"><\/script> <script src=\"assets\/jarallax\/jarallax.js\"><\/script><\/p><!-- [if lte IE 9]>\r\n    <script src=\"assets\/jquery-placeholder\/jquery.placeholder.min.js\"><\/script>\r\n  <![endif]--><p><script src=\"assets\/mobirise\/js\/script.js\"><\/script> <script src=\"assets\/formoid\/formoid.min.js\"><\/script><\/p><div style='text-align:left' class='yasr-auto-insert-overall'><\/div><div style='text-align:left' class='yasr-auto-insert-visitor'><\/div>","protected":false},"excerpt":{"rendered":"<p>&nbsp;&nbsp;&nbsp; ESN[VT][NT]EDITORACURSO B\u00cdBLICOCREMOSoNOMESite CreatorESN&nbsp;&nbsp;EDITORA by CYCESN &#8211; ESCRITURAS SAGRADAS SEGUNDO oNOMETANAKH [VT]TORAH (LEI)01. G\u00eanesis\/Bereshiyt 02. \u00caxodo\/Shuam\u00f3s03. Lev\u00edtico\/Viyaokr\u00f304. N\u00fameros\/Bamidvar05. Deuteron\u00f4mio\/DevarimANTERIORES06. Josu\u00e9\/Yao\u2019sh07. Ju\u00edzes\/Shoftim8. 1\u00ba Samuel\/Shamu\u2019ul Alef09. 2\u00ba Samuel\/Shamu\u2019ul Bet10. 1\u00ba Reis\/Molkh\u00edm Alef11. 2\u00ba Reis\/Molkh\u00edm BetPROFETAS12. Isa\u00edas\/Yashua\u2019yah13. Jeremias\/Yarmi\u2019yah14. Ezequiel\/Kozoq\u2019ul 15. Daniel\/Dayan\u2019ulOS DOZE16. Joel\/Yao\u2019ul 17. Jonas\/Yao\u2019nah18. Os\u00e9ias\/Hosh\u2019yah19. Am\u00f3s\/Am\u2019oz20. Miqu\u00e9ias\/Mik\u2019ha 21. Sofonias\/Zafna\u2019yah 22. Nahum\/Naok\u2019hem23. Habacuc\/Hab\u2019koak24. Obadias\/Awod\u2019yah25. Ageu\/Khag\u2019gai26. Zacarias\/Zochar\u2019yah27. Malaquias\/Molaokh\u00edESCRITOS28. J\u00f3\/Yah\u2019ov29. [&hellip;]<\/p>\n","protected":false},"author":1,"featured_media":0,"parent":0,"menu_order":0,"comment_status":"closed","ping_status":"closed","template":"","meta":{"yasr_overall_rating":0,"yasr_post_is_review":"","yasr_auto_insert_disabled":"","yasr_review_type":"","footnotes":""},"class_list":["post-2295","page","type-page","status-publish","hentry"],"yasr_visitor_votes":{"stars_attributes":{"read_only":false,"span_bottom":false},"number_of_votes":0,"sum_votes":0},"_links":{"self":[{"href":"https:\/\/overboyaohushua.com\/index.php\/wp-json\/wp\/v2\/pages\/2295","targetHints":{"allow":["GET"]}}],"collection":[{"href":"https:\/\/overboyaohushua.com\/index.php\/wp-json\/wp\/v2\/pages"}],"about":[{"href":"https:\/\/overboyaohushua.com\/index.php\/wp-json\/wp\/v2\/types\/page"}],"author":[{"embeddable":true,"href":"https:\/\/overboyaohushua.com\/index.php\/wp-json\/wp\/v2\/users\/1"}],"replies":[{"embeddable":true,"href":"https:\/\/overboyaohushua.com\/index.php\/wp-json\/wp\/v2\/comments?post=2295"}],"version-history":[{"count":3,"href":"https:\/\/overboyaohushua.com\/index.php\/wp-json\/wp\/v2\/pages\/2295\/revisions"}],"predecessor-version":[{"id":3632,"href":"https:\/\/overboyaohushua.com\/index.php\/wp-json\/wp\/v2\/pages\/2295\/revisions\/3632"}],"wp:attachment":[{"href":"https:\/\/overboyaohushua.com\/index.php\/wp-json\/wp\/v2\/media?parent=2295"}],"curies":[{"name":"wp","href":"https:\/\/api.w.org\/{rel}","templated":true}]}}