{"id":2369,"date":"2020-10-24T19:26:57","date_gmt":"2020-10-24T17:26:57","guid":{"rendered":"https:\/\/overboyaohushua.com\/?page_id=2369"},"modified":"2020-10-24T19:26:57","modified_gmt":"2020-10-24T17:26:57","slug":"mortes","status":"publish","type":"page","link":"https:\/\/overboyaohushua.com\/index.php\/mortes\/","title":{"rendered":"Estat\u00edstica Mundial"},"content":{"rendered":"\r\n<div class=\"wp-block-image\">\r\n<figure class=\"aligncenter\"><img decoding=\"async\" src=\"http:\/\/wp.cyocaminho.org\/wp-content\/uploads\/2019\/02\/CYCLog-1024x83.png\" alt=\"\" class=\"wp-image-25\" \/>\r\n<figcaption><a href=\"https:\/\/www.cyocaminho.org\">www.cyocaminho.org<\/a><\/figcaption>\r\n<\/figure>\r\n<\/div>\r\n\r\n<h1 id=\"mcetoc_1eldq2pui0\" style=\"text-align: center;\"><span style=\"font-size: 24px;\">Nove doen\u00e7as que mais matam no mundo<\/span><\/h1>\r\n<figure id=\"attachment_2370\" aria-describedby=\"caption-attachment-2370\" style=\"width: 1500px\" class=\"wp-caption aligncenter\"><img loading=\"lazy\" decoding=\"async\" src=\"https:\/\/overboyaohushua.com\/wp-content\/uploads\/2020\/10\/mort.jpg\" alt=\"\" width=\"1500\" height=\"1000\" class=\"wp-image-2370 size-full\" srcset=\"https:\/\/overboyaohushua.com\/wp-content\/uploads\/2020\/10\/mort.jpg 1500w, https:\/\/overboyaohushua.com\/wp-content\/uploads\/2020\/10\/mort-300x200.jpg 300w, https:\/\/overboyaohushua.com\/wp-content\/uploads\/2020\/10\/mort-768x512.jpg 768w, https:\/\/overboyaohushua.com\/wp-content\/uploads\/2020\/10\/mort-1024x683.jpg 1024w, https:\/\/overboyaohushua.com\/wp-content\/uploads\/2020\/10\/mort-600x400.jpg 600w\" sizes=\"auto, (max-width: 1500px) 100vw, 1500px\" \/><figcaption id=\"caption-attachment-2370\" class=\"wp-caption-text\">\u00a0<\/figcaption><\/figure>\r\n<p><span style=\"font-size: 16px;\">Mais de <strong>50 milh\u00f5es de pessoas morrem anualmente no planeta<\/strong> \u2013 n\u00famero maior que a popula\u00e7\u00e3o inteira do estado de S\u00e3o Paulo. Fazer esta conta pode parecer algo um tanto m\u00f3rbido [e os jornais das TVs e impressas tendenciosas n\u00e3o o s\u00e3o?] mas, segundo a<strong> Organiza\u00e7\u00e3o Mundial de Sa\u00fade<\/strong>, saber quantas pessoas morrem a cada ano e a causa destas fatalidades \u00e9 fundamental para identificar problemas e implementar pol\u00edticas p\u00fablicas de sa\u00fade eficazes.<\/span><\/p>\r\n<blockquote>\r\n<p><span style=\"font-size: 16px;\">Confira, a seguir, as <strong>9 doen\u00e7as que mais matam no mundo, anualmente<\/strong><strong>; <\/strong>tendo em conta que esta \u201cpandemia\u201d que PAROU o mundo (mostrando que foi, \u00e9 e est\u00e1 sendo usada politicamente pelos comunistas travestidos de democratas), at\u00e9 o presente momento, matou 1,1 milh\u00e3o de pessoas. E, a despeito do n\u00famero di\u00e1rio estar caindo sensivelmente a OMS insiste em 2 milh\u00f5es de mortos at\u00e9 o fim desta \u201cpandemia fabricada\u201d!<\/span><\/p>\r\n<\/blockquote>\r\n<p><span style=\"font-size: 16px;\"><strong>\u00a0<\/strong><\/span><\/p>\r\n<ol>\r\n<li><span style=\"font-size: 16px;\"><strong> Cardiopatia isqu\u00eamica<\/strong><\/span><\/li>\r\n<\/ol>\r\n<p><span style=\"font-size: 16px;\"><strong>N\u00famero de mortes<\/strong>: <strong>7,25 milh\u00f5es<\/strong> (<strong>7<\/strong> <strong>vezes mais<\/strong> que o COVID-19)<\/span><\/p>\r\n<p><span style=\"font-size: 16px;\">Uma doen\u00e7a, normalmente causada por uma aterosclerose coronariana, em que se verifica isquemia do mioc\u00e1rdio. N\u00e3o entendeu nada? Calma, eu explico. A cardiopatia isqu\u00eamica acontece quando alguma coisa atrapalha a irriga\u00e7\u00e3o do cora\u00e7\u00e3o (que, al\u00e9m de bombear sangue para o resto do corpo, tamb\u00e9m \u00e9 movido a sangue!). Isso acontece quando placas de gordura, colesterol, c\u00e1lcio ou col\u00e1geno se acumulam nas art\u00e9rias, dificultam a circula\u00e7\u00e3o do sangue e atrapalham o ritmo do m\u00fasculo mais importante do seu corpo. Quando o cora\u00e7\u00e3o para, suas c\u00e9lulas come\u00e7am logo a morrer&#8230; O risco da doen\u00e7a aumenta com a idade, mas tamb\u00e9m pode ser agravada por tabagismo, consumo de carne vermelha, diabetes e hipertens\u00e3o arterial.<\/span><\/p>\r\n<p><span style=\"font-size: 16px;\"><strong>\u00a0<\/strong><\/span><\/p>\r\n<ol start=\"2\">\r\n<li><span style=\"font-size: 16px;\"><strong> Derrame e outras doen\u00e7as vasculares cerebrais<\/strong><\/span><\/li>\r\n<\/ol>\r\n<p><span style=\"font-size: 16px;\"><strong>N\u00famero de mortes:<\/strong> <strong>6,15 milh\u00f5es<\/strong> (<strong>6<\/strong> <strong>vezes mais<\/strong> que o COVID-19<\/span><\/p>\r\n<p><span style=\"font-size: 16px;\">O derrame \u2013 nome popular do acidente vascular cerebral (<strong>AVC<\/strong>) ou acidente vascular encef\u00e1lico (AVE) \u2013 \u00e9 provocado pelo entupimento ou rompimento de vasos sangu\u00edneos cerebrais. Idade avan\u00e7ada, hipertens\u00e3o arterial (press\u00e3o alta), colesterol elevado, tabagismo e diabetes s\u00e3o alguns dos principais fatores de risco. Fique atento aos sintomas: quanto mais r\u00e1pido o atendimento, maiores as chances de sobreviv\u00eancia.<\/span><\/p>\r\n<p><span style=\"font-size: 16px;\"><strong>\u00a0<\/strong><\/span><\/p>\r\n<ol start=\"3\">\r\n<li><span style=\"font-size: 16px;\"><strong> Doen\u00e7as inflamat\u00f3rias do trato respirat\u00f3rio inferior<\/strong><\/span><\/li>\r\n<\/ol>\r\n<p><span style=\"font-size: 16px;\"><strong>N\u00famero de mortes:<\/strong> <strong>3,46 milh\u00f5es<\/strong> (<strong>3,5<\/strong> <strong>vezes mais<\/strong> que o COVID-19<\/span><\/p>\r\n<p><span style=\"font-size: 16px;\">Traqueia, pulm\u00f5es, br\u00f4nquios, bronqu\u00edolos e alv\u00e9olos pulmonares comp\u00f5em as vias a\u00e9reas inferiores, parte do aparelho respirat\u00f3rio tamb\u00e9m chamada de trato respirat\u00f3rio inferior. Infec\u00e7\u00f5es nessa regi\u00e3o geralmente s\u00e3o causadas pelo mal funcionamento dos c\u00edlios que revestem a traqueia \u2013 \u00e9 gra\u00e7as ao movimento deles que a sujeira que inalamos ao respirar \u00e9 varrida para fora atrav\u00e9s da tosse. A pneumonia, doen\u00e7a inflamat\u00f3ria no pulm\u00e3o, tamb\u00e9m se enquadra nesta \u201cdoen\u00e7a mortal\u201d.<\/span><\/p>\r\n<p><span style=\"font-size: 16px;\"><strong>\u00a0<\/strong><\/span><\/p>\r\n<ol start=\"4\">\r\n<li><span style=\"font-size: 16px;\"><strong> Doen\u00e7as pulmonares obstrutivas cr\u00f4nicas<\/strong><\/span><\/li>\r\n<\/ol>\r\n<p><span style=\"font-size: 16px;\"><strong>N\u00famero de mortes<\/strong>: <strong>3,28 milh\u00f5es<\/strong> (<strong>3<\/strong> <strong>vezes mais<\/strong> que o COVID-19<\/span><\/p>\r\n<p><span style=\"font-size: 16px;\">Falta de ar, fadiga muscular, insufici\u00eancia respirat\u00f3ria. Estes s\u00e3o alguns dos sintomas das Doen\u00e7as Pulmonares Obstrutivas Cr\u00f4nicas (DPOC), que incluem a enfisema e a bronquite cr\u00f4nica. Geralmente provocadas por tabagismo, exposi\u00e7\u00e3o passiva ao fumo, exposi\u00e7\u00e3o \u00e0 poeira, polui\u00e7\u00e3o ambiental ou fatores gen\u00e9ticos, as DPOC destroem os alv\u00e9olos e comprometem o funcionamento do pulm\u00e3o. Est\u00e1 na hora de rever a qualidade do ar que voc\u00ea respira.<\/span><\/p>\r\n<p><span style=\"font-size: 16px;\"><strong>\u00a0<\/strong><\/span><\/p>\r\n<ol start=\"5\">\r\n<li><span style=\"font-size: 16px;\"><strong> Diarreia<\/strong><\/span><\/li>\r\n<\/ol>\r\n<p><span style=\"font-size: 16px;\"><strong>N\u00famero de mortes:<\/strong> <strong>2,46 milh\u00f5es<\/strong> (<strong>2,5<\/strong> <strong>vezes mais<\/strong> que o COVID-19)<\/span><\/p>\r\n<p><span style=\"font-size: 16px;\">Uma \u201csimples\u201d diarreia pode ser mortal. Podendo ser causada por doen\u00e7as inflamat\u00f3rias intestinais, efeitos colaterais ao uso de medicamentos, infec\u00e7\u00f5es (por v\u00edrus, bact\u00e9rias ou parasitas) e alergias, a diarreia leva \u00e0 perda de grandes quantidades de \u00e1gua e sais minerais, o que pode desencadear quadros de desidrata\u00e7\u00e3o grave.<\/span><\/p>\r\n<p><span style=\"font-size: 16px;\"><strong>\u00a0<\/strong><\/span><\/p>\r\n<ol start=\"6\">\r\n<li><span style=\"font-size: 16px;\"><strong> HIV\/AIDS<\/strong><\/span><\/li>\r\n<\/ol>\r\n<p><span style=\"font-size: 16px;\"><strong>N\u00famero de mortes:<\/strong> 1,78 milh\u00f5es (<strong>2<\/strong> <strong>vezes mais<\/strong> que o COVID-19)<\/span><\/p>\r\n<p><span style=\"font-size: 16px;\">Respons\u00e1vel por tirar mais de 25 milh\u00f5es de vidas ao longo das \u00faltimas tr\u00eas d\u00e9cadas, a doen\u00e7a continua a ser uma grande preocupa\u00e7\u00e3o global. O V\u00edrus da Imunodefici\u00eancia Humana (HIV) atinge o sistema imunol\u00f3gico e enfraquece a defesa contra infec\u00e7\u00f5es e alguns tipos de c\u00e2ncer. \u00c0 medida que o v\u00edrus destr\u00f3i e prejudica a fun\u00e7\u00e3o de c\u00e9lulas do sistema imunol\u00f3gico, os indiv\u00edduos infectados tornam-se gradualmente incapazes de combater infec\u00e7\u00f5es. O est\u00e1gio mais avan\u00e7ado da infec\u00e7\u00e3o pelo HIV \u00e9 a S\u00edndrome da Imunodefici\u00eancia Adquirida, a AIDS, que pode levar entre 2 a 15 anos para se desenvolver, dependendo do indiv\u00edduo. Apesar de ainda n\u00e3o ter cura, o tratamento com medicamentos anti-retrovirais consegue controlar o v\u00edrus.<\/span><\/p>\r\n<p><span style=\"font-size: 16px;\"><strong>\u00a0<\/strong><\/span><\/p>\r\n<ol start=\"7\">\r\n<li><span style=\"font-size: 16px;\"><strong> C\u00e2ncer de pulm\u00e3o, traqueia e br\u00f4nquios<\/strong><\/span><\/li>\r\n<\/ol>\r\n<p><span style=\"font-size: 16px;\"><strong>N\u00famero de mortes:<\/strong> 1,39 milh\u00f5es (<strong>1,4<\/strong> <strong>vezes mais<\/strong> que o COVID-19)<\/span><\/p>\r\n<p><span style=\"font-size: 16px;\">O cigarro ataca novamente: a causa mais comum deste tipo de c\u00e2ncer \u00e9 a exposi\u00e7\u00e3o prolongada \u00e0 fuma\u00e7a do cigarro. Um dos motivos de ser t\u00e3o mortal \u00e9 provavelmente seu dif\u00edcil diagn\u00f3stico \u2013 o c\u00e2ncer no pulm\u00e3o, o mais comum no Brasil, costuma ser descoberto em est\u00e1gios avan\u00e7ados, o que faz o \u00edndice de mortalidade chegar a 86%.<\/span><\/p>\r\n<p><span style=\"font-size: 16px;\"><strong>\u00a0<\/strong><\/span><\/p>\r\n<ol start=\"8\">\r\n<li><span style=\"font-size: 16px;\"><strong> Tuberculose<\/strong><\/span><\/li>\r\n<\/ol>\r\n<p><span style=\"font-size: 16px;\"><strong>N\u00famero de mortes:<\/strong> 1,34 milh\u00f5es (<strong>1,3<\/strong> <strong>vezes mais<\/strong> que o COVID-19)<\/span><\/p>\r\n<p><span style=\"font-size: 16px;\">Causada pelo <em>Mycobacterium tuberculosis<\/em> (ou bacilo-de-koch), a tuberculose \u00e9 uma das mais antigas doen\u00e7as documentadas pela humanidade, e foi respons\u00e1vel por uma grande epidemia que matou 1 bilh\u00e3o de pessoas entre 1850 e 1950. Altamente contagiosa e transmitida de pessoa para pessoa atrav\u00e9s das vias respirat\u00f3rias, a \u201cpeste cinzenta\u201d pode ser tratada atrav\u00e9s do uso de antibi\u00f3ticos, que curam o paciente em at\u00e9 seis meses. Apesar disso, a tuberculose continua sendo uma das doen\u00e7as que mais causa mortes no mundo.<\/span><\/p>\r\n<p><span style=\"font-size: 16px;\"><strong>\u00a0<\/strong><\/span><\/p>\r\n<ol start=\"9\">\r\n<li><span style=\"font-size: 16px;\"><strong> Diabetes mellitus<\/strong><\/span><\/li>\r\n<\/ol>\r\n<p><span style=\"font-size: 16px;\"><strong>N\u00famero de mortes:<\/strong> 1,26 milh\u00f5es (<strong>1,2<\/strong> <strong>vezes mais<\/strong> que o COVID-19)<\/span><\/p>\r\n<p><span style=\"font-size: 16px;\">A glicose \u00e9 uma importante fonte de energia para o organismo. Em excesso, no entanto, pode causar uma s\u00e9rie de complica\u00e7\u00f5es \u2013 incluindo ataques card\u00edacos, derrames cerebrais, cegueira, hipertens\u00e3o arterial e insufici\u00eancia renal, como aponta a American Diabetes Association. Por isso \u00e9 t\u00e3o importante seguir um tratamento regular para a diabetes, doen\u00e7a que provoca o aumento anormal do a\u00e7\u00facar no sangue.<\/span><\/p>\r\n<p><span style=\"font-size: 16px;\"><strong>\u00a0<\/strong><\/span><\/p>\r\n<p><span style=\"font-size: 16px;\"><strong>B\u00f4nus:<\/strong><\/span><\/p>\r\n<p><span style=\"font-size: 16px;\">Os acidentes rodovi\u00e1rios ocupam o d\u00e9cimo lugar no ranking das principais causas de morte no mundo. Anualmente, s\u00e3o registradas cerca de <strong>1,21 milh\u00f5es de mortes no tr\u00e2nsito<\/strong>, o que representa 2,1% do total de falecimentos. Al\u00e9m disso, a cada ano, cerca de 50 milh\u00f5es de pessoas sofrem acidentes n\u00e3o-fatais nas estradas&#8230;<\/span><\/p>\r\n<p><span style=\"font-size: 16px;\">PORTANTO, milhares de mortos pelas causas acima, formam contabilizadas pelos governadores irrespons\u00e1veis (quanto pior, melhor para se derrubar o governo federal) como sendo COVID-19&#8230; Informe-se e fuja destes telejornais de funer\u00e1rias! Amnao&#8230;<\/span><\/p>\r\n<p>&nbsp;<\/p>\r\n<p style=\"text-align: center;\"><b><span style=\"color: #808080; font-family: Verdana;\"> <a href=\"http:\/\/overboyaohushua.com\/index.php\/principal-6\/\"><span style=\"color: #808080;\"> <marquee>Seja um Rosh (l\u00edder Congregacional); fa\u00e7a o CTA: Curso de Teologia Aplicada &#8211; CLIC!<\/marquee><\/span><\/a><\/span><\/b><\/p>\r\n\r\n<p><strong><span style=\"font-size: 16px;\"><a href=\"https:\/\/overboyaohushua.com\/wp-content\/uploads\/2020\/10\/Nove-doen\u00e7as-que-mais-matam-no-mundo.pdf\"><img loading=\"lazy\" decoding=\"async\" src=\"https:\/\/overboyaohushua.com\/wp-content\/uploads\/2020\/03\/PDF-Download-150x150.jpg\" alt=\"\" width=\"65\" height=\"65\" class=\"alignleft wp-image-1972 \" srcset=\"https:\/\/overboyaohushua.com\/wp-content\/uploads\/2020\/03\/PDF-Download-150x150.jpg 150w, https:\/\/overboyaohushua.com\/wp-content\/uploads\/2020\/03\/PDF-Download-300x300.jpg 300w, https:\/\/overboyaohushua.com\/wp-content\/uploads\/2020\/03\/PDF-Download-100x100.jpg 100w, https:\/\/overboyaohushua.com\/wp-content\/uploads\/2020\/03\/PDF-Download.jpg 346w\" sizes=\"auto, (max-width: 65px) 100vw, 65px\" \/><\/a>SE DESEJAR, CLIC NESTA IMAGEM PARA BAIXAR ESTE ESTUDO EM SEU CELULAR&#8230;<\/span><\/strong><\/p>\r\n<p><strong>D\u00favidas:<\/strong><\/p>\r\n\r\n\r\n\t\t\t<link rel=\"stylesheet\" property=\"stylesheet\" href=\"https:\/\/overboyaohushua.com\/wp-content\/plugins\/happyforms\/bundles\/css\/frontend.css\" \/>\n\t\t\t\t<!-- HappyForms CSS variables -->\n\t<style>\n\t#happyforms-54 {\n\t\t--happyforms-part-title-font-size: 16px;\n--happyforms-part-description-font-size: 14px;\n--happyforms-part-value-font-size: 16px;\n--happyforms-submit-button-font-size: 18px;\n--happyforms-color-primary: #000000;\n--happyforms-color-success-notice: #ebf9f0;\n--happyforms-color-success-notice-text: #1eb452;\n--happyforms-color-error: #ff7550;\n--happyforms-color-error-notice: #ffeeea;\n--happyforms-color-error-notice-text: #f23000;\n--happyforms-color-part-title: #000000;\n--happyforms-color-part-value: #000000;\n--happyforms-color-part-placeholder: #888888;\n--happyforms-color-part-description: #454545;\n--happyforms-color-part-border: #dbdbdb;\n--happyforms-color-part-border-focus: #407fff;\n--happyforms-color-part-background: #ffffff;\n--happyforms-color-part-background-focus: #ffffff;\n--happyforms-color-submit-background: #407fff;\n--happyforms-color-submit-background-hover: #3567cc;\n--happyforms-color-submit-border: transparent;\n--happyforms-color-submit-text: #ffffff;\n--happyforms-color-submit-text-hover: #ffffff;\n--happyforms-color-table-row-odd: #fcfcfc;\n--happyforms-color-table-row-even: #efefef;\n--happyforms-color-table-row-odd-text: #000000;\n--happyforms-color-table-row-even-text: #000000;\n--happyforms-color-dropdown-item-bg: #ffffff;\n--happyforms-color-dropdown-item-text: #000000;\n--happyforms-color-dropdown-item-bg-hover: #dbdbdb;\n--happyforms-color-dropdown-item-text-hover: #000000;\n--happyforms-color-divider-hr: #cccccc;\n--happyforms-color-choice-checkmark-bg: #ffffff;\n--happyforms-color-choice-checkmark-bg-focus: #000000;\n--happyforms-color-choice-checkmark-color: #ffffff;\n\t}\n\t<\/style>\n\t<!-- End of HappyForms CSS variables -->\n\t\t<!-- HappyForms Additional CSS -->\n\t<style data-happyforms-additional-css>\n\t\t<\/style>\n\t<!-- End of HappyForms Additional CSS -->\n\t\t\t<link rel=\"stylesheet\" type=\"text\/css\" href=\"https:\/\/overboyaohushua.com\/wp-content\/plugins\/happyforms\/core\/assets\/css\/no-interaction.css\">\n\t\t<div class=\"happyforms-form happyforms-styles\" id=\"happyforms-54\">\n\t\t\n\t<form action=\"\" id=\"happyforms-form-54\" method=\"post\" novalidate=\"true\" autocomplete=\"off\">\n\t\t\t\t<input type=\"hidden\" name=\"happyforms_random_seed\" value=\"1020573620\" \/>\n\t\t\n\t\t\t<input type=\"hidden\" name=\"action\" value=\"happyforms_message\">\n\t\t\t\t<input type=\"hidden\" name=\"client_referer\" value=\"\">\n\t\t\t\t<input type=\"hidden\" name=\"current_post_id\" value=\"\">\n\t\t\t\t<input type=\"hidden\" name=\"happyforms_form_id\" value=\"54\" \/>\n\t\t\t\t<input type=\"hidden\" name=\"happyforms_step\" value=\"0\" \/>\n\t\n\t\t<div class=\"happyforms-flex\">\n\t\t\t\t<input type=\"text\" name=\"54-single_line_text\" style=\"position:absolute;left:-5000px;\" tabindex=\"-1\" autocomplete=\"off\" aria-hidden=\"true\"> <span class=\"screen-reader-text\">Leave this field blank<\/span>\n\t\t\t\t\t\t\t\t\t\t<div class=\"happyforms-form__part happyforms-part happyforms-part--single_line_text happyforms-part--width-full happyforms-part--label-above\" id=\"happyforms-54_single_line_text_1-part\" data-happyforms-type=\"single_line_text\" data-happyforms-id=\"single_line_text_1\" data-happyforms-required=\"\">\n\t<div class=\"happyforms-part-wrap\">\n\t\t\n\t\t\t\t\t\t<div class=\"happyforms-part__label-container\">\n\t\t\t\t<label for=\"happyforms-54_single_line_text_1\" class=\"happyforms-part__label\">\n\t\t\t<span class=\"label\">Nome<\/span>\n\t\t\t\t\t\t\t\t\t\t<span class=\"happyforms-required\"><\/span>\n\t\t\t\t\t\t\t\t\t\t<span class=\"happyforms-optional\">(optional)<\/span>\n\t\t\t\t\t<\/label>\n\t\t\t<\/div>\n\t\t\t\n\t\t\n\t\t<div class=\"happyforms-part__el\">\n\t\t\t\n\t\t\t\n\t\t\t<div class=\"happyforms-input\">\n\t\t\t\t\n\t\t\t\t<input id=\"happyforms-54_single_line_text_1\" type=\"text\" name=\"54_single_line_text_1\" value=\"\" placeholder=\"\" autocomplete=\"off\" spellcheck=\"false\"  autocorrect=\"off\" \/>\n\t\t\t\t\t\t\t<\/div>\n\n\t\t\t\n\t\t\t\n\t\t\t\t\t<\/div>\n\t<\/div>\n<\/div>\n<div class=\"happyforms-part--with-autocomplete happyforms-form__part happyforms-part happyforms-part--email happyforms-part--width-full happyforms-part--label-above\" id=\"happyforms-54_email_7-part\" data-happyforms-type=\"email\" data-happyforms-id=\"email_7\" data-happyforms-required=\"\">\n\t\t<div class=\"happyforms-part-wrap\">\n\t\t\t\t\t\t<div class=\"happyforms-part__label-container\">\n\t\t\t\t<label for=\"happyforms-54_email_7\" class=\"happyforms-part__label\">\n\t\t\t<span class=\"label\">Email<\/span>\n\t\t\t\t\t\t\t\t\t\t<span class=\"happyforms-required\"><\/span>\n\t\t\t\t\t\t\t\t\t\t<span class=\"happyforms-optional\">(optional)<\/span>\n\t\t\t\t\t<\/label>\n\t\t\t<\/div>\n\t\t\t\n\t\t\n\t\t<div class=\"happyforms-part__el\">\n\t\t\t\n\t\t\t\n\t\t\t<div class=\"happyforms-input\">\n\t\t\t\t<input type=\"email\" name=\"54_email_7\" id=\"happyforms-54_email_7\" value=\"\" placeholder=\"\" autocomplete=\"off\" spellcheck=\"false\"  autocorrect=\"off\" \/>\n\t\t\t\t\t\t\t<\/div>\n\n\t\t\t\n\t\t\t\n\t\t\t\t\t<\/div>\n\t<\/div>\n<\/div>\n<div class=\"happyforms-form__part happyforms-part happyforms-part--single_line_text happyforms-part--width-full happyforms-part--label-above\" id=\"happyforms-54_single_line_text_2-part\" data-happyforms-type=\"single_line_text\" data-happyforms-id=\"single_line_text_2\" data-happyforms-required=\"\">\n\t<div class=\"happyforms-part-wrap\">\n\t\t\n\t\t\t\t\t\t<div class=\"happyforms-part__label-container\">\n\t\t\t\t<label for=\"happyforms-54_single_line_text_2\" class=\"happyforms-part__label\">\n\t\t\t<span class=\"label\">Cidade+ Estado<\/span>\n\t\t\t\t\t\t\t\t\t\t<span class=\"happyforms-required\"><\/span>\n\t\t\t\t\t\t\t\t\t\t<span class=\"happyforms-optional\">(optional)<\/span>\n\t\t\t\t\t<\/label>\n\t\t\t<\/div>\n\t\t\t\n\t\t\n\t\t<div class=\"happyforms-part__el\">\n\t\t\t\n\t\t\t\n\t\t\t<div class=\"happyforms-input\">\n\t\t\t\t\n\t\t\t\t<input id=\"happyforms-54_single_line_text_2\" type=\"text\" name=\"54_single_line_text_2\" value=\"\" placeholder=\"\" autocomplete=\"off\" spellcheck=\"false\"  autocorrect=\"off\" \/>\n\t\t\t\t\t\t\t<\/div>\n\n\t\t\t\n\t\t\t\n\t\t\t\t\t<\/div>\n\t<\/div>\n<\/div>\n<div class=\"happyforms-form__part happyforms-part happyforms-part--multi_line_text happyforms-part--width-full happyforms-part--label-above\" id=\"happyforms-54_multi_line_text_6-part\" data-happyforms-type=\"multi_line_text\" data-happyforms-id=\"multi_line_text_6\" data-happyforms-required=\"\">\n\t<div class=\"happyforms-part-wrap\">\n\t\t\t\t\t\t<div class=\"happyforms-part__label-container\">\n\t\t\t\t<label for=\"happyforms-54_multi_line_text_6\" class=\"happyforms-part__label\">\n\t\t\t<span class=\"label\">Mensagem<\/span>\n\t\t\t\t\t\t\t\t\t\t<span class=\"happyforms-required\"><\/span>\n\t\t\t\t\t\t\t\t\t\t<span class=\"happyforms-optional\">(optional)<\/span>\n\t\t\t\t\t<\/label>\n\t\t\t<\/div>\n\t\t\t\n\t\t\n\t\t<div class=\"happyforms-part__el\">\n\t\t\t\n\t\t\t\t\t\t<textarea id=\"happyforms-54_multi_line_text_6\" name=\"54_multi_line_text_6\" rows=\"5\" placeholder=\"\" autocomplete=\"off\" spellcheck=\"false\" autocorrect=\"off\" ><\/textarea>\n\t\t\t\n\t\t\t\n\t\t\t\t\t<\/div>\n\t<\/div>\n<\/div>\n\t\t\t\t\t\t<div class=\"happyforms-form__part happyforms-part happyforms-part--submit\">\n\t\t<button type=\"submit\" class=\"happyforms-submit happyforms-button--submit \">ENVIAR<\/button>\n\t<\/div>\t\t<\/div>\n\n\t\t\t<\/form>\n\n\t<\/div>\n\n<div style='text-align:left' class='yasr-auto-insert-overall'><\/div><div style='text-align:left' class='yasr-auto-insert-visitor'><\/div>","protected":false},"excerpt":{"rendered":"<p>Nove doen\u00e7as que mais matam no mundo Mais de 50 milh\u00f5es de pessoas morrem anualmente no planeta \u2013 n\u00famero maior que a popula\u00e7\u00e3o inteira do estado de S\u00e3o Paulo. Fazer esta conta pode parecer algo um tanto m\u00f3rbido [e os jornais das TVs e impressas tendenciosas n\u00e3o o s\u00e3o?] mas, segundo a Organiza\u00e7\u00e3o Mundial de [&hellip;]<\/p>\n","protected":false},"author":1,"featured_media":0,"parent":0,"menu_order":0,"comment_status":"closed","ping_status":"closed","template":"","meta":{"yasr_overall_rating":0,"yasr_post_is_review":"","yasr_auto_insert_disabled":"","yasr_review_type":"","footnotes":""},"class_list":["post-2369","page","type-page","status-publish","hentry"],"yasr_visitor_votes":{"stars_attributes":{"read_only":false,"span_bottom":false},"number_of_votes":0,"sum_votes":0},"_links":{"self":[{"href":"https:\/\/overboyaohushua.com\/index.php\/wp-json\/wp\/v2\/pages\/2369","targetHints":{"allow":["GET"]}}],"collection":[{"href":"https:\/\/overboyaohushua.com\/index.php\/wp-json\/wp\/v2\/pages"}],"about":[{"href":"https:\/\/overboyaohushua.com\/index.php\/wp-json\/wp\/v2\/types\/page"}],"author":[{"embeddable":true,"href":"https:\/\/overboyaohushua.com\/index.php\/wp-json\/wp\/v2\/users\/1"}],"replies":[{"embeddable":true,"href":"https:\/\/overboyaohushua.com\/index.php\/wp-json\/wp\/v2\/comments?post=2369"}],"version-history":[{"count":1,"href":"https:\/\/overboyaohushua.com\/index.php\/wp-json\/wp\/v2\/pages\/2369\/revisions"}],"predecessor-version":[{"id":2372,"href":"https:\/\/overboyaohushua.com\/index.php\/wp-json\/wp\/v2\/pages\/2369\/revisions\/2372"}],"wp:attachment":[{"href":"https:\/\/overboyaohushua.com\/index.php\/wp-json\/wp\/v2\/media?parent=2369"}],"curies":[{"name":"wp","href":"https:\/\/api.w.org\/{rel}","templated":true}]}}