{"id":2495,"date":"2021-01-12T00:24:43","date_gmt":"2021-01-11T22:24:43","guid":{"rendered":"https:\/\/overboyaohushua.com\/?page_id=2495"},"modified":"2021-01-13T15:13:07","modified_gmt":"2021-01-13T13:13:07","slug":"coaching-evangelico","status":"publish","type":"page","link":"https:\/\/overboyaohushua.com\/index.php\/coaching-evangelico\/","title":{"rendered":"Coaching Evang\u00e9lico"},"content":{"rendered":"\r\n<div class=\"wp-block-image\">\r\n<figure class=\"aligncenter\"><img decoding=\"async\" src=\"http:\/\/wp.cyocaminho.org\/wp-content\/uploads\/2019\/02\/CYCLog-1024x83.png\" alt=\"\" class=\"wp-image-25\" \/>\r\n<figcaption><a href=\"https:\/\/www.cyocaminho.org\">www.cyocaminho.org<\/a><\/figcaption>\r\n<\/figure>\r\n<\/div>\r\n\r\n<p style=\"text-align: center;\"><strong style=\"text-align: center;\"><span style=\"font-size: 20px;\">COACH: Despertando o L\u00edder, em voc\u00ea!<\/span><\/strong><\/p>\r\n<p style=\"text-align: center;\"><\/p>\r\n<p style=\"text-align: center;\"><img loading=\"lazy\" decoding=\"async\" src=\"https:\/\/overboyaohushua.com\/wp-content\/uploads\/2021\/01\/dedosToque.png\" alt=\"\" width=\"628\" height=\"284\" class=\"alignnone wp-image-2582 size-full\" srcset=\"https:\/\/overboyaohushua.com\/wp-content\/uploads\/2021\/01\/dedosToque.png 628w, https:\/\/overboyaohushua.com\/wp-content\/uploads\/2021\/01\/dedosToque-300x136.png 300w, https:\/\/overboyaohushua.com\/wp-content\/uploads\/2021\/01\/dedosToque-600x271.png 600w\" sizes=\"auto, (max-width: 628px) 100vw, 628px\" \/><\/p>\r\n<p style=\"text-align: center;\"><span style=\"font-size: 20px;\"><strong>10 x R$ 68,00 = R$ 680,00 ou 2 x R$ 320,00<\/strong><\/span><\/p>\r\n<p style=\"text-align: center;\"><span style=\"color: #808080;\"><a href=\"#m\" style=\"color: #808080;\"><img loading=\"lazy\" decoding=\"async\" src=\"http:\/\/overboyaohushua.com\/wp-content\/uploads\/2019\/02\/matricula.gif\" alt=\"\" width=\"148\" height=\"49\" class=\"aligncenter wp-image-297\" \/><\/a><\/span><\/p>\r\n<div class=\"tres_informacoes Azul\"><\/div>\r\n<div class=\"content_duas_informacoes\">\r\n<h4><span style=\"font-family: 'comic sans ms', sans-serif; font-size: 16px; color: #3366ff;\">O QUE \u00c9 COACHING?<\/span><\/h4>\r\n<p><span style=\"font-family: 'comic sans ms', sans-serif; font-size: 16px;\">Coaching \u00e9 um sistema visando resultados, levando o rosh superar suas limita\u00e7\u00f5es, desenvolver e aperfei\u00e7oar suas habilidades (dons).<\/span><\/p>\r\n<div class=\"tres_informacoes Azul\">\r\n<div>\r\n<div class=\"text\"><span style=\"font-family: 'comic sans ms', sans-serif; font-size: 16px; color: #3366ff; font-weight: 600;\">COACHING &amp; YAOHU&#8217;SHUA<\/span><\/div>\r\n<\/div>\r\n<\/div>\r\n<div class=\"content_duas_informacoes\">\r\n<p><span style=\"font-family: 'comic sans ms', sans-serif; font-size: 16px;\">Conhecendo o EST\u00c1 ESCRITO, e levando em considera\u00e7\u00e3o que Yaohushua \u00e9 a fonte de todo conhecimento, e que a Sua Palavra \u00e9 o padr\u00e3o para que a Verdade seja alcan\u00e7ada e ensinada; faremos uma reciclagem espiritual, detectando oque o tem impedido de ser um sucesso em sua lideran\u00e7a, na &#8220;congrega\u00e7\u00e3o&#8221;.Tecnicas de ensino e de viv\u00eancia lhe tornar\u00e1 um verdadeiro Rosh (L\u00edder Congregacional). Somente a Verdade nos liberta (do erro, da incerteza, das angustias, etc) &#8211; Jo 8:32.<\/span><\/p>\r\n<\/div>\r\n<\/div>\r\n<ul>\r\n<li><span style=\"font-size: 16px;\">Curso de Lideran\u00e7a totalmente modulado [10 m\u00f3dulos + 01 TCC pr\u00e1tico]<\/span><\/li>\r\n<li><span style=\"font-size: 16px;\">Envio de m\u00f3dulos pelo E-Mail<\/span><\/li>\r\n<li><span style=\"font-size: 16px;\">Consultoria pelo Whatsapp<\/span><\/li>\r\n<li><span style=\"font-size: 16px;\">Certificado Personalizado de Lideran\u00e7a by CYC<\/span><\/li>\r\n<\/ul>\r\n<p><strong>CONTE\u00daDO DOS M\u00d3DULOS:<\/strong><\/p>\r\n<ol data-sr-id=\"6\">\r\n<li><span style=\"font-size: 16px;\">Reciclagem espiritual, adequando a sua Verdade ao Est\u00e1 Escrito<\/span><\/li>\r\n<li><span style=\"font-size: 16px;\">Preparar os membros para o ensino da Palavra &#8211; Pequenos Grupos<\/span><\/li>\r\n<li><span style=\"font-size: 16px;\">Organizar os departamentos na oholyao &#8211; I\u00a0 [Ancionato &amp; Diaconato]<\/span><\/li>\r\n<li><span style=\"font-size: 16px;\">Organizar os departamentos na oholyao &#8211; II [Escola B\u00edblica, M\u00fasica, Depto de Som, etc]<\/span><\/li>\r\n<li><span style=\"font-size: 16px;\">Elevar sua capacidade de influenciar e de liderar pelo exemplo e pelo ensino da Verdade<\/span><\/li>\r\n<li><span style=\"font-size: 16px;\">Administrar seu tempo e contatos sociais<\/span><\/li>\r\n<li><span style=\"font-size: 16px;\">Aumentar resultados e imers\u00f5es\u00a0<\/span><\/li>\r\n<li><span style=\"font-size: 16px;\">Formar equipes com pessoas mais competentes e compromissadas com a oholyao<\/span><\/li>\r\n<li><span style=\"font-size: 16px;\">Melhorar a comunica\u00e7\u00e3o e como falar em p\u00fablico<\/span><\/li>\r\n<li><span style=\"font-size: 16px;\">Estruturar serm\u00f5es de resultados &#8211; Conclus\u00e3o &amp; Vis\u00e3o<\/span><span style=\"font-size: 16px;\"><\/span><\/li>\r\n<\/ol>\r\n<p><span style=\"font-size: 16px;\"><strong>OBS<\/strong> N\u00e3o existe um prazo para o termino; s\u00f3 depende da sua disponibilidade e para avan\u00e7ar para o pr\u00f3ximo m\u00f3dulo, \u00e9 aplicado um teste com nota m\u00ednima de 3pts de um total de 5pts&#8230;<\/span><\/p>\r\n<p><span style=\"font-size: 20px;\"><strong>Duvidas ou Matr\u00edcula: Use o formul\u00e1rio abaixo&#8230;<\/strong><\/span><\/p>\r\n<p>&nbsp;<\/p>\r\n<p style=\"text-align: center;\"><b><span style=\"color: #808080; font-family: Verdana;\"> <a href=\"http:\/\/overboyaohushua.com\/index.php\/principal-6\/\"><span style=\"color: #808080;\"> <marquee>Seja um Rosh (l\u00edder Congregacional); fa\u00e7a o CTA: Curso de Teologia Aplicada &#8211; CLIC!<\/marquee><\/span><\/a><\/span><\/b><\/p>\r\n\r\n<p><strong><span style=\"font-size: 16px;\">\u00a0<a id=\"m\"><\/a><span style=\"color: #ffffff;\">m<\/span><\/span><\/strong><\/p>\r\n<p>&nbsp;<\/p>\r\n<p>&nbsp;<\/p>\r\n\t\t\t<link rel=\"stylesheet\" property=\"stylesheet\" href=\"https:\/\/overboyaohushua.com\/wp-content\/plugins\/happyforms\/bundles\/css\/frontend.css\" \/>\n\t\t\t\t<!-- HappyForms CSS variables -->\n\t<style>\n\t#happyforms-1376 {\n\t\t--happyforms-part-title-font-size: 16px;\n--happyforms-part-description-font-size: 14px;\n--happyforms-part-value-font-size: 16px;\n--happyforms-submit-button-font-size: 18px;\n--happyforms-color-primary: #000000;\n--happyforms-color-success-notice: #ebf9f0;\n--happyforms-color-success-notice-text: #1eb452;\n--happyforms-color-error: #ff7550;\n--happyforms-color-error-notice: #ffeae5;\n--happyforms-color-error-notice-text: #ff4200;\n--happyforms-color-part-title: #213ced;\n--happyforms-color-part-value: #68d619;\n--happyforms-color-part-placeholder: #161b99;\n--happyforms-color-part-description: #454545;\n--happyforms-color-part-border: #dbdbdb;\n--happyforms-color-part-border-focus: #407fff;\n--happyforms-color-part-background: #ffffff;\n--happyforms-color-part-background-focus: #ffffff;\n--happyforms-color-submit-background: #407fff;\n--happyforms-color-submit-background-hover: #3567cc;\n--happyforms-color-submit-border: transparent;\n--happyforms-color-submit-text: #ffffff;\n--happyforms-color-submit-text-hover: #ffffff;\n--happyforms-color-table-row-odd: #fcfcfc;\n--happyforms-color-table-row-even: #efefef;\n--happyforms-color-table-row-odd-text: #000000;\n--happyforms-color-table-row-even-text: #000000;\n--happyforms-color-dropdown-item-bg: #ffffff;\n--happyforms-color-dropdown-item-text: #dd9933;\n--happyforms-color-dropdown-item-bg-hover: #dbdbdb;\n--happyforms-color-dropdown-item-text-hover: #000000;\n--happyforms-color-divider-hr: #cccccc;\n--happyforms-color-choice-checkmark-bg: #dd2121;\n--happyforms-color-choice-checkmark-bg-focus: #eeee22;\n--happyforms-color-choice-checkmark-color: #81d742;\n\t}\n\t<\/style>\n\t<!-- End of HappyForms CSS variables -->\n\t\t<!-- HappyForms Additional CSS -->\n\t<style data-happyforms-additional-css>\n\t\t<\/style>\n\t<!-- End of HappyForms Additional CSS -->\n\t\t\t<link rel=\"stylesheet\" type=\"text\/css\" href=\"https:\/\/overboyaohushua.com\/wp-content\/plugins\/happyforms\/core\/assets\/css\/no-interaction.css\">\n\t\t<div class=\"happyforms-form happyforms-styles\" id=\"happyforms-1376\">\n\t\t\n\t<form action=\"\" id=\"happyforms-form-1376\" method=\"post\" novalidate=\"true\" autocomplete=\"off\">\n\t\t\t\t<input type=\"hidden\" name=\"happyforms_random_seed\" value=\"390856991\" \/>\n\t\t\n\t\t\t<input type=\"hidden\" name=\"action\" value=\"happyforms_message\">\n\t\t\t\t<input type=\"hidden\" name=\"client_referer\" value=\"\">\n\t\t\t\t<input type=\"hidden\" name=\"current_post_id\" value=\"\">\n\t\t\t\t<input type=\"hidden\" name=\"happyforms_form_id\" value=\"1376\" \/>\n\t\t\t\t<input type=\"hidden\" name=\"happyforms_step\" value=\"0\" \/>\n\t\n\t\t<div class=\"happyforms-flex\">\n\t\t\t\t<input type=\"text\" name=\"1376-single_line_text\" style=\"position:absolute;left:-5000px;\" tabindex=\"-1\" autocomplete=\"off\" aria-hidden=\"true\"> <span class=\"screen-reader-text\">Leave this field blank<\/span>\n\t\t\t\t\t\t\t\t\t\t<div class=\"happyforms-form__part happyforms-part happyforms-part--single_line_text happyforms-part--width-full happyforms-part--label-above\" id=\"happyforms-1376_single_line_text_1-part\" data-happyforms-type=\"single_line_text\" data-happyforms-id=\"single_line_text_1\" data-happyforms-required=\"\">\n\t<div class=\"happyforms-part-wrap\">\n\t\t\n\t\t\t\t\t\t<div class=\"happyforms-part__label-container\">\n\t\t\t\t<label for=\"happyforms-1376_single_line_text_1\" class=\"happyforms-part__label\">\n\t\t\t<span class=\"label\">Nome Completo<\/span>\n\t\t\t\t\t\t\t\t\t\t<span class=\"happyforms-required\"><\/span>\n\t\t\t\t\t\t\t\t\t\t<span class=\"happyforms-optional\"><\/span>\n\t\t\t\t\t<\/label>\n\t\t\t<\/div>\n\t\t\t\n\t\t\n\t\t<div class=\"happyforms-part__el\">\n\t\t\t\n\t\t\t\n\t\t\t<div class=\"happyforms-input\">\n\t\t\t\t\n\t\t\t\t<input id=\"happyforms-1376_single_line_text_1\" type=\"text\" name=\"1376_single_line_text_1\" value=\"\" placeholder=\"\" autocomplete=\"off\" spellcheck=\"false\"  autocorrect=\"off\" \/>\n\t\t\t\t\t\t\t<\/div>\n\n\t\t\t\n\t\t\t\n\t\t\t\t\t<\/div>\n\t<\/div>\n<\/div>\n<div class=\"happyforms-form__part happyforms-part happyforms-part--single_line_text happyforms-part--width-full happyforms-part--label-above\" id=\"happyforms-1376_single_line_text_7-part\" data-happyforms-type=\"single_line_text\" data-happyforms-id=\"single_line_text_7\" data-happyforms-required=\"\">\n\t<div class=\"happyforms-part-wrap\">\n\t\t\n\t\t\t\t\t\t<div class=\"happyforms-part__label-container\">\n\t\t\t\t<label for=\"happyforms-1376_single_line_text_7\" class=\"happyforms-part__label\">\n\t\t\t<span class=\"label\">Endere\u00e7o Completo [Rua.. - Cidade\/Estado]<\/span>\n\t\t\t\t\t\t\t\t\t\t<span class=\"happyforms-required\"><\/span>\n\t\t\t\t\t\t\t\t\t\t<span class=\"happyforms-optional\"><\/span>\n\t\t\t\t\t<\/label>\n\t\t\t<\/div>\n\t\t\t\n\t\t\n\t\t<div class=\"happyforms-part__el\">\n\t\t\t\n\t\t\t\n\t\t\t<div class=\"happyforms-input\">\n\t\t\t\t\n\t\t\t\t<input id=\"happyforms-1376_single_line_text_7\" type=\"text\" name=\"1376_single_line_text_7\" value=\"\" placeholder=\"\" autocomplete=\"off\" spellcheck=\"false\"  autocorrect=\"off\" \/>\n\t\t\t\t\t\t\t<\/div>\n\n\t\t\t\n\t\t\t\n\t\t\t\t\t<\/div>\n\t<\/div>\n<\/div>\n<div class=\"happyforms-form__part happyforms-part happyforms-part--single_line_text happyforms-part--width-full happyforms-part--label-above\" id=\"happyforms-1376_single_line_text_3-part\" data-happyforms-type=\"single_line_text\" data-happyforms-id=\"single_line_text_3\" data-happyforms-required=\"\">\n\t<div class=\"happyforms-part-wrap\">\n\t\t\n\t\t\t\t\t\t<div class=\"happyforms-part__label-container\">\n\t\t\t\t<label for=\"happyforms-1376_single_line_text_3\" class=\"happyforms-part__label\">\n\t\t\t<span class=\"label\">Sua \u00faltima Denomina\u00e7\u00e3o (igreja)<\/span>\n\t\t\t\t\t\t\t\t\t\t<span class=\"happyforms-required\"><\/span>\n\t\t\t\t\t\t\t\t\t\t<span class=\"happyforms-optional\"><\/span>\n\t\t\t\t\t<\/label>\n\t\t\t<\/div>\n\t\t\t\n\t\t\n\t\t<div class=\"happyforms-part__el\">\n\t\t\t\n\t\t\t\n\t\t\t<div class=\"happyforms-input\">\n\t\t\t\t\n\t\t\t\t<input id=\"happyforms-1376_single_line_text_3\" type=\"text\" name=\"1376_single_line_text_3\" value=\"\" placeholder=\"\" autocomplete=\"off\" spellcheck=\"false\"  autocorrect=\"off\" \/>\n\t\t\t\t\t\t\t<\/div>\n\n\t\t\t\n\t\t\t\n\t\t\t\t\t<\/div>\n\t<\/div>\n<\/div>\n<div class=\"happyforms-part--with-autocomplete happyforms-form__part happyforms-part happyforms-part--email happyforms-part--width-full happyforms-part--label-above\" id=\"happyforms-1376_email_2-part\" data-happyforms-type=\"email\" data-happyforms-id=\"email_2\" data-happyforms-required=\"\">\n\t\t<div class=\"happyforms-part-wrap\">\n\t\t\t\t\t\t<div class=\"happyforms-part__label-container\">\n\t\t\t\t<label for=\"happyforms-1376_email_2\" class=\"happyforms-part__label\">\n\t\t\t<span class=\"label\">Seu Email<\/span>\n\t\t\t\t\t\t\t\t\t\t<span class=\"happyforms-required\"><\/span>\n\t\t\t\t\t\t\t\t\t\t<span class=\"happyforms-optional\"><\/span>\n\t\t\t\t\t<\/label>\n\t\t\t<\/div>\n\t\t\t\n\t\t\n\t\t<div class=\"happyforms-part__el\">\n\t\t\t\n\t\t\t\n\t\t\t<div class=\"happyforms-input\">\n\t\t\t\t<input type=\"email\" name=\"1376_email_2\" id=\"happyforms-1376_email_2\" value=\"\" placeholder=\"\" autocomplete=\"off\" spellcheck=\"false\"  autocorrect=\"off\" \/>\n\t\t\t\t\t\t\t<\/div>\n\n\t\t\t\n\t\t\t\n\t\t\t\t\t<\/div>\n\t<\/div>\n<\/div>\n<div class=\"happyforms-part-select--required happyforms-form__part happyforms-part happyforms-part--select happyforms-part--width-full happyforms-part--label-above\" id=\"happyforms-1376_select_16-part\" data-happyforms-type=\"select\" data-happyforms-id=\"select_16\" data-happyforms-required=\"\">\n\t<div class=\"happyforms-part-wrap\">\n\t\t\t<div class=\"happyforms-part__label-container\">\n\t\t\t\t<label for=\"happyforms-1376_select_16\" class=\"happyforms-part__label\">\n\t\t\t<span class=\"label\">Fa\u00e7a a sua escolha [Ef 4:25]<\/span>\n\t\t\t\t\t\t\t\t\t\t<span class=\"happyforms-required\"><\/span>\n\t\t\t\t\t\t\t\t\t\t<span class=\"happyforms-optional\"><\/span>\n\t\t\t\t\t<\/label>\n\t\t\t<\/div>\n\t\n\t\t\n\t\t\t\t<div class=\"happyforms-part__el\">\n\t\t\t\t\t\t<div class=\"happyforms-custom-select\">\n\t\t\t\t<div class=\"happyforms-part__select-wrap\">\n\t\t\t\t\t\t\t\t\t\t<select name=\"1376_select_16\" data-serialize class='happyforms-select' required>\n\t\t\t\t\t\t\t<option disabled hidden  selected value='' class=\"happyforms-placeholder-option\">CURSOS<\/option>\n\t\t\t\t\t\t\t\t\t\t\t\t\t\t\t\t\t\t\t\t\t\t\t\t\t<option value=\"0\"   id=\"select_16_option_1610480826910\">Coaching (Lideran\u00e7a) <\/option>\n\t\t\t\t\t\t\t\t\t\t\t\t\t\t\t\t\t\t\t<option value=\"1\"   id=\"select_16_option_1\">CTA - Curso de Teologia Aplicada <\/option>\n\t\t\t\t\t\t\t\t\t\t\t\t\t\t\t\t\t\t\t<option value=\"2\"   id=\"select_16_option_2\">Doutorado: Caminhe a segunda milha! <\/option>\n\t\t\t\t\t\t\t\t\t\t\t\t\t\t\t\t\t\t\t<option value=\"3\"   id=\"select_16_option_3\">Capelania: Evangeliza\u00e7\u00e3o <\/option>\n\t\t\t\t\t\t\t\t\t\t\t\t\t\t\t\t\t\t\t<option value=\"4\"   id=\"select_16_option_4\">Di\u00e1cono\/isa: Servi\u00e7o... <\/option>\n\t\t\t\t\t\t\t\t\t\t\t\t\t\t\t\t\t\t\t<option value=\"5\"   id=\"select_16_option_5\">Anci\u00e3o: Servi\u00e7o... <\/option>\n\t\t\t\t\t\t\t\t\t\t\t\t\t\t\t\t\t\t\t<option value=\"6\"   id=\"select_16_option_6\">Mission\u00e1rio\/a: Evangelismo <\/option>\n\t\t\t\t\t\t\t\t\t\t\t\t\t\t\t\t\t\t\t<option value=\"7\"   id=\"select_16_option_7\">Evangelista: Evangelismo <\/option>\n\t\t\t\t\t\t\t\t\t\t\t\t\t\t\t\t\t\t\t<option value=\"8\"   id=\"select_16_option_8\">Professor\/a: Ensino <\/option>\n\t\t\t\t\t\t\t\t\t\t\t\t\t\t\t\t\t\t\t\t\t\t\t<\/select>\n\t\t\t\t<\/div>\n\t\t\t<\/div>\n\n\t\t\t\n\t\t\t\n\t\t<\/div>\n\t<\/div>\n<\/div>\n\t\t\t\t\t\t<div class=\"happyforms-form__part happyforms-part happyforms-part--submit\">\n\t\t<button type=\"submit\" class=\"happyforms-submit happyforms-button--submit \">MATR\u00cdCULA<\/button>\n\t<\/div>\t\t<\/div>\n\n\t\t\t<\/form>\n\n\t<\/div>\n\r\n<p>&nbsp;<\/p>\r\n\r\n\r\n<div style='text-align:left' class='yasr-auto-insert-overall'><\/div><div style='text-align:left' class='yasr-auto-insert-visitor'><\/div>","protected":false},"excerpt":{"rendered":"<p>COACH: Despertando o L\u00edder, em voc\u00ea! 10 x R$ 68,00 = R$ 680,00 ou 2 x R$ 320,00 O QUE \u00c9 COACHING? Coaching \u00e9 um sistema visando resultados, levando o rosh superar suas limita\u00e7\u00f5es, desenvolver e aperfei\u00e7oar suas habilidades (dons). COACHING &amp; YAOHU&#8217;SHUA Conhecendo o EST\u00c1 ESCRITO, e levando em considera\u00e7\u00e3o que Yaohushua \u00e9 a [&hellip;]<\/p>\n","protected":false},"author":1,"featured_media":0,"parent":0,"menu_order":0,"comment_status":"closed","ping_status":"closed","template":"","meta":{"yasr_overall_rating":0,"yasr_post_is_review":"","yasr_auto_insert_disabled":"","yasr_review_type":"","footnotes":""},"class_list":["post-2495","page","type-page","status-publish","hentry"],"yasr_visitor_votes":{"stars_attributes":{"read_only":false,"span_bottom":false},"number_of_votes":0,"sum_votes":0},"_links":{"self":[{"href":"https:\/\/overboyaohushua.com\/index.php\/wp-json\/wp\/v2\/pages\/2495","targetHints":{"allow":["GET"]}}],"collection":[{"href":"https:\/\/overboyaohushua.com\/index.php\/wp-json\/wp\/v2\/pages"}],"about":[{"href":"https:\/\/overboyaohushua.com\/index.php\/wp-json\/wp\/v2\/types\/page"}],"author":[{"embeddable":true,"href":"https:\/\/overboyaohushua.com\/index.php\/wp-json\/wp\/v2\/users\/1"}],"replies":[{"embeddable":true,"href":"https:\/\/overboyaohushua.com\/index.php\/wp-json\/wp\/v2\/comments?post=2495"}],"version-history":[{"count":4,"href":"https:\/\/overboyaohushua.com\/index.php\/wp-json\/wp\/v2\/pages\/2495\/revisions"}],"predecessor-version":[{"id":2596,"href":"https:\/\/overboyaohushua.com\/index.php\/wp-json\/wp\/v2\/pages\/2495\/revisions\/2596"}],"wp:attachment":[{"href":"https:\/\/overboyaohushua.com\/index.php\/wp-json\/wp\/v2\/media?parent=2495"}],"curies":[{"name":"wp","href":"https:\/\/api.w.org\/{rel}","templated":true}]}}