{"id":3203,"date":"2022-09-11T18:46:10","date_gmt":"2022-09-11T16:46:10","guid":{"rendered":"https:\/\/overboyaohushua.com\/?page_id=3203"},"modified":"2022-10-12T20:26:32","modified_gmt":"2022-10-12T18:26:32","slug":"historia","status":"publish","type":"page","link":"https:\/\/overboyaohushua.com\/index.php\/historia\/","title":{"rendered":"Hist\u00f3ria do Brasil"},"content":{"rendered":"\r\n<div class=\"wp-block-image\">\r\n<figure class=\"aligncenter\"><img decoding=\"async\" src=\"http:\/\/wp.cyocaminho.org\/wp-content\/uploads\/2019\/02\/CYCLog-1024x83.png\" alt=\"\" class=\"wp-image-25\" \/>\r\n<figcaption><a href=\"https:\/\/www.cyocaminho.org\">www.cyocaminho.org\u00a0<\/a><\/figcaption>\r\n<\/figure>\r\n<\/div>\r\n\r\n<p style=\"text-align: center;\"><span style=\"font-family: Verdana;\"><span style=\"font-size: 28px;\"><b><i>Resgatando a Hist\u00f3ria do Brasil que foi apagada dos Livros Did\u00e1ticos pelos governos socialistas brasileiros&#8230;<\/i><\/b><\/span><\/span><\/p>\r\n<p style=\"text-align: center;\"><img loading=\"lazy\" decoding=\"async\" src=\"https:\/\/overboyaohushua.com\/wp-content\/uploads\/2022\/09\/museuIpiranga.jpg\" alt=\"\" width=\"1024\" height=\"576\" class=\"alignnone wp-image-3204 size-full\" srcset=\"https:\/\/overboyaohushua.com\/wp-content\/uploads\/2022\/09\/museuIpiranga.jpg 1024w, https:\/\/overboyaohushua.com\/wp-content\/uploads\/2022\/09\/museuIpiranga-300x169.jpg 300w, https:\/\/overboyaohushua.com\/wp-content\/uploads\/2022\/09\/museuIpiranga-768x432.jpg 768w, https:\/\/overboyaohushua.com\/wp-content\/uploads\/2022\/09\/museuIpiranga-600x338.jpg 600w\" sizes=\"auto, (max-width: 1024px) 100vw, 1024px\" \/><\/p>\r\n<blockquote>\r\n<p><span style=\"font-size: 16px;\">A Hist\u00f3ria do Brasil foi apagada de nosso livros did\u00e1ticos e HOJE, nossos filhos n\u00e3o tem a liberdade de escolher &#8216;a Verdade&#8217;, pois para poder &#8216;escolher&#8217; temos que conhecer os dois lados da hist\u00f3ria e isto se tornou imposs\u00edvel, devido ao ativismo pol\u00edtico dos professores, das m\u00eddias sociais e mais recentemente do judici\u00e1rio; que, al\u00e9m de apagarem os fatos das nossas p\u00e1ginas (da Hist\u00f3ria) a &#8220;reescreveram&#8221; de forma que nosso filhos e netos s\u00f3 conhe\u00e7am os fatos distorcidos, tendenciosos, impostos por eles!<\/span><\/p>\r\n<\/blockquote>\r\n<p style=\"text-align: center;\"><em><span style=\"font-size: 16px;\">&#8220;Um povo sem mem\u00f3ria \u00e9 um povo sem hist\u00f3ria. E um povo sem hist\u00f3ria est\u00e1 fadado a cometer, no presente e no futuro, os mesmos erros do passado&#8221;<\/span><\/em><\/p>\r\n<p><span style=\"font-size: 16px;\">Aqui farei, pouco a pouco, resumos sistem\u00e1ticos de forma que em PDF, voc\u00ea poder\u00e1 ensinar a Verdade dos fatos, a eles. E, a\u00ed sim [eles], poder\u00e3o exercerem o seu <em>Livre Arb\u00edtrio<\/em> e seguirem a Verdade; execrando os comunistas que HOJE, sequestraram a palavra &#8220;<em>democracia<\/em>&#8221; [todos hoje que se dizem &#8216;democratas&#8217; s\u00e3o na realidade, comunistas &#8211; todos se escondem atr\u00e1s das siglas de seus partidos pol\u00edticos . Veja que praticamente todos tem a letra <strong>S<\/strong> de socialista, nas suas siglas; o que n\u00e3o passa de um comunismo mais requintado&#8230; O <em>comunismo<\/em> \u00e9 uma doutrina que \u00e9 contra a vida e que prega pelo dom\u00ednio das classes &#8211; S\u00e3o contra as &#8216;classes dominantes&#8217; e a querem derrubar para que eles, ent\u00e3o, possam dominar &#8211;\u00a0 atrav\u00e9s de seus l\u00edderes que ser\u00e3o os futuros ditadores sobre n\u00f3s&#8230; <\/span><\/p>\r\n<p><span style=\"font-size: 16px;\">Estes s\u00e3o comunistas que na realidade quer usar <em>a pobreza<\/em> &#8211; pregando ser a favor dos pobres &#8211; como um meio de al\u00e7ar o poder&#8230; MAS, estes l\u00edderes que s\u00e3o contra <em>o capitalismo<\/em>, n\u00e3o vivem sem o capitalismo (viajam em jatinhos particulares, ostentam carr\u00f5es, rel\u00f3gios milion\u00e1rios e moram em mans\u00f5es; al\u00e9m de estarem 24hs por dia, cercados por seguran\u00e7as armados; mesmo dizendo-se contra as armas (o primeiro passo para se estabelecer uma ditadura \u00e9 desarmar o povo)!<\/span><\/p>\r\n<p style=\"text-align: center;\"><strong><span style=\"font-size: 16px;\">Bem, vamos \u00e0s &#8220;aulas&#8221;:<\/span><\/strong><\/p>\r\n<p><a href=\"https:\/\/overboyaohushua.com\/wp-content\/uploads\/2022\/09\/1.-Descobrimento-do-Brasil.pdf\"><span style=\"font-size: 20px;\">Aula n#1. O Descobrimento do Brasil<\/span><\/a><\/p>\r\n<p><a href=\"https:\/\/overboyaohushua.com\/wp-content\/uploads\/2022\/09\/2.-O-Brasil-Col\u00f4nia.pdf\"><span style=\"font-size: 20px;\">Aula n#2. O Brasil Col\u00f4nia<\/span><\/a><\/p>\r\n<p><a href=\"https:\/\/overboyaohushua.com\/wp-content\/uploads\/2022\/09\/3.-Governo-Geral.pdf\"><span style=\"font-size: 20px;\">Aula n#3. Governos Gerais<\/span><\/a><\/p>\r\n<p><a href=\"https:\/\/overboyaohushua.com\/wp-content\/uploads\/2022\/09\/4.-Invas\u00f5es-Estrangeiras-no-Brasil.pdf\"><span style=\"font-size: 20px;\">Aula n#4. Invas\u00f5es Estrangeiras no Brasil<\/span><\/a><\/p>\r\n<p><a href=\"https:\/\/overboyaohushua.com\/wp-content\/uploads\/2022\/09\/5.-Inconfid\u00eancia-Mineira.pdf\"><span style=\"font-size: 20px;\">Aula n#5. Inconfid\u00eancia Mineira<\/span><\/a><\/p>\r\n<p><a href=\"https:\/\/overboyaohushua.com\/wp-content\/uploads\/2022\/09\/6.-A-Revolu\u00e7\u00e3o-Francesa.pdf\"><span style=\"font-size: 20px;\">Aula n#6. A Revolu\u00e7\u00e3o Francesa<\/span><\/a><\/p>\r\n<p><a href=\"https:\/\/overboyaohushua.com\/wp-content\/uploads\/2022\/10\/7.-Napole\u00e3o-Bonaparte.pdf\"><span style=\"font-size: 20px;\">Aula n#7. Napole\u00e3o Bonaparte<\/span><\/a><\/p>\r\n<p><a href=\"https:\/\/overboyaohushua.com\/wp-content\/uploads\/2022\/10\/8.-Vinda-da-fam\u00edlia-real-portuguesa.pdf\"><span style=\"font-size: 20px;\">Aula n#8. A Vinda da Fam\u00edlia Real para o Brasil \u2013 I<\/span><\/a><\/p>\r\n<p><a href=\"https:\/\/overboyaohushua.com\/wp-content\/uploads\/2022\/10\/9.-A-Vinda-da-Fam\u00edlia-Real-II.pdf\"><span style=\"font-size: 20px;\">Aula n#9. A Vinda da Fam\u00edlia Real para o Brasil \u2013 II<\/span><\/a><\/p>\r\n<p><a href=\"https:\/\/overboyaohushua.com\/wp-content\/uploads\/2022\/10\/10.-D.Pedro-I-parte1.pdf\"><span style=\"font-size: 20px;\">Aula n#10. D. Pedro I \u2013 Parte 1<\/span><\/a><\/p>\r\n<p><a href=\"https:\/\/overboyaohushua.com\/wp-content\/uploads\/2022\/10\/11.-D.Pedro-I-parte2.pdf\"><span style=\"font-size: 20px;\">Aula n#11. D. Pedro I \u2013 Parte 2<\/span><\/a><\/p>\r\n<p><a href=\"https:\/\/overboyaohushua.com\/wp-content\/uploads\/2022\/10\/12.-Per\u00edodo-regencial-parte-1.pdf\"><span style=\"font-size: 20px;\">Aula n#12. Per\u00edodo Regencial 1 \u2013 Jos\u00e9 Bonif\u00e1cio<\/span><\/a><\/p>\r\n<p><a href=\"https:\/\/overboyaohushua.com\/wp-content\/uploads\/2022\/10\/13.-Reg\u00eancia-Trina-Permanente.pdf\"><span style=\"font-size: 20px;\">Aula n#13. Per\u00edodo Regencial 2 \u2013 Reg\u00eancia Trina<\/span><\/a><\/p>\r\n<p><a href=\"https:\/\/overboyaohushua.com\/wp-content\/uploads\/2022\/10\/14.-O-Ato-Adicional-de-1834.pdf\"><span style=\"font-size: 20px;\">Aula n#14. Per\u00edodo Regencial 3 \u2013 Ato Adicional de 1834<\/span><\/a><\/p>\r\n<p><a href=\"https:\/\/overboyaohushua.com\/wp-content\/uploads\/2022\/10\/15.-Principais-rebeli\u00f5es-do-per\u00edodo-Regencial.pdf\"><span style=\"font-size: 20px;\">Aula n#15. Per\u00edodo Regencial 4 \u2013 Principais Rebeli\u00f5es<\/span><\/a><\/p>\r\n<p><a href=\"https:\/\/overboyaohushua.com\/wp-content\/uploads\/2022\/10\/16.-Estrutura-governamental-e-pol\u00edtica.pdf\"><span style=\"font-size: 20px;\">Aula n#16. Per\u00edodo Regencial 5 \u2013 Estrutura Governamental e Pol\u00edtica<\/span><\/a><\/p>\r\n<p><a href=\"https:\/\/overboyaohushua.com\/wp-content\/uploads\/2022\/10\/17.-O-Segundo-Imp\u00e9rio.pdf\"><span style=\"font-size: 20px;\">Aula n#17. Segundo Reinado; D. Pedro II e a Pacifica\u00e7\u00e3o<\/span><\/a><\/p>\r\n<p>&#8230;<\/p>\r\n<p><span style=\"font-size: 20px;\">Aula n#18. Escravid\u00e3o no Brasil \u2013 parte 1<\/span><\/p>\r\n<p><span style=\"font-size: 20px;\">Aula n#19. Escravid\u00e3o no Brasil \u2013 parte 2<\/span><\/p>\r\n<p><span style=\"font-size: 20px;\">Aula n#20. Escravid\u00e3o no Brasil \u2013 parte 3<\/span><\/p>\r\n<p><span style=\"font-size: 20px;\">Aula n#21. Entradas e Bandeiras \u2013 parte 1<\/span><\/p>\r\n<p><span style=\"font-size: 20px;\">Aula n#22. Entradas e Bandeiras \u2013 parte 2<\/span><\/p>\r\n<p><span style=\"font-size: 20px;\">Aula n#23. Brasil Industrial<\/span><\/p>\r\n<p><span style=\"font-size: 20px;\">Aula n#24. Proclama\u00e7\u00e3o da Rep\u00fablica<\/span><\/p>\r\n<p><span style=\"font-size: 20px;\">Aula n#25. Presidentes da Rep\u00fablica at\u00e9 1964 \u2013 parte 1<\/span><\/p>\r\n<p><span style=\"font-size: 20px;\">Aula n#26. Presidentes da Rep\u00fablica at\u00e9 1964 \u2013 parte 2<\/span><\/p>\r\n<p><span style=\"font-size: 20px;\">Aula n#27. Presidentes da Rep\u00fablica at\u00e9 1964 \u2013 parte 3<\/span><\/p>\r\n<p><span style=\"font-size: 20px;\">Aula n#28. 1964 \u2013 Os Militares Atendem ao Povo<\/span><\/p>\r\n<p><span style=\"font-size: 20px;\">Aula n#29. Governos Militares \u2013 Castelo Branco<\/span><\/p>\r\n<p><span style=\"font-size: 20px;\">Aula n#30. Governos Militares \u2013 Costa e Silva<\/span><\/p>\r\n<p><span style=\"font-size: 20px;\">Aula n#31. Governos Militares \u2013 Em\u00edlio Garrastazu M\u00e9dici<\/span><\/p>\r\n<p><span style=\"font-size: 20px;\">Aula n#32. Governos Militares \u2013 Ernesto Geisel Governo<\/span><\/p>\r\n<p><span style=\"font-size: 20px;\">Aula n#33. Governos Militares \u2013 Jo\u00e3o Batista Figueiredo<\/span><\/p>\r\n<p><span style=\"font-size: 20px;\">Aula n#34. Movimento \u201cDiretas J\u00e1\u201d e a \u201cAnistia\u201d<\/span><\/p>\r\n<p><span style=\"font-size: 20px;\">Aula n#35. Governos Socialistas &#8211; I<\/span><\/p>\r\n<p><span style=\"font-size: 20px;\">Aula n#36. Governos Socialistas \u2013 II<\/span><\/p>\r\n<p><span style=\"font-size: 20px;\">Aula n#37. Governos Socialistas \u2013 III<\/span><\/p>\r\n<p><span style=\"font-size: 20px;\">Aula n#38. Governo Democrata<\/span><\/p>\r\n<p><span style=\"font-size: 20px;\">Aula n#39. Elei\u00e7\u00f5es e o 7 de Setembro de 2022<\/span><\/p>\r\n<p><span style=\"font-size: 16px;\">&#8230;<\/span><\/p>\r\n<p><strong><span style=\"font-size: 16px;\"><a href=\"https:\/\/overboyaohushua.com\/wp-content\/uploads\/2020\/03\/A-trindade.pdf\" style=\"color: #1abb9c; outline: none; transition: all 300ms ease-out 0s;\"><img loading=\"lazy\" decoding=\"async\" src=\"https:\/\/overboyaohushua.com\/wp-content\/uploads\/2020\/03\/PDF-Download-150x150.jpg\" alt=\"\" width=\"65\" height=\"65\" class=\"alignleft wp-image-1972 \" srcset=\"https:\/\/overboyaohushua.com\/wp-content\/uploads\/2020\/03\/PDF-Download-150x150.jpg 150w, https:\/\/overboyaohushua.com\/wp-content\/uploads\/2020\/03\/PDF-Download-300x300.jpg 300w, https:\/\/overboyaohushua.com\/wp-content\/uploads\/2020\/03\/PDF-Download-100x100.jpg 100w, https:\/\/overboyaohushua.com\/wp-content\/uploads\/2020\/03\/PDF-Download.jpg 346w\" sizes=\"auto, (max-width: 65px) 100vw, 65px\" \/><\/a>\u00a0<\/span><\/strong><\/p>\r\n<p><strong><span style=\"font-size: 16px;\">CLIC SOBRE O T\u00cdTULO DE CADA LI\u00c7\u00c3O PARA BAIXAR\u00a0 EM SEU CELULAR&#8230;<\/span><\/strong><\/p>\r\n<p>&nbsp;<\/p>\r\n<p>&nbsp;<\/p>\r\n<p>&nbsp;<\/p>\r\n<p>&nbsp;<\/p>\r\n<p style=\"text-align: center;\"><b><span style=\"color: #808080; font-family: Verdana;\"> <a href=\"http:\/\/overboyaohushua.com\/index.php\/principal-6\/\"><span style=\"color: #808080;\"> <marquee>Seja um Rosh (l\u00edder Congregacional); fa\u00e7a o CTA: Curso de Teologia Aplicada &#8211; CLIC!<\/marquee><\/span><\/a><\/span><\/b><\/p>\r\n\r\n<p><strong>D\u00favidas:<\/strong><\/p>\r\n\r\n\r\n\t\t\t<link rel=\"stylesheet\" property=\"stylesheet\" href=\"https:\/\/overboyaohushua.com\/wp-content\/plugins\/happyforms\/bundles\/css\/frontend.css\" \/>\n\t\t\t\t<!-- HappyForms CSS variables -->\n\t<style>\n\t#happyforms-54 {\n\t\t--happyforms-part-title-font-size: 16px;\n--happyforms-part-description-font-size: 14px;\n--happyforms-part-value-font-size: 16px;\n--happyforms-submit-button-font-size: 18px;\n--happyforms-color-primary: #000000;\n--happyforms-color-success-notice: #ebf9f0;\n--happyforms-color-success-notice-text: #1eb452;\n--happyforms-color-error: #ff7550;\n--happyforms-color-error-notice: #ffeeea;\n--happyforms-color-error-notice-text: #f23000;\n--happyforms-color-part-title: #000000;\n--happyforms-color-part-value: #000000;\n--happyforms-color-part-placeholder: #888888;\n--happyforms-color-part-description: #454545;\n--happyforms-color-part-border: #dbdbdb;\n--happyforms-color-part-border-focus: #407fff;\n--happyforms-color-part-background: #ffffff;\n--happyforms-color-part-background-focus: #ffffff;\n--happyforms-color-submit-background: #407fff;\n--happyforms-color-submit-background-hover: #3567cc;\n--happyforms-color-submit-border: transparent;\n--happyforms-color-submit-text: #ffffff;\n--happyforms-color-submit-text-hover: #ffffff;\n--happyforms-color-table-row-odd: #fcfcfc;\n--happyforms-color-table-row-even: #efefef;\n--happyforms-color-table-row-odd-text: #000000;\n--happyforms-color-table-row-even-text: #000000;\n--happyforms-color-dropdown-item-bg: #ffffff;\n--happyforms-color-dropdown-item-text: #000000;\n--happyforms-color-dropdown-item-bg-hover: #dbdbdb;\n--happyforms-color-dropdown-item-text-hover: #000000;\n--happyforms-color-divider-hr: #cccccc;\n--happyforms-color-choice-checkmark-bg: #ffffff;\n--happyforms-color-choice-checkmark-bg-focus: #000000;\n--happyforms-color-choice-checkmark-color: #ffffff;\n\t}\n\t<\/style>\n\t<!-- End of HappyForms CSS variables -->\n\t\t<!-- HappyForms Additional CSS -->\n\t<style data-happyforms-additional-css>\n\t\t<\/style>\n\t<!-- End of HappyForms Additional CSS -->\n\t\t\t<link rel=\"stylesheet\" type=\"text\/css\" href=\"https:\/\/overboyaohushua.com\/wp-content\/plugins\/happyforms\/core\/assets\/css\/no-interaction.css\">\n\t\t<div class=\"happyforms-form happyforms-styles\" id=\"happyforms-54\">\n\t\t\n\t<form action=\"\" id=\"happyforms-form-54\" method=\"post\" novalidate=\"true\" autocomplete=\"off\">\n\t\t\t\t<input type=\"hidden\" name=\"happyforms_random_seed\" value=\"2320303367\" \/>\n\t\t\n\t\t\t<input type=\"hidden\" name=\"action\" value=\"happyforms_message\">\n\t\t\t\t<input type=\"hidden\" name=\"client_referer\" value=\"\">\n\t\t\t\t<input type=\"hidden\" name=\"current_post_id\" value=\"\">\n\t\t\t\t<input type=\"hidden\" name=\"happyforms_form_id\" value=\"54\" \/>\n\t\t\t\t<input type=\"hidden\" name=\"happyforms_step\" value=\"0\" \/>\n\t\n\t\t<div class=\"happyforms-flex\">\n\t\t\t\t<input type=\"text\" name=\"54-number\" style=\"position:absolute;left:-5000px;\" tabindex=\"-1\" autocomplete=\"off\" aria-hidden=\"true\"> <span class=\"screen-reader-text\">Leave this field blank<\/span>\n\t\t\t\t\t\t\t\t\t\t<div class=\"happyforms-form__part happyforms-part happyforms-part--single_line_text happyforms-part--width-full happyforms-part--label-above\" id=\"happyforms-54_single_line_text_1-part\" data-happyforms-type=\"single_line_text\" data-happyforms-id=\"single_line_text_1\" data-happyforms-required=\"\">\n\t<div class=\"happyforms-part-wrap\">\n\t\t\n\t\t\t\t\t\t<div class=\"happyforms-part__label-container\">\n\t\t\t\t<label for=\"happyforms-54_single_line_text_1\" class=\"happyforms-part__label\">\n\t\t\t<span class=\"label\">Nome<\/span>\n\t\t\t\t\t\t\t\t\t\t<span class=\"happyforms-required\"><\/span>\n\t\t\t\t\t\t\t\t\t\t<span class=\"happyforms-optional\">(optional)<\/span>\n\t\t\t\t\t<\/label>\n\t\t\t<\/div>\n\t\t\t\n\t\t\n\t\t<div class=\"happyforms-part__el\">\n\t\t\t\n\t\t\t\n\t\t\t<div class=\"happyforms-input\">\n\t\t\t\t\n\t\t\t\t<input id=\"happyforms-54_single_line_text_1\" type=\"text\" name=\"54_single_line_text_1\" value=\"\" placeholder=\"\" autocomplete=\"off\" spellcheck=\"false\"  autocorrect=\"off\" \/>\n\t\t\t\t\t\t\t<\/div>\n\n\t\t\t\n\t\t\t\n\t\t\t\t\t<\/div>\n\t<\/div>\n<\/div>\n<div class=\"happyforms-part--with-autocomplete happyforms-form__part happyforms-part happyforms-part--email happyforms-part--width-full happyforms-part--label-above\" id=\"happyforms-54_email_7-part\" data-happyforms-type=\"email\" data-happyforms-id=\"email_7\" data-happyforms-required=\"\">\n\t\t<div class=\"happyforms-part-wrap\">\n\t\t\t\t\t\t<div class=\"happyforms-part__label-container\">\n\t\t\t\t<label for=\"happyforms-54_email_7\" class=\"happyforms-part__label\">\n\t\t\t<span class=\"label\">Email<\/span>\n\t\t\t\t\t\t\t\t\t\t<span class=\"happyforms-required\"><\/span>\n\t\t\t\t\t\t\t\t\t\t<span class=\"happyforms-optional\">(optional)<\/span>\n\t\t\t\t\t<\/label>\n\t\t\t<\/div>\n\t\t\t\n\t\t\n\t\t<div class=\"happyforms-part__el\">\n\t\t\t\n\t\t\t\n\t\t\t<div class=\"happyforms-input\">\n\t\t\t\t<input type=\"email\" name=\"54_email_7\" id=\"happyforms-54_email_7\" value=\"\" placeholder=\"\" autocomplete=\"off\" spellcheck=\"false\"  autocorrect=\"off\" \/>\n\t\t\t\t\t\t\t<\/div>\n\n\t\t\t\n\t\t\t\n\t\t\t\t\t<\/div>\n\t<\/div>\n<\/div>\n<div class=\"happyforms-form__part happyforms-part happyforms-part--single_line_text happyforms-part--width-full happyforms-part--label-above\" id=\"happyforms-54_single_line_text_2-part\" data-happyforms-type=\"single_line_text\" data-happyforms-id=\"single_line_text_2\" data-happyforms-required=\"\">\n\t<div class=\"happyforms-part-wrap\">\n\t\t\n\t\t\t\t\t\t<div class=\"happyforms-part__label-container\">\n\t\t\t\t<label for=\"happyforms-54_single_line_text_2\" class=\"happyforms-part__label\">\n\t\t\t<span class=\"label\">Cidade+ Estado<\/span>\n\t\t\t\t\t\t\t\t\t\t<span class=\"happyforms-required\"><\/span>\n\t\t\t\t\t\t\t\t\t\t<span class=\"happyforms-optional\">(optional)<\/span>\n\t\t\t\t\t<\/label>\n\t\t\t<\/div>\n\t\t\t\n\t\t\n\t\t<div class=\"happyforms-part__el\">\n\t\t\t\n\t\t\t\n\t\t\t<div class=\"happyforms-input\">\n\t\t\t\t\n\t\t\t\t<input id=\"happyforms-54_single_line_text_2\" type=\"text\" name=\"54_single_line_text_2\" value=\"\" placeholder=\"\" autocomplete=\"off\" spellcheck=\"false\"  autocorrect=\"off\" \/>\n\t\t\t\t\t\t\t<\/div>\n\n\t\t\t\n\t\t\t\n\t\t\t\t\t<\/div>\n\t<\/div>\n<\/div>\n<div class=\"happyforms-form__part happyforms-part happyforms-part--multi_line_text happyforms-part--width-full happyforms-part--label-above\" id=\"happyforms-54_multi_line_text_6-part\" data-happyforms-type=\"multi_line_text\" data-happyforms-id=\"multi_line_text_6\" data-happyforms-required=\"\">\n\t<div class=\"happyforms-part-wrap\">\n\t\t\t\t\t\t<div class=\"happyforms-part__label-container\">\n\t\t\t\t<label for=\"happyforms-54_multi_line_text_6\" class=\"happyforms-part__label\">\n\t\t\t<span class=\"label\">Mensagem<\/span>\n\t\t\t\t\t\t\t\t\t\t<span class=\"happyforms-required\"><\/span>\n\t\t\t\t\t\t\t\t\t\t<span class=\"happyforms-optional\">(optional)<\/span>\n\t\t\t\t\t<\/label>\n\t\t\t<\/div>\n\t\t\t\n\t\t\n\t\t<div class=\"happyforms-part__el\">\n\t\t\t\n\t\t\t\t\t\t<textarea id=\"happyforms-54_multi_line_text_6\" name=\"54_multi_line_text_6\" rows=\"5\" placeholder=\"\" autocomplete=\"off\" spellcheck=\"false\" autocorrect=\"off\" ><\/textarea>\n\t\t\t\n\t\t\t\n\t\t\t\t\t<\/div>\n\t<\/div>\n<\/div>\n\t\t\t\t\t\t<div class=\"happyforms-form__part happyforms-part happyforms-part--submit\">\n\t\t<button type=\"submit\" class=\"happyforms-submit happyforms-button--submit \">ENVIAR<\/button>\n\t<\/div>\t\t<\/div>\n\n\t\t\t<\/form>\n\n\t<\/div>\n\n<div style='text-align:left' class='yasr-auto-insert-overall'><\/div><div style='text-align:left' class='yasr-auto-insert-visitor'><\/div>","protected":false},"excerpt":{"rendered":"<p>Resgatando a Hist\u00f3ria do Brasil que foi apagada dos Livros Did\u00e1ticos pelos governos socialistas brasileiros&#8230; A Hist\u00f3ria do Brasil foi apagada de nosso livros did\u00e1ticos e HOJE, nossos filhos n\u00e3o tem a liberdade de escolher &#8216;a Verdade&#8217;, pois para poder &#8216;escolher&#8217; temos que conhecer os dois lados da hist\u00f3ria e isto se tornou imposs\u00edvel, devido [&hellip;]<\/p>\n","protected":false},"author":1,"featured_media":0,"parent":0,"menu_order":0,"comment_status":"closed","ping_status":"closed","template":"","meta":{"yasr_overall_rating":0,"yasr_post_is_review":"","yasr_auto_insert_disabled":"","yasr_review_type":"","footnotes":""},"class_list":["post-3203","page","type-page","status-publish","hentry"],"yasr_visitor_votes":{"stars_attributes":{"read_only":false,"span_bottom":false},"number_of_votes":0,"sum_votes":0},"_links":{"self":[{"href":"https:\/\/overboyaohushua.com\/index.php\/wp-json\/wp\/v2\/pages\/3203","targetHints":{"allow":["GET"]}}],"collection":[{"href":"https:\/\/overboyaohushua.com\/index.php\/wp-json\/wp\/v2\/pages"}],"about":[{"href":"https:\/\/overboyaohushua.com\/index.php\/wp-json\/wp\/v2\/types\/page"}],"author":[{"embeddable":true,"href":"https:\/\/overboyaohushua.com\/index.php\/wp-json\/wp\/v2\/users\/1"}],"replies":[{"embeddable":true,"href":"https:\/\/overboyaohushua.com\/index.php\/wp-json\/wp\/v2\/comments?post=3203"}],"version-history":[{"count":3,"href":"https:\/\/overboyaohushua.com\/index.php\/wp-json\/wp\/v2\/pages\/3203\/revisions"}],"predecessor-version":[{"id":3260,"href":"https:\/\/overboyaohushua.com\/index.php\/wp-json\/wp\/v2\/pages\/3203\/revisions\/3260"}],"wp:attachment":[{"href":"https:\/\/overboyaohushua.com\/index.php\/wp-json\/wp\/v2\/media?parent=3203"}],"curies":[{"name":"wp","href":"https:\/\/api.w.org\/{rel}","templated":true}]}}