{"id":3295,"date":"2022-11-13T19:13:12","date_gmt":"2022-11-13T17:13:12","guid":{"rendered":"https:\/\/overboyaohushua.com\/?page_id=3295"},"modified":"2022-11-13T19:13:12","modified_gmt":"2022-11-13T17:13:12","slug":"tipo-de-sermao","status":"publish","type":"page","link":"https:\/\/overboyaohushua.com\/index.php\/tipo-de-sermao\/","title":{"rendered":"Tipos de Serm\u00f5es"},"content":{"rendered":"\r\n<div class=\"wp-block-image\" style=\"text-align: center;\">\r\n<figure class=\"aligncenter\"><img decoding=\"async\" src=\"http:\/\/wp.cyocaminho.org\/wp-content\/uploads\/2019\/02\/CYCLog-1024x83.png\" alt=\"\" class=\"wp-image-25 aligncenter\" \/>\r\n<figcaption><img loading=\"lazy\" decoding=\"async\" src=\"https:\/\/overboyaohushua.com\/wp-content\/uploads\/2021\/05\/CYCLog-1024x94.png\" alt=\"\" width=\"1024\" height=\"94\" class=\"alignnone wp-image-2777 size-large\" srcset=\"https:\/\/overboyaohushua.com\/wp-content\/uploads\/2021\/05\/CYCLog-1024x94.png 1024w, https:\/\/overboyaohushua.com\/wp-content\/uploads\/2021\/05\/CYCLog-300x28.png 300w, https:\/\/overboyaohushua.com\/wp-content\/uploads\/2021\/05\/CYCLog-768x71.png 768w, https:\/\/overboyaohushua.com\/wp-content\/uploads\/2021\/05\/CYCLog-600x55.png 600w, https:\/\/overboyaohushua.com\/wp-content\/uploads\/2021\/05\/CYCLog.png 1325w\" sizes=\"auto, (max-width: 1024px) 100vw, 1024px\" \/><br \/><a href=\"https:\/\/www.cyocaminho.org\">www.cyocaminho.org\u00a0<\/a><\/figcaption>\r\n<\/figure>\r\n<\/div>\r\n\r\n<p style=\"text-align: center;\"><span style=\"font-size: 20px;\"><strong>Tipos de serm\u00f5es*<\/strong><\/span><\/p>\r\n<p><span style=\"font-size: 16px;\">A grande maioria dos serm\u00f5es dentro das mais diversas denomina\u00e7\u00f5es, n\u00e3o tem o seu preparo pr\u00e9vio (usa-se a dita revela\u00e7\u00e3o&#8230; ou seja, abre-se as Escrituras em uma parte qualquer e corre-se o olhar \u2013 diga-se, o dedo \u2013 sobre a p\u00e1gina e onde parar, l\u00ea-se o texto e inicia-se uma pretensa explica\u00e7\u00e3o e dai por diante, inicia-se o devaneio, onde as aspira\u00e7\u00f5es pessoais do \u2018pregador\u2019 toma conta e que a \u201ccarapu\u00e7a\u201d sirva a quem servir)&#8230;. No entanto, o SERM\u00c3O \u00e9 a oportunidade de ouro de trazer pessoas \u00e0 Verdade e o CRIADOR \u2013 o cerne da Verdade \u2013 deve ser exaltado; e, por isto, ELE merece toda a nossa dedica\u00e7\u00e3o; da\u00ed o preparo de antem\u00e3o&#8230;<\/span><\/p>\r\n<p><span style=\"font-size: 16px;\"><strong>\u00a0<\/strong><\/span><\/p>\r\n<p><span style=\"font-size: 16px;\"><strong>S\u00e3o tr\u00eas tipos b\u00e1sicos de Serm\u00e3o:<\/strong><\/span><\/p>\r\n<ol>\r\n<li><span style=\"font-size: 16px;\">Serm\u00e3o Tem\u00e1tico<\/span><\/li>\r\n<li><span style=\"font-size: 16px;\">Serm\u00e3o Textual<\/span><\/li>\r\n<li><span style=\"font-size: 16px;\">Serm\u00e3o Expositivo<\/span><\/li>\r\n<\/ol>\r\n<p>&nbsp;<\/p>\r\n<p><span style=\"font-size: 16px;\"><strong>I &#8211; Serm\u00e3o Tem\u00e1tico:<\/strong><\/span><\/p>\r\n<ol>\r\n<li><span style=\"font-size: 16px;\">\u00c9 aquele cuja divis\u00e3o das id\u00e9ias \u00e9 extra\u00edda de um tema. Ou aquele cuja forma ou estrutura resulta das palavras ou id\u00e9ias contidas no assunto&#8230;<\/span><\/li>\r\n<li><span style=\"font-size: 16px;\">Deveria ser o tipo de serm\u00e3o mais usado por ser o de mais f\u00e1cil entendimento; apesar de ser dif\u00edcil de ser preparado devido \u00e0 necess\u00e1ria bagagem b\u00edblica de quem o prega.<\/span><\/li>\r\n<li><span style=\"font-size: 16px;\">\u00c9 muito apropriado para a evangeliza\u00e7\u00e3o, o ensino das doutrinas, o estudo b\u00edblico, discuss\u00e3o de temas \u00e9ticos, etc.<\/span><\/li>\r\n<li><span style=\"font-size: 16px;\">A divis\u00e3o est\u00e1 independente do texto chave, quando existir.<\/span><\/li>\r\n<li><span style=\"font-size: 16px;\">Uma vez usado um texto chave, este pode ser usado j\u00e1 no in\u00edcio ou fazer-se com que o serm\u00e3o conduza \u00e0 este texto, como uma chave de ouro.<\/span><\/li>\r\n<li><span style=\"font-size: 16px;\">Tamb\u00e9m pode ser repetido por vezes, desde que contenha a id\u00e9ia central.<\/span><\/li>\r\n<li><span style=\"font-size: 16px;\">\u00c9 o de mais l\u00f3gica. O serm\u00e3o tem\u00e1tico \u00e9 o que mais se presta \u00e0 observa\u00e7\u00e3o da ordem e harmonia das partes.<\/span><\/li>\r\n<li><span style=\"font-size: 16px;\">\u00c9 o mais apropriado para os que est\u00e3o evangelizando atrav\u00e9s do p\u00falpito.<\/span><\/li>\r\n<li><span style=\"font-size: 16px;\">Escolhe-se o tema e busca-se em qualquer parte da B\u00edblia, textos que apoiem as id\u00e9ias selecionadas.<\/span><\/li>\r\n<\/ol>\r\n<p>&nbsp;<\/p>\r\n<p><span style=\"font-size: 16px;\">Exemplos de serm\u00f5es tem\u00e1ticos<strong>**<\/strong><\/span><\/p>\r\n<p><span style=\"font-size: 16px;\">&#8211; N\u00e3o podemos nos esconder do Criador:<\/span><\/p>\r\n<ol>\r\n<li><span style=\"font-size: 16px;\">J\u00f3 34:21 &#8211; Seus olhos est\u00e3o sobre os caminhos dos homens.<\/span><\/li>\r\n<li><span style=\"font-size: 16px;\">l Sm 16:7 &#8211; O Criador olha o cora\u00e7\u00e3o.<\/span><\/li>\r\n<li><span style=\"font-size: 16px;\">ll Cr 16:9 &#8211; YAOHUH contempla para fortalecer.<\/span><\/li>\r\n<\/ol>\r\n<p>&nbsp;<\/p>\r\n<p><span style=\"font-size: 16px;\">&#8211; As quatro ressurrei\u00e7\u00f5es por Yaohu\u2019shua:<\/span><\/p>\r\n<ol>\r\n<li><span style=\"font-size: 16px;\">Ressurrei\u00e7\u00e3o logo ap\u00f3s a morte &#8211; Marcos 5:21-23 e 35-43<\/span><\/li>\r\n<li><span style=\"font-size: 16px;\">Ressurrei\u00e7\u00e3o ap\u00f3s 24 horas &#8211; Lc 7:11-17<\/span><\/li>\r\n<li><span style=\"font-size: 16px;\">Ressurrei\u00e7\u00e3o ap\u00f3s 04 dias &#8211; Jo 11:17; 38-45<\/span><\/li>\r\n<li><span style=\"font-size: 16px;\">Ressurrei\u00e7\u00e3o ap\u00f3s v\u00e1rios s\u00e9culos &#8211; Jo 5:28,29; Ap 20:6.<\/span><\/li>\r\n<\/ol>\r\n<p>&nbsp;<\/p>\r\n<p><span style=\"font-size: 16px;\">&#8211; Yaohu\u2019shua chorou:<\/span><\/p>\r\n<ol start=\"32\">\r\n<li><span style=\"font-size: 16px;\">Por causa do homem &#8211; Jo 11:32.36<\/span><\/li>\r\n<li><span style=\"font-size: 16px;\">Por causa de uma cidade &#8211; Lc 19:28; 41-44<\/span><\/li>\r\n<li><span style=\"font-size: 16px;\">Por causa do mundo &#8211; Mt 26:36-38; Lc 22:44<\/span><\/li>\r\n<\/ol>\r\n<p>&nbsp;<\/p>\r\n<p><span style=\"font-size: 16px;\"><strong>II &#8211; \u00a0Serm\u00e3o Textual<\/strong><\/span><\/p>\r\n<ol>\r\n<li><span style=\"font-size: 16px;\">\u00c9 aquele cuja divis\u00e3o(id\u00e9ias principais) \u00e9 tirada do texto b\u00edblico.<\/span><\/li>\r\n<li><span style=\"font-size: 16px;\">O foco \u00e9 a explica\u00e7\u00e3o (sentido) de uma doutrina.<\/span><\/li>\r\n<li><span style=\"font-size: 16px;\">As id\u00e9ias (aplica\u00e7\u00e3o) tamb\u00e9m podem ser embasadas em outros textos b\u00edblicos.<\/span><\/li>\r\n<li><span style=\"font-size: 16px;\">Este g\u00eanero de trabalho no p\u00falpito faz fixar a aten\u00e7\u00e3o numa parte das Escrituras.<\/span><\/li>\r\n<li><span style=\"font-size: 16px;\">\u00c9 profundamente b\u00edblico e ajuda a levar o ouvinte mais perto do cora\u00e7\u00e3o da B\u00edblia.<\/span><\/li>\r\n<li><span style=\"font-size: 16px;\">Obriga o pregador a estudar constantemente a B\u00edblia.<\/span><\/li>\r\n<li><span style=\"font-size: 16px;\">\u00c9 muito apropriado para as prega\u00e7\u00f5es sistem\u00e1ticas e consecutivas de livros da B\u00edblia e de textos isolados.<\/span><\/li>\r\n<li><span style=\"font-size: 16px;\">Geralmente usa-se um ou dois versos.<\/span><\/li>\r\n<\/ol>\r\n<p>&nbsp;<\/p>\r\n<p><span style=\"font-size: 16px;\">Exemplos de serm\u00f5es textuais<strong>**<\/strong><\/span><\/p>\r\n<p><span style=\"font-size: 16px;\">\u00a0&#8211; O que o Criador espera do crist\u00e3o: Mq 6:8<\/span><\/p>\r\n<ol>\r\n<li><span style=\"font-size: 16px;\">Que pratique a justi\u00e7a.<\/span><\/li>\r\n<li><span style=\"font-size: 16px;\">Que ame a benefic\u00eancia.<\/span><\/li>\r\n<li><span style=\"font-size: 16px;\">Que ande humildemente com o Criador.<\/span><\/li>\r\n<\/ol>\r\n<p>&nbsp;<\/p>\r\n<p><span style=\"font-size: 16px;\">&#8211; Passos para UL\u2019HIM nos ouvir: II Cr 7:18<\/span><\/p>\r\n<ol>\r\n<li><span style=\"font-size: 16px;\">Convers\u00e3o.<\/span><\/li>\r\n<li><span style=\"font-size: 16px;\">Busc\u00e1-lo.<\/span><\/li>\r\n<li><span style=\"font-size: 16px;\">Humildade.<\/span><\/li>\r\n<li><span style=\"font-size: 16px;\">Ora\u00e7\u00e3o.<\/span><\/li>\r\n<\/ol>\r\n<p>&nbsp;<\/p>\r\n<p><span style=\"font-size: 16px;\">&#8211; Segredo para vit\u00f3ria: Fl 3:13 e 14<\/span><\/p>\r\n<ol>\r\n<li><span style=\"font-size: 16px;\">Uma coisa fa\u00e7o.<\/span><\/li>\r\n<li><span style=\"font-size: 16px;\">Esque\u00e7o-me do que para tr\u00e1s fica.<\/span><\/li>\r\n<li><span style=\"font-size: 16px;\">Prossigo para o alvo.<\/span><\/li>\r\n<li><span style=\"font-size: 16px;\">Busco o pr\u00eamio em Yaohu\u2019shua.<\/span><\/li>\r\n<\/ol>\r\n<p>&nbsp;<\/p>\r\n<p><span style=\"font-size: 16px;\">&#8211; Rever\u00eancia para com o ETERNO: Ap 14:7<\/span><\/p>\r\n<ol>\r\n<li><span style=\"font-size: 16px;\">Temei ao Criador.<\/span><\/li>\r\n<li><span style=\"font-size: 16px;\">Dai-lhe gl\u00f3ria.<\/span><\/li>\r\n<li><span style=\"font-size: 16px;\">Adorai-o.<\/span><\/li>\r\n<\/ol>\r\n<p>&nbsp;<\/p>\r\n<p><span style=\"font-size: 16px;\"><strong>III &#8211; \u00a0Serm\u00e3o Expositivo<\/strong><\/span><\/p>\r\n<ol>\r\n<li><span style=\"font-size: 16px;\">\u00c9 aquele que surge de uma passagem b\u00edblica com mais de\u00a0\u00a0 dois ou tr\u00eas vers\u00edculos, ou seja, de um contexto completo. Teoricamente este tipo de serm\u00e3o difere do serm\u00e3o textual, principalmente pela extens\u00e3o da passagem b\u00edblica em que se baseia; na pr\u00e1tica s\u00e3o praticamente iguais.<\/span><\/li>\r\n<li><span style=\"font-size: 16px;\">\u00c9 o que se ocupa principalmente da exegese ou exposi\u00e7\u00e3o completa de um texto, frases ou palavra das Escrituras.<\/span><\/li>\r\n<li><span style=\"font-size: 16px;\">A palavra chave \u00e9 \u201cexposi\u00e7\u00e3o\u201d, que d\u00e1 uma id\u00e9ia de \u201cexplicar\u201d, \u201ccolocar diante de\u201d, etc<\/span><\/li>\r\n<li><span style=\"font-size: 16px;\">O pensamento b\u00edblico ou do escritor b\u00edblico que determina a ess\u00eancia da prega\u00e7\u00e3o expositiva.<\/span><\/li>\r\n<li><span style=\"font-size: 16px;\">A prega\u00e7\u00e3o expositiva seria a forma mais aut\u00eantica da prega\u00e7\u00e3o e segue a pr\u00e1tica dos grandes pregadores do passado, como: Agostinho, Lutero, Calvino, etc.<\/span><\/li>\r\n<li><span style=\"font-size: 16px;\">A mensagem expositiva faz mais das Escrituras, contribuindo para um maior conhecimento b\u00edblico, criando maior interesse na B\u00edblia e n\u00e3o nos assuntos. Isto honra as Escrituras e alimenta os ouvintes.<\/span><\/li>\r\n<li><span style=\"font-size: 16px;\">\u201cNos quatro Evangelhos quase todos os par\u00e1grafos cont\u00eam material para um serm\u00e3o expositivo, que pode n\u00e3o ser dif\u00edcil de preparar. Especialmente as par\u00e1bolas se prestam a isso, pois todas elas evidenciam a imagina\u00e7\u00e3o inspirada operando como os fatos da vida.\u201d<\/span><\/li>\r\n<li><span style=\"font-size: 16px;\">No entanto, ele fica deveras restrito a alguns tipos de ouvintes e n\u00e3o se exige conhecimento b\u00edblico destes; de forma que praticamente n\u00e3o elimina poss\u00edveis Ventos de Doutrina; da\u00ed o risco de se escolher este que \u00e9 o mais popular tipo de serm\u00f5es.<\/span><\/li>\r\n<\/ol>\r\n<p>&nbsp;<\/p>\r\n<p><span style=\"font-size: 16px;\">&#8211; Exemplos de serm\u00f5es expositivos<strong>**<\/strong><\/span><\/p>\r\n<p><span style=\"font-size: 16px;\">\u00a0&#8211; A import\u00e2ncia do crist\u00e3o para o mundo: [Mt 5:13-16]<\/span><\/p>\r\n<ol>\r\n<li><span style=\"font-size: 16px;\">V\u00f3s sois o sal da terra &#8211; v. 13<\/span><\/li>\r\n<li><span style=\"font-size: 16px;\">V\u00f3s sois a luz do mundo \u2013 v. 14<\/span><\/li>\r\n<li><span style=\"font-size: 16px;\">Resplande\u00e7a a vossa luz &#8230;em boas obras &#8211; v. 16<\/span><\/li>\r\n<\/ol>\r\n<p>&nbsp;<\/p>\r\n<p><span style=\"font-size: 16px;\">&#8211; Atos gigantes em dire\u00e7\u00e3o a Cristo: [Mc 10:46-52]<\/span><\/p>\r\n<ol>\r\n<li><span style=\"font-size: 16px;\">Assentado junto do Caminho (ato de humildade) &#8211; v. 46<\/span><\/li>\r\n<li><span style=\"font-size: 16px;\">Come\u00e7ou a clamar (ato de coragem) &#8211; v. 47<\/span><\/li>\r\n<li><span style=\"font-size: 16px;\">Levantou-se (ato de f\u00e9) &#8211; v. 50<\/span><\/li>\r\n<li><span style=\"font-size: 16px;\">Seguiu a Yaohu\u2019shua (ato de perseveran\u00e7a) &#8211; v. 52<\/span><\/li>\r\n<\/ol>\r\n<p>&nbsp;<\/p>\r\n<p><span style=\"font-size: 16px;\">&#8211; Subamos a Betel: [Gn 35:2, 3]<\/span><\/p>\r\n<ol>\r\n<li><span style=\"font-size: 16px;\">Tirai os \u00eddolos estranhos do meio de v\u00f3s &#8211; v. 2<\/span><\/li>\r\n<li><span style=\"font-size: 16px;\">Purificai-vos &#8211; v. 2<\/span><\/li>\r\n<li><span style=\"font-size: 16px;\">Mudai os vossos vestidos &#8211; v. 2<\/span><\/li>\r\n<li><span style=\"font-size: 16px;\">E levantemo-nos &#8211; v. 3<\/span><\/li>\r\n<\/ol>\r\n<p>&nbsp;<\/p>\r\n<p><span style=\"font-size: 16px;\">&#8211; Quando um jovem vai \u00e0 igreja: [Is 6:1-8]<\/span><\/p>\r\n<ol>\r\n<li><span style=\"font-size: 16px;\">Tem ampla vis\u00e3o do Criador &#8211; v. 1-14<\/span><\/li>\r\n<li><span style=\"font-size: 16px;\">Reconhece o seu pecado &#8211; v. 5<\/span><\/li>\r\n<li><span style=\"font-size: 16px;\">Sente necessidade de purifica\u00e7\u00e3o &#8211; v.7<\/span><\/li>\r\n<li><span style=\"font-size: 16px;\">Alista-se para o servi\u00e7o &#8211; v. 8<\/span><\/li>\r\n<\/ol>\r\n<p><span style=\"font-size: 16px;\"><strong>* <\/strong>A <strong>CYC<\/strong> adota o Serm\u00e3o Expositivo por atingir mais pessoas, apesar se exigir um tempo (dedica\u00e7\u00e3o) de preparo maior; com at\u00e9 mesmo uma semana de anteced\u00eancia&#8230;<\/span><\/p>\r\n<p><span style=\"font-size: 16px;\"><strong>** <\/strong>Apenas sugerimos as id\u00e9ias que dever\u00e3o ser desenvolvidas pelo pregador.<\/span><\/p>\r\n<p style=\"text-align: center;\"><span style=\"font-size: 16px;\"><strong>CYC \u2013 Congrega\u00e7\u00e3o Yaoshorul\u2019ita oCaminho<\/strong><\/span><\/p>\r\n<p style=\"text-align: center;\"><span style=\"font-family: Verdana;\"><span style=\"font-size: 28px;\"><b><i>..<\/i><\/b><\/span><\/span><\/p>\r\n<p>&nbsp;<\/p>\r\n<p style=\"text-align: center;\"><b><span style=\"color: #808080; font-family: Verdana;\"> <a href=\"http:\/\/overboyaohushua.com\/index.php\/principal-6\/\"><span style=\"color: #808080;\"> <marquee>Seja um Rosh (l\u00edder Congregacional); fa\u00e7a o CTA: Curso de Teologia Aplicada &#8211; CLIC!<\/marquee><\/span><\/a><\/span><\/b><\/p>\r\n\r\n<p><strong><span style=\"font-size: 16px;\"><a href=\"https:\/\/overboyaohushua.com\/wp-content\/uploads\/2022\/11\/Tipos-de-serm\u00f5es.pdf\"><img loading=\"lazy\" decoding=\"async\" src=\"https:\/\/overboyaohushua.com\/wp-content\/uploads\/2020\/03\/PDF-Download-150x150.jpg\" alt=\"\" width=\"65\" height=\"65\" class=\"alignleft wp-image-1972\" srcset=\"https:\/\/overboyaohushua.com\/wp-content\/uploads\/2020\/03\/PDF-Download-150x150.jpg 150w, https:\/\/overboyaohushua.com\/wp-content\/uploads\/2020\/03\/PDF-Download-300x300.jpg 300w, https:\/\/overboyaohushua.com\/wp-content\/uploads\/2020\/03\/PDF-Download-100x100.jpg 100w, https:\/\/overboyaohushua.com\/wp-content\/uploads\/2020\/03\/PDF-Download.jpg 346w\" sizes=\"auto, (max-width: 65px) 100vw, 65px\" \/><\/a>SE DESEJAR, CLIC NESTA IMAGEM PARA BAIXAR ESTE ESTUDO EM SEU CELULAR&#8230;<\/span><\/strong><\/p>\r\n<p><strong>D\u00favidas:<\/strong><\/p>\r\n\r\n\r\n\t\t\t<link rel=\"stylesheet\" property=\"stylesheet\" href=\"https:\/\/overboyaohushua.com\/wp-content\/plugins\/happyforms\/bundles\/css\/frontend.css\" \/>\n\t\t\t\t<!-- HappyForms CSS variables -->\n\t<style>\n\t#happyforms-54 {\n\t\t--happyforms-part-title-font-size: 16px;\n--happyforms-part-description-font-size: 14px;\n--happyforms-part-value-font-size: 16px;\n--happyforms-submit-button-font-size: 18px;\n--happyforms-color-primary: #000000;\n--happyforms-color-success-notice: #ebf9f0;\n--happyforms-color-success-notice-text: #1eb452;\n--happyforms-color-error: #ff7550;\n--happyforms-color-error-notice: #ffeeea;\n--happyforms-color-error-notice-text: #f23000;\n--happyforms-color-part-title: #000000;\n--happyforms-color-part-value: #000000;\n--happyforms-color-part-placeholder: #888888;\n--happyforms-color-part-description: #454545;\n--happyforms-color-part-border: #dbdbdb;\n--happyforms-color-part-border-focus: #407fff;\n--happyforms-color-part-background: #ffffff;\n--happyforms-color-part-background-focus: #ffffff;\n--happyforms-color-submit-background: #407fff;\n--happyforms-color-submit-background-hover: #3567cc;\n--happyforms-color-submit-border: transparent;\n--happyforms-color-submit-text: #ffffff;\n--happyforms-color-submit-text-hover: #ffffff;\n--happyforms-color-table-row-odd: #fcfcfc;\n--happyforms-color-table-row-even: #efefef;\n--happyforms-color-table-row-odd-text: #000000;\n--happyforms-color-table-row-even-text: #000000;\n--happyforms-color-dropdown-item-bg: #ffffff;\n--happyforms-color-dropdown-item-text: #000000;\n--happyforms-color-dropdown-item-bg-hover: #dbdbdb;\n--happyforms-color-dropdown-item-text-hover: #000000;\n--happyforms-color-divider-hr: #cccccc;\n--happyforms-color-choice-checkmark-bg: #ffffff;\n--happyforms-color-choice-checkmark-bg-focus: #000000;\n--happyforms-color-choice-checkmark-color: #ffffff;\n\t}\n\t<\/style>\n\t<!-- End of HappyForms CSS variables -->\n\t\t<!-- HappyForms Additional CSS -->\n\t<style data-happyforms-additional-css>\n\t\t<\/style>\n\t<!-- End of HappyForms Additional CSS -->\n\t\t\t<link rel=\"stylesheet\" type=\"text\/css\" href=\"https:\/\/overboyaohushua.com\/wp-content\/plugins\/happyforms\/core\/assets\/css\/no-interaction.css\">\n\t\t<div class=\"happyforms-form happyforms-styles\" id=\"happyforms-54\">\n\t\t\n\t<form action=\"\" id=\"happyforms-form-54\" method=\"post\" novalidate=\"true\" autocomplete=\"off\">\n\t\t\t\t<input type=\"hidden\" name=\"happyforms_random_seed\" value=\"122996103\" \/>\n\t\t\n\t\t\t<input type=\"hidden\" name=\"action\" value=\"happyforms_message\">\n\t\t\t\t<input type=\"hidden\" name=\"client_referer\" value=\"\">\n\t\t\t\t<input type=\"hidden\" name=\"current_post_id\" value=\"\">\n\t\t\t\t<input type=\"hidden\" name=\"happyforms_form_id\" value=\"54\" \/>\n\t\t\t\t<input type=\"hidden\" name=\"happyforms_step\" value=\"0\" \/>\n\t\n\t\t<div class=\"happyforms-flex\">\n\t\t\t\t<input type=\"text\" name=\"54-number\" style=\"position:absolute;left:-5000px;\" tabindex=\"-1\" autocomplete=\"off\" aria-hidden=\"true\"> <span class=\"screen-reader-text\">Leave this field blank<\/span>\n\t\t\t\t\t\t\t\t\t\t<div class=\"happyforms-form__part happyforms-part happyforms-part--single_line_text happyforms-part--width-full happyforms-part--label-above\" id=\"happyforms-54_single_line_text_1-part\" data-happyforms-type=\"single_line_text\" data-happyforms-id=\"single_line_text_1\" data-happyforms-required=\"\">\n\t<div class=\"happyforms-part-wrap\">\n\t\t\n\t\t\t\t\t\t<div class=\"happyforms-part__label-container\">\n\t\t\t\t<label for=\"happyforms-54_single_line_text_1\" class=\"happyforms-part__label\">\n\t\t\t<span class=\"label\">Nome<\/span>\n\t\t\t\t\t\t\t\t\t\t<span class=\"happyforms-required\"><\/span>\n\t\t\t\t\t\t\t\t\t\t<span class=\"happyforms-optional\">(optional)<\/span>\n\t\t\t\t\t<\/label>\n\t\t\t<\/div>\n\t\t\t\n\t\t\n\t\t<div class=\"happyforms-part__el\">\n\t\t\t\n\t\t\t\n\t\t\t<div class=\"happyforms-input\">\n\t\t\t\t\n\t\t\t\t<input id=\"happyforms-54_single_line_text_1\" type=\"text\" name=\"54_single_line_text_1\" value=\"\" placeholder=\"\" autocomplete=\"off\" spellcheck=\"false\"  autocorrect=\"off\" \/>\n\t\t\t\t\t\t\t<\/div>\n\n\t\t\t\n\t\t\t\n\t\t\t\t\t<\/div>\n\t<\/div>\n<\/div>\n<div class=\"happyforms-part--with-autocomplete happyforms-form__part happyforms-part happyforms-part--email happyforms-part--width-full happyforms-part--label-above\" id=\"happyforms-54_email_7-part\" data-happyforms-type=\"email\" data-happyforms-id=\"email_7\" data-happyforms-required=\"\">\n\t\t<div class=\"happyforms-part-wrap\">\n\t\t\t\t\t\t<div class=\"happyforms-part__label-container\">\n\t\t\t\t<label for=\"happyforms-54_email_7\" class=\"happyforms-part__label\">\n\t\t\t<span class=\"label\">Email<\/span>\n\t\t\t\t\t\t\t\t\t\t<span class=\"happyforms-required\"><\/span>\n\t\t\t\t\t\t\t\t\t\t<span class=\"happyforms-optional\">(optional)<\/span>\n\t\t\t\t\t<\/label>\n\t\t\t<\/div>\n\t\t\t\n\t\t\n\t\t<div class=\"happyforms-part__el\">\n\t\t\t\n\t\t\t\n\t\t\t<div class=\"happyforms-input\">\n\t\t\t\t<input type=\"email\" name=\"54_email_7\" id=\"happyforms-54_email_7\" value=\"\" placeholder=\"\" autocomplete=\"off\" spellcheck=\"false\"  autocorrect=\"off\" \/>\n\t\t\t\t\t\t\t<\/div>\n\n\t\t\t\n\t\t\t\n\t\t\t\t\t<\/div>\n\t<\/div>\n<\/div>\n<div class=\"happyforms-form__part happyforms-part happyforms-part--single_line_text happyforms-part--width-full happyforms-part--label-above\" id=\"happyforms-54_single_line_text_2-part\" data-happyforms-type=\"single_line_text\" data-happyforms-id=\"single_line_text_2\" data-happyforms-required=\"\">\n\t<div class=\"happyforms-part-wrap\">\n\t\t\n\t\t\t\t\t\t<div class=\"happyforms-part__label-container\">\n\t\t\t\t<label for=\"happyforms-54_single_line_text_2\" class=\"happyforms-part__label\">\n\t\t\t<span class=\"label\">Cidade+ Estado<\/span>\n\t\t\t\t\t\t\t\t\t\t<span class=\"happyforms-required\"><\/span>\n\t\t\t\t\t\t\t\t\t\t<span class=\"happyforms-optional\">(optional)<\/span>\n\t\t\t\t\t<\/label>\n\t\t\t<\/div>\n\t\t\t\n\t\t\n\t\t<div class=\"happyforms-part__el\">\n\t\t\t\n\t\t\t\n\t\t\t<div class=\"happyforms-input\">\n\t\t\t\t\n\t\t\t\t<input id=\"happyforms-54_single_line_text_2\" type=\"text\" name=\"54_single_line_text_2\" value=\"\" placeholder=\"\" autocomplete=\"off\" spellcheck=\"false\"  autocorrect=\"off\" \/>\n\t\t\t\t\t\t\t<\/div>\n\n\t\t\t\n\t\t\t\n\t\t\t\t\t<\/div>\n\t<\/div>\n<\/div>\n<div class=\"happyforms-form__part happyforms-part happyforms-part--multi_line_text happyforms-part--width-full happyforms-part--label-above\" id=\"happyforms-54_multi_line_text_6-part\" data-happyforms-type=\"multi_line_text\" data-happyforms-id=\"multi_line_text_6\" data-happyforms-required=\"\">\n\t<div class=\"happyforms-part-wrap\">\n\t\t\t\t\t\t<div class=\"happyforms-part__label-container\">\n\t\t\t\t<label for=\"happyforms-54_multi_line_text_6\" class=\"happyforms-part__label\">\n\t\t\t<span class=\"label\">Mensagem<\/span>\n\t\t\t\t\t\t\t\t\t\t<span class=\"happyforms-required\"><\/span>\n\t\t\t\t\t\t\t\t\t\t<span class=\"happyforms-optional\">(optional)<\/span>\n\t\t\t\t\t<\/label>\n\t\t\t<\/div>\n\t\t\t\n\t\t\n\t\t<div class=\"happyforms-part__el\">\n\t\t\t\n\t\t\t\t\t\t<textarea id=\"happyforms-54_multi_line_text_6\" name=\"54_multi_line_text_6\" rows=\"5\" placeholder=\"\" autocomplete=\"off\" spellcheck=\"false\" autocorrect=\"off\" ><\/textarea>\n\t\t\t\n\t\t\t\n\t\t\t\t\t<\/div>\n\t<\/div>\n<\/div>\n\t\t\t\t\t\t<div class=\"happyforms-form__part happyforms-part happyforms-part--submit\">\n\t\t<button type=\"submit\" class=\"happyforms-submit happyforms-button--submit \">ENVIAR<\/button>\n\t<\/div>\t\t<\/div>\n\n\t\t\t<\/form>\n\n\t<\/div>\n\n<div style='text-align:left' class='yasr-auto-insert-overall'><\/div><div style='text-align:left' class='yasr-auto-insert-visitor'><\/div>","protected":false},"excerpt":{"rendered":"<p>Tipos de serm\u00f5es* A grande maioria dos serm\u00f5es dentro das mais diversas denomina\u00e7\u00f5es, n\u00e3o tem o seu preparo pr\u00e9vio (usa-se a dita revela\u00e7\u00e3o&#8230; ou seja, abre-se as Escrituras em uma parte qualquer e corre-se o olhar \u2013 diga-se, o dedo \u2013 sobre a p\u00e1gina e onde parar, l\u00ea-se o texto e inicia-se uma pretensa explica\u00e7\u00e3o [&hellip;]<\/p>\n","protected":false},"author":1,"featured_media":0,"parent":0,"menu_order":0,"comment_status":"closed","ping_status":"closed","template":"","meta":{"yasr_overall_rating":0,"yasr_post_is_review":"","yasr_auto_insert_disabled":"","yasr_review_type":"","footnotes":""},"class_list":["post-3295","page","type-page","status-publish","hentry"],"yasr_visitor_votes":{"stars_attributes":{"read_only":false,"span_bottom":false},"number_of_votes":0,"sum_votes":0},"_links":{"self":[{"href":"https:\/\/overboyaohushua.com\/index.php\/wp-json\/wp\/v2\/pages\/3295","targetHints":{"allow":["GET"]}}],"collection":[{"href":"https:\/\/overboyaohushua.com\/index.php\/wp-json\/wp\/v2\/pages"}],"about":[{"href":"https:\/\/overboyaohushua.com\/index.php\/wp-json\/wp\/v2\/types\/page"}],"author":[{"embeddable":true,"href":"https:\/\/overboyaohushua.com\/index.php\/wp-json\/wp\/v2\/users\/1"}],"replies":[{"embeddable":true,"href":"https:\/\/overboyaohushua.com\/index.php\/wp-json\/wp\/v2\/comments?post=3295"}],"version-history":[{"count":1,"href":"https:\/\/overboyaohushua.com\/index.php\/wp-json\/wp\/v2\/pages\/3295\/revisions"}],"predecessor-version":[{"id":3297,"href":"https:\/\/overboyaohushua.com\/index.php\/wp-json\/wp\/v2\/pages\/3295\/revisions\/3297"}],"wp:attachment":[{"href":"https:\/\/overboyaohushua.com\/index.php\/wp-json\/wp\/v2\/media?parent=3295"}],"curies":[{"name":"wp","href":"https:\/\/api.w.org\/{rel}","templated":true}]}}