{"id":3640,"date":"2024-02-01T23:00:50","date_gmt":"2024-02-01T21:00:50","guid":{"rendered":"https:\/\/overboyaohushua.com\/?page_id=3640"},"modified":"2024-10-13T18:16:05","modified_gmt":"2024-10-13T15:16:05","slug":"esnpdf","status":"publish","type":"page","link":"https:\/\/overboyaohushua.com\/index.php\/esnpdf\/","title":{"rendered":"ESNfree"},"content":{"rendered":"\r\n<div class=\"wp-block-image\" style=\"text-align: center;\">\r\n<figure class=\"aligncenter\"><img decoding=\"async\" src=\"http:\/\/wp.cyocaminho.org\/wp-content\/uploads\/2019\/02\/CYCLog-1024x83.png\" alt=\"\" class=\"wp-image-25 aligncenter\" \/>\r\n\r\n<img loading=\"lazy\" decoding=\"async\" src=\"https:\/\/overboyaohushua.com\/wp-content\/uploads\/2021\/05\/CYCLog.png\" alt=\"\" width=\"1325\" height=\"122\" class=\"alignnone wp-image-2777 size-full\" style=\"color: #333333; font-family: 'Helvetica Neue', Helvetica, Arial, sans-serif;\" srcset=\"https:\/\/overboyaohushua.com\/wp-content\/uploads\/2021\/05\/CYCLog.png 1325w, https:\/\/overboyaohushua.com\/wp-content\/uploads\/2021\/05\/CYCLog-300x28.png 300w, https:\/\/overboyaohushua.com\/wp-content\/uploads\/2021\/05\/CYCLog-768x71.png 768w, https:\/\/overboyaohushua.com\/wp-content\/uploads\/2021\/05\/CYCLog-1024x94.png 1024w, https:\/\/overboyaohushua.com\/wp-content\/uploads\/2021\/05\/CYCLog-600x55.png 600w\" sizes=\"auto, (max-width: 1325px) 100vw, 1325px\" \/><a href=\"https:\/\/www.cyocaminho.org\" style=\"background-color: #ffffff;\"><\/a><\/figure>\r\n<p><a href=\"https:\/\/www.cyocaminho.org\">www.cyocaminho.org<\/a><\/p>\r\n<p>&nbsp;<\/p>\r\n<\/div>\r\n<p><img loading=\"lazy\" decoding=\"async\" src=\"https:\/\/overboyaohushua.com\/wp-content\/uploads\/2024\/04\/brasil.gif\" alt=\"\" width=\"87\" height=\"90\" class=\"size-full wp-image-3732 alignleft\" \/><\/p>\r\n<p style=\"text-align: center;\"><span style=\"font-family: Verdana;\"><span style=\"font-size: 28px;\"><b><i>Shua&#8217;oleym! No link abaixo, disponibilizamos\u00a0<\/i><\/b><\/span><\/span><\/p>\r\n<p style=\"text-align: center;\"><span style=\"font-family: Verdana;\"><span style=\"font-size: 28px;\"><b><i>gratuitamente a ESN em pdf para voc\u00ea usar em seu Celular ou PC<\/i><\/b><\/span><\/span><\/p>\r\n<p style=\"text-align: center;\"><span style=\"font-size: 16px;\">[No celular, voc\u00ea vai precisar de um leitor de PDF &#8211; caso n\u00e3o tenha &#8211; que voc\u00ea pode baixar no <strong>PlayStore<\/strong> &#8211; abra o aplicativo e escreva &#8220;<strong>Foxit PDF Editor<\/strong>&#8221;\u00a0<\/span><span style=\"font-size: 16px;\">na busca &#8211; o link que aparecer, voc\u00ea pode <a href=\"https:\/\/overboyaohushua.com\/wp-content\/uploads\/2024\/02\/ESNapp.pdf\"><strong><span style=\"font-size: 20px;\"><\/span><\/strong><\/a><strong><\/strong>&#8216;instalar&#8217;]&#8230;<\/span><\/p>\r\n<p style=\"text-align: center;\"><\/p>\r\n<table class=\" aligncenter\" style=\"width: 926.188px;\">\r\n<tbody>\r\n<tr style=\"height: 7.29688px;\">\r\n<td style=\"height: 7.29688px; width: 55px;\"><strong><a href=\"https:\/\/overboyaohushua.com\/wp-content\/uploads\/2024\/02\/ESNapp4.pdf\"><span style=\"font-size: 24px;\"><img loading=\"lazy\" decoding=\"async\" src=\"https:\/\/overboyaohushua.com\/wp-content\/uploads\/2024\/04\/brazil-flag.png\" alt=\"\" width=\"31\" height=\"22\" class=\"wp-image-3744  aligncenter\" srcset=\"https:\/\/overboyaohushua.com\/wp-content\/uploads\/2024\/04\/brazil-flag.png 640w, https:\/\/overboyaohushua.com\/wp-content\/uploads\/2024\/04\/brazil-flag-300x210.png 300w, https:\/\/overboyaohushua.com\/wp-content\/uploads\/2024\/04\/brazil-flag-600x420.png 600w\" sizes=\"auto, (max-width: 31px) 100vw, 31px\" \/><\/span><\/a><\/strong><\/td>\r\n<td style=\"height: 7.29688px; width: 868.188px;\"><a href=\"https:\/\/overboyaohushua.com\/wp-content\/uploads\/2024\/04\/ESNapp6.pdf\"><span style=\"font-size: 28px;\"><strong style=\"color: #747474; font-family: 'Open Sans', sans-serif; letter-spacing: normal; text-align: center; background-color: #ffffff;\">\u00a0<\/strong><\/span><strong><span style=\"font-size: 20px;\"><span style=\"font-size: 28px;\">ESN &#8211; Escrituras Sagradas segundo oNome (PDF indexado)\u00a0<\/span><\/span><\/strong><\/a><\/td>\r\n<\/tr>\r\n<\/tbody>\r\n<\/table>\r\n<p style=\"text-align: center;\"><\/p>\r\n<p style=\"text-align: center;\"><strong><a href=\"https:\/\/overboyaohushua.com\/wp-content\/uploads\/2020\/03\/A-trindade.pdf\"><img loading=\"lazy\" decoding=\"async\" src=\"https:\/\/overboyaohushua.com\/wp-content\/uploads\/2020\/03\/PDF-Download-150x150.jpg\" alt=\"\" width=\"65\" height=\"65\" class=\"alignleft wp-image-1972 \" srcset=\"https:\/\/overboyaohushua.com\/wp-content\/uploads\/2020\/03\/PDF-Download-150x150.jpg 150w, https:\/\/overboyaohushua.com\/wp-content\/uploads\/2020\/03\/PDF-Download-300x300.jpg 300w, https:\/\/overboyaohushua.com\/wp-content\/uploads\/2020\/03\/PDF-Download-100x100.jpg 100w, https:\/\/overboyaohushua.com\/wp-content\/uploads\/2020\/03\/PDF-Download.jpg 346w\" sizes=\"auto, (max-width: 65px) 100vw, 65px\" \/><\/a>OBS:<\/strong> Ap\u00f3s clicar no link acima, VERIFIQUE na pasta &#8216;FILES&#8217; do seu celular, na sess\u00e3o &#8220;Downloads&#8221;. Ao clicar em &#8216;abrir&#8217;, escolha o aplicativo usado para abrir PDF em seu celular (escolha: Sempre); se estiver usando <strong>APP FOXIT<\/strong>, quando o PDF da ESN abrir, vai aparecer v\u00e1rios atalhos para editar o PDF&#8230; D\u00ea um &#8216;toque&#8217; r\u00e1pido na tela do celular que a ESN vai aparecer completa (tela cheia) sem os \u00edcones&#8230;<\/p>\r\n<p>&nbsp;<\/p>\r\n<p style=\"text-align: center;\"><strong><span style=\"font-size: 28px;\">E-BOOK\u00a0<\/span><\/strong><\/p>\r\n<p style=\"text-align: center;\"><span style=\"font-size: 20px;\"><strong>ESN (Linguagem Padr\u00e3o &#8211; a tradicional)!<\/strong><\/span><\/p>\r\n<blockquote>\r\n<p><span style=\"font-size: 16px;\">Para voc\u00ea usar em seu Computador ou no Celular &#8211; basta ter ou baixar um Leitor de PDF e pronto: Totalmente indexada (voc\u00ea navega entre os livros e cap\u00edtulos com um simples toque ou clic)! Ap\u00f3s a compra, voc\u00ea a recebe em seu e-mail; e, ao abrir, ela vai estar em sua p\u00e1gina de Download &#8211; mas estaremos aqui para orient\u00e1-los de como instalar e usar!!! <strong><a href=\"https:\/\/overboyaohushua.com\/index.php\/produto\/e-book\/\">Saiba Mais&#8230;<\/a><\/strong><\/span><\/p>\r\n<\/blockquote>\r\n<p><img loading=\"lazy\" decoding=\"async\" src=\"https:\/\/overboyaohushua.com\/wp-content\/uploads\/2019\/02\/ESNpad-150x150.png\" alt=\"\" width=\"150\" height=\"150\" class=\"size-thumbnail wp-image-1768 alignleft\" srcset=\"https:\/\/overboyaohushua.com\/wp-content\/uploads\/2019\/02\/ESNpad-150x150.png 150w, https:\/\/overboyaohushua.com\/wp-content\/uploads\/2019\/02\/ESNpad-100x100.png 100w\" sizes=\"auto, (max-width: 150px) 100vw, 150px\" \/><\/p>\r\n<ul>\r\n<li><span style=\"font-size: 20px;\">A \u00fanica sem as corrup\u00e7\u00f5es do paganismo<\/span><\/li>\r\n<li><span style=\"font-size: 20px;\">Com a translitera\u00e7\u00e3o correta do Nome<\/span><\/li>\r\n<li><span style=\"font-size: 20px;\">Sem os Ventos de Doutrinas pentecostais<\/span><\/li>\r\n<li><span style=\"font-size: 20px;\">Unitariana: Pai &amp; Filho presentes desde as primeiras p\u00e1ginas<\/span>\u00a0<\/li>\r\n<li><\/li>\r\n<\/ul>\r\n<p style=\"text-align: center;\"><span style=\"color: #0000ff;\"><strong><span style=\"font-size: 20px;\">Promo\u00e7\u00e3o Limitada: R$ 29,99 (PIX)<\/span><\/strong><\/span><\/p>\r\n<p style=\"text-align: center;\"><span style=\"font-size: 14px;\"><strong>[J\u00c1 DISPON\u00cdVEL]<\/strong><\/span><\/p>\r\n<p style=\"text-align: center;\"><a class=\"maxbutton-5 maxbutton maxbutton-ebook\" href=\"\/index.php\/model-65-13\/\"><span class='mb-text'>COMPRE J\u00c1!!!<\/span><\/a>\r\n<p style=\"text-align: center;\"><img loading=\"lazy\" decoding=\"async\" src=\"https:\/\/overboyaohushua.com\/wp-content\/uploads\/2024\/09\/ESNebook.png\" alt=\"\" width=\"283\" height=\"289\" class=\"alignnone wp-image-3883 size-full\" \/>\u00a0<\/p>\r\n<p style=\"text-align: center;\"><span style=\"font-size: 20px;\">Ou use a nossa chave PIX: cyocaminho@g,mail.com &#8211; depois compartilhe o comprovante conosco\u00a0 para fazermos tudo pelo ZAP (Hor\u00e1rio: de seg. a seg das 9:00hs \u00e0s 19:00hs. No s\u00e1bado somente depois das 11:00hs<\/span><\/p>\r\n<blockquote>\r\n<p><strong><span style=\"font-size: 16px;\">URGENTE: Compre j\u00e1 (ou reserve a sua); resta-nos pouco tempo e voc\u00ea poder\u00e1 ficar sem a sua, como J\u00c1 aconteceu com as edi\u00e7\u00f5es impressas&#8230;<\/span><\/strong><\/p>\r\n<\/blockquote>\r\n<p style=\"text-align: center;\"><span style=\"font-size: 28px;\"><strong><em><span style=\"font-family: 'comic sans ms', sans-serif;\">E-Book: as Escrituras Sagradas Segundo oNome (Linguagem Padr\u00e3o) &#8211; COMPRE J\u00c1 A SUA!!!<\/span><\/em><\/strong><\/span><\/p>\r\n<p style=\"text-align: center;\"><img loading=\"lazy\" decoding=\"async\" src=\"https:\/\/overboyaohushua.com\/wp-content\/uploads\/2020\/11\/Pix.png\" alt=\"\" width=\"366\" height=\"136\" class=\"wp-image-2413  alignnone\" srcset=\"https:\/\/overboyaohushua.com\/wp-content\/uploads\/2020\/11\/Pix.png 495w, https:\/\/overboyaohushua.com\/wp-content\/uploads\/2020\/11\/Pix-300x112.png 300w\" sizes=\"auto, (max-width: 366px) 100vw, 366px\" \/><\/p>\r\n<p>&nbsp;<\/p>\r\n<p>&nbsp;<\/p>\r\n<p style=\"text-align: center;\"><strong><span style=\"font-size: 28px;\">ESNs L\u00cdNGUAS (by Google Translat)<\/span><\/strong><\/p>\r\n<p style=\"text-align: center;\"><span style=\"font-size: 20px;\"><strong>CLIC na Bandeira (IDIOMA) que voc\u00ea desejar&#8230;<\/strong><\/span><\/p>\r\n<table>\r\n<tbody>\r\n<tr>\r\n<td style=\"text-align: center;\"><a href=\"https:\/\/overboyaohushua.com\/wp-content\/uploads\/2024\/04\/ESNappAl.pdf\"><img loading=\"lazy\" decoding=\"async\" src=\"https:\/\/overboyaohushua.com\/wp-content\/uploads\/2024\/04\/AL.png\" alt=\"\" width=\"127\" height=\"86\" class=\"wp-image-3733  aligncenter\" srcset=\"https:\/\/overboyaohushua.com\/wp-content\/uploads\/2024\/04\/AL.png 310w, https:\/\/overboyaohushua.com\/wp-content\/uploads\/2024\/04\/AL-300x203.png 300w\" sizes=\"auto, (max-width: 127px) 100vw, 127px\" \/><\/a><\/td>\r\n<td style=\"text-align: center;\"><a href=\"https:\/\/overboyaohushua.com\/wp-content\/uploads\/2024\/04\/ESNappEs.pdf\"><img loading=\"lazy\" decoding=\"async\" src=\"https:\/\/overboyaohushua.com\/wp-content\/uploads\/2024\/04\/ES.png\" alt=\"\" width=\"115\" height=\"80\" class=\"wp-image-3734  aligncenter\" \/><\/a><\/td>\r\n<td style=\"text-align: center;\"><a href=\"https:\/\/overboyaohushua.com\/wp-content\/uploads\/2024\/04\/ESNappIn.pdf\"><img loading=\"lazy\" decoding=\"async\" src=\"https:\/\/overboyaohushua.com\/wp-content\/uploads\/2024\/04\/EUA.png\" alt=\"\" width=\"126\" height=\"91\" class=\"aligncenter wp-image-3737 \" \/><\/a><\/td>\r\n<td style=\"text-align: center;\"><a href=\"https:\/\/overboyaohushua.com\/wp-content\/uploads\/2024\/04\/ESNappFr.pdf\"><img loading=\"lazy\" decoding=\"async\" src=\"https:\/\/overboyaohushua.com\/wp-content\/uploads\/2024\/04\/FR.png\" alt=\"\" width=\"124\" height=\"87\" class=\"aligncenter wp-image-3735 \" srcset=\"https:\/\/overboyaohushua.com\/wp-content\/uploads\/2024\/04\/FR.png 303w, https:\/\/overboyaohushua.com\/wp-content\/uploads\/2024\/04\/FR-300x211.png 300w\" sizes=\"auto, (max-width: 124px) 100vw, 124px\" \/><\/a><\/td>\r\n<td style=\"text-align: center;\"><a href=\"https:\/\/overboyaohushua.com\/wp-content\/uploads\/2024\/04\/ESNappIt.pdf\"><img loading=\"lazy\" decoding=\"async\" src=\"https:\/\/overboyaohushua.com\/wp-content\/uploads\/2024\/04\/IT.png\" alt=\"\" width=\"117\" height=\"79\" class=\"aligncenter wp-image-3736 \" \/><\/a><\/td>\r\n<\/tr>\r\n<\/tbody>\r\n<\/table>\r\n<p>&nbsp;<\/p>\r\n<blockquote>\r\n<p style=\"text-align: center;\"><span style=\"font-size: 16px;\">IRM\u00c3OS&#8230; DEVIDO \u00c0 NOSSA SA\u00daDE, N\u00c3O ESTAMOS MAIS CONFECIONANDO A ESN IMPRESSA&#8230; SENDO ASSIM, A NOSSA RECEITA QUE NOS AJUDAVA A MANTER A CYC &#8211; CONGREGA\u00c7\u00c3O YAOSHORUL&#8217;ITA oCAMINHO; N\u00c3O EST\u00c1 MAIS DISPON\u00cdVEL&#8230; POR ISTO, SE VOC\u00ca ACHAR POR BEM, AO BAIXAR ESTA VERS\u00c3O GRATUITA EM SEU CELULAR, ENVIE-NOS UM <strong>PIX<\/strong> DE AGRADECIMETO &#8211; II Co 9:6-11 (QUALQUER VALOR)! NOSSA CHAVE: <strong><a href=\"mailto:cyocaminho@gmail.com\">cyocaminho@gmail.com<\/a><\/strong><\/span><\/p>\r\n<\/blockquote>\r\n<p><img loading=\"lazy\" decoding=\"async\" src=\"https:\/\/overboyaohushua.com\/wp-content\/uploads\/2024\/02\/pix-300x113.png\" alt=\"\" width=\"300\" height=\"113\" class=\"alignnone wp-image-3644 size-medium\" srcset=\"https:\/\/overboyaohushua.com\/wp-content\/uploads\/2024\/02\/pix-300x113.png 300w, https:\/\/overboyaohushua.com\/wp-content\/uploads\/2024\/02\/pix-768x290.png 768w, https:\/\/overboyaohushua.com\/wp-content\/uploads\/2024\/02\/pix-1024x386.png 1024w, https:\/\/overboyaohushua.com\/wp-content\/uploads\/2024\/02\/pix-600x226.png 600w, https:\/\/overboyaohushua.com\/wp-content\/uploads\/2024\/02\/pix.png 1529w\" sizes=\"auto, (max-width: 300px) 100vw, 300px\" \/><\/p>\r\n<p><img loading=\"lazy\" decoding=\"async\" src=\"https:\/\/overboyaohushua.com\/wp-content\/uploads\/2023\/10\/QRcodOferta1-300x298.jpeg\" alt=\"\" width=\"300\" height=\"298\" class=\"alignnone wp-image-3551 size-medium\" srcset=\"https:\/\/overboyaohushua.com\/wp-content\/uploads\/2023\/10\/QRcodOferta1-300x298.jpeg 300w, https:\/\/overboyaohushua.com\/wp-content\/uploads\/2023\/10\/QRcodOferta1-150x150.jpeg 150w, https:\/\/overboyaohushua.com\/wp-content\/uploads\/2023\/10\/QRcodOferta1-100x100.jpeg 100w, https:\/\/overboyaohushua.com\/wp-content\/uploads\/2023\/10\/QRcodOferta1.jpeg 449w\" sizes=\"auto, (max-width: 300px) 100vw, 300px\" \/><\/p>\r\n<p>&nbsp;<\/p>\r\n<p style=\"text-align: center;\"><b><span style=\"color: #808080; font-family: Verdana;\"> <a href=\"http:\/\/overboyaohushua.com\/index.php\/principal-6\/\"><span style=\"color: #808080;\"> <marquee>Seja um Rosh (l\u00edder Congregacional); fa\u00e7a o CTA: Curso de Teologia Aplicada &#8211; CLIC!<\/marquee><\/span><\/a><\/span><\/b><\/p>\r\n\r\n<p>&nbsp;<\/p>\r\n<p><strong>D\u00favidas:<\/strong><\/p>\r\n\r\n\r\n\t\t\t<link rel=\"stylesheet\" property=\"stylesheet\" href=\"https:\/\/overboyaohushua.com\/wp-content\/plugins\/happyforms\/bundles\/css\/frontend.css\" \/>\n\t\t\t\t<!-- HappyForms CSS variables -->\n\t<style>\n\t#happyforms-54 {\n\t\t--happyforms-part-title-font-size: 16px;\n--happyforms-part-description-font-size: 14px;\n--happyforms-part-value-font-size: 16px;\n--happyforms-submit-button-font-size: 18px;\n--happyforms-color-primary: #000000;\n--happyforms-color-success-notice: #ebf9f0;\n--happyforms-color-success-notice-text: #1eb452;\n--happyforms-color-error: #ff7550;\n--happyforms-color-error-notice: #ffeeea;\n--happyforms-color-error-notice-text: #f23000;\n--happyforms-color-part-title: #000000;\n--happyforms-color-part-value: #000000;\n--happyforms-color-part-placeholder: #888888;\n--happyforms-color-part-description: #454545;\n--happyforms-color-part-border: #dbdbdb;\n--happyforms-color-part-border-focus: #407fff;\n--happyforms-color-part-background: #ffffff;\n--happyforms-color-part-background-focus: #ffffff;\n--happyforms-color-submit-background: #407fff;\n--happyforms-color-submit-background-hover: #3567cc;\n--happyforms-color-submit-border: transparent;\n--happyforms-color-submit-text: #ffffff;\n--happyforms-color-submit-text-hover: #ffffff;\n--happyforms-color-table-row-odd: #fcfcfc;\n--happyforms-color-table-row-even: #efefef;\n--happyforms-color-table-row-odd-text: #000000;\n--happyforms-color-table-row-even-text: #000000;\n--happyforms-color-dropdown-item-bg: #ffffff;\n--happyforms-color-dropdown-item-text: #000000;\n--happyforms-color-dropdown-item-bg-hover: #dbdbdb;\n--happyforms-color-dropdown-item-text-hover: #000000;\n--happyforms-color-divider-hr: #cccccc;\n--happyforms-color-choice-checkmark-bg: #ffffff;\n--happyforms-color-choice-checkmark-bg-focus: #000000;\n--happyforms-color-choice-checkmark-color: #ffffff;\n\t}\n\t<\/style>\n\t<!-- End of HappyForms CSS variables -->\n\t\t<!-- HappyForms Additional CSS -->\n\t<style data-happyforms-additional-css>\n\t\t<\/style>\n\t<!-- End of HappyForms Additional CSS -->\n\t\t\t<link rel=\"stylesheet\" type=\"text\/css\" href=\"https:\/\/overboyaohushua.com\/wp-content\/plugins\/happyforms\/core\/assets\/css\/no-interaction.css\">\n\t\t<div class=\"happyforms-form happyforms-styles\" id=\"happyforms-54\">\n\t\t\n\t<form action=\"\" id=\"happyforms-form-54\" method=\"post\" novalidate=\"true\" autocomplete=\"off\">\n\t\t\t\t<input type=\"hidden\" name=\"happyforms_random_seed\" value=\"1095022571\" \/>\n\t\t\n\t\t\t<input type=\"hidden\" name=\"action\" value=\"happyforms_message\">\n\t\t\t\t<input type=\"hidden\" name=\"client_referer\" value=\"\">\n\t\t\t\t<input type=\"hidden\" name=\"current_post_id\" value=\"\">\n\t\t\t\t<input type=\"hidden\" name=\"happyforms_form_id\" value=\"54\" \/>\n\t\t\t\t<input type=\"hidden\" name=\"happyforms_step\" value=\"0\" \/>\n\t\n\t\t<div class=\"happyforms-flex\">\n\t\t\t\t<input type=\"text\" name=\"54-number\" style=\"position:absolute;left:-5000px;\" tabindex=\"-1\" autocomplete=\"off\" aria-hidden=\"true\"> <span class=\"screen-reader-text\">Leave this field blank<\/span>\n\t\t\t\t\t\t\t\t\t\t<div class=\"happyforms-form__part happyforms-part happyforms-part--single_line_text happyforms-part--width-full happyforms-part--label-above\" id=\"happyforms-54_single_line_text_1-part\" data-happyforms-type=\"single_line_text\" data-happyforms-id=\"single_line_text_1\" data-happyforms-required=\"\">\n\t<div class=\"happyforms-part-wrap\">\n\t\t\n\t\t\t\t\t\t<div class=\"happyforms-part__label-container\">\n\t\t\t\t<label for=\"happyforms-54_single_line_text_1\" class=\"happyforms-part__label\">\n\t\t\t<span class=\"label\">Nome<\/span>\n\t\t\t\t\t\t\t\t\t\t<span class=\"happyforms-required\"><\/span>\n\t\t\t\t\t\t\t\t\t\t<span class=\"happyforms-optional\">(optional)<\/span>\n\t\t\t\t\t<\/label>\n\t\t\t<\/div>\n\t\t\t\n\t\t\n\t\t<div class=\"happyforms-part__el\">\n\t\t\t\n\t\t\t\n\t\t\t<div class=\"happyforms-input\">\n\t\t\t\t\n\t\t\t\t<input id=\"happyforms-54_single_line_text_1\" type=\"text\" name=\"54_single_line_text_1\" value=\"\" placeholder=\"\" autocomplete=\"off\" spellcheck=\"false\"  autocorrect=\"off\" \/>\n\t\t\t\t\t\t\t<\/div>\n\n\t\t\t\n\t\t\t\n\t\t\t\t\t<\/div>\n\t<\/div>\n<\/div>\n<div class=\"happyforms-part--with-autocomplete happyforms-form__part happyforms-part happyforms-part--email happyforms-part--width-full happyforms-part--label-above\" id=\"happyforms-54_email_7-part\" data-happyforms-type=\"email\" data-happyforms-id=\"email_7\" data-happyforms-required=\"\">\n\t\t<div class=\"happyforms-part-wrap\">\n\t\t\t\t\t\t<div class=\"happyforms-part__label-container\">\n\t\t\t\t<label for=\"happyforms-54_email_7\" class=\"happyforms-part__label\">\n\t\t\t<span class=\"label\">Email<\/span>\n\t\t\t\t\t\t\t\t\t\t<span class=\"happyforms-required\"><\/span>\n\t\t\t\t\t\t\t\t\t\t<span class=\"happyforms-optional\">(optional)<\/span>\n\t\t\t\t\t<\/label>\n\t\t\t<\/div>\n\t\t\t\n\t\t\n\t\t<div class=\"happyforms-part__el\">\n\t\t\t\n\t\t\t\n\t\t\t<div class=\"happyforms-input\">\n\t\t\t\t<input type=\"email\" name=\"54_email_7\" id=\"happyforms-54_email_7\" value=\"\" placeholder=\"\" autocomplete=\"off\" spellcheck=\"false\"  autocorrect=\"off\" \/>\n\t\t\t\t\t\t\t<\/div>\n\n\t\t\t\n\t\t\t\n\t\t\t\t\t<\/div>\n\t<\/div>\n<\/div>\n<div class=\"happyforms-form__part happyforms-part happyforms-part--single_line_text happyforms-part--width-full happyforms-part--label-above\" id=\"happyforms-54_single_line_text_2-part\" data-happyforms-type=\"single_line_text\" data-happyforms-id=\"single_line_text_2\" data-happyforms-required=\"\">\n\t<div class=\"happyforms-part-wrap\">\n\t\t\n\t\t\t\t\t\t<div class=\"happyforms-part__label-container\">\n\t\t\t\t<label for=\"happyforms-54_single_line_text_2\" class=\"happyforms-part__label\">\n\t\t\t<span class=\"label\">Cidade+ Estado<\/span>\n\t\t\t\t\t\t\t\t\t\t<span class=\"happyforms-required\"><\/span>\n\t\t\t\t\t\t\t\t\t\t<span class=\"happyforms-optional\">(optional)<\/span>\n\t\t\t\t\t<\/label>\n\t\t\t<\/div>\n\t\t\t\n\t\t\n\t\t<div class=\"happyforms-part__el\">\n\t\t\t\n\t\t\t\n\t\t\t<div class=\"happyforms-input\">\n\t\t\t\t\n\t\t\t\t<input id=\"happyforms-54_single_line_text_2\" type=\"text\" name=\"54_single_line_text_2\" value=\"\" placeholder=\"\" autocomplete=\"off\" spellcheck=\"false\"  autocorrect=\"off\" \/>\n\t\t\t\t\t\t\t<\/div>\n\n\t\t\t\n\t\t\t\n\t\t\t\t\t<\/div>\n\t<\/div>\n<\/div>\n<div class=\"happyforms-form__part happyforms-part happyforms-part--multi_line_text happyforms-part--width-full happyforms-part--label-above\" id=\"happyforms-54_multi_line_text_6-part\" data-happyforms-type=\"multi_line_text\" data-happyforms-id=\"multi_line_text_6\" data-happyforms-required=\"\">\n\t<div class=\"happyforms-part-wrap\">\n\t\t\t\t\t\t<div class=\"happyforms-part__label-container\">\n\t\t\t\t<label for=\"happyforms-54_multi_line_text_6\" class=\"happyforms-part__label\">\n\t\t\t<span class=\"label\">Mensagem<\/span>\n\t\t\t\t\t\t\t\t\t\t<span class=\"happyforms-required\"><\/span>\n\t\t\t\t\t\t\t\t\t\t<span class=\"happyforms-optional\">(optional)<\/span>\n\t\t\t\t\t<\/label>\n\t\t\t<\/div>\n\t\t\t\n\t\t\n\t\t<div class=\"happyforms-part__el\">\n\t\t\t\n\t\t\t\t\t\t<textarea id=\"happyforms-54_multi_line_text_6\" name=\"54_multi_line_text_6\" rows=\"5\" placeholder=\"\" autocomplete=\"off\" spellcheck=\"false\" autocorrect=\"off\" ><\/textarea>\n\t\t\t\n\t\t\t\n\t\t\t\t\t<\/div>\n\t<\/div>\n<\/div>\n\t\t\t\t\t\t<div class=\"happyforms-form__part happyforms-part happyforms-part--submit\">\n\t\t<button type=\"submit\" class=\"happyforms-submit happyforms-button--submit \">ENVIAR<\/button>\n\t<\/div>\t\t<\/div>\n\n\t\t\t<\/form>\n\n\t<\/div>\n\n<div style='text-align:left' class='yasr-auto-insert-overall'><\/div><div style='text-align:left' class='yasr-auto-insert-visitor'><\/div>","protected":false},"excerpt":{"rendered":"","protected":false},"author":1,"featured_media":0,"parent":0,"menu_order":0,"comment_status":"closed","ping_status":"closed","template":"","meta":{"yasr_overall_rating":0,"yasr_post_is_review":"","yasr_auto_insert_disabled":"","yasr_review_type":"","footnotes":""},"class_list":["post-3640","page","type-page","status-publish","hentry"],"yasr_visitor_votes":{"stars_attributes":{"read_only":false,"span_bottom":false},"number_of_votes":1,"sum_votes":5},"_links":{"self":[{"href":"https:\/\/overboyaohushua.com\/index.php\/wp-json\/wp\/v2\/pages\/3640","targetHints":{"allow":["GET"]}}],"collection":[{"href":"https:\/\/overboyaohushua.com\/index.php\/wp-json\/wp\/v2\/pages"}],"about":[{"href":"https:\/\/overboyaohushua.com\/index.php\/wp-json\/wp\/v2\/types\/page"}],"author":[{"embeddable":true,"href":"https:\/\/overboyaohushua.com\/index.php\/wp-json\/wp\/v2\/users\/1"}],"replies":[{"embeddable":true,"href":"https:\/\/overboyaohushua.com\/index.php\/wp-json\/wp\/v2\/comments?post=3640"}],"version-history":[{"count":4,"href":"https:\/\/overboyaohushua.com\/index.php\/wp-json\/wp\/v2\/pages\/3640\/revisions"}],"predecessor-version":[{"id":3911,"href":"https:\/\/overboyaohushua.com\/index.php\/wp-json\/wp\/v2\/pages\/3640\/revisions\/3911"}],"wp:attachment":[{"href":"https:\/\/overboyaohushua.com\/index.php\/wp-json\/wp\/v2\/media?parent=3640"}],"curies":[{"name":"wp","href":"https:\/\/api.w.org\/{rel}","templated":true}]}}