{"id":3718,"date":"2024-04-23T16:12:41","date_gmt":"2024-04-23T13:12:41","guid":{"rendered":"https:\/\/overboyaohushua.com\/?page_id=3718"},"modified":"2024-05-23T22:12:17","modified_gmt":"2024-05-23T19:12:17","slug":"testemunhos","status":"publish","type":"page","link":"https:\/\/overboyaohushua.com\/index.php\/testemunhos\/","title":{"rendered":"Testemunhos"},"content":{"rendered":"\r\n<div class=\"wp-block-image\" style=\"text-align: center;\">\r\n<figure><\/figure>\r\n<figure class=\"aligncenter\"><img decoding=\"async\" src=\"http:\/\/wp.cyocaminho.org\/wp-content\/uploads\/2019\/02\/CYCLog-1024x83.png\" alt=\"\" class=\"wp-image-25 aligncenter\" \/><img loading=\"lazy\" decoding=\"async\" src=\"https:\/\/overboyaohushua.com\/wp-content\/uploads\/2021\/05\/CYCLog.png\" alt=\"\" width=\"1325\" height=\"122\" class=\"alignnone wp-image-2777 size-full\" srcset=\"https:\/\/overboyaohushua.com\/wp-content\/uploads\/2021\/05\/CYCLog.png 1325w, https:\/\/overboyaohushua.com\/wp-content\/uploads\/2021\/05\/CYCLog-300x28.png 300w, https:\/\/overboyaohushua.com\/wp-content\/uploads\/2021\/05\/CYCLog-768x71.png 768w, https:\/\/overboyaohushua.com\/wp-content\/uploads\/2021\/05\/CYCLog-1024x94.png 1024w, https:\/\/overboyaohushua.com\/wp-content\/uploads\/2021\/05\/CYCLog-600x55.png 600w\" sizes=\"auto, (max-width: 1325px) 100vw, 1325px\" \/>\r\n<figcaption><a href=\"https:\/\/www.cyocaminho.org\">www.cyocaminho.org\u00a0<\/a><\/figcaption>\r\n<\/figure>\r\n<\/div>\r\n\r\n<p style=\"text-align: center;\"><span style=\"font-family: Verdana;\"><span style=\"font-size: 28px;\"><b><i>New: Testemunhos!<\/i><\/b><\/span><\/span><\/p>\r\n<blockquote>\r\n<p>GERALDO MENDES: Shua&#8217;oleym a todos! Venho por meio desta dar o meu testemunho de vida: ap\u00f3s conhecer \u00e0 Cyc, minha vida come\u00e7ou a mudar, espiritualmente e etc. J\u00e1 estava no sistema religioso a mais de vinte anos, sempre lendo a b\u00edblia; mas, via que tinha coisas faltando e outras que n\u00e3o eram relevantes&#8230; Estava na internet procurando a ESN, Escrituras Sagradas segundo oNome, pois um irm\u00e3o vinha divulgando-a, mas n\u00e3o disse aonde compr\u00e1-la; at\u00e9 que achei a cyc, peguei o contato da congrega\u00e7\u00e3o, solicitei e em menos de 15 dias chegou at\u00e9 mim, Haoul\u2019yah! E o nosso irm\u00e3o Edison me ajudou muito e com a gra\u00e7a de Yaohu\u2019shua, na sabedoria e dom que o eterno lhe deu, as escamas ca\u00edram uma a uma dos meus olhos espirituais&#8230; Mas, recentemente, dois dias antes das enchentes aqui no RS, est\u00e1vamos eu e minha esposa em SC, Chapec\u00f3; e, n\u00f3s cogitamos em ficar mais dois dias l\u00e1&#8230; Em Chapec\u00f3 estava chovendo e quando estiou a chuva, resolvemos voltar para Porto Alegre, antes; e, deu no que deu, n\u00f3s chegamos em Porto Alegre na quarta&#8230; na tarde da quinta despencou a chuvarada; foi a\u00ed que eu vi o livramento da parte do Criador, pois as pontes da BR 386, que n\u00f3s hav\u00edamos passado, ca\u00edram todas! Creia, s\u00f3 Yaohu\u2019shua tem todo o poder&#8230;no c\u00e9u e na terra; Amnao! Porto Alegre\/RS<\/p>\r\n<\/blockquote>\r\n<p>&nbsp;<\/p>\r\n<p><em><span style=\"font-size: 24px;\">Agora deixe o seu testemunho!<\/span><\/em><\/p>\r\n<!-- \/wp:post-content -->\r\n\r\n<!-- wp:shortcode -->\r\n\t\t\t<link rel=\"stylesheet\" property=\"stylesheet\" href=\"https:\/\/overboyaohushua.com\/wp-content\/plugins\/happyforms\/bundles\/css\/frontend.css\" \/>\n\t\t\t\t<!-- HappyForms CSS variables -->\n\t<style>\n\t#happyforms-54 {\n\t\t--happyforms-part-title-font-size: 16px;\n--happyforms-part-description-font-size: 14px;\n--happyforms-part-value-font-size: 16px;\n--happyforms-submit-button-font-size: 18px;\n--happyforms-color-primary: #000000;\n--happyforms-color-success-notice: #ebf9f0;\n--happyforms-color-success-notice-text: #1eb452;\n--happyforms-color-error: #ff7550;\n--happyforms-color-error-notice: #ffeeea;\n--happyforms-color-error-notice-text: #f23000;\n--happyforms-color-part-title: #000000;\n--happyforms-color-part-value: #000000;\n--happyforms-color-part-placeholder: #888888;\n--happyforms-color-part-description: #454545;\n--happyforms-color-part-border: #dbdbdb;\n--happyforms-color-part-border-focus: #407fff;\n--happyforms-color-part-background: #ffffff;\n--happyforms-color-part-background-focus: #ffffff;\n--happyforms-color-submit-background: #407fff;\n--happyforms-color-submit-background-hover: #3567cc;\n--happyforms-color-submit-border: transparent;\n--happyforms-color-submit-text: #ffffff;\n--happyforms-color-submit-text-hover: #ffffff;\n--happyforms-color-table-row-odd: #fcfcfc;\n--happyforms-color-table-row-even: #efefef;\n--happyforms-color-table-row-odd-text: #000000;\n--happyforms-color-table-row-even-text: #000000;\n--happyforms-color-dropdown-item-bg: #ffffff;\n--happyforms-color-dropdown-item-text: #000000;\n--happyforms-color-dropdown-item-bg-hover: #dbdbdb;\n--happyforms-color-dropdown-item-text-hover: #000000;\n--happyforms-color-divider-hr: #cccccc;\n--happyforms-color-choice-checkmark-bg: #ffffff;\n--happyforms-color-choice-checkmark-bg-focus: #000000;\n--happyforms-color-choice-checkmark-color: #ffffff;\n\t}\n\t<\/style>\n\t<!-- End of HappyForms CSS variables -->\n\t\t<!-- HappyForms Additional CSS -->\n\t<style data-happyforms-additional-css>\n\t\t<\/style>\n\t<!-- End of HappyForms Additional CSS -->\n\t\t\t<link rel=\"stylesheet\" type=\"text\/css\" href=\"https:\/\/overboyaohushua.com\/wp-content\/plugins\/happyforms\/core\/assets\/css\/no-interaction.css\">\n\t\t<div class=\"happyforms-form happyforms-styles\" id=\"happyforms-54\">\n\t\t\n\t<form action=\"\" id=\"happyforms-form-54\" method=\"post\" novalidate=\"true\" autocomplete=\"off\">\n\t\t\t\t<input type=\"hidden\" name=\"happyforms_random_seed\" value=\"2568472498\" \/>\n\t\t\n\t\t\t<input type=\"hidden\" name=\"action\" value=\"happyforms_message\">\n\t\t\t\t<input type=\"hidden\" name=\"client_referer\" value=\"\">\n\t\t\t\t<input type=\"hidden\" name=\"current_post_id\" value=\"\">\n\t\t\t\t<input type=\"hidden\" name=\"happyforms_form_id\" value=\"54\" \/>\n\t\t\t\t<input type=\"hidden\" name=\"happyforms_step\" value=\"0\" \/>\n\t\n\t\t<div class=\"happyforms-flex\">\n\t\t\t\t<input type=\"text\" name=\"54-multi_line_text\" style=\"position:absolute;left:-5000px;\" tabindex=\"-1\" autocomplete=\"off\" aria-hidden=\"true\"> <span class=\"screen-reader-text\">Leave this field blank<\/span>\n\t\t\t\t\t\t\t\t\t\t<div class=\"happyforms-form__part happyforms-part happyforms-part--single_line_text happyforms-part--width-full happyforms-part--label-above\" id=\"happyforms-54_single_line_text_1-part\" data-happyforms-type=\"single_line_text\" data-happyforms-id=\"single_line_text_1\" data-happyforms-required=\"\">\n\t<div class=\"happyforms-part-wrap\">\n\t\t\n\t\t\t\t\t\t<div class=\"happyforms-part__label-container\">\n\t\t\t\t<label for=\"happyforms-54_single_line_text_1\" class=\"happyforms-part__label\">\n\t\t\t<span class=\"label\">Nome<\/span>\n\t\t\t\t\t\t\t\t\t\t<span class=\"happyforms-required\"><\/span>\n\t\t\t\t\t\t\t\t\t\t<span class=\"happyforms-optional\">(optional)<\/span>\n\t\t\t\t\t<\/label>\n\t\t\t<\/div>\n\t\t\t\n\t\t\n\t\t<div class=\"happyforms-part__el\">\n\t\t\t\n\t\t\t\n\t\t\t<div class=\"happyforms-input\">\n\t\t\t\t\n\t\t\t\t<input id=\"happyforms-54_single_line_text_1\" type=\"text\" name=\"54_single_line_text_1\" value=\"\" placeholder=\"\" autocomplete=\"off\" spellcheck=\"false\"  autocorrect=\"off\" \/>\n\t\t\t\t\t\t\t<\/div>\n\n\t\t\t\n\t\t\t\n\t\t\t\t\t<\/div>\n\t<\/div>\n<\/div>\n<div class=\"happyforms-part--with-autocomplete happyforms-form__part happyforms-part happyforms-part--email happyforms-part--width-full happyforms-part--label-above\" id=\"happyforms-54_email_7-part\" data-happyforms-type=\"email\" data-happyforms-id=\"email_7\" data-happyforms-required=\"\">\n\t\t<div class=\"happyforms-part-wrap\">\n\t\t\t\t\t\t<div class=\"happyforms-part__label-container\">\n\t\t\t\t<label for=\"happyforms-54_email_7\" class=\"happyforms-part__label\">\n\t\t\t<span class=\"label\">Email<\/span>\n\t\t\t\t\t\t\t\t\t\t<span class=\"happyforms-required\"><\/span>\n\t\t\t\t\t\t\t\t\t\t<span class=\"happyforms-optional\">(optional)<\/span>\n\t\t\t\t\t<\/label>\n\t\t\t<\/div>\n\t\t\t\n\t\t\n\t\t<div class=\"happyforms-part__el\">\n\t\t\t\n\t\t\t\n\t\t\t<div class=\"happyforms-input\">\n\t\t\t\t<input type=\"email\" name=\"54_email_7\" id=\"happyforms-54_email_7\" value=\"\" placeholder=\"\" autocomplete=\"off\" spellcheck=\"false\"  autocorrect=\"off\" \/>\n\t\t\t\t\t\t\t<\/div>\n\n\t\t\t\n\t\t\t\n\t\t\t\t\t<\/div>\n\t<\/div>\n<\/div>\n<div class=\"happyforms-form__part happyforms-part happyforms-part--single_line_text happyforms-part--width-full happyforms-part--label-above\" id=\"happyforms-54_single_line_text_2-part\" data-happyforms-type=\"single_line_text\" data-happyforms-id=\"single_line_text_2\" data-happyforms-required=\"\">\n\t<div class=\"happyforms-part-wrap\">\n\t\t\n\t\t\t\t\t\t<div class=\"happyforms-part__label-container\">\n\t\t\t\t<label for=\"happyforms-54_single_line_text_2\" class=\"happyforms-part__label\">\n\t\t\t<span class=\"label\">Cidade+ Estado<\/span>\n\t\t\t\t\t\t\t\t\t\t<span class=\"happyforms-required\"><\/span>\n\t\t\t\t\t\t\t\t\t\t<span class=\"happyforms-optional\">(optional)<\/span>\n\t\t\t\t\t<\/label>\n\t\t\t<\/div>\n\t\t\t\n\t\t\n\t\t<div class=\"happyforms-part__el\">\n\t\t\t\n\t\t\t\n\t\t\t<div class=\"happyforms-input\">\n\t\t\t\t\n\t\t\t\t<input id=\"happyforms-54_single_line_text_2\" type=\"text\" name=\"54_single_line_text_2\" value=\"\" placeholder=\"\" autocomplete=\"off\" spellcheck=\"false\"  autocorrect=\"off\" \/>\n\t\t\t\t\t\t\t<\/div>\n\n\t\t\t\n\t\t\t\n\t\t\t\t\t<\/div>\n\t<\/div>\n<\/div>\n<div class=\"happyforms-form__part happyforms-part happyforms-part--multi_line_text happyforms-part--width-full happyforms-part--label-above\" id=\"happyforms-54_multi_line_text_6-part\" data-happyforms-type=\"multi_line_text\" data-happyforms-id=\"multi_line_text_6\" data-happyforms-required=\"\">\n\t<div class=\"happyforms-part-wrap\">\n\t\t\t\t\t\t<div class=\"happyforms-part__label-container\">\n\t\t\t\t<label for=\"happyforms-54_multi_line_text_6\" class=\"happyforms-part__label\">\n\t\t\t<span class=\"label\">Mensagem<\/span>\n\t\t\t\t\t\t\t\t\t\t<span class=\"happyforms-required\"><\/span>\n\t\t\t\t\t\t\t\t\t\t<span class=\"happyforms-optional\">(optional)<\/span>\n\t\t\t\t\t<\/label>\n\t\t\t<\/div>\n\t\t\t\n\t\t\n\t\t<div class=\"happyforms-part__el\">\n\t\t\t\n\t\t\t\t\t\t<textarea id=\"happyforms-54_multi_line_text_6\" name=\"54_multi_line_text_6\" rows=\"5\" placeholder=\"\" autocomplete=\"off\" spellcheck=\"false\" autocorrect=\"off\" ><\/textarea>\n\t\t\t\n\t\t\t\n\t\t\t\t\t<\/div>\n\t<\/div>\n<\/div>\n\t\t\t\t\t\t<div class=\"happyforms-form__part happyforms-part happyforms-part--submit\">\n\t\t<button type=\"submit\" class=\"happyforms-submit happyforms-button--submit \">ENVIAR<\/button>\n\t<\/div>\t\t<\/div>\n\n\t\t\t<\/form>\n\n\t<\/div>\n\r\n<p>&nbsp;<\/p>\r\n<p>&nbsp;<\/p>\r\n<!-- \/wp:shortcode --><div style='text-align:left' class='yasr-auto-insert-overall'><\/div><div style='text-align:left' class='yasr-auto-insert-visitor'><\/div>","protected":false},"excerpt":{"rendered":"<p>New: Testemunhos! GERALDO MENDES: Shua&#8217;oleym a todos! Venho por meio desta dar o meu testemunho de vida: ap\u00f3s conhecer \u00e0 Cyc, minha vida come\u00e7ou a mudar, espiritualmente e etc. J\u00e1 estava no sistema religioso a mais de vinte anos, sempre lendo a b\u00edblia; mas, via que tinha coisas faltando e outras que n\u00e3o eram relevantes&#8230; [&hellip;]<\/p>\n","protected":false},"author":1,"featured_media":0,"parent":0,"menu_order":0,"comment_status":"closed","ping_status":"closed","template":"","meta":{"yasr_overall_rating":0,"yasr_post_is_review":"","yasr_auto_insert_disabled":"","yasr_review_type":"","footnotes":""},"class_list":["post-3718","page","type-page","status-publish","hentry"],"yasr_visitor_votes":{"stars_attributes":{"read_only":false,"span_bottom":false},"number_of_votes":1,"sum_votes":1},"_links":{"self":[{"href":"https:\/\/overboyaohushua.com\/index.php\/wp-json\/wp\/v2\/pages\/3718","targetHints":{"allow":["GET"]}}],"collection":[{"href":"https:\/\/overboyaohushua.com\/index.php\/wp-json\/wp\/v2\/pages"}],"about":[{"href":"https:\/\/overboyaohushua.com\/index.php\/wp-json\/wp\/v2\/types\/page"}],"author":[{"embeddable":true,"href":"https:\/\/overboyaohushua.com\/index.php\/wp-json\/wp\/v2\/users\/1"}],"replies":[{"embeddable":true,"href":"https:\/\/overboyaohushua.com\/index.php\/wp-json\/wp\/v2\/comments?post=3718"}],"version-history":[{"count":3,"href":"https:\/\/overboyaohushua.com\/index.php\/wp-json\/wp\/v2\/pages\/3718\/revisions"}],"predecessor-version":[{"id":3765,"href":"https:\/\/overboyaohushua.com\/index.php\/wp-json\/wp\/v2\/pages\/3718\/revisions\/3765"}],"wp:attachment":[{"href":"https:\/\/overboyaohushua.com\/index.php\/wp-json\/wp\/v2\/media?parent=3718"}],"curies":[{"name":"wp","href":"https:\/\/api.w.org\/{rel}","templated":true}]}}