{"id":915,"date":"2019-03-12T20:59:15","date_gmt":"2019-03-12T23:59:15","guid":{"rendered":"http:\/\/wp.cyocaminho.com\/?page_id=915"},"modified":"2019-03-25T18:31:38","modified_gmt":"2019-03-25T16:31:38","slug":"model-50","status":"publish","type":"page","link":"https:\/\/overboyaohushua.com\/index.php\/model-50\/","title":{"rendered":"Impondo o Homossexualismo&#8230;"},"content":{"rendered":"\r\n<div class=\"wp-block-image\">\r\n<figure class=\"aligncenter\"><img decoding=\"async\" src=\"http:\/\/wp.cyocaminho.org\/wp-content\/uploads\/2019\/02\/CYCLog-1024x83.png\" alt=\"\" class=\"wp-image-25\" \/>\r\n<figcaption><a href=\"https:\/\/www.cyocaminho.org\">www.cyocaminho.org<\/a><\/figcaption>\r\n<\/figure>\r\n<\/div>\r\n\r\n<p style=\"text-align: center;\"><em><span style=\"font-size: 28px;\"><b><span style=\"font-family: Verdana;\">Impondo o Homossexualismo \u00e0 <\/span><\/b><\/span><\/em><\/p>\r\n<p style=\"text-align: center;\"><em><span style=\"font-size: 28px;\"><b><span style=\"font-family: Verdana;\">Sociedade!<\/span><\/b><\/span><\/em><\/p>\r\n<p><span style=\"font-size: 16px;\"><b><img loading=\"lazy\" decoding=\"async\" src=\"https:\/\/cyocaminho.org\/ImpHomo.jpg\" width=\"182\" height=\"127\" class=\"alignleft\" \/>A Diversidade Gay (colocando em pr\u00e1tica um plano de 7 etapas sociais)<\/b><\/span><\/p>\r\n<p><span style=\"font-size: 16px;\">Este plano de A\u00e7\u00e3o tem sua origem no ECOSOC (Conselho\u00a0Econ\u00f4mico e\u00a0Social da ONU), os aderentes gays da \u2018nova era\u2019 come\u00e7am a elaborar o seu terr\u00edvel e assustador plano lendo o artigo II (abaixo) sobre os direitos humanos:<\/span><\/p>\r\n<p><span style=\"font-size: 16px; font-family: verdana, geneva, sans-serif;\"><b>&#8211; Artigo II<\/b><\/span><\/p>\r\n<p><span style=\"font-size: 16px; font-family: verdana, geneva, sans-serif;\">1. Todo ser humano tem capacidade para gozar os direitos e as liberdades estabelecidos nesta Declara\u00e7\u00e3o, sem distin\u00e7\u00e3o de qualquer esp\u00e9cie, seja de ra\u00e7a, cor, sexo, idioma, religi\u00e3o, opini\u00e3o pol\u00edtica ou de outra natureza, origem nacional ou social, riqueza, nascimento, ou qualquer outra condi\u00e7\u00e3o.<\/span><\/p>\r\n<p><span style=\"font-size: 16px; font-family: verdana, geneva, sans-serif;\">&#8230;<\/span><\/p>\r\n<p><span style=\"font-size: 16px; font-family: verdana, geneva, sans-serif;\">A inspira\u00e7\u00e3o gay, nesse caso, est\u00e1 na seguinte frase:\u00a0&#8220;<b>direitos e liberdades sem distin\u00e7\u00e3o de qualquer esp\u00e9cie<\/b>&#8220;.<b>\u00a0<\/b>Assim, para decidir como seriam aplicadas as mudan\u00e7as de comportamento na popula\u00e7\u00e3o, f\u00f3runs sobre o tema \u201cdiversidade gay\u201d foram realizados&#8230;<\/span><\/p>\r\n<p><span style=\"font-size: 16px; font-family: verdana, geneva, sans-serif;\">Ap\u00f3s realizarem uma consulta em grupo dividida em: 1. Defini\u00e7\u00e3o; 2. Fatos; 3. Princ\u00edpios; 4. Discuss\u00e3o e 5. Vota\u00e7\u00e3o; o plano de 7 etapas de mudan\u00e7a do comportamento foi aprovado por ONGs gays, com representa\u00e7\u00e3o na ONU, e come\u00e7ou a ser colocado em pr\u00e1tica mundialmente como por exemplo, o PL 122, no Brasil.<\/span><\/p>\r\n<p><span style=\"font-size: 16px; font-family: verdana, geneva, sans-serif;\"><b>a) A\u00e7\u00f5es presentes:<\/b><\/span><\/p>\r\n<p><span style=\"font-size: 16px; font-family: verdana, geneva, sans-serif;\"><b>Etapa 1 \u2013 Substitui\u00e7\u00e3o da verdade absoluta pela relativa<\/b><\/span><\/p>\r\n<p><span style=\"font-size: 16px; font-family: verdana, geneva, sans-serif;\">Aos poucos e de forma discreta come\u00e7am a surgir gays na m\u00eddia, as pessoas sem discernimento espiritual ficam surpresas, enquanto os crist\u00e3os verdadeiros reprovam totalmente essa conduta inspirados em Romanos, cap\u00edtulo um&#8230;<\/span><\/p>\r\n<p><span style=\"font-size: 16px; font-family: verdana, geneva, sans-serif;\"><b>Etapa 2 \u2013 As cren\u00e7as antigas s\u00e3o abandonadas<\/b><\/span><\/p>\r\n<p><span style=\"font-size: 16px; font-family: verdana, geneva, sans-serif;\">Com a repeti\u00e7\u00e3o gradativa de gays [seus \u2018porques\u2019 e suas escolhas\/direitos] pela m\u00eddia, as pessoas come\u00e7am a achar que o homossexualismo \u00e9 algo normal e j\u00e1 n\u00e3o se incomodam com a presen\u00e7a de gays na TV.<\/span><\/p>\r\n<p><span style=\"font-size: 16px; font-family: verdana, geneva, sans-serif;\"><b>Etapa 3 \u2013 As novas metas come\u00e7am a ser aplicadas em escala mundial<\/b><\/span><\/p>\r\n<p><span style=\"font-size: 16px; font-family: verdana, geneva, sans-serif;\">Quando menos esperamos os gays est\u00e3o em todas as partes: s\u00e3o destaques em programas de audit\u00f3rio, se transformaram em apresentadores de programas e s\u00e3o convidados pelas emissoras de TV para explicarem melhor sobre esse novo \u201cmodo de vida alternativo\u201d, mas \u201cnatural\u201d (&#8230;nasci assim). Com a ajuda das paradas gays e de toda a propaganda da m\u00eddia e o surgimento de ONGS gays, as pessoas come\u00e7am a despertar um sentimento de solidariedade com o movimento transformando-se em simpatizantes \u2013 procure pelo significado da sigla GLS (agora\u00a0 GLBT).<\/span><\/p>\r\n<p><span style=\"font-size: 16px; font-family: verdana, geneva, sans-serif;\">Nessa etapa os gays possuem a aprova\u00e7\u00e3o de uma boa parte da popula\u00e7\u00e3o. Encontram-se organizados em ONGs e recebem apoio de empres\u00e1rios, gays milion\u00e1rios e do governo local atrav\u00e9s de LEIS que garante \u201cseus direitos\u201d.<\/span><\/p>\r\n<p><span style=\"font-size: 16px; font-family: verdana, geneva, sans-serif;\">Agora literalmente os gays \u201csa\u00edram do arm\u00e1rio\u201d(agora ser gay se transformou em algo bom e lucrativo). Nessa etapa eles come\u00e7am a implantar a sua ditadura impondo regras de mudan\u00e7a de comportamento para a sociedade (PL 122 \u2013 procure conhecer suas diretrizes). Os l\u00edderes evang\u00e9licos s\u00e3o obrigados a se organizarem para defender suas respectivas igrejas.<\/span><\/p>\r\n<p><span style=\"font-size: 16px; font-family: verdana, geneva, sans-serif;\">Isso come\u00e7a a gerar um conflito esperado pela ONU \u2013 via NOM encabe\u00e7ado pela ma\u00e7onaria (iluminatis) \u2013 e que pode durar algum tempo. Afinal os gays querem a aprova\u00e7\u00e3o desse projeto na \u00edntegra. Quando ambas as partes estiverem cansadas no mundo inteiro e clamarem por uma solu\u00e7\u00e3o estar\u00e3o preparadas para a etapa 4&#8230;<\/span><\/p>\r\n<p><span style=\"font-size: 16px; font-family: verdana, geneva, sans-serif;\"><b>Etapa 4 (o vale da unidade) &#8211; As Mudan\u00e7as come\u00e7am a gerar conflitos em todas as \u00e1reas para que sejam resolvidos em uma conven\u00e7\u00e3o mundial<\/b><\/span><\/p>\r\n<p><span style=\"font-size: 16px; font-family: verdana, geneva, sans-serif;\">Quest\u00f5es complexas dificilmente ser\u00e3o resolvidas pelo governo local. Para resolver tal quest\u00e3o ser\u00e1 criada uma assembl\u00e9ia mundial formada por representantes da sociedade (inclusive evang\u00e9licos), dessa forma todos devem participar [desejar] do governo mundial.<\/span><\/p>\r\n<p><span style=\"font-size: 16px; font-family: verdana, geneva, sans-serif;\"><b>b) A\u00e7\u00f5es futuras:<\/b><\/span><\/p>\r\n<p><span style=\"font-size: 16px; font-family: verdana, geneva, sans-serif;\"><b>Etapa 5 \u2013 Ap\u00f3s o dia da revela\u00e7\u00e3o as pessoas aceitar\u00e3o a unicidade como forma de governo e os conflitos come\u00e7am a ser resolvidos.<\/b><\/span><\/p>\r\n<p><span style=\"font-size: 16px; font-family: verdana, geneva, sans-serif;\">Somente uma apari\u00e7\u00e3o sat\u00e2nica criando uma falsa sensa\u00e7\u00e3o de paz e solidariedade poder\u00e1 resolver n\u00e3o s\u00f3 esse, mas, todos os conflitos gerados pela aplica\u00e7\u00e3o do plano de 7 etapas [um plano de desdobramento do anterior \u201c6 etapas para ao mudan\u00e7a do comportamento social] de mudan\u00e7a do comportamento em todas as \u00e1reas sociais e agora econ\u00f4micas. Assim como a bebida e as drogas levam as pessoas a loucura e euforia, o dia da revela\u00e7\u00e3o far\u00e1 o mesmo efeito. Nesse dia A Grande Confedera\u00e7\u00e3o Mundial e o Grande Executivo Mundial [anticristos] tomar\u00e3o as devidas providencias, que exigir\u00e1 sacrif\u00edcios em nome do bem maior, \u201ca diversidade\u201d. Nesse momento ocorrer\u00e1 a volta de Sodoma e Gomorra (procure conhecer o significado de \u2018sodomia\u2019 e o porque \u201cfora ficar\u00e3o os c\u00e3es\u201d \u2013 Ap 22:15) no mundo inteiro:<\/span><\/p>\r\n<p><span style=\"font-size: 16px; font-family: verdana, geneva, sans-serif;\">Assim como Sodoma e Gomorra, e as cidades circunvizinhas, que, havendo-se entregue \u00e0 fornica\u00e7\u00e3o como aqueles, e ido ap\u00f3s outra carne, foram postas para exemplo, sofrendo a pena do fogo eterno. (Judas 1:7). Para compreender mais, volte a Gn 9:22 e nas ra\u00edzes da palavra \u201cViu a nudez\u201d encontrar\u00e1 o verdadeiro motivo da indigna\u00e7\u00e3o de Noch ao saber o que Can fizera&#8230;<\/span><\/p>\r\n<p><span style=\"font-size: 16px; font-family: verdana, geneva, sans-serif;\"><b>Etapa 6 \u2013 Surgem provas cientificas sobre a revela\u00e7\u00e3o e a nova religi\u00e3o finalmente \u00e9 declarada.<\/b><\/span><\/p>\r\n<p><span style=\"font-size: 16px; font-family: verdana, geneva, sans-serif;\">Para que a falsa chama da solidariedade \u2013 \u201cuma Nova Era\u201d \u2013 n\u00e3o se apague os cientistas apresentar\u00e3o provas cientificas e materiais comprovando a veracidade dos fatos ocorridos. Provas cient\u00edficas comprovar\u00e3o que o \u201cterceiro sexo\u201d \u00e9 o objetivo a ser alcan\u00e7ado por toda a humanidade! E que ha\u2019satan estava certo em sua rebeli\u00e3o!!! Isso aumentar\u00e1 mais ainda o esp\u00edrito de unicidade global&#8230;<\/span><\/p>\r\n<p><span style=\"font-size: 16px; font-family: verdana, geneva, sans-serif;\"><b>Etapa 7 \u2013 A unicidade persegue e mata os opositores, logo em seguida surge a Nova Ordem Mundial formada por uma economia materialista e ao mesmo tempo espiritualista(sat\u00e2nica)<\/b><\/span><\/p>\r\n<p><span style=\"font-size: 16px; font-family: verdana, geneva, sans-serif;\">Um dos principais itens que a popula\u00e7\u00e3o global (neste caso gays e simpatizantes) deve cooperar com o governo mundial \u00e9 a diversidade. Mesmo chegando na etapa 7, os crist\u00e3os que ainda estiverem por aqui n\u00e3o mudaram sua opini\u00e3o: Romanos capitulo um \u00e9 a Verdade! Nesse momento triste da hist\u00f3ria a unicidade ser\u00e1 criada.<\/span><\/p>\r\n<p><span style=\"font-size: 16px; font-family: verdana, geneva, sans-serif;\">O governo colocar\u00e1 a m\u00eddia contra os crist\u00e3os. Os novos cidad\u00e3os globais em um ato de coopera\u00e7\u00e3o com a nova ordem mundial [NOM] entregar\u00e3o os crist\u00e3os para que sejam presos e posteriormente mortos pelo governo mundial. Ap\u00f3s essas mortes a nova ordem econ\u00f4mica mundial surgir\u00e1 possuindo valores espirituais e materiais sat\u00e2nicos, pr\u00f3prios de um Quinto Imp\u00e9rio \u2013 mas Lembre-se da Est\u00e1tua de Dn 2 \u2013 N\u00e3o haver\u00e1 um 5\u00ba imp\u00e9rio; o Messias [a Pedra] vir\u00e1 antes!!!<\/span><\/p>\r\n<p><span style=\"font-size: 16px; font-family: verdana, geneva, sans-serif;\">E assim o mundo caminhar\u00e1 rapidamente para a sua destrui\u00e7\u00e3o \u2013 o Armagedom. Resumindo: os gays, simpatizantes e a sociedade sem discernimento espiritual se transformar\u00e3o em delatores e amar\u00e3o tanto a nova ordem mundial [NOM] que ser\u00e3o capazes de matar (mesmo que de forma indireta) em nome da \u201cdiversidade gay\u201d e da liberdade de escolha sexual. No governo mundial ser gay ou supostamente proteger o planeta ter\u00e1 mais valor do que a vida humana. O chamado \u201cdireitos humanos\u201d n\u00e3o existir\u00e3o e nunca existir\u00e1; estaremos em uma ditadura mundial, onde o seu \u201ceu\u201d verdadeiramente n\u00e3o existir\u00e1 \u2013 tudo ser\u00e1 em fun\u00e7\u00e3o do pr\u00f3ximo \u2013 e a ideologia socialista (comunista) tomar\u00e1 conta, mundialmente!<\/span><\/p>\r\n<p><span style=\"font-size: 16px; font-family: verdana, geneva, sans-serif;\">Dizendo-se s\u00e1bios, tornaram-se loucos. (Romanos 1:22)<\/span><\/p>\r\n<p><span style=\"font-size: 16px; font-family: verdana, geneva, sans-serif;\"><b>Nota de oCaminho<\/b>: Estamos na etapa 4, onde os valores s\u00e3o confrontados pela maci\u00e7a propaganda \u2013 via TV \u2013 da causa LGBT \u00e9 apresentada de forma \u201cnatural\u201d&#8230; Todas as formas \u2018gays\u201d s\u00e3o discutidas, apresentadas e confrontadas com os conceitos \u201cretr\u00f3grados\u201d da humanidade&#8230; Tudo passa a ser \u201cnormal\u201d e \u201cnatural\u201d. Porem, aproveitando-se de um dist\u00farbio hormonal que ocorre na puberdade [devido \u00e0s altas cargas de horm\u00f4nios colocados nas carnes, principalmente na de frango], milh\u00f5es est\u00e3o sendo arrastado para o antro dos GLS. Mas, note, se para adquirir as formas desejadas (masculinas ou femininas) estes recorrem a doses maci\u00e7as de horm\u00f4nios; ent\u00e3o porque n\u00e3o tomarem os horm\u00f4nios que lhes faltam para verdadeiramente assumirem o g\u00eanero sexual com que nasceram? O homossexualismo \u00e9 uma doen\u00e7a hormonal e tem cura! N\u00e3o \u00e9 o seu \u2018intimo\u2019 que est\u00e1 no governo, \u00e9 a disfun\u00e7\u00e3o (falta de) hormonal que o(a) est\u00e1 regendo&#8230; Procure um endocrinologista e fa\u00e7a os exames de dosagem hormonal e solicite o seu reequil\u00edbrio&#8230; Lembre-se: Fora ficar\u00e3o os c\u00e3es, ou seja, os sodomitas, filhos de Can!!!<\/span><\/p>\r\n<p><span style=\"font-size: 16px;\"><a href=\"http:\/\/overboyaohushua.com\/index.php\/model-49\/\"><span style=\"font-family: verdana, geneva, sans-serif;\">Conhe\u00e7a a origem do Plano:\u00a0O Plano das 6 Etapas<\/span><\/a><\/span><\/p>\r\n<p style=\"text-align: center;\"><b><span style=\"color: #808080; font-family: Verdana;\"> <a href=\"http:\/\/overboyaohushua.com\/index.php\/principal-6\/\"><span style=\"color: #808080;\"> <marquee>Seja um Rosh (l\u00edder Congregacional); fa\u00e7a o CTA: Curso de Teologia Aplicada &#8211; CLIC!<\/marquee><\/span><\/a><\/span><\/b><\/p>\r\n\r\n<p><strong>D\u00favidas:<\/strong><\/p>\r\n\r\n\r\n\t\t\t<link rel=\"stylesheet\" property=\"stylesheet\" href=\"https:\/\/overboyaohushua.com\/wp-content\/plugins\/happyforms\/bundles\/css\/frontend.css\" \/>\n\t\t\t\t<!-- HappyForms CSS variables -->\n\t<style>\n\t#happyforms-54 {\n\t\t--happyforms-part-title-font-size: 16px;\n--happyforms-part-description-font-size: 14px;\n--happyforms-part-value-font-size: 16px;\n--happyforms-submit-button-font-size: 18px;\n--happyforms-color-primary: #000000;\n--happyforms-color-success-notice: #ebf9f0;\n--happyforms-color-success-notice-text: #1eb452;\n--happyforms-color-error: #ff7550;\n--happyforms-color-error-notice: #ffeeea;\n--happyforms-color-error-notice-text: #f23000;\n--happyforms-color-part-title: #000000;\n--happyforms-color-part-value: #000000;\n--happyforms-color-part-placeholder: #888888;\n--happyforms-color-part-description: #454545;\n--happyforms-color-part-border: #dbdbdb;\n--happyforms-color-part-border-focus: #407fff;\n--happyforms-color-part-background: #ffffff;\n--happyforms-color-part-background-focus: #ffffff;\n--happyforms-color-submit-background: #407fff;\n--happyforms-color-submit-background-hover: #3567cc;\n--happyforms-color-submit-border: transparent;\n--happyforms-color-submit-text: #ffffff;\n--happyforms-color-submit-text-hover: #ffffff;\n--happyforms-color-table-row-odd: #fcfcfc;\n--happyforms-color-table-row-even: #efefef;\n--happyforms-color-table-row-odd-text: #000000;\n--happyforms-color-table-row-even-text: #000000;\n--happyforms-color-dropdown-item-bg: #ffffff;\n--happyforms-color-dropdown-item-text: #000000;\n--happyforms-color-dropdown-item-bg-hover: #dbdbdb;\n--happyforms-color-dropdown-item-text-hover: #000000;\n--happyforms-color-divider-hr: #cccccc;\n--happyforms-color-choice-checkmark-bg: #ffffff;\n--happyforms-color-choice-checkmark-bg-focus: #000000;\n--happyforms-color-choice-checkmark-color: #ffffff;\n\t}\n\t<\/style>\n\t<!-- End of HappyForms CSS variables -->\n\t\t<!-- HappyForms Additional CSS -->\n\t<style data-happyforms-additional-css>\n\t\t<\/style>\n\t<!-- End of HappyForms Additional CSS -->\n\t\t\t<link rel=\"stylesheet\" type=\"text\/css\" href=\"https:\/\/overboyaohushua.com\/wp-content\/plugins\/happyforms\/core\/assets\/css\/no-interaction.css\">\n\t\t<div class=\"happyforms-form happyforms-styles\" id=\"happyforms-54\">\n\t\t\n\t<form action=\"\" id=\"happyforms-form-54\" method=\"post\" novalidate=\"true\" autocomplete=\"off\">\n\t\t\t\t<input type=\"hidden\" name=\"happyforms_random_seed\" value=\"751317621\" \/>\n\t\t\n\t\t\t<input type=\"hidden\" name=\"action\" value=\"happyforms_message\">\n\t\t\t\t<input type=\"hidden\" name=\"client_referer\" value=\"\">\n\t\t\t\t<input type=\"hidden\" name=\"current_post_id\" value=\"\">\n\t\t\t\t<input type=\"hidden\" name=\"happyforms_form_id\" value=\"54\" \/>\n\t\t\t\t<input type=\"hidden\" name=\"happyforms_step\" value=\"0\" \/>\n\t\n\t\t<div class=\"happyforms-flex\">\n\t\t\t\t<input type=\"text\" name=\"54-multi_line_text\" style=\"position:absolute;left:-5000px;\" tabindex=\"-1\" autocomplete=\"off\" aria-hidden=\"true\"> <span class=\"screen-reader-text\">Leave this field blank<\/span>\n\t\t\t\t\t\t\t\t\t\t<div class=\"happyforms-form__part happyforms-part happyforms-part--single_line_text happyforms-part--width-full happyforms-part--label-above\" id=\"happyforms-54_single_line_text_1-part\" data-happyforms-type=\"single_line_text\" data-happyforms-id=\"single_line_text_1\" data-happyforms-required=\"\">\n\t<div class=\"happyforms-part-wrap\">\n\t\t\n\t\t\t\t\t\t<div class=\"happyforms-part__label-container\">\n\t\t\t\t<label for=\"happyforms-54_single_line_text_1\" class=\"happyforms-part__label\">\n\t\t\t<span class=\"label\">Nome<\/span>\n\t\t\t\t\t\t\t\t\t\t<span class=\"happyforms-required\"><\/span>\n\t\t\t\t\t\t\t\t\t\t<span class=\"happyforms-optional\">(optional)<\/span>\n\t\t\t\t\t<\/label>\n\t\t\t<\/div>\n\t\t\t\n\t\t\n\t\t<div class=\"happyforms-part__el\">\n\t\t\t\n\t\t\t\n\t\t\t<div class=\"happyforms-input\">\n\t\t\t\t\n\t\t\t\t<input id=\"happyforms-54_single_line_text_1\" type=\"text\" name=\"54_single_line_text_1\" value=\"\" placeholder=\"\" autocomplete=\"off\" spellcheck=\"false\"  autocorrect=\"off\" \/>\n\t\t\t\t\t\t\t<\/div>\n\n\t\t\t\n\t\t\t\n\t\t\t\t\t<\/div>\n\t<\/div>\n<\/div>\n<div class=\"happyforms-part--with-autocomplete happyforms-form__part happyforms-part happyforms-part--email happyforms-part--width-full happyforms-part--label-above\" id=\"happyforms-54_email_7-part\" data-happyforms-type=\"email\" data-happyforms-id=\"email_7\" data-happyforms-required=\"\">\n\t\t<div class=\"happyforms-part-wrap\">\n\t\t\t\t\t\t<div class=\"happyforms-part__label-container\">\n\t\t\t\t<label for=\"happyforms-54_email_7\" class=\"happyforms-part__label\">\n\t\t\t<span class=\"label\">Email<\/span>\n\t\t\t\t\t\t\t\t\t\t<span class=\"happyforms-required\"><\/span>\n\t\t\t\t\t\t\t\t\t\t<span class=\"happyforms-optional\">(optional)<\/span>\n\t\t\t\t\t<\/label>\n\t\t\t<\/div>\n\t\t\t\n\t\t\n\t\t<div class=\"happyforms-part__el\">\n\t\t\t\n\t\t\t\n\t\t\t<div class=\"happyforms-input\">\n\t\t\t\t<input type=\"email\" name=\"54_email_7\" id=\"happyforms-54_email_7\" value=\"\" placeholder=\"\" autocomplete=\"off\" spellcheck=\"false\"  autocorrect=\"off\" \/>\n\t\t\t\t\t\t\t<\/div>\n\n\t\t\t\n\t\t\t\n\t\t\t\t\t<\/div>\n\t<\/div>\n<\/div>\n<div class=\"happyforms-form__part happyforms-part happyforms-part--single_line_text happyforms-part--width-full happyforms-part--label-above\" id=\"happyforms-54_single_line_text_2-part\" data-happyforms-type=\"single_line_text\" data-happyforms-id=\"single_line_text_2\" data-happyforms-required=\"\">\n\t<div class=\"happyforms-part-wrap\">\n\t\t\n\t\t\t\t\t\t<div class=\"happyforms-part__label-container\">\n\t\t\t\t<label for=\"happyforms-54_single_line_text_2\" class=\"happyforms-part__label\">\n\t\t\t<span class=\"label\">Cidade+ Estado<\/span>\n\t\t\t\t\t\t\t\t\t\t<span class=\"happyforms-required\"><\/span>\n\t\t\t\t\t\t\t\t\t\t<span class=\"happyforms-optional\">(optional)<\/span>\n\t\t\t\t\t<\/label>\n\t\t\t<\/div>\n\t\t\t\n\t\t\n\t\t<div class=\"happyforms-part__el\">\n\t\t\t\n\t\t\t\n\t\t\t<div class=\"happyforms-input\">\n\t\t\t\t\n\t\t\t\t<input id=\"happyforms-54_single_line_text_2\" type=\"text\" name=\"54_single_line_text_2\" value=\"\" placeholder=\"\" autocomplete=\"off\" spellcheck=\"false\"  autocorrect=\"off\" \/>\n\t\t\t\t\t\t\t<\/div>\n\n\t\t\t\n\t\t\t\n\t\t\t\t\t<\/div>\n\t<\/div>\n<\/div>\n<div class=\"happyforms-form__part happyforms-part happyforms-part--multi_line_text happyforms-part--width-full happyforms-part--label-above\" id=\"happyforms-54_multi_line_text_6-part\" data-happyforms-type=\"multi_line_text\" data-happyforms-id=\"multi_line_text_6\" data-happyforms-required=\"\">\n\t<div class=\"happyforms-part-wrap\">\n\t\t\t\t\t\t<div class=\"happyforms-part__label-container\">\n\t\t\t\t<label for=\"happyforms-54_multi_line_text_6\" class=\"happyforms-part__label\">\n\t\t\t<span class=\"label\">Mensagem<\/span>\n\t\t\t\t\t\t\t\t\t\t<span class=\"happyforms-required\"><\/span>\n\t\t\t\t\t\t\t\t\t\t<span class=\"happyforms-optional\">(optional)<\/span>\n\t\t\t\t\t<\/label>\n\t\t\t<\/div>\n\t\t\t\n\t\t\n\t\t<div class=\"happyforms-part__el\">\n\t\t\t\n\t\t\t\t\t\t<textarea id=\"happyforms-54_multi_line_text_6\" name=\"54_multi_line_text_6\" rows=\"5\" placeholder=\"\" autocomplete=\"off\" spellcheck=\"false\" autocorrect=\"off\" ><\/textarea>\n\t\t\t\n\t\t\t\n\t\t\t\t\t<\/div>\n\t<\/div>\n<\/div>\n\t\t\t\t\t\t<div class=\"happyforms-form__part happyforms-part happyforms-part--submit\">\n\t\t<button type=\"submit\" class=\"happyforms-submit happyforms-button--submit \">ENVIAR<\/button>\n\t<\/div>\t\t<\/div>\n\n\t\t\t<\/form>\n\n\t<\/div>\n\n<div style='text-align:left' class='yasr-auto-insert-overall'><\/div><div style='text-align:left' class='yasr-auto-insert-visitor'><\/div>","protected":false},"excerpt":{"rendered":"<p>Impondo o Homossexualismo \u00e0 Sociedade! A Diversidade Gay (colocando em pr\u00e1tica um plano de 7 etapas sociais) Este plano de A\u00e7\u00e3o tem sua origem no ECOSOC (Conselho\u00a0Econ\u00f4mico e\u00a0Social da ONU), os aderentes gays da \u2018nova era\u2019 come\u00e7am a elaborar o seu terr\u00edvel e assustador plano lendo o artigo II (abaixo) sobre os direitos humanos: &#8211; [&hellip;]<\/p>\n","protected":false},"author":1,"featured_media":0,"parent":0,"menu_order":0,"comment_status":"closed","ping_status":"closed","template":"","meta":{"yasr_overall_rating":0,"yasr_post_is_review":"","yasr_auto_insert_disabled":"","yasr_review_type":"","footnotes":""},"class_list":["post-915","page","type-page","status-publish","hentry"],"yasr_visitor_votes":{"stars_attributes":{"read_only":false,"span_bottom":false},"number_of_votes":0,"sum_votes":0},"_links":{"self":[{"href":"https:\/\/overboyaohushua.com\/index.php\/wp-json\/wp\/v2\/pages\/915","targetHints":{"allow":["GET"]}}],"collection":[{"href":"https:\/\/overboyaohushua.com\/index.php\/wp-json\/wp\/v2\/pages"}],"about":[{"href":"https:\/\/overboyaohushua.com\/index.php\/wp-json\/wp\/v2\/types\/page"}],"author":[{"embeddable":true,"href":"https:\/\/overboyaohushua.com\/index.php\/wp-json\/wp\/v2\/users\/1"}],"replies":[{"embeddable":true,"href":"https:\/\/overboyaohushua.com\/index.php\/wp-json\/wp\/v2\/comments?post=915"}],"version-history":[{"count":2,"href":"https:\/\/overboyaohushua.com\/index.php\/wp-json\/wp\/v2\/pages\/915\/revisions"}],"predecessor-version":[{"id":1255,"href":"https:\/\/overboyaohushua.com\/index.php\/wp-json\/wp\/v2\/pages\/915\/revisions\/1255"}],"wp:attachment":[{"href":"https:\/\/overboyaohushua.com\/index.php\/wp-json\/wp\/v2\/media?parent=915"}],"curies":[{"name":"wp","href":"https:\/\/api.w.org\/{rel}","templated":true}]}}