{"id":998,"date":"2019-03-16T15:17:51","date_gmt":"2019-03-16T13:17:51","guid":{"rendered":"http:\/\/wp.cyocaminho.com\/?page_id=998"},"modified":"2020-02-10T01:27:00","modified_gmt":"2020-02-09T23:27:00","slug":"lei_moral","status":"publish","type":"page","link":"https:\/\/overboyaohushua.com\/index.php\/lei_moral\/","title":{"rendered":"a Lei Moral"},"content":{"rendered":"\r\n<div class=\"wp-block-image\">\r\n<figure class=\"aligncenter\"><img decoding=\"async\" src=\"http:\/\/wp.cyocaminho.org\/wp-content\/uploads\/2019\/02\/CYCLog-1024x83.png\" alt=\"\" class=\"wp-image-25\" \/>\r\n<figcaption><a href=\"https:\/\/www.cyocaminho.org\">www.cyocaminho.org<\/a><\/figcaption>\r\n<\/figure>\r\n<\/div>\r\n\r\n<p style=\"text-align: center;\"><span style=\"font-size: 28px;\"><em><b><span style=\"font-family: Verdana;\">Os Dez Mandamentos foram abolidos?<\/span><\/b><\/em><\/span><\/p>\r\n<p style=\"text-align: center;\"><span style=\"font-size: 16px;\"><strong>\u00c9 poss\u00edvel que a Gra\u00e7a anule a Lei?<\/strong><\/span><\/p>\r\n<blockquote>\r\n<p><span style=\"font-size: 16px;\">A Lei do Criador existe para identificar o pecado para revelar seus transgressores. A nossa f\u00e9 n\u00e3o anula a Lei, antes a confirma. Como n\u00f3s cremos que existe o pecado e pecadores, automaticamente confirmamos a vig\u00eancia da Lei do Criador (Rm. 3:31). Sem o pecado, para que a Gra\u00e7a?<\/span><\/p>\r\n<\/blockquote>\r\n<p style=\"text-align: center;\"><img loading=\"lazy\" decoding=\"async\" src=\"https:\/\/cyocaminho.org\/LeiQuebra1.jpg\" class=\"alignnone\" width=\"269\" height=\"195\" \/><\/p>\r\n<p style=\"text-align: center;\"><span style=\"font-size: 12px;\"><b>By https:\/\/www.yerushalaim.com.br<\/b><\/span><\/p>\r\n<p><span style=\"font-family: Verdana; font-size: 16px;\"><span class=\"textopadrao1\">Os inimigos da Lei do Criador concordam e aplicam os nove mandamentos do Dec\u00e1logo e certamente o defenderiam n\u00e3o fosse o quarto, que ordena o repouso e a santifica\u00e7\u00e3o do dia de shabbos. Se s\u00e3o contra o shabbos, porque \u00e9 da lei e do A.T., por que pregam o d\u00edzimo? Numa tentativa de derribar o shabbos e todos os Dez Mandamentos, alegam que a Lei do Criador foi dada por Mois\u00e9s\/Mehushua.<\/span><\/span><\/p>\r\n<p style=\"text-align: center;\"><span style=\"font-size: 16px;\"><span class=\"textopadrao1\"><b>Existe distin\u00e7\u00e3o entre a Lei do Criador e as outras leis?<\/b><\/span><\/span><\/p>\r\n<p><span style=\"font-size: 16px;\"><span class=\"textopadrao1\">Sim. A Lei do Criador foi escrita pelo pr\u00f3prio o Criador em duas t\u00e1buas de pedra e dura eternamente. Nada lhe foi acrescentada al\u00e9m das Dez\u00a0 Palavras (Dt 5:22; Ex 31:18). Foi colocada dentro da Arca do concerto e hoje est\u00e1 escrita nas t\u00e1buas de nosso cora\u00e7\u00e3o (Dt 10:2; II Co 3:3; Jr 31:33; Hb 8:10).\u00a0<\/span><br \/><span class=\"textopadrao1\">As outra leis, conhecidas como cerimoniais eram transit\u00f3rias (embora nem todas); foram escritas por Mois\u00e9s\/Mehushua num livro, acrescentadas por causa da transgress\u00e3o do Dec\u00e1logo e colocadas ao lado da arca (Dt 31:24-26; Gl.3:19). Muitas cessaram na cruz (Ef 2:15; Cl 2:14).<\/span><\/span><\/p>\r\n<p style=\"text-align: center;\"><span style=\"font-size: 16px;\"><span class=\"textopadrao1\"><b>Por que Sha&#8217;ul considerou a Lei do Criador como Minist\u00e9rio de morte?<\/b><\/span><\/span><\/p>\r\n<p><span style=\"font-size: 16px;\"><span class=\"textopadrao1\">No Dec\u00e1logo n\u00e3o existe nenhum mandamento que manda matar; pelo contr\u00e1rio, h\u00e1 um que pro\u00edbe. O fato \u00e9 que uma outra lei, do livro, punia com morte os transgressores da Lei do Criador:<\/span><\/span><\/p>\r\n<p><span style=\"font-size: 16px;\"><span class=\"textopadrao1\">Ter outros deuses (Dt 13:6,9);<\/span><\/span><\/p>\r\n<p><span style=\"font-size: 16px;\"><span class=\"textopadrao1\">Idolatria (Dt 17:3,5);<\/span><\/span><\/p>\r\n<p><span style=\"font-size: 16px;\"><span class=\"textopadrao1\">Desrespeito ao nome do Criador (Lv 24:16);<\/span><\/span><\/p>\r\n<p><span style=\"font-size: 16px;\"><span class=\"textopadrao1\">Transgress\u00e3o do shabbos (Nm 15:32-36);<\/span><\/span><\/p>\r\n<p><span style=\"font-size: 16px;\"><span class=\"textopadrao1\">Filhos desobedientes (Dt 21:18-21);<\/span><\/span><\/p>\r\n<p><span style=\"font-size: 16px;\"><span class=\"textopadrao1\">Assassinato (Lv 24:17);<\/span><\/span><\/p>\r\n<p><span style=\"font-size: 16px;\"><span class=\"textopadrao1\">Adult\u00e9rio (Dt 22:23,24);<\/span><\/span><\/p>\r\n<p><span style=\"font-size: 16px;\"><span class=\"textopadrao1\">Falso testemunho (Dt 19:18,19).<\/span><\/span><\/p>\r\n<p><span style=\"font-size: 16px;\"><span class=\"textopadrao1\">Em Cristo, o pecador n\u00e3o sofre a morte de imediato e tem a chance de se arrepender e ser salvo. Isto \u00e9 a Gra\u00e7a!. Todavia n\u00e3o deve seguir pecando, ou seja, transgredindo. No N.T., a mesma Lei do Criador est\u00e1 em vigor e n\u00e3o \u00e9 minist\u00e9rio de morte, pois ningu\u00e9m \u00e9 punido pelos homens com a morte, pelo pecado praticado.<\/span><\/span><\/p>\r\n<p><span style=\"font-size: 16px;\"><span class=\"textopadrao1\"><b>OBS:<\/b>\u00a0N\u00e3o com a morte f\u00edsica (1\u00aa morte) mas sim com a 2\u00aa morte que \u00e9 a Morte Eterna, de que se fala nos mandamentos&#8230;<\/span><\/span><\/p>\r\n<p><span style=\"font-size: 16px;\"><span class=\"textopadrao1\"><b>Que \u00e9 o pecado?<\/b><\/span><\/span><\/p>\r\n<p><span style=\"font-size: 16px;\"><span class=\"textopadrao1\">Segundo as Escrituras o pecado:<\/span><\/span><\/p>\r\n<p><span style=\"font-size: 16px;\"><span class=\"textopadrao1\">\u00c9 transgress\u00e3o da Lei (I Jo 3:4);<\/span><\/span><\/p>\r\n<p><span style=\"font-size: 16px;\"><span class=\"textopadrao1\">Se conhece, pela Lei (Rm 3:20; 7:7);<\/span><\/span><\/p>\r\n<p><span style=\"font-size: 16px;\"><span class=\"textopadrao1\">N\u00e3o \u00e9 imputado, sem a Lei: (Rm 4:13; 15);<\/span><\/span><\/p>\r\n<p><span style=\"font-size: 16px;\"><span class=\"textopadrao1\">Est\u00e1 morto, sem a lei (Rm 7:8; I Co 15:56);<\/span><\/span><\/p>\r\n<p><span style=\"font-size: 16px;\"><span class=\"textopadrao1\"><b>Que aconteceria se a Lei do Criador tivesse sido abolida?<\/b><\/span><\/span><\/p>\r\n<p><span style=\"font-size: 16px;\"><span class=\"textopadrao1\">&#8211; O pecado n\u00e3o mais existiria, a partir do fim da vig\u00eancia da Lei.<\/span><\/span><\/p>\r\n<p><span style=\"font-size: 16px;\"><span class=\"textopadrao1\">&#8211; Yaohushua teria morrido em v\u00e3o, pois se n\u00e3o h\u00e1 pecado n\u00e3o seria necess\u00e1ria Sua morte.<\/span><\/span><\/p>\r\n<p><span style=\"font-size: 16px;\"><span class=\"textopadrao1\">&#8211; N\u00e3o haveria necessidade da Gra\u00e7a, pois n\u00e3o existiria pecador.<\/span><\/span><\/p>\r\n<p><span style=\"font-size: 16px;\"><span class=\"textopadrao1\">&#8211; Desnecess\u00e1rio seria se pregar o Evangelho, pois ningu\u00e9m \u00e9 pecador e n\u00e3o h\u00e1 de que se arrepender.<\/span><\/span><\/p>\r\n<p><span style=\"font-size: 16px;\"><span class=\"textopadrao1\"><b>Guardando os dois ensinados por Yaohushua n\u00e3o \u00e9 o suficiente?<\/b><\/span><\/span><\/p>\r\n<p><span style=\"font-size: 16px;\"><span class=\"textopadrao1\">Mt 22:37-40; Rm 13:10. Se realmente algu\u00e9m estiver guardando os dois, \u00e9 claro que est\u00e1 cumprindo tudo. Mas, veja bem:<\/span><\/span><\/p>\r\n<p><span style=\"font-size: 16px;\"><span class=\"textopadrao1\"><b>Quem ama a o Criador de todo o cora\u00e7\u00e3o:<\/b><\/span><\/span><\/p>\r\n<p><span style=\"font-size: 16px;\"><span class=\"textopadrao1\"><b>1)<\/b>\u00a0N\u00e3o tem outros deuses\u00a0<\/span><br \/><span class=\"textopadrao1\"><b>2)<\/b>\u00a0N\u00e3o faz ou adora \u00eddolos\u00a0<\/span><br \/><span class=\"textopadrao1\"><b>3)<\/b>\u00a0N\u00e3o toma seu nome em v\u00e3o\u00a0<\/span><br \/><span class=\"textopadrao1\"><b>4)<\/b>\u00a0Santifica Seu dia de repouso\u00a0<\/span><br \/><br \/><span class=\"textopadrao1\"><b>Quem ama o pr\u00f3ximo como a si mesmo:<\/b><\/span><\/span><\/p>\r\n<p><span style=\"font-size: 16px;\"><span class=\"textopadrao1\"><b>1)<\/b>\u00a0Honra a pai e m\u00e3e\u00a0<\/span><br \/><span class=\"textopadrao1\"><b>2)<\/b>\u00a0N\u00e3o mata seu pr\u00f3ximo\u00a0<\/span><br \/><span class=\"textopadrao1\"><b>3)<\/b>\u00a0N\u00e3o pratica adult\u00e9rio\u00a0<\/span><br \/><span class=\"textopadrao1\"><b>4)<\/b>\u00a0N\u00e3o furta\u00a0<\/span><br \/><span class=\"textopadrao1\"><b>5)<\/b>\u00a0N\u00e3o mente ou d\u00e1 falso testemunho\u00a0<\/span><br \/><span class=\"textopadrao1\"><b>6)<\/b>\u00a0N\u00e3o cobi\u00e7a os pertences dos outros\u00a0<\/span><br \/><br \/><span class=\"textopadrao1\">A que conclus\u00e3o chegamos? S\u00f3 guardam os dois, quem guarda os dez! Tg 2:10.<\/span><br \/><br \/><span class=\"textopadrao1\">N\u00e3o seja c\u00famplice daqueles que conscientemente violam a Lei do Criador, e ensinam voc\u00ea a fazer o mesmo. Contate-nos e conhe\u00e7a mais provas b\u00edblicas sobre o dia que o Criador santificou.<\/span><\/span><\/p>\r\n<p><span style=\"font-size: 16px;\"><b>O shabbos<\/b><\/span><\/p>\r\n<p><span style=\"font-size: 16px;\"><span class=\"textopadrao1\">\u201cE proferir\u00e1 palavras contra o Alt\u00edssimo, e destruir\u00e1 os santos do Alt\u00edssimo, e cuidar\u00e1 em mudar os tempos e a lei; e eles ser\u00e3o entregues nas suas m\u00e3os por um tempo, e tempos, e metade de um tempo.\u201d (Dn 7:25). Assim descreve o profeta aquele futuro poder que mudaria os tempos e a Lei do Criador! Isso se cumpriu aproximadamente mil anos depois!<\/span><\/span><\/p>\r\n<p><span style=\"font-size: 16px;\"><span class=\"textopadrao1\">Os l\u00edderes do \u201ccristianismo\u201d para ficarem desobrigados de guardar o shabbos, insistem em dizer que o quarto mandamento da Lei do Criador foi abolido! Entretanto, esses mesmos que diariamente visam invalidar o shabbos como mandamento, apegam-se ferrasmente \u00e0 observ\u00e2ncia do d\u00edzimo que desde a cruz, foi abolido, tornando-se o meio do sustento da Kehil\u00e1h atrav\u00e9s de ofertas \u2013 II Co 9:7!<\/span><\/span><\/p>\r\n<p><span style=\"font-size: 16px;\"><span class=\"textopadrao1\">Quando o mandamento serve para engordar as contas banc\u00e1rias desses l\u00edderes, a\u00ed sim, tem validade, e os fi\u00e9is incautos s\u00e3o obrigados a obedecer!<\/span><\/span><\/p>\r\n<p style=\"text-align: center;\"><span style=\"font-size: 16px;\"><span class=\"textopadrao1\"><b>A ORIGEM DO DOMINGO<\/b><\/span><\/span><\/p>\r\n<p><span style=\"font-size: 16px;\"><span class=\"textopadrao1\">Para sair de Babil\u00f4nia, como recomenda a Palavra, \u00e9 preciso renunciar a tudo o que se compromete com ela, caso contr\u00e1rio, estaremos servindo a o Criador em v\u00e3o, sem nenhuma chance de sermos salvos.<\/span><\/span><\/p>\r\n<p style=\"text-align: center;\"><span style=\"font-size: 16px;\"><span class=\"textopadrao1\"><b>A MAIOR DIVINDADE DO PLANETA!<\/b><\/span><\/span><\/p>\r\n<p><span style=\"font-size: 16px;\"><span class=\"textopadrao1\">Entre os astros divinizados pelos povos pag\u00e3os, o sol destacou-se e tornou-se a maior deidade reverenciada, o mais popular \u201cdeus\u201d do planeta. Um dia da semana foi-lhe separado para o culto, o primeiro dia da semana [domingo]. Tal idolatria atingiu seu cl\u00edmax dentro do Imp\u00e9rio Romano pag\u00e3o, e posteriormente dentro da religi\u00e3o cat\u00f3lica. Hoje, no atual \u201ccristianismo\u201d, essa cren\u00e7a \u00e9 totalmente aceita!<\/span><\/span><\/p>\r\n<p><span style=\"font-size: 16px;\"><span class=\"textopadrao1\">De que maneira a adora\u00e7\u00e3o do sol foi introduzida no \u201ccristianismo\u201d?\u00a0<\/span><br \/><span class=\"textopadrao1\">Constantino foi imperador de Roma entre os anos 306 a 337 d.C. No ano 321 d.C. promulgou a seguinte lei: \u201cDevem os magistrados e as pessoas residentes nas cidades repousar, e todas as oficinas ser fechadas no vener\u00e1vel dia do sol\u201d (History of de Christian Church &#8211; vol. III, p\u00e1g. 380).<\/span><\/span><\/p>\r\n<p><span style=\"font-size: 16px;\"><span class=\"textopadrao1\"><b>Nota:<\/b>\u00a0O \u201cvener\u00e1vel dia do sol\u201d, mencionado pelo imperador, \u00e9 o primeiro dia da semana, popularmente conhecido nas l\u00ednguas de origem latina como \u201cdomingo\u201d. Constantino sempre foi um profundo adorador do sol e, continuou sendo, mesmo depois de se considerar um seguidor de Cristo. Ele mesclou o costume dos dois povos (pag\u00e3os e crist\u00e3os) com o objetivo de agradar a ambos e fortalecer o seu imp\u00e9rio.<\/span><\/span><\/p>\r\n<p><span style=\"font-size: 16px;\"><span class=\"textopadrao1\"><b>OBS:<\/b>\u00a0Que comemora o dia 25 de dezembro est\u00e1 guardando &#8220;o domingo dos domingos&#8221;, pois sem confirma\u00e7\u00e3o escritur\u00edsticas atribu\u00edram este dia pag\u00e3o ao nascimento de Yaohushua&#8230;<\/span><\/span><\/p>\r\n<p><span style=\"font-size: 16px;\"><span class=\"textopadrao1\">A Enciclop\u00e9dia Brit\u00e2nica &#8211; 11\u00ba edi\u00e7\u00e3o, falando do \u201cdomingo\u201d declara o seguinte:\u00a0<\/span><br \/><span class=\"textopadrao1\">\u201cO mais antigo reconhecimento da observ\u00e2ncia do domingo como uma obriga\u00e7\u00e3o legal \u00e9 uma constitui\u00e7\u00e3o de Constantino, de 321 d.Y, decretando que todas as cortes de justi\u00e7a, habitantes de cidades e oficinas repousassem no dia do sol (Vener\u00e1bilis dies solis), exce\u00e7\u00e3o feita apenas \u00e0queles que estivessem ocupados em trabalhos de agricultura\u201d.<\/span><\/span><\/p>\r\n<p><span style=\"font-size: 16px;\"><span class=\"textopadrao1\">Posteriormente, a religi\u00e3o cat\u00f3lica apoiou tal atitude e assume a autoria da mudan\u00e7a do dia do repouso de shabbos [o s\u00e9timo dia da semana] para o domingo [o primeiro dia], fato que \u00e9 confirmado pelo padre J\u00falio Maria, num ataque recha\u00e7ando a hipocrisia dos protestantes; ele diz:<\/span><\/span><\/p>\r\n<p><span style=\"font-size: 16px;\"><span class=\"textopadrao1\">\u201cO Boletim Protestante diz: Guardamos o domingo&#8217;. Mas, como \u00e9 isto caro protestante? Isto \u00e9 romano! Mostre-me onde est\u00e1 na B\u00edblia o preceito de guardar o domingo?&#8230; Aqui os sabatistas t\u00eam raz\u00e3o contra as outras seitas: o s\u00e1bado \u00e9 o dia do Messias! (Ex 20:10; Jr 17:22; Ex 31:14; Jo 9:16). Eis o que \u00e9 bem claro e positivo. Em parte nenhuma figura o domingo como dia do Messias. Como \u00e9 que um protestante zeloso, cioso em observar todos os preceitos da B\u00edblia, desobedece t\u00e3o formalmente? Olhe, caro amigo, isso faz duvidar do seu protestantismo!\u201d<\/span><\/span><\/p>\r\n<p><span style=\"font-size: 16px;\"><span class=\"textopadrao1\">E continua o padre: N\u00f3s cat\u00f3licos, romanos, guardamos o domingo, em lembran\u00e7a da ressurrei\u00e7\u00e3o de Cristo, e por ordem do chefe da nossa Igreja, que preceituou tal ordem do s\u00e1bado ser do Antigo Testamento, e n\u00e3o ser mais obrigado no Novo Testamento. E conclui ent\u00e3o o padre: \u201cO amigo est\u00e1 se afastando do protestantismo e virando cat\u00f3lico, meus parab\u00e9ns\u201d!<\/span><\/span><\/p>\r\n<p><span style=\"font-size: 16px;\"><span class=\"textopadrao1\">Vemos que a guarda do domingo, guardado como suposto dia da ressurrei\u00e7\u00e3o de Yaohushua, \u00e9 uma imposi\u00e7\u00e3o vinda, n\u00e3o atrav\u00e9s da Palavra, mas por meio daqueles que se apostataram, abra\u00e7ando o mandamento pag\u00e3o! Fica ainda uma inc\u00f4moda quest\u00e3o para\u00a0 os te\u00f3logos dominguistas responderem: precisava mudar a guarda do shabbos para o domingo se este n\u00e3o era observado?<\/span><\/span><\/p>\r\n<p style=\"text-align: center;\"><span style=\"font-size: 16px;\"><span class=\"textopadrao1\"><b>QUAL A FINALIDADE DA LEI?<\/b><\/span><\/span><\/p>\r\n<p><span style=\"font-size: 16px;\"><span class=\"textopadrao1\">\u201cPor isso ningu\u00e9m ser\u00e1 justificado diante dele pelas obras da lei; antes, pela lei vem o conhecimento do pecado&#8230; (Rm 3:20).<\/span><\/span><\/p>\r\n<p><span style=\"font-size: 16px;\"><span class=\"textopadrao1\">O objetivo da Lei \u00e9 mostrar o pecado e n\u00e3o nos justificar. Pois, se n\u00e3o existir a Lei para mostrar o pecado, este tamb\u00e9m n\u00e3o existiria! Portanto, n\u00e3o est\u00e3o bem os que insistem em dizer que a Lei foi abolida, tentando se justificar e com isso invalidar a observ\u00e2ncia do mandamento do Messias, o shabbos!<\/span><\/span><\/p>\r\n<p style=\"text-align: center;\"><b><span style=\"color: #808080; font-family: Verdana;\"> <a href=\"http:\/\/overboyaohushua.com\/index.php\/principal-6\/\"><span style=\"color: #808080;\"> <marquee>Seja um Rosh (l\u00edder Congregacional); fa\u00e7a o CTA: Curso de Teologia Aplicada &#8211; CLIC!<\/marquee><\/span><\/a><\/span><\/b><\/p>\r\n<p><strong>D\u00favidas:<\/strong><\/p>\r\n<!-- \/wp:post-content -->\r\n\r\n<!-- wp:shortcode -->\r\n\t\t\t<link rel=\"stylesheet\" property=\"stylesheet\" href=\"https:\/\/overboyaohushua.com\/wp-content\/plugins\/happyforms\/bundles\/css\/frontend.css\" \/>\n\t\t\t\t<!-- HappyForms CSS variables -->\n\t<style>\n\t#happyforms-54 {\n\t\t--happyforms-part-title-font-size: 16px;\n--happyforms-part-description-font-size: 14px;\n--happyforms-part-value-font-size: 16px;\n--happyforms-submit-button-font-size: 18px;\n--happyforms-color-primary: #000000;\n--happyforms-color-success-notice: #ebf9f0;\n--happyforms-color-success-notice-text: #1eb452;\n--happyforms-color-error: #ff7550;\n--happyforms-color-error-notice: #ffeeea;\n--happyforms-color-error-notice-text: #f23000;\n--happyforms-color-part-title: #000000;\n--happyforms-color-part-value: #000000;\n--happyforms-color-part-placeholder: #888888;\n--happyforms-color-part-description: #454545;\n--happyforms-color-part-border: #dbdbdb;\n--happyforms-color-part-border-focus: #407fff;\n--happyforms-color-part-background: #ffffff;\n--happyforms-color-part-background-focus: #ffffff;\n--happyforms-color-submit-background: #407fff;\n--happyforms-color-submit-background-hover: #3567cc;\n--happyforms-color-submit-border: transparent;\n--happyforms-color-submit-text: #ffffff;\n--happyforms-color-submit-text-hover: #ffffff;\n--happyforms-color-table-row-odd: #fcfcfc;\n--happyforms-color-table-row-even: #efefef;\n--happyforms-color-table-row-odd-text: #000000;\n--happyforms-color-table-row-even-text: #000000;\n--happyforms-color-dropdown-item-bg: #ffffff;\n--happyforms-color-dropdown-item-text: #000000;\n--happyforms-color-dropdown-item-bg-hover: #dbdbdb;\n--happyforms-color-dropdown-item-text-hover: #000000;\n--happyforms-color-divider-hr: #cccccc;\n--happyforms-color-choice-checkmark-bg: #ffffff;\n--happyforms-color-choice-checkmark-bg-focus: #000000;\n--happyforms-color-choice-checkmark-color: #ffffff;\n\t}\n\t<\/style>\n\t<!-- End of HappyForms CSS variables -->\n\t\t<!-- HappyForms Additional CSS -->\n\t<style data-happyforms-additional-css>\n\t\t<\/style>\n\t<!-- End of HappyForms Additional CSS -->\n\t\t\t<link rel=\"stylesheet\" type=\"text\/css\" href=\"https:\/\/overboyaohushua.com\/wp-content\/plugins\/happyforms\/core\/assets\/css\/no-interaction.css\">\n\t\t<div class=\"happyforms-form happyforms-styles\" id=\"happyforms-54\">\n\t\t\n\t<form action=\"\" id=\"happyforms-form-54\" method=\"post\" novalidate=\"true\" autocomplete=\"off\">\n\t\t\t\t<input type=\"hidden\" name=\"happyforms_random_seed\" value=\"3176084995\" \/>\n\t\t\n\t\t\t<input type=\"hidden\" name=\"action\" value=\"happyforms_message\">\n\t\t\t\t<input type=\"hidden\" name=\"client_referer\" value=\"\">\n\t\t\t\t<input type=\"hidden\" name=\"current_post_id\" value=\"\">\n\t\t\t\t<input type=\"hidden\" name=\"happyforms_form_id\" value=\"54\" \/>\n\t\t\t\t<input type=\"hidden\" name=\"happyforms_step\" value=\"0\" \/>\n\t\n\t\t<div class=\"happyforms-flex\">\n\t\t\t\t<input type=\"text\" name=\"54-number\" style=\"position:absolute;left:-5000px;\" tabindex=\"-1\" autocomplete=\"off\" aria-hidden=\"true\"> <span class=\"screen-reader-text\">Leave this field blank<\/span>\n\t\t\t\t\t\t\t\t\t\t<div class=\"happyforms-form__part happyforms-part happyforms-part--single_line_text happyforms-part--width-full happyforms-part--label-above\" id=\"happyforms-54_single_line_text_1-part\" data-happyforms-type=\"single_line_text\" data-happyforms-id=\"single_line_text_1\" data-happyforms-required=\"\">\n\t<div class=\"happyforms-part-wrap\">\n\t\t\n\t\t\t\t\t\t<div class=\"happyforms-part__label-container\">\n\t\t\t\t<label for=\"happyforms-54_single_line_text_1\" class=\"happyforms-part__label\">\n\t\t\t<span class=\"label\">Nome<\/span>\n\t\t\t\t\t\t\t\t\t\t<span class=\"happyforms-required\"><\/span>\n\t\t\t\t\t\t\t\t\t\t<span class=\"happyforms-optional\">(optional)<\/span>\n\t\t\t\t\t<\/label>\n\t\t\t<\/div>\n\t\t\t\n\t\t\n\t\t<div class=\"happyforms-part__el\">\n\t\t\t\n\t\t\t\n\t\t\t<div class=\"happyforms-input\">\n\t\t\t\t\n\t\t\t\t<input id=\"happyforms-54_single_line_text_1\" type=\"text\" name=\"54_single_line_text_1\" value=\"\" placeholder=\"\" autocomplete=\"off\" spellcheck=\"false\"  autocorrect=\"off\" \/>\n\t\t\t\t\t\t\t<\/div>\n\n\t\t\t\n\t\t\t\n\t\t\t\t\t<\/div>\n\t<\/div>\n<\/div>\n<div class=\"happyforms-part--with-autocomplete happyforms-form__part happyforms-part happyforms-part--email happyforms-part--width-full happyforms-part--label-above\" id=\"happyforms-54_email_7-part\" data-happyforms-type=\"email\" data-happyforms-id=\"email_7\" data-happyforms-required=\"\">\n\t\t<div class=\"happyforms-part-wrap\">\n\t\t\t\t\t\t<div class=\"happyforms-part__label-container\">\n\t\t\t\t<label for=\"happyforms-54_email_7\" class=\"happyforms-part__label\">\n\t\t\t<span class=\"label\">Email<\/span>\n\t\t\t\t\t\t\t\t\t\t<span class=\"happyforms-required\"><\/span>\n\t\t\t\t\t\t\t\t\t\t<span class=\"happyforms-optional\">(optional)<\/span>\n\t\t\t\t\t<\/label>\n\t\t\t<\/div>\n\t\t\t\n\t\t\n\t\t<div class=\"happyforms-part__el\">\n\t\t\t\n\t\t\t\n\t\t\t<div class=\"happyforms-input\">\n\t\t\t\t<input type=\"email\" name=\"54_email_7\" id=\"happyforms-54_email_7\" value=\"\" placeholder=\"\" autocomplete=\"off\" spellcheck=\"false\"  autocorrect=\"off\" \/>\n\t\t\t\t\t\t\t<\/div>\n\n\t\t\t\n\t\t\t\n\t\t\t\t\t<\/div>\n\t<\/div>\n<\/div>\n<div class=\"happyforms-form__part happyforms-part happyforms-part--single_line_text happyforms-part--width-full happyforms-part--label-above\" id=\"happyforms-54_single_line_text_2-part\" data-happyforms-type=\"single_line_text\" data-happyforms-id=\"single_line_text_2\" data-happyforms-required=\"\">\n\t<div class=\"happyforms-part-wrap\">\n\t\t\n\t\t\t\t\t\t<div class=\"happyforms-part__label-container\">\n\t\t\t\t<label for=\"happyforms-54_single_line_text_2\" class=\"happyforms-part__label\">\n\t\t\t<span class=\"label\">Cidade+ Estado<\/span>\n\t\t\t\t\t\t\t\t\t\t<span class=\"happyforms-required\"><\/span>\n\t\t\t\t\t\t\t\t\t\t<span class=\"happyforms-optional\">(optional)<\/span>\n\t\t\t\t\t<\/label>\n\t\t\t<\/div>\n\t\t\t\n\t\t\n\t\t<div class=\"happyforms-part__el\">\n\t\t\t\n\t\t\t\n\t\t\t<div class=\"happyforms-input\">\n\t\t\t\t\n\t\t\t\t<input id=\"happyforms-54_single_line_text_2\" type=\"text\" name=\"54_single_line_text_2\" value=\"\" placeholder=\"\" autocomplete=\"off\" spellcheck=\"false\"  autocorrect=\"off\" \/>\n\t\t\t\t\t\t\t<\/div>\n\n\t\t\t\n\t\t\t\n\t\t\t\t\t<\/div>\n\t<\/div>\n<\/div>\n<div class=\"happyforms-form__part happyforms-part happyforms-part--multi_line_text happyforms-part--width-full happyforms-part--label-above\" id=\"happyforms-54_multi_line_text_6-part\" data-happyforms-type=\"multi_line_text\" data-happyforms-id=\"multi_line_text_6\" data-happyforms-required=\"\">\n\t<div class=\"happyforms-part-wrap\">\n\t\t\t\t\t\t<div class=\"happyforms-part__label-container\">\n\t\t\t\t<label for=\"happyforms-54_multi_line_text_6\" class=\"happyforms-part__label\">\n\t\t\t<span class=\"label\">Mensagem<\/span>\n\t\t\t\t\t\t\t\t\t\t<span class=\"happyforms-required\"><\/span>\n\t\t\t\t\t\t\t\t\t\t<span class=\"happyforms-optional\">(optional)<\/span>\n\t\t\t\t\t<\/label>\n\t\t\t<\/div>\n\t\t\t\n\t\t\n\t\t<div class=\"happyforms-part__el\">\n\t\t\t\n\t\t\t\t\t\t<textarea id=\"happyforms-54_multi_line_text_6\" name=\"54_multi_line_text_6\" rows=\"5\" placeholder=\"\" autocomplete=\"off\" spellcheck=\"false\" autocorrect=\"off\" ><\/textarea>\n\t\t\t\n\t\t\t\n\t\t\t\t\t<\/div>\n\t<\/div>\n<\/div>\n\t\t\t\t\t\t<div class=\"happyforms-form__part happyforms-part happyforms-part--submit\">\n\t\t<button type=\"submit\" class=\"happyforms-submit happyforms-button--submit \">ENVIAR<\/button>\n\t<\/div>\t\t<\/div>\n\n\t\t\t<\/form>\n\n\t<\/div>\n\r\n<!-- \/wp:shortcode --><div style='text-align:left' class='yasr-auto-insert-overall'><\/div><div style='text-align:left' class='yasr-auto-insert-visitor'><\/div>","protected":false},"excerpt":{"rendered":"<p>Os Dez Mandamentos foram abolidos? \u00c9 poss\u00edvel que a Gra\u00e7a anule a Lei? A Lei do Criador existe para identificar o pecado para revelar seus transgressores. A nossa f\u00e9 n\u00e3o anula a Lei, antes a confirma. Como n\u00f3s cremos que existe o pecado e pecadores, automaticamente confirmamos a vig\u00eancia da Lei do Criador (Rm. 3:31). [&hellip;]<\/p>\n","protected":false},"author":1,"featured_media":0,"parent":0,"menu_order":0,"comment_status":"closed","ping_status":"closed","template":"","meta":{"yasr_overall_rating":0,"yasr_post_is_review":"","yasr_auto_insert_disabled":"","yasr_review_type":"","footnotes":""},"class_list":["post-998","page","type-page","status-publish","hentry"],"yasr_visitor_votes":{"stars_attributes":{"read_only":false,"span_bottom":false},"number_of_votes":0,"sum_votes":0},"_links":{"self":[{"href":"https:\/\/overboyaohushua.com\/index.php\/wp-json\/wp\/v2\/pages\/998","targetHints":{"allow":["GET"]}}],"collection":[{"href":"https:\/\/overboyaohushua.com\/index.php\/wp-json\/wp\/v2\/pages"}],"about":[{"href":"https:\/\/overboyaohushua.com\/index.php\/wp-json\/wp\/v2\/types\/page"}],"author":[{"embeddable":true,"href":"https:\/\/overboyaohushua.com\/index.php\/wp-json\/wp\/v2\/users\/1"}],"replies":[{"embeddable":true,"href":"https:\/\/overboyaohushua.com\/index.php\/wp-json\/wp\/v2\/comments?post=998"}],"version-history":[{"count":1,"href":"https:\/\/overboyaohushua.com\/index.php\/wp-json\/wp\/v2\/pages\/998\/revisions"}],"predecessor-version":[{"id":1930,"href":"https:\/\/overboyaohushua.com\/index.php\/wp-json\/wp\/v2\/pages\/998\/revisions\/1930"}],"wp:attachment":[{"href":"https:\/\/overboyaohushua.com\/index.php\/wp-json\/wp\/v2\/media?parent=998"}],"curies":[{"name":"wp","href":"https:\/\/api.w.org\/{rel}","templated":true}]}}