{"id":2186,"date":"2020-04-18T20:53:35","date_gmt":"2020-04-18T17:53:35","guid":{"rendered":"https:\/\/overboyaohushua.com\/?post_type=product&#038;p=2186"},"modified":"2024-01-19T16:32:58","modified_gmt":"2024-01-19T14:32:58","slug":"la-bible-yaohushua","status":"publish","type":"product","link":"https:\/\/overboyaohushua.com\/index.php\/produto\/la-bible-yaohushua\/","title":{"rendered":"La Bible Yaohushua"},"content":{"rendered":"<p><img loading=\"lazy\" decoding=\"async\" class=\"alignleft wp-image-2883 size-medium\" src=\"https:\/\/overboyaohushua.com\/wp-content\/uploads\/2020\/04\/ESNfranc-247x300.png\" alt=\"\" width=\"247\" height=\"300\" srcset=\"https:\/\/overboyaohushua.com\/wp-content\/uploads\/2020\/04\/ESNfranc-247x300.png 247w, https:\/\/overboyaohushua.com\/wp-content\/uploads\/2020\/04\/ESNfranc-300x364.png 300w, https:\/\/overboyaohushua.com\/wp-content\/uploads\/2020\/04\/ESNfranc.png 560w\" sizes=\"auto, (max-width: 247px) 100vw, 247px\" \/><\/p><p style=\"text-align: left;\"><span style=\"font-size: 18pt;\">DIMENSIONS: C5 [6 &#8220;x 9&#8221; ~ 720 pages; Impression Digital; offset 63g] papier <\/span><\/p><p style=\"text-align: left;\" align=\"center\"><span style=\"font-size: 18pt;\">LIAISON:\u00a0Couverture rigide; Illustration couleur enduite d&#8217;ac\u00e9tate semi-mat<\/span><\/p><p style=\"text-align: left;\" align=\"center\"><b><span style=\"font-family: Verdana; font-size: x-large;\"><br \/><span style=\"font-size: 24pt;\">PRIX: R$ 210,00 \/ Livre + Courrier<\/span><\/span><\/b><\/p><p id=\"tw-target-text\" class=\"tw-data-text tw-text-large tw-ta\" dir=\"ltr\" data-placeholder=\"Tradu\u00e7\u00e3o\"><span lang=\"fr\" style=\"color: #ff0000; font-size: 12pt;\">Images illustratives<\/span><\/p><pre id=\"tw-target-text\" class=\"tw-data-text tw-text-large XcVN5d tw-ta\" dir=\"ltr\" data-placeholder=\"Tradu\u00e7\u00e3o\"><span style=\"font-size: 14pt;\"><span class=\"Y2IQFc\" lang=\"fr\" style=\"font-family: 'comic sans ms', sans-serif;\"><span style=\"font-size: large;\"><span style=\"font-size: 18pt;\">Convertir le prix \u00e0 votre devise;<\/span> <\/span><\/span><strong><span class=\"Y2IQFc\" lang=\"fr\">NE PAS ACHETER SANS CONSULTER LA DISPONIBILIT\u00c9: +55 15 9 9781-0294 (ZAP)<\/span><\/strong><\/span><\/pre><p>&nbsp;<\/p>","protected":false},"excerpt":{"rendered":"<p><span style=\"font-family: Verdana; font-size: 14pt;\">\u00c9dition Standard: Les Saintes \u00c9critures selon le Nom [ESN &#8211; EUC by CYC; Corrig\u00e9 Unitarian Edition], est enti\u00e8rement de la perspective de Jean 1: 3, o\u00f9 TOUT a \u00e9t\u00e9 cr\u00e9\u00e9 par YAOH\u00daSHUA!<\/span><\/p>\n<p><span style=\"font-size: 14pt;\">Dans ce livre, de nombreux passages o\u00f9 les juifs [et les trinitaires] n&#8217;identifient pas YAOH\u00daSHUA, il est clairement identifi\u00e9. En outre, TOUS les noms des proph\u00e8tes, des personnages et des lieux g\u00e9ographiques sont en h\u00e9breu archa\u00efque, la langue originale de l&#8217;\u00c9criture.<\/span><\/p>\n<pre id=\"tw-target-text\" class=\"tw-data-text tw-text-large XcVN5d tw-ta\" dir=\"ltr\" data-placeholder=\"Tradu\u00e7\u00e3o\"><span class=\"Y2IQFc\" lang=\"fr\">CETTE EDITION EST DIVISEE PAR CONTEXTE ET SES LIVRES SUIVENT L'ORDRE CHRONOLOGIQUE - HEBREU !<\/span><\/pre>\n","protected":false},"featured_media":2883,"comment_status":"open","ping_status":"closed","template":"","meta":{"yasr_overall_rating":0,"yasr_post_is_review":"yes","yasr_auto_insert_disabled":"yes","yasr_review_type":""},"class_list":{"0":"post-2186","1":"product","2":"type-product","3":"status-publish","4":"has-post-thumbnail","6":"product_cat-esns","7":"product_tag-france","9":"first","10":"outofstock","11":"featured","12":"taxable","13":"shipping-taxable","14":"purchasable","15":"product-type-simple"},"yasr_visitor_votes":{"stars_attributes":{"read_only":false,"span_bottom":false},"number_of_votes":0,"sum_votes":0},"_links":{"self":[{"href":"https:\/\/overboyaohushua.com\/index.php\/wp-json\/wp\/v2\/product\/2186","targetHints":{"allow":["GET"]}}],"collection":[{"href":"https:\/\/overboyaohushua.com\/index.php\/wp-json\/wp\/v2\/product"}],"about":[{"href":"https:\/\/overboyaohushua.com\/index.php\/wp-json\/wp\/v2\/types\/product"}],"replies":[{"embeddable":true,"href":"https:\/\/overboyaohushua.com\/index.php\/wp-json\/wp\/v2\/comments?post=2186"}],"wp:featuredmedia":[{"embeddable":true,"href":"https:\/\/overboyaohushua.com\/index.php\/wp-json\/wp\/v2\/media\/2883"}],"wp:attachment":[{"href":"https:\/\/overboyaohushua.com\/index.php\/wp-json\/wp\/v2\/media?parent=2186"}],"curies":[{"name":"wp","href":"https:\/\/api.w.org\/{rel}","templated":true}]}}