{"id":2240,"date":"2020-05-22T18:37:48","date_gmt":"2020-05-22T15:37:48","guid":{"rendered":"https:\/\/overboyaohushua.com\/?post_type=product&#038;p=2240"},"modified":"2024-08-28T17:04:04","modified_gmt":"2024-08-28T14:04:04","slug":"esn-antiqua","status":"publish","type":"product","link":"https:\/\/overboyaohushua.com\/index.php\/produto\/esn-antiqua\/","title":{"rendered":"ESN &#8211; ANTIQUA"},"content":{"rendered":"<p style=\"text-align: left;\" align=\"right\"><span style=\"font-family: Verdana;\"><b><img loading=\"lazy\" decoding=\"async\" class=\"alignleft wp-image-2870 size-medium\" src=\"https:\/\/overboyaohushua.com\/wp-content\/uploads\/2020\/05\/ESNantic-247x300.png\" alt=\"\" width=\"247\" height=\"300\" srcset=\"https:\/\/overboyaohushua.com\/wp-content\/uploads\/2020\/05\/ESNantic-247x300.png 247w, https:\/\/overboyaohushua.com\/wp-content\/uploads\/2020\/05\/ESNantic-300x364.png 300w, https:\/\/overboyaohushua.com\/wp-content\/uploads\/2020\/05\/ESNantic.png 560w\" sizes=\"auto, (max-width: 247px) 100vw, 247px\" \/><\/b><\/span><\/p><p style=\"text-align: left;\" align=\"right\"><span style=\"font-family: Verdana; font-size: 12pt;\"><b>LETRA GRANDE<\/b><\/span><\/p><p style=\"text-align: left;\" align=\"right\"><span style=\"font-size: 12pt;\"><span style=\"font-family: Verdana;\"><b>DIMENS\u00d5ES: B5\u00a0<\/b>[0.18 X 0.26 ~ 700 p\u00e1ginas; impress\u00e3o digital, papel offset 63g].<\/span><\/span><\/p><p style=\"text-align: left;\" align=\"right\"><span style=\"font-family: Verdana; font-size: 12pt;\"><b>ENCADERNA\u00c7\u00c3O<\/b>: Capa Dura; Ilustra\u00e7\u00e3o Color Digital; plastificada com acetado semi transparente.<\/span><\/p><p style=\"text-align: left;\" align=\"right\"><span style=\"color: #ff0000;\">\u00ab Imagens sem dimens\u00f5es definidas (apenas para demonstrar a imagem da ilustra\u00e7\u00e3o da capa)<\/span><\/p><ul><li><p><span style=\"font-family: verdana, geneva, sans-serif;\"><span style=\"font-size: 12pt;\"><strong>Descri\u00e7\u00e3o:<\/strong>\u00a0\u00a0A ESN Antiqua [Escritura Sagrada o Nome Hebreo] usa o texto de 1903 (Portugu\u00eas Arcaico, sem as corrup\u00e7\u00f5es atuais das Almeidas) que \u00e9 uma tradu\u00e7\u00e3o do texto de 1819 de Jo\u00e3o Ferreira Annes d&#8217;Almeida feita pela Sociedade Americana da B\u00edblia, N.Y &#8211; USA<\/span><\/span><\/p><\/li><li><p><span style=\"font-family: verdana, geneva, sans-serif; font-size: 12pt;\">A ESNa, Linguagem Arcaica, cont\u00e9m todos os Nomes transliterado diretamente do Hebraico Arcaico, Escritur\u00edstico; segundo a mais recente sonoriza\u00e7\u00e3o&#8230;\u00a0<\/span><span style=\"color: #808080; font-family: Verdana; font-size: 12pt;\">Al\u00e9m desta preciosidade, seus Livros est\u00e3o na ordem hebraica, cronol\u00f3gica.<\/span><\/p><\/li><li><p align=\"justify\"><span style=\"color: #808080; font-family: Verdana; font-size: 12pt;\">AL\u00c9M DE ESTAR DIVIDIDA PELO CONTEXTO, SEUS LIVROS SEGUEM A ORDEM CRONOL\u00d3GICA &#8211; HEBRAICA! COM MAIS DE 1600 NOTAS DE RODAP\u00c9 E CITA\u00c7\u00d5ES DO VT, DIRETAMENTE NO TEXTO DO NT&#8230;<\/span><\/p><p align=\"justify\"><a href=\"https:\/\/overboyaohushua.com\/index.php\/antiqua\/\"><span style=\"font-size: 12pt;\"><strong>Conhe\u00e7a a primeira p\u00e1gina do Texto&#8230; Clic!<\/strong><\/span><\/a><\/p><p align=\"justify\"><a href=\"https:\/\/overboyaohushua.com\/index.php\/model-4\/\" target=\"_blank\" rel=\"noopener\"><span style=\"font-size: 12pt;\"><em>EST\u00c1 NA D\u00daVIDA? CLIC AQUI e Compare a ESN com as fraudes dispon\u00edveis na Internet<\/em><\/span><\/a><\/p><\/li><\/ul><p align=\"left\">\u00a0<\/p>","protected":false},"excerpt":{"rendered":"<p>LETRA GRANDEDIMENS\u00d5ES: B5\u00a0[0.18 X 0.26 ~ 700 p\u00e1ginas; impress\u00e3o digital, papel offset 63g].ENCADERNA\u00c7\u00c3O: Capa Dura; Ilustra\u00e7\u00e3o Color Digital; plastificada com acetado semi transparente.\u00ab Imagens sem dimens\u00f5es definidas (apenas para demonstrar a imagem da ilustra\u00e7\u00e3o da capa)Descri\u00e7\u00e3o:\u00a0\u00a0A ESN Antiqua [Escritura Sagrada o Nome Hebreo] usa o texto de 1903 (Portugu\u00eas Arcaico, sem as corrup\u00e7\u00f5es atuais das [&hellip;]<\/p>\n","protected":false},"featured_media":2870,"comment_status":"closed","ping_status":"closed","template":"","meta":{"yasr_overall_rating":0,"yasr_post_is_review":"yes","yasr_auto_insert_disabled":"yes","yasr_review_type":""},"class_list":{"0":"post-2240","1":"product","2":"type-product","3":"status-publish","4":"has-post-thumbnail","6":"product_cat-esns","7":"product_tag-esn-antiq","9":"first","10":"outofstock","11":"featured","12":"taxable","13":"shipping-taxable","14":"purchasable","15":"product-type-simple"},"yasr_visitor_votes":{"stars_attributes":{"read_only":false,"span_bottom":false},"number_of_votes":0,"sum_votes":0},"_links":{"self":[{"href":"https:\/\/overboyaohushua.com\/index.php\/wp-json\/wp\/v2\/product\/2240","targetHints":{"allow":["GET"]}}],"collection":[{"href":"https:\/\/overboyaohushua.com\/index.php\/wp-json\/wp\/v2\/product"}],"about":[{"href":"https:\/\/overboyaohushua.com\/index.php\/wp-json\/wp\/v2\/types\/product"}],"replies":[{"embeddable":true,"href":"https:\/\/overboyaohushua.com\/index.php\/wp-json\/wp\/v2\/comments?post=2240"}],"wp:featuredmedia":[{"embeddable":true,"href":"https:\/\/overboyaohushua.com\/index.php\/wp-json\/wp\/v2\/media\/2870"}],"wp:attachment":[{"href":"https:\/\/overboyaohushua.com\/index.php\/wp-json\/wp\/v2\/media?parent=2240"}],"curies":[{"name":"wp","href":"https:\/\/api.w.org\/{rel}","templated":true}]}}