{"id":228,"date":"2019-02-23T15:22:58","date_gmt":"2019-02-23T13:22:58","guid":{"rendered":"http:\/\/wp.cyocaminho.com\/?post_type=product&#038;p=228"},"modified":"2024-08-28T17:02:48","modified_gmt":"2024-08-28T14:02:48","slug":"esn-edicao-missionaria","status":"publish","type":"product","link":"https:\/\/overboyaohushua.com\/index.php\/produto\/esn-edicao-missionaria\/","title":{"rendered":"ESN &#8211; EDI\u00c7\u00c3O MISSION\u00c1RIA"},"content":{"rendered":"<p align=\"left\"><img loading=\"lazy\" decoding=\"async\" class=\"alignleft wp-image-2857 size-medium\" src=\"https:\/\/overboyaohushua.com\/wp-content\/uploads\/2019\/02\/ESNmiss01-247x300.png\" alt=\"\" width=\"247\" height=\"300\" srcset=\"https:\/\/overboyaohushua.com\/wp-content\/uploads\/2019\/02\/ESNmiss01-247x300.png 247w, https:\/\/overboyaohushua.com\/wp-content\/uploads\/2019\/02\/ESNmiss01-300x364.png 300w, https:\/\/overboyaohushua.com\/wp-content\/uploads\/2019\/02\/ESNmiss01.png 370w\" sizes=\"auto, (max-width: 247px) 100vw, 247px\" \/><\/p><p style=\"text-align: left;\" align=\"right\"><span style=\"font-size: 12pt; font-family: verdana, geneva, sans-serif;\"><strong>LETRA PEQUENA<\/strong><\/span><\/p><p style=\"text-align: left;\" align=\"right\"><span style=\"font-size: 12pt;\"><span style=\"font-family: Verdana;\"><b>DIMENS\u00d5ES: A5<\/b>\u00a0[0.15 X 0.21 ~ 720 p\u00e1ginas; impress\u00e3o digital, papel offset 63grs]<\/span><\/span><\/p><p style=\"text-align: left;\" align=\"right\"><span style=\"font-family: Verdana; font-size: 12pt;\"><b>ENCADERNA\u00c7\u00c3O:<\/b>\u00a0Tipo Brochura &#8211; Ilustra\u00e7\u00e3o digital color; plastificada com acetado semi transparente<\/span><\/p><p style=\"text-align: left;\" align=\"right\"><span style=\"color: #ff0000;\">\u00ab Imagens sem dimens\u00f5es definidas (Apenas para Indicar a Cor da Ilustra\u00e7\u00e3o da Capa)<\/span><\/p><p align=\"left\"><span style=\"font-size: 12pt;\"><span style=\"color: #808080; font-family: Verdana;\">NUMA LINGUAGEM F\u00c1CIL, A ESN &#8211;\u00a0ESCRITURAS SAGRADAS SEGUNDO O NOME;\u00a0VEIO PARA AJUDAR AQUELES QUE EST\u00c3O INICIANDO-SE NO ESTUDO DAS ESCRITURAS.\u00a0<\/span><span style=\"color: #808080; font-family: Verdana;\">IDEAL PARA O OBREIRO EVANGELISTA <em>DOAR<\/em> PARA OS SEUS (SE FOR PARA O SEU USO PESSOAL, ESCOLHA A ESN EDI\u00c7\u00c3O JOVEM &#8211; <a href=\"https:\/\/overboyaohushua.com\/index.php\/produto\/esn-edicao-jovem\/\"><strong>CLIC AQUI<\/strong><\/a>)&#8230;<\/span><span style=\"color: #808080; font-family: Verdana;\">\u00a0<\/span><\/span><\/p><p align=\"left\"><span style=\"color: #808080; font-size: 12pt;\"><span style=\"font-family: Verdana;\">NESTA EDI\u00c7\u00c3O, TODOS OS NOMES EST\u00c3O NA FORMA ORDIN\u00c1RIA JUNTAMENTE COM O HEBRAICO ARCAICO;<\/span><\/span><\/p><p align=\"left\"><span style=\"font-family: Verdana; font-size: 12pt; color: #808080;\">EXEMPLO: Samuel\/Shamu&#8217;ul<\/span><\/p><p align=\"left\"><span style=\"font-family: Verdana; font-size: 12pt; color: #808080;\">\u00a0\u00a0\u00a0\u00a0\u00a0\u00a0\u00a0\u00a0\u00a0\u00a0\u00a0\u00a0\u00a0\u00a0 Jerusal\u00e9m\/Yashua&#8217;oleym<\/span><\/p><p align=\"left\"><span style=\"font-size: 12pt;\"><a href=\"https:\/\/overboyaohushua.com\/index.php\/model-4\/\" target=\"_blank\" rel=\"noopener\"><em>EST\u00c1 NA D\u00daVIDA? CLIC AQUI e Compare a ESN com as fraudes dispon\u00edveis na Internet<\/em><\/a><\/span><\/p>","protected":false},"excerpt":{"rendered":"<p>LETRA PEQUENADIMENS\u00d5ES: A5\u00a0[0.15 X 0.21 ~ 720 p\u00e1ginas; impress\u00e3o digital, papel offset 63grs]ENCADERNA\u00c7\u00c3O:\u00a0Tipo Brochura &#8211; Ilustra\u00e7\u00e3o digital color; plastificada com acetado semi transparente\u00ab Imagens sem dimens\u00f5es definidas (Apenas para Indicar a Cor da Ilustra\u00e7\u00e3o da Capa)NUMA LINGUAGEM F\u00c1CIL, A ESN &#8211;\u00a0ESCRITURAS SAGRADAS SEGUNDO O NOME;\u00a0VEIO PARA AJUDAR AQUELES QUE EST\u00c3O INICIANDO-SE NO ESTUDO DAS ESCRITURAS.\u00a0IDEAL [&hellip;]<\/p>\n","protected":false},"featured_media":2857,"comment_status":"closed","ping_status":"closed","template":"","meta":{"yasr_overall_rating":0,"yasr_post_is_review":"yes","yasr_auto_insert_disabled":"yes","yasr_review_type":""},"class_list":{"0":"post-228","1":"product","2":"type-product","3":"status-publish","4":"has-post-thumbnail","6":"product_cat-esns","7":"product_tag-esn-007","9":"first","10":"outofstock","11":"featured","12":"taxable","13":"shipping-taxable","14":"purchasable","15":"product-type-simple"},"yasr_visitor_votes":{"stars_attributes":{"read_only":false,"span_bottom":false},"number_of_votes":0,"sum_votes":0},"_links":{"self":[{"href":"https:\/\/overboyaohushua.com\/index.php\/wp-json\/wp\/v2\/product\/228","targetHints":{"allow":["GET"]}}],"collection":[{"href":"https:\/\/overboyaohushua.com\/index.php\/wp-json\/wp\/v2\/product"}],"about":[{"href":"https:\/\/overboyaohushua.com\/index.php\/wp-json\/wp\/v2\/types\/product"}],"replies":[{"embeddable":true,"href":"https:\/\/overboyaohushua.com\/index.php\/wp-json\/wp\/v2\/comments?post=228"}],"wp:featuredmedia":[{"embeddable":true,"href":"https:\/\/overboyaohushua.com\/index.php\/wp-json\/wp\/v2\/media\/2857"}],"wp:attachment":[{"href":"https:\/\/overboyaohushua.com\/index.php\/wp-json\/wp\/v2\/media?parent=228"}],"curies":[{"name":"wp","href":"https:\/\/api.w.org\/{rel}","templated":true}]}}