{"id":2879,"date":"2021-10-29T18:48:37","date_gmt":"2021-10-29T15:48:37","guid":{"rendered":"https:\/\/overboyaohushua.com\/?post_type=product&#038;p=2879"},"modified":"2024-08-28T17:12:29","modified_gmt":"2024-08-28T14:12:29","slug":"la-biblia-de-yaohushua","status":"publish","type":"product","link":"https:\/\/overboyaohushua.com\/index.php\/produto\/la-biblia-de-yaohushua\/","title":{"rendered":"La Biblia de Yaohushua"},"content":{"rendered":"<p><img loading=\"lazy\" decoding=\"async\" class=\"alignleft wp-image-2881 size-medium\" src=\"https:\/\/overboyaohushua.com\/wp-content\/uploads\/2021\/10\/ESNespan-247x300.png\" alt=\"\" width=\"247\" height=\"300\" srcset=\"https:\/\/overboyaohushua.com\/wp-content\/uploads\/2021\/10\/ESNespan-247x300.png 247w, https:\/\/overboyaohushua.com\/wp-content\/uploads\/2021\/10\/ESNespan-300x364.png 300w, https:\/\/overboyaohushua.com\/wp-content\/uploads\/2021\/10\/ESNespan.png 560w\" sizes=\"auto, (max-width: 247px) 100vw, 247px\" \/><\/p><p style=\"text-align: left;\"><span style=\"font-family: Verdana; font-size: 18pt;\">DIMENSI\u00d3N: C5 [6&#8243; x 9&#8243; ~720 p\u00e1ginas; impresi\u00f3n digital; papel &#8216;offset 63g&#8217;].<\/span><\/p><p style=\"text-align: left;\" align=\"center\"><span style=\"font-family: Verdana; font-size: 18pt;\">Encuadernaci\u00f3n: Capa dura; Ilustraci\u00f3n a color recubierta con acetato semimate <br \/>\u00a0<\/span><\/p><p style=\"text-align: left;\" align=\"center\"><b><span style=\"font-family: Verdana; font-size: x-large;\"><span style=\"font-size: 24pt;\">PRECIO: R$ 210,00 \/ Libro + Correo<\/span><\/span><\/b><\/p><p id=\"tw-target-text\" class=\"tw-data-text tw-text-large tw-ta\" dir=\"ltr\" data-placeholder=\"Tradu\u00e7\u00e3o\"><strong><span style=\"color: #ff0000;\">immagini illustrative<\/span><\/strong><\/p><pre id=\"tw-target-text\" class=\"tw-data-text tw-text-large XcVN5d tw-ta\" dir=\"ltr\" data-placeholder=\"Tradu\u00e7\u00e3o\"><span class=\"Y2IQFc\" lang=\"es\" style=\"font-size: 18pt;\"><span style=\"font-family: 'comic sans ms', sans-serif;\">Convierta el precio a su moneda; <\/span>NO COMPRAR SIN CONSULTAR DISPONIBILIDAD: +55 15 9 9781-0294 (ZAP)<\/span><\/pre><p>&nbsp;<\/p>","protected":false},"excerpt":{"rendered":"<p><span style=\"font-family: Verdana; font-size: 14pt;\"><strong>Edici\u00f3n est\u00e1ndar:<\/strong> Las Sagradas Escrituras por nombre [ESN &#8211; EUC por CYC; Edici\u00f3n Unitaria Corregida], est\u00e1 totalmente a la luz de Jn 1: 3 donde TODO fue creado por Yaohu&#8217;shua. <\/span><\/p>\n<p><span style=\"font-family: Verdana; font-size: 14pt;\">En este n\u00famero, en muchos pasajes donde los jud\u00edos [y los trinitarios] no identifican a Yaohu&#8217;shua, \u00c9l est\u00e1 claramente presente. Adem\u00e1s, TODOS los nombres de los profetas, personajes y ubicaciones geogr\u00e1ficas est\u00e1n en hebreo arcaico, el idioma original de las Escrituras.\u00a0<\/span><\/p>\n<p><span style=\"font-family: Verdana; font-size: 14pt;\">ESTA EDICI\u00d3N EST\u00c1 DIVIDIDA POR CONTEXTO Y SUS LIBROS SIGUEN EL ORDEN CRONOL\u00d3GICO &#8211; \u00a1HEBREO!<\/span><\/p>\n","protected":false},"featured_media":2881,"comment_status":"open","ping_status":"closed","template":"","meta":{"yasr_overall_rating":0,"yasr_post_is_review":"yes","yasr_auto_insert_disabled":"yes","yasr_review_type":""},"class_list":{"0":"post-2879","1":"product","2":"type-product","3":"status-publish","4":"has-post-thumbnail","6":"product_cat-esns","7":"product_tag-es","9":"first","10":"outofstock","11":"featured","12":"taxable","13":"shipping-taxable","14":"purchasable","15":"product-type-simple"},"yasr_visitor_votes":{"stars_attributes":{"read_only":false,"span_bottom":false},"number_of_votes":0,"sum_votes":0},"_links":{"self":[{"href":"https:\/\/overboyaohushua.com\/index.php\/wp-json\/wp\/v2\/product\/2879","targetHints":{"allow":["GET"]}}],"collection":[{"href":"https:\/\/overboyaohushua.com\/index.php\/wp-json\/wp\/v2\/product"}],"about":[{"href":"https:\/\/overboyaohushua.com\/index.php\/wp-json\/wp\/v2\/types\/product"}],"replies":[{"embeddable":true,"href":"https:\/\/overboyaohushua.com\/index.php\/wp-json\/wp\/v2\/comments?post=2879"}],"wp:featuredmedia":[{"embeddable":true,"href":"https:\/\/overboyaohushua.com\/index.php\/wp-json\/wp\/v2\/media\/2881"}],"wp:attachment":[{"href":"https:\/\/overboyaohushua.com\/index.php\/wp-json\/wp\/v2\/media?parent=2879"}],"curies":[{"name":"wp","href":"https:\/\/api.w.org\/{rel}","templated":true}]}}