{"id":3021,"date":"2022-01-28T19:36:28","date_gmt":"2022-01-28T17:36:28","guid":{"rendered":"https:\/\/overboyaohushua.com\/?post_type=product&#038;p=3021"},"modified":"2024-08-28T17:33:30","modified_gmt":"2024-08-28T14:33:30","slug":"esn-de-estudo-a4","status":"publish","type":"product","link":"https:\/\/overboyaohushua.com\/index.php\/produto\/esn-de-estudo-a4\/","title":{"rendered":"ESN de ESTUDO &#8211; Letra M\u00e9dia\/A4"},"content":{"rendered":"<p style=\"text-align: left;\" align=\"right\">\u00a0<\/p><p style=\"text-align: left;\" align=\"right\"><span style=\"font-family: Verdana; color: #808080;\"><b><img loading=\"lazy\" decoding=\"async\" class=\"alignleft wp-image-3022 size-medium\" src=\"https:\/\/overboyaohushua.com\/wp-content\/uploads\/2022\/01\/ESNestud-247x300.png\" alt=\"\" width=\"247\" height=\"300\" srcset=\"https:\/\/overboyaohushua.com\/wp-content\/uploads\/2022\/01\/ESNestud-247x300.png 247w, https:\/\/overboyaohushua.com\/wp-content\/uploads\/2022\/01\/ESNestud-300x364.png 300w, https:\/\/overboyaohushua.com\/wp-content\/uploads\/2022\/01\/ESNestud.png 560w\" sizes=\"auto, (max-width: 247px) 100vw, 247px\" \/><\/b><\/span><\/p><p style=\"text-align: left;\" align=\"right\"><span style=\"font-family: verdana, geneva, sans-serif; font-size: 12pt;\"><strong>LETRA M\u00c9DIA &#8211; 1 volume<\/strong><\/span><\/p><p style=\"text-align: left;\" align=\"right\"><span style=\"font-family: Verdana; color: #808080; font-size: 12pt;\"><b>DIMENS\u00d5ES: A4<\/b>\u00a0[0.21 X 0.29 ~ 780 p\u00e1ginas; impress\u00e3o digital &#8211; papel offset, 63grs]<\/span><\/p><p style=\"text-align: left;\" align=\"right\"><span style=\"font-family: Verdana; color: #808080; font-size: 12pt;\"><b>ENCADERNA\u00c7\u00c3O:<\/b>\u00a0Capa Dura, Ilustra\u00e7\u00e3o digital color; plastificada com acetato semi transparente<\/span><\/p><p style=\"text-align: left;\" align=\"right\"><span style=\"color: #ff0000; font-size: 10pt;\">\u00ab Imagens sem as dimens\u00f5es reais (Apenas para mostrar a imagem da ilustra\u00e7\u00e3o da Capa)<\/span><\/p><p style=\"text-align: left;\" align=\"left\"><span style=\"color: #808080; font-family: Verdana;\"><span style=\"font-size: 16px;\"><b>ESN de ESTUDO com15.510 Notas de Rodap\u00e9, na Linguagem Padr\u00e3o. Com \u00eanfase nos Profetas e no Apocalipse!<\/b><\/span><\/span><\/p><p style=\"text-align: left;\" align=\"left\"><span style=\"font-family: Verdana; color: #808080; font-size: 12pt;\">ESTA EDI\u00c7\u00c3O ESTA DIVIDIDA PELO CONTEXTO E SEUS LIVROS SEGUEM A ORDEM CRONOL\u00d3GICA &#8211; HEBRAICA! COM MILHARES DE NOTAS DE RODAP\u00c9 PARA QUEM GOSTA DE SE APROFUNDAR NAS DOUTRINAS<\/span><\/p><p style=\"text-align: left;\" align=\"left\"><span style=\"font-size: 12pt;\"><a href=\"https:\/\/overboyaohushua.com\/index.php\/model-4\/\" target=\"_blank\" rel=\"noopener\"><em>EST\u00c1 NA D\u00daVIDA? CLIC AQUI e Compare a ESN com as fraudes dispon\u00edveis na Internet<\/em><\/a><\/span><\/p><p align=\"left\">\u00a0<\/p>","protected":false},"excerpt":{"rendered":"<p>\u00a0LETRA M\u00c9DIA &#8211; 1 volumeDIMENS\u00d5ES: A4\u00a0[0.21 X 0.29 ~ 780 p\u00e1ginas; impress\u00e3o digital &#8211; papel offset, 63grs]ENCADERNA\u00c7\u00c3O:\u00a0Capa Dura, Ilustra\u00e7\u00e3o digital color; plastificada com acetato semi transparente\u00ab Imagens sem as dimens\u00f5es reais (Apenas para mostrar a imagem da ilustra\u00e7\u00e3o da Capa)ESN de ESTUDO com15.510 Notas de Rodap\u00e9, na Linguagem Padr\u00e3o. Com \u00eanfase nos Profetas e no [&hellip;]<\/p>\n","protected":false},"featured_media":3022,"comment_status":"closed","ping_status":"closed","template":"","meta":{"yasr_overall_rating":0,"yasr_post_is_review":"yes","yasr_auto_insert_disabled":"yes","yasr_review_type":""},"class_list":{"0":"post-3021","1":"product","2":"type-product","3":"status-publish","4":"has-post-thumbnail","6":"product_cat-esns","7":"product_tag-esn-003","9":"first","10":"outofstock","11":"featured","12":"taxable","13":"shipping-taxable","14":"purchasable","15":"product-type-simple"},"yasr_visitor_votes":{"stars_attributes":{"read_only":false,"span_bottom":false},"number_of_votes":0,"sum_votes":0},"_links":{"self":[{"href":"https:\/\/overboyaohushua.com\/index.php\/wp-json\/wp\/v2\/product\/3021","targetHints":{"allow":["GET"]}}],"collection":[{"href":"https:\/\/overboyaohushua.com\/index.php\/wp-json\/wp\/v2\/product"}],"about":[{"href":"https:\/\/overboyaohushua.com\/index.php\/wp-json\/wp\/v2\/types\/product"}],"replies":[{"embeddable":true,"href":"https:\/\/overboyaohushua.com\/index.php\/wp-json\/wp\/v2\/comments?post=3021"}],"wp:featuredmedia":[{"embeddable":true,"href":"https:\/\/overboyaohushua.com\/index.php\/wp-json\/wp\/v2\/media\/3022"}],"wp:attachment":[{"href":"https:\/\/overboyaohushua.com\/index.php\/wp-json\/wp\/v2\/media?parent=3021"}],"curies":[{"name":"wp","href":"https:\/\/api.w.org\/{rel}","templated":true}]}}