{"id":3063,"date":"2022-02-08T16:53:34","date_gmt":"2022-02-08T14:53:34","guid":{"rendered":"https:\/\/overboyaohushua.com\/?post_type=product&#038;p=3063"},"modified":"2024-01-19T16:30:18","modified_gmt":"2024-01-19T14:30:18","slug":"esn-de-estudo-letra-grande-c5","status":"publish","type":"product","link":"https:\/\/overboyaohushua.com\/index.php\/produto\/esn-de-estudo-letra-grande-c5\/","title":{"rendered":"ESN de ESTUDO &#8211; Letra Grande\/C5"},"content":{"rendered":"<p style=\"text-align: left;\" align=\"right\"><!--more--><\/p><p style=\"text-align: left;\" align=\"right\"><span style=\"font-family: Verdana; color: #808080;\"><b><img loading=\"lazy\" decoding=\"async\" class=\"alignleft wp-image-3088 size-medium\" src=\"https:\/\/overboyaohushua.com\/wp-content\/uploads\/2022\/02\/ESNestudC51-208x300.png\" alt=\"\" width=\"208\" height=\"300\" srcset=\"https:\/\/overboyaohushua.com\/wp-content\/uploads\/2022\/02\/ESNestudC51-208x300.png 208w, https:\/\/overboyaohushua.com\/wp-content\/uploads\/2022\/02\/ESNestudC51-300x432.png 300w, https:\/\/overboyaohushua.com\/wp-content\/uploads\/2022\/02\/ESNestudC51.png 378w\" sizes=\"auto, (max-width: 208px) 100vw, 208px\" \/><\/b><\/span><\/p><p style=\"text-align: left;\" align=\"right\"><span style=\"font-family: verdana, geneva, sans-serif; font-size: 12pt;\"><strong>LETRA GRANDE &#8211; 6 volume\u00a0<span style=\"color: #ff0000;\">Sob Encomenda&#8230;<\/span><\/strong><\/span><\/p><p style=\"text-align: left;\" align=\"right\"><span style=\"font-family: Verdana; color: #808080; font-size: 12pt;\"><b>DIMENS\u00d5ES: C5<\/b>\u00a0[0.16 X 0.23 ~280 p\u00e1ginas cada volume; impress\u00e3o digital &#8211; papel offset, 63grs]<\/span><\/p><p style=\"text-align: left;\" align=\"right\"><span style=\"font-family: Verdana; color: #808080; font-size: 12pt;\"><b>ENCADERNA\u00c7\u00c3O:<\/b>\u00a0Brochura, Ilustra\u00e7\u00e3o digital color; plastificada com acetato semi transparente<\/span><\/p><p style=\"text-align: left;\" align=\"right\"><span style=\"color: #ff0000; font-size: 10pt;\">\u00ab Imagens sem as dimens\u00f5es reais (Apenas para mostrar a imagem da ilustra\u00e7\u00e3o da Capa)<\/span><\/p><p style=\"text-align: left;\" align=\"left\"><span style=\"color: #808080; font-family: Verdana;\"><span style=\"font-size: 16px;\"><b>ESN de ESTUDO com15.510 Notas de Rodap\u00e9, na Linguagem Padr\u00e3o. Com \u00eanfase nos Profetas e no Apocalipse!<\/b><\/span><\/span><\/p><p style=\"text-align: left;\" align=\"left\"><span style=\"font-family: Verdana; color: #808080; font-size: 12pt;\">ESTA EDI\u00c7\u00c3O ESTA DIVIDIDA PELO CONTEXTO E SEUS LIVROS SEGUEM A ORDEM CRONOL\u00d3GICA &#8211; HEBRAICA! COM MILHARES DE NOTAS DE RODAP\u00c9 PARA QUEM GOSTA DE SE APROFUNDAR NAS DOUTRINAS<\/span><\/p><p align=\"left\"><strong><span style=\"font-size: 14pt;\">\u00cdndice de cada Volume:<\/span><\/strong><\/p><p><strong>Tomo 1<\/strong><strong> \u2013 A LEI: Bereshiyt; Shuamos; Viyaokro; Bamid&#8217;var; Devarim\u00a0<\/strong><\/p><p><strong>Tomo 2<\/strong><strong> \u2013 Anteriores &amp; Posteriores: Yao&#8217;sh; Shoft\u00edm; Shamu&#8217;ul Alef; Shamu&#8217;ul Bet; Molkhim Alef; Molkhim Bet &amp; Oz&#8217;or; Naokhem&#8217;yah; Toldoth Alef; Toldoth Bet; Had&#8217;ssah<\/strong><\/p><p><strong>Tomo 3<\/strong><strong> \u2013 Profetas Maiores e Menores: Yashua&#8217;yah; Yarmi&#8217;yah; Kozoq&#8217;ul; Dayan&#8217;ul &amp; Yao&#8217;ul; Yao&#8217;nah; Ho&#8217;shua; Am&#8217;oz; Mik&#8217;h\u00e1; Zafna&#8217;yah; Naok&#8217;hem; Hab&#8217;koak; Awod&#8217;yah; Khag&#8217;gai; Zochar&#8217;yah; Molaokhi.<\/strong><\/p><p><strong>Tomo 4<\/strong><strong> \u2013 ESCRITOS: Yah&#8217;ov; Ruth; Tehill\u00edm; Maush&#8217;lei; Shir Hashrin; Ech\u00e1; Qeholoth<\/strong><\/p><p><strong>Tomo 5<\/strong><strong> \u2013 EVANGELHOS &amp; HIST\u00d3RIA: Matt&#8217;yaohuh; Marcus; Luka; Yao&#8217;khanan &amp; Atos dos Emiss\u00e1rios<\/strong><\/p><p align=\"left\"><strong>Tomo 6<\/strong><strong> \u2013 Cartas &amp; PROF\u00c9TICO: Late\u00ednus; Alef Corintyah; Bet Corintyah;Galutyah; Efsiya; Fylypsiyah; Kolesayah; Alef Teslonikyah; Bet Teslonikyah; Yah&#8217;tam Alef; Yah&#8217;tam Bet; Teitus; Filemom\/Fileymom; Yaohu&#8217;dins; Yah&#8217;kof; Kafos Alef; Pedro\/Kafos Bet; Yao&#8217;khanan Alef; Yao&#8217;khanan Bet; Yao&#8217;khanan Gimel; Yau&#8217;dah &amp; Gilyahna<\/strong><\/p><p align=\"left\">\u00a0<\/p><p style=\"text-align: left;\" align=\"left\"><span style=\"font-size: 12pt;\"><a href=\"https:\/\/overboyaohushua.com\/index.php\/model-4\/\" target=\"_blank\" rel=\"noopener\"><em>EST\u00c1 NA D\u00daVIDA? CLIC AQUI e Compare a ESN com as fraudes dispon\u00edveis na Internet<\/em><\/a><\/span><\/p><p align=\"left\">\u00a0<\/p>","protected":false},"excerpt":{"rendered":"<p><strong><img loading=\"lazy\" decoding=\"async\" class=\"size-thumbnail wp-image-3065 alignleft\" src=\"https:\/\/overboyaohushua.com\/wp-content\/uploads\/2022\/02\/ESNestudC5-1-150x150.png\" alt=\"\" width=\"150\" height=\"150\" srcset=\"https:\/\/overboyaohushua.com\/wp-content\/uploads\/2022\/02\/ESNestudC5-1-150x150.png 150w, https:\/\/overboyaohushua.com\/wp-content\/uploads\/2022\/02\/ESNestudC5-1-100x100.png 100w, https:\/\/overboyaohushua.com\/wp-content\/uploads\/2022\/02\/ESNestudC5-1.png 280w\" sizes=\"auto, (max-width: 150px) 100vw, 150px\" \/><img loading=\"lazy\" decoding=\"async\" class=\"size-full wp-image-2490 alignleft\" src=\"https:\/\/overboyaohushua.com\/wp-content\/uploads\/2019\/02\/seta25.gif\" alt=\"\" width=\"43\" height=\"22\" \/>QRcod PARA PAGAR ESTE PRODUTO COM O\u00a0PIX\u00a0(FRETE INCLUSO): CONSULTE OS PRAZOS ANTES \u2013 Feito o pagamento, entre em contato para passar os seus dados para o envio\u2026<br \/><\/strong><\/p>\n<ul>\n<li><span style=\"font-size: 14pt; color: #ff0000;\"><strong>ENCOMENDE A SUA: 015 9 9781-0294 (ZAP)<\/strong><\/span><\/li>\n<\/ul>\n<p align=\"justify\"><span style=\"font-size: 14pt;\"><a href=\"http:\/\/overboyaohushua.com\/index.php\/model-65-13\/\"><strong>Comprar sem Cart\u00e3o ou sem o PIX (Dep\u00f3sito em Conta): CLIC AQUI!<\/strong><\/a><\/span><\/p>\n<p style=\"text-align: left;\" align=\"justify\"><span style=\"font-size: 14pt;\"><strong><span style=\"color: #3366ff;\"><em><img loading=\"lazy\" decoding=\"async\" class=\"alignleft wp-image-1791 \" src=\"https:\/\/overboyaohushua.com\/wp-content\/uploads\/2019\/02\/pay.png\" alt=\"\" width=\"202\" height=\"54\" srcset=\"https:\/\/overboyaohushua.com\/wp-content\/uploads\/2019\/02\/pay.png 433w, https:\/\/overboyaohushua.com\/wp-content\/uploads\/2019\/02\/pay-300x80.png 300w\" sizes=\"auto, (max-width: 202px) 100vw, 202px\" \/><\/em><\/span><\/strong><\/span><\/p>\n<p align=\"justify\">\u00a0<\/p>\n<p style=\"text-align: left;\" align=\"justify\"><span style=\"font-size: 14pt;\"><strong><span style=\"color: #3366ff;\"><em>Compre com o seu Cart\u00e3o de Cr\u00e9dito via Pay Pal<\/em><\/span><\/strong><\/span><\/p>\n<p><strong>[Tem acr\u00e9scimos: IOF e Taxas da operadora do sistema]<\/strong><\/p>\n","protected":false},"featured_media":3064,"comment_status":"closed","ping_status":"closed","template":"","meta":{"yasr_overall_rating":0,"yasr_post_is_review":"yes","yasr_auto_insert_disabled":"yes","yasr_review_type":""},"class_list":{"0":"post-3063","1":"product","2":"type-product","3":"status-publish","4":"has-post-thumbnail","6":"product_cat-esns","7":"product_tag-esn-003","9":"first","10":"outofstock","11":"featured","12":"taxable","13":"shipping-taxable","14":"purchasable","15":"product-type-simple"},"yasr_visitor_votes":{"stars_attributes":{"read_only":false,"span_bottom":false},"number_of_votes":0,"sum_votes":0},"_links":{"self":[{"href":"https:\/\/overboyaohushua.com\/index.php\/wp-json\/wp\/v2\/product\/3063","targetHints":{"allow":["GET"]}}],"collection":[{"href":"https:\/\/overboyaohushua.com\/index.php\/wp-json\/wp\/v2\/product"}],"about":[{"href":"https:\/\/overboyaohushua.com\/index.php\/wp-json\/wp\/v2\/types\/product"}],"replies":[{"embeddable":true,"href":"https:\/\/overboyaohushua.com\/index.php\/wp-json\/wp\/v2\/comments?post=3063"}],"wp:featuredmedia":[{"embeddable":true,"href":"https:\/\/overboyaohushua.com\/index.php\/wp-json\/wp\/v2\/media\/3064"}],"wp:attachment":[{"href":"https:\/\/overboyaohushua.com\/index.php\/wp-json\/wp\/v2\/media?parent=3063"}],"curies":[{"name":"wp","href":"https:\/\/api.w.org\/{rel}","templated":true}]}}