{"id":3242,"date":"2022-10-11T20:42:39","date_gmt":"2022-10-11T17:42:39","guid":{"rendered":"https:\/\/overboyaohushua.com\/?post_type=product&#038;p=3242"},"modified":"2024-08-28T17:10:45","modified_gmt":"2024-08-28T14:10:45","slug":"esn-homem","status":"publish","type":"product","link":"https:\/\/overboyaohushua.com\/index.php\/produto\/esn-homem\/","title":{"rendered":"ESN &#8211; HOMEM"},"content":{"rendered":"<p style=\"text-align: left;\" align=\"right\"><span style=\"font-family: Verdana;\"><b> <img loading=\"lazy\" decoding=\"async\" class=\"alignleft wp-image-3243 size-medium\" src=\"https:\/\/overboyaohushua.com\/wp-content\/uploads\/2022\/10\/ESNhomem-238x300.png\" alt=\"\" width=\"238\" height=\"300\" srcset=\"https:\/\/overboyaohushua.com\/wp-content\/uploads\/2022\/10\/ESNhomem-238x300.png 238w, https:\/\/overboyaohushua.com\/wp-content\/uploads\/2022\/10\/ESNhomem-300x378.png 300w, https:\/\/overboyaohushua.com\/wp-content\/uploads\/2022\/10\/ESNhomem.png 560w\" sizes=\"auto, (max-width: 238px) 100vw, 238px\" \/><\/b><\/span><\/p><p style=\"text-align: left;\" align=\"right\"><span style=\"font-family: verdana, geneva, sans-serif; font-size: 12pt;\"><strong>LETRA GRANDE<\/strong><\/span><\/p><p style=\"text-align: left;\" align=\"right\"><span style=\"font-size: 12pt;\"><span style=\"font-family: Verdana;\"><b>DIMENS\u00d5ES: B5\u00a0<\/b>[0.18 X 0.26 ~ 700 p\u00e1ginas; impress\u00e3o InkJet, papel offset &#8211; 63g].<\/span><\/span><\/p><p style=\"text-align: left;\" align=\"right\"><span style=\"font-family: Verdana; font-size: 12pt;\"><b>ENCADERNA\u00c7\u00c3O<\/b>: Capa Dura. Ilustra\u00e7\u00e3o digital color, plastificada com acetato semi transparente<\/span><\/p><p style=\"text-align: left;\" align=\"right\"><span style=\"color: #ff0000; font-size: 10pt;\">\u00ab Imagens sem reais dimens\u00f5es (Apenas para mostrar a imagem da ilustra\u00e7\u00e3o da Capa)<\/span><\/p><p><span style=\"font-family: verdana, geneva, sans-serif; font-size: 12pt;\"><strong>Leitura F\u00e1cil<\/strong>, verso a verso: Todos os principais Nomes est\u00e3o na forma ordin\u00e1ria juntamente com o Hebraico Arcaico Transliterado; Ex: Matt&#8217;yaohuh\/Mateus&#8230; Apresenta\u00e7\u00e3o exclusiva para o Obreiro Aprovado!<\/span><\/p><p style=\"text-align: left;\" align=\"justify\"><span style=\"font-size: 12pt;\">SEUS LIVROS SEGUEM A ORDEM CRONOL\u00d3GICA &#8211; HEBRAICA!\u00a0<\/span><\/p><p align=\"justify\"><a href=\"https:\/\/overboyaohushua.com\/index.php\/model-4\/\" target=\"_blank\" rel=\"noopener\"><span style=\"font-size: 12pt;\"><em>EST\u00c1 NA D\u00daVIDA? CLIC AQUI e Compare a ESN com as fraudes dispon\u00edveis na Internet<\/em><\/span><\/a><\/p>","protected":false},"excerpt":{"rendered":"<p>LETRA GRANDEDIMENS\u00d5ES: B5\u00a0[0.18 X 0.26 ~ 700 p\u00e1ginas; impress\u00e3o InkJet, papel offset &#8211; 63g].ENCADERNA\u00c7\u00c3O: Capa Dura. Ilustra\u00e7\u00e3o digital color, plastificada com acetato semi transparente\u00ab Imagens sem reais dimens\u00f5es (Apenas para mostrar a imagem da ilustra\u00e7\u00e3o da Capa)Leitura F\u00e1cil, verso a verso: Todos os principais Nomes est\u00e3o na forma ordin\u00e1ria juntamente com o Hebraico Arcaico Transliterado; [&hellip;]<\/p>\n","protected":false},"featured_media":3243,"comment_status":"closed","ping_status":"closed","template":"","meta":{"yasr_overall_rating":0,"yasr_post_is_review":"yes","yasr_auto_insert_disabled":"yes","yasr_review_type":""},"class_list":{"0":"post-3242","1":"product","2":"type-product","3":"status-publish","4":"has-post-thumbnail","6":"product_cat-esns","7":"product_tag-esn-010","9":"first","10":"outofstock","11":"featured","12":"taxable","13":"shipping-taxable","14":"purchasable","15":"product-type-simple"},"yasr_visitor_votes":{"stars_attributes":{"read_only":false,"span_bottom":false},"number_of_votes":0,"sum_votes":0},"_links":{"self":[{"href":"https:\/\/overboyaohushua.com\/index.php\/wp-json\/wp\/v2\/product\/3242","targetHints":{"allow":["GET"]}}],"collection":[{"href":"https:\/\/overboyaohushua.com\/index.php\/wp-json\/wp\/v2\/product"}],"about":[{"href":"https:\/\/overboyaohushua.com\/index.php\/wp-json\/wp\/v2\/types\/product"}],"replies":[{"embeddable":true,"href":"https:\/\/overboyaohushua.com\/index.php\/wp-json\/wp\/v2\/comments?post=3242"}],"wp:featuredmedia":[{"embeddable":true,"href":"https:\/\/overboyaohushua.com\/index.php\/wp-json\/wp\/v2\/media\/3243"}],"wp:attachment":[{"href":"https:\/\/overboyaohushua.com\/index.php\/wp-json\/wp\/v2\/media?parent=3242"}],"curies":[{"name":"wp","href":"https:\/\/api.w.org\/{rel}","templated":true}]}}