{"id":330,"date":"2019-02-24T16:38:20","date_gmt":"2019-02-24T14:38:20","guid":{"rendered":"http:\/\/wp.cyocaminho.com\/?post_type=product&#038;p=330"},"modified":"2024-08-28T17:01:37","modified_gmt":"2024-08-28T14:01:37","slug":"esn-edicao-padrao","status":"publish","type":"product","link":"https:\/\/overboyaohushua.com\/index.php\/produto\/esn-edicao-padrao\/","title":{"rendered":"ESN &#8211; EDI\u00c7\u00c3O PADR\u00c3O"},"content":{"rendered":"<p align=\"left\"><img loading=\"lazy\" decoding=\"async\" class=\"alignleft wp-image-2872 size-medium\" src=\"https:\/\/overboyaohushua.com\/wp-content\/uploads\/2019\/02\/ESNpadr\u00e3o-247x300.png\" alt=\"\" width=\"247\" height=\"300\" \/><\/p><p style=\"text-align: left;\" align=\"right\"><span style=\"font-size: 12pt; font-family: verdana, geneva, sans-serif;\"><strong>LETRA M\u00c9DIA<\/strong><\/span><\/p><p style=\"text-align: left;\" align=\"right\"><span style=\"font-family: Verdana; font-size: 12pt;\"><b>DIMENS\u00d5ES: C5<\/b>\u00a0[0.16 X 0.23 ~ 680 p\u00e1ginas; impress\u00e3o digital; papel offset 63g]<\/span><\/p><p style=\"text-align: left;\" align=\"right\"><span style=\"font-family: Verdana; font-size: 12pt;\">\u00a0<b>ENCADERNA\u00c7\u00c3O:<\/b>\u00a0Capa Dura &#8211; Imagem digital color; plastificada com acetato semi fosco<\/span><\/p><p style=\"text-align: left;\" align=\"right\"><span style=\"color: #ff0000;\">\u00ab Imagens sem defini\u00e7\u00e3o de tamanho (Apenas para Indicar a Cor da Ilustra\u00e7\u00e3o da Capa)<\/span><\/p><p align=\"justify\"><span style=\"font-size: 12pt;\"><strong>DESCRI\u00c7\u00c3O:\u00a0<\/strong><\/span><b style=\"font-size: 12pt;\"><span style=\"font-family: Verdana;\">As<\/span><\/b><span style=\"font-family: Verdana;\">\u00a0<b>Escrituras Sagradas segundo o Nome<\/b>\u00a0[ESN &#8211; EUC by CYC; Edi\u00e7\u00e3o Unitariana Corrigida], \u00e9 totalmente sob a \u00f3tica de Jo 1:3 onde TUDO foi criado por Yaohu&#8217;shua<\/span><\/p><p align=\"left\"><span style=\"font-family: Verdana; font-size: 12pt;\">Nesta edi\u00e7\u00e3o, muitas passagens onde os judaicos [e trinitarianos] n\u00e3o identificam Yaohu&#8217;shua, Ele est\u00e1 claramente presente. Al\u00e9m disto, TODOS os nomes de profetas, personagens e locais geogr\u00e1ficos est\u00e3o no Hebraico Arcaico, a l\u00edngua original das Escrituras.<\/span><\/p><p align=\"left\"><span style=\"font-family: Verdana; font-size: 12pt;\">ESTA EDI\u00c7\u00c3O ESTA DIVIDIDA PELO CONTEXTO E SEUS LIVROS SEGUEM A ORDEM CRONOL\u00d3GICA &#8211; HEBRAICA! COM NOTAS DE RODAP\u00c9 [+ de 650] PARA QUEM GOSTA DE SE APROFUNDAR NAS DOUTRINAS.<\/span><\/p><p align=\"left\"><a href=\"https:\/\/overboyaohushua.com\/index.php\/model-4\/\" target=\"_blank\" rel=\"noopener\"><span style=\"font-size: 12pt;\"><em>EST\u00c1 NA D\u00daVIDA? CLIC AQUI e Compare a ESN com as fraudes dispon\u00edveis na Internet<\/em><\/span><\/a><\/p>","protected":false},"excerpt":{"rendered":"<p>LETRA M\u00c9DIADIMENS\u00d5ES: C5\u00a0[0.16 X 0.23 ~ 680 p\u00e1ginas; impress\u00e3o digital; papel offset 63g]\u00a0ENCADERNA\u00c7\u00c3O:\u00a0Capa Dura &#8211; Imagem digital color; plastificada com acetato semi fosco\u00ab Imagens sem defini\u00e7\u00e3o de tamanho (Apenas para Indicar a Cor da Ilustra\u00e7\u00e3o da Capa)DESCRI\u00c7\u00c3O:\u00a0As\u00a0Escrituras Sagradas segundo o Nome\u00a0[ESN &#8211; EUC by CYC; Edi\u00e7\u00e3o Unitariana Corrigida], \u00e9 totalmente sob a \u00f3tica de Jo [&hellip;]<\/p>\n","protected":false},"featured_media":0,"comment_status":"closed","ping_status":"closed","template":"","meta":{"yasr_overall_rating":0,"yasr_post_is_review":"yes","yasr_auto_insert_disabled":"yes","yasr_review_type":""},"class_list":{"0":"post-330","1":"product","2":"type-product","3":"status-publish","5":"product_cat-esns","6":"product_tag-esn-002","8":"first","9":"outofstock","10":"featured","11":"taxable","12":"shipping-taxable","13":"purchasable","14":"product-type-simple"},"yasr_visitor_votes":{"stars_attributes":{"read_only":false,"span_bottom":false},"number_of_votes":0,"sum_votes":0},"_links":{"self":[{"href":"https:\/\/overboyaohushua.com\/index.php\/wp-json\/wp\/v2\/product\/330","targetHints":{"allow":["GET"]}}],"collection":[{"href":"https:\/\/overboyaohushua.com\/index.php\/wp-json\/wp\/v2\/product"}],"about":[{"href":"https:\/\/overboyaohushua.com\/index.php\/wp-json\/wp\/v2\/types\/product"}],"replies":[{"embeddable":true,"href":"https:\/\/overboyaohushua.com\/index.php\/wp-json\/wp\/v2\/comments?post=330"}],"wp:attachment":[{"href":"https:\/\/overboyaohushua.com\/index.php\/wp-json\/wp\/v2\/media?parent=330"}],"curies":[{"name":"wp","href":"https:\/\/api.w.org\/{rel}","templated":true}]}}