{"id":334,"date":"2019-02-24T17:17:18","date_gmt":"2019-02-24T15:17:18","guid":{"rendered":"http:\/\/wp.cyocaminho.com\/?post_type=product&#038;p=334"},"modified":"2024-01-19T17:20:39","modified_gmt":"2024-01-19T15:20:39","slug":"esn-edicao-jovem","status":"publish","type":"product","link":"https:\/\/overboyaohushua.com\/index.php\/produto\/esn-edicao-jovem\/","title":{"rendered":"ESN &#8211; EDI\u00c7\u00c3O JOVEM"},"content":{"rendered":"<p align=\"left\"><img loading=\"lazy\" decoding=\"async\" class=\"alignleft wp-image-2860 size-medium\" src=\"https:\/\/overboyaohushua.com\/wp-content\/uploads\/2019\/02\/ESNjov01-247x300.png\" alt=\"\" width=\"247\" height=\"300\" srcset=\"https:\/\/overboyaohushua.com\/wp-content\/uploads\/2019\/02\/ESNjov01-247x300.png 247w, https:\/\/overboyaohushua.com\/wp-content\/uploads\/2019\/02\/ESNjov01-300x364.png 300w, https:\/\/overboyaohushua.com\/wp-content\/uploads\/2019\/02\/ESNjov01.png 560w\" sizes=\"auto, (max-width: 247px) 100vw, 247px\" \/><\/p><p style=\"text-align: left;\" align=\"right\"><span style=\"font-size: 12pt; font-family: verdana, geneva, sans-serif;\"><strong>LETRA M\u00c9DIA &#8211; <span style=\"color: #ff0000;\">Sob Encomenda&#8230;<\/span><\/strong><\/span><\/p><p style=\"text-align: left;\" align=\"right\"><span style=\"color: #808080; font-size: 12pt;\"><span style=\"font-family: Verdana;\"><b>DIMENS\u00d5ES: C5\u00a0<\/b>[0.16 X 0.23 ~ 690 p\u00e1ginas; impress\u00e3o digital, papel offset 63grs]<\/span><\/span><\/p><p style=\"text-align: left;\" align=\"right\"><span style=\"font-family: Verdana; color: #808080; font-size: 12pt;\"><b>ENCADERNA\u00c7\u00c3O:\u00a0<\/b>Capa dura, Ilustra\u00e7\u00e3o digital color, plastificada com acetato semi transparente<\/span><\/p><p style=\"text-align: left;\" align=\"right\"><span style=\"color: #ff0000;\">\u00ab Imagens sem as reais dimens\u00f5es (Apenas para mostrar a imagem da ilustra\u00e7\u00e3o da da Capa)<\/span><\/p><p align=\"left\"><span style=\"font-family: Verdana; font-size: 12pt;\">NUMA\u00a0<b>LINGUAGEM MODERNA<\/b>, A ESN &#8211; Escrituras Sagradas segundo o Nome &#8211; TORNOU-SE ACESS\u00cdVEL A TODOS [JOVENS &amp; ADULTOS] QUE EST\u00c3O SE INICIANDO NO ESTUDO DAS ESCRITURAS; ONDE TODOS OS NOMES EST\u00c3O NA FORMA ORDIN\u00c1RIA JUNTAMENTE COM O HEBRAICO ARCAICO TRANSLITERADO<\/span><\/p><p align=\"left\"><span style=\"font-family: Verdana; font-size: 12pt;\"><b>EXEMPLO<\/b>: Samuel\/Shamu&#8217;ul<\/span><\/p><p align=\"left\"><span style=\"font-family: Verdana; font-size: 12pt;\">\u00a0\u00a0\u00a0\u00a0\u00a0\u00a0\u00a0\u00a0\u00a0\u00a0\u00a0\u00a0\u00a0\u00a0\u00a0 Jerusal\u00e9m\/Yashua&#8217;oleym<\/span><\/p><p align=\"left\"><span style=\"font-size: 12pt;\"><a href=\"https:\/\/overboyaohushua.com\/index.php\/model-4\/\" target=\"_blank\" rel=\"noopener\"><em>EST\u00c1 NA D\u00daVIDA? CLIC AQUI e Compare a ESN com as fraudes dispon\u00edveis na Internet<\/em><\/a><\/span><\/p>","protected":false},"excerpt":{"rendered":"<p><strong><img loading=\"lazy\" decoding=\"async\" class=\"size-thumbnail wp-image-3081 alignleft\" src=\"https:\/\/overboyaohushua.com\/wp-content\/uploads\/2019\/02\/ESNjovem-150x150.png\" alt=\"\" width=\"150\" height=\"150\" srcset=\"https:\/\/overboyaohushua.com\/wp-content\/uploads\/2019\/02\/ESNjovem-150x150.png 150w, https:\/\/overboyaohushua.com\/wp-content\/uploads\/2019\/02\/ESNjovem-100x100.png 100w, https:\/\/overboyaohushua.com\/wp-content\/uploads\/2019\/02\/ESNjovem.png 279w\" sizes=\"auto, (max-width: 150px) 100vw, 150px\" \/><img loading=\"lazy\" decoding=\"async\" class=\"size-full wp-image-2490 alignleft\" src=\"https:\/\/overboyaohushua.com\/wp-content\/uploads\/2019\/02\/seta25.gif\" alt=\"\" width=\"43\" height=\"22\" \/><span style=\"font-size: 14pt;\"><span style=\"font-size: 12pt;\">QRcod PARA PAGAR ESTE PRODUTO COM O PIX (FRETE INCLUSO): CONSULTE OS PRAZOS ANTES &#8211; Feito o pagamento, entre em contato para passar os seus dados para o envio&#8230;<\/span><\/span><br \/><\/strong><\/p>\n<ul>\n<li><span style=\"font-size: 14pt; color: #ff0000;\"><strong>ENCOMENDE A SUA: 015 9 9781-0294 (ZAP)<\/strong><\/span><\/li>\n<\/ul>\n<p align=\"justify\"><span style=\"font-size: 14pt;\"><a href=\"http:\/\/overboyaohushua.com\/index.php\/model-65-13\/\"><strong>Comprar sem Cart\u00e3o ou sem o\u00a0 PIX (Dep\u00f3sito em Conta): CLIC AQUI!<\/strong><\/a><\/span><\/p>\n<p style=\"text-align: left;\" align=\"justify\"><span style=\"font-size: 14pt;\"><strong><span style=\"color: #3366ff;\"><em><img loading=\"lazy\" decoding=\"async\" class=\"alignleft wp-image-1791 \" src=\"https:\/\/overboyaohushua.com\/wp-content\/uploads\/2019\/02\/pay.png\" alt=\"\" width=\"202\" height=\"54\" srcset=\"https:\/\/overboyaohushua.com\/wp-content\/uploads\/2019\/02\/pay.png 433w, https:\/\/overboyaohushua.com\/wp-content\/uploads\/2019\/02\/pay-300x80.png 300w\" sizes=\"auto, (max-width: 202px) 100vw, 202px\" \/><\/em><\/span><\/strong><\/span><\/p>\n<p align=\"justify\">\u00a0<\/p>\n<p style=\"text-align: left;\" align=\"justify\"><span style=\"font-size: 14pt;\"><strong><span style=\"color: #3366ff;\"><em>Compre com o seu Cart\u00e3o de Cr\u00e9dito via Pay Pal<\/em><\/span><\/strong><\/span><\/p>\n<p><strong>[Tem acr\u00e9scimos: IOF e Taxas da operadora do sistema]<\/strong><\/p>\n<p align=\"left\">\u00a0<\/p>\n","protected":false},"featured_media":2860,"comment_status":"closed","ping_status":"closed","template":"","meta":{"yasr_overall_rating":0,"yasr_post_is_review":"yes","yasr_auto_insert_disabled":"yes","yasr_review_type":""},"class_list":{"0":"post-334","1":"product","2":"type-product","3":"status-publish","4":"has-post-thumbnail","6":"product_cat-esns","7":"product_tag-esn-005","9":"first","10":"outofstock","11":"featured","12":"taxable","13":"shipping-taxable","14":"purchasable","15":"product-type-simple"},"yasr_visitor_votes":{"stars_attributes":{"read_only":false,"span_bottom":false},"number_of_votes":0,"sum_votes":0},"_links":{"self":[{"href":"https:\/\/overboyaohushua.com\/index.php\/wp-json\/wp\/v2\/product\/334","targetHints":{"allow":["GET"]}}],"collection":[{"href":"https:\/\/overboyaohushua.com\/index.php\/wp-json\/wp\/v2\/product"}],"about":[{"href":"https:\/\/overboyaohushua.com\/index.php\/wp-json\/wp\/v2\/types\/product"}],"replies":[{"embeddable":true,"href":"https:\/\/overboyaohushua.com\/index.php\/wp-json\/wp\/v2\/comments?post=334"}],"wp:featuredmedia":[{"embeddable":true,"href":"https:\/\/overboyaohushua.com\/index.php\/wp-json\/wp\/v2\/media\/2860"}],"wp:attachment":[{"href":"https:\/\/overboyaohushua.com\/index.php\/wp-json\/wp\/v2\/media?parent=334"}],"curies":[{"name":"wp","href":"https:\/\/api.w.org\/{rel}","templated":true}]}}