{"id":342,"date":"2019-02-24T18:25:30","date_gmt":"2019-02-24T16:25:30","guid":{"rendered":"http:\/\/wp.cyocaminho.com\/?post_type=product&#038;p=342"},"modified":"2024-08-28T17:32:22","modified_gmt":"2024-08-28T14:32:22","slug":"esn-edicao-moderna-12","status":"publish","type":"product","link":"https:\/\/overboyaohushua.com\/index.php\/produto\/esn-edicao-moderna-12\/","title":{"rendered":"ESN &#8211; CONGREGACIONAL (Membros)"},"content":{"rendered":"<p style=\"text-align: left;\" align=\"right\"><span style=\"font-size: 12pt;\"><span style=\"font-family: Verdana;\"><b><span style=\"font-size: 12pt;\"><img loading=\"lazy\" decoding=\"async\" class=\"alignleft wp-image-2861 size-medium\" src=\"https:\/\/overboyaohushua.com\/wp-content\/uploads\/2019\/02\/ESNcongMemb01-247x300.png\" alt=\"\" width=\"247\" height=\"300\" srcset=\"https:\/\/overboyaohushua.com\/wp-content\/uploads\/2019\/02\/ESNcongMemb01-247x300.png 247w, https:\/\/overboyaohushua.com\/wp-content\/uploads\/2019\/02\/ESNcongMemb01-300x364.png 300w, https:\/\/overboyaohushua.com\/wp-content\/uploads\/2019\/02\/ESNcongMemb01.png 560w\" sizes=\"auto, (max-width: 247px) 100vw, 247px\" \/>LETRA M\u00c9DIA<\/span><\/b><\/span><\/span><\/p><p style=\"text-align: left;\" align=\"right\"><span style=\"font-size: 12pt;\"><span style=\"font-family: Verdana;\"><b>DIMENS\u00d5ES: C5\u00a0<\/b>[0.16 X 0.23 ~ 700 p\u00e1ginas; impress\u00e3o digital, papel offset 63grs]<\/span><\/span><\/p><p style=\"text-align: left;\" align=\"right\"><span style=\"font-family: Verdana; font-size: 12pt;\"><b>ENCADERNA\u00c7\u00c3O:<\/b>\u00a0Capa Dura, Ilustra\u00e7\u00e3o digital color; plastificada com acetato semi transparente<\/span><\/p><p style=\"text-align: left;\" align=\"right\"><span style=\"color: #ff0000;\">\u00ab Imagens sem as dimens\u00f5es reais (Apenas para mostrar a imagem da ilustra\u00e7\u00e3o da Cor da Capa)<\/span><\/p><p align=\"left\"><span style=\"color: #808080; font-size: 12pt;\"><b><span style=\"font-family: Verdana;\">As<\/span><\/b><span style=\"font-family: Verdana;\">\u00a0<b>Escrituras Sagradas segundo o Nome<\/b>\u00a0[ESN &#8211; EUC by CYC; Edi\u00e7\u00e3o Unitariana Corrigida], totalmente sob a \u00f3tica de Jo 1:3 onde TUDO foi criado por Yaohushua, est\u00e1 dispon\u00edvel em uma edi\u00e7\u00e3o condensada; de f\u00e1cil uso e \u00e9 IDEAL para manter uma linguagem padronizada entre o rosh e os membros, na oholyao&#8230;<\/span><\/span><\/p><blockquote><p align=\"left\"><span style=\"font-size: 12pt;\"><strong>EDI\u00c7\u00c3O EXCLUSIVA PARA MEMBROS DE OHOLYAIS DA CYC\u00a0<\/strong><\/span><\/p><\/blockquote><p align=\"left\"><span style=\"font-family: Verdana; color: #808080; font-size: 12pt;\">NUMA LINGUAGEM MODERNA, A ESN CONGREGACIONAL TORNOU-SE ACESS\u00cdVEL A TODOS [JOVENS &amp; ADULTOS] QUE EST\u00c3O SE INICIANDO NO ESTUDO DAS ESCRITURAS; ONDE TODOS OS NOMES EST\u00c3O NA SUA FORMA ORDIN\u00c1RIA JUNTAMENTE COM O HEBRAICO ARCAICO<\/span><\/p><p align=\"left\"><span style=\"font-family: Verdana; color: #808080; font-size: 12pt;\">EXEMPLO: Samuel\/Shamu&#8217;ul<\/span><\/p><p align=\"left\"><span style=\"font-family: Verdana; color: #808080; font-size: 12pt;\">\u00a0\u00a0\u00a0\u00a0\u00a0\u00a0\u00a0\u00a0\u00a0\u00a0\u00a0\u00a0\u00a0\u00a0 Jerusal\u00e9m\/Yahshua&#8217;oleym<\/span><\/p><p align=\"left\"><span style=\"font-size: 12pt;\"><a href=\"https:\/\/overboyaohushua.com\/index.php\/model-4\/\" target=\"_blank\" rel=\"noopener\"><em>EST\u00c1 NA D\u00daVIDA? CLIC AQUI e Compare a ESN com as fraudes dispon\u00edveis na Internet<\/em><\/a><\/span><\/p><p align=\"right\">\u00a0<\/p>","protected":false},"excerpt":{"rendered":"<p>LETRA M\u00c9DIADIMENS\u00d5ES: C5\u00a0[0.16 X 0.23 ~ 700 p\u00e1ginas; impress\u00e3o digital, papel offset 63grs]ENCADERNA\u00c7\u00c3O:\u00a0Capa Dura, Ilustra\u00e7\u00e3o digital color; plastificada com acetato semi transparente\u00ab Imagens sem as dimens\u00f5es reais (Apenas para mostrar a imagem da ilustra\u00e7\u00e3o da Cor da Capa)As\u00a0Escrituras Sagradas segundo o Nome\u00a0[ESN &#8211; EUC by CYC; Edi\u00e7\u00e3o Unitariana Corrigida], totalmente sob a \u00f3tica de Jo [&hellip;]<\/p>\n","protected":false},"featured_media":2861,"comment_status":"closed","ping_status":"closed","template":"","meta":{"yasr_overall_rating":0,"yasr_post_is_review":"yes","yasr_auto_insert_disabled":"yes","yasr_review_type":""},"class_list":{"0":"post-342","1":"product","2":"type-product","3":"status-publish","4":"has-post-thumbnail","6":"product_cat-esns","7":"product_tag-esn-012","9":"first","10":"outofstock","11":"featured","12":"taxable","13":"shipping-taxable","14":"purchasable","15":"product-type-simple"},"yasr_visitor_votes":{"stars_attributes":{"read_only":false,"span_bottom":false},"number_of_votes":0,"sum_votes":0},"_links":{"self":[{"href":"https:\/\/overboyaohushua.com\/index.php\/wp-json\/wp\/v2\/product\/342","targetHints":{"allow":["GET"]}}],"collection":[{"href":"https:\/\/overboyaohushua.com\/index.php\/wp-json\/wp\/v2\/product"}],"about":[{"href":"https:\/\/overboyaohushua.com\/index.php\/wp-json\/wp\/v2\/types\/product"}],"replies":[{"embeddable":true,"href":"https:\/\/overboyaohushua.com\/index.php\/wp-json\/wp\/v2\/comments?post=342"}],"wp:featuredmedia":[{"embeddable":true,"href":"https:\/\/overboyaohushua.com\/index.php\/wp-json\/wp\/v2\/media\/2861"}],"wp:attachment":[{"href":"https:\/\/overboyaohushua.com\/index.php\/wp-json\/wp\/v2\/media?parent=342"}],"curies":[{"name":"wp","href":"https:\/\/api.w.org\/{rel}","templated":true}]}}