{"id":379,"date":"2019-02-25T15:10:47","date_gmt":"2019-02-25T13:10:47","guid":{"rendered":"http:\/\/wp.cyocaminho.com\/?post_type=product&#038;p=379"},"modified":"2024-08-28T17:07:31","modified_gmt":"2024-08-28T14:07:31","slug":"esn-edicao-congr-rosh","status":"publish","type":"product","link":"https:\/\/overboyaohushua.com\/index.php\/produto\/esn-edicao-congr-rosh\/","title":{"rendered":"ESN &#8211; EDI\u00c7\u00c3O CONGREGACIONAL (Rosh)"},"content":{"rendered":"<p align=\"left\"><img loading=\"lazy\" decoding=\"async\" class=\"alignleft wp-image-2863 size-medium\" src=\"https:\/\/overboyaohushua.com\/wp-content\/uploads\/2019\/02\/ESNcongrRosh01-247x300.png\" alt=\"\" width=\"247\" height=\"300\" srcset=\"https:\/\/overboyaohushua.com\/wp-content\/uploads\/2019\/02\/ESNcongrRosh01-247x300.png 247w, https:\/\/overboyaohushua.com\/wp-content\/uploads\/2019\/02\/ESNcongrRosh01-300x364.png 300w, https:\/\/overboyaohushua.com\/wp-content\/uploads\/2019\/02\/ESNcongrRosh01.png 560w\" sizes=\"auto, (max-width: 247px) 100vw, 247px\" \/><\/p><p style=\"text-align: left;\" align=\"right\"><span style=\"font-size: 12pt; font-family: verdana, geneva, sans-serif;\"><strong>LETRA GRANDE<\/strong><\/span><\/p><p style=\"text-align: left;\" align=\"right\"><span style=\"color: #808080; font-size: 12pt;\"><span style=\"font-family: Verdana;\"><b><span style=\"font-family: verdana, geneva, sans-serif;\">DIMENS\u00d5E<\/span>S: B5\u00a0<\/b>[0.18 X 0.25 ~ 685 p\u00e1ginas; impress\u00e3o digital, papel offset 63grs]<\/span><\/span><\/p><p style=\"text-align: left;\" align=\"right\"><span style=\"font-family: Verdana; color: #808080; font-size: 12pt;\"><b>ENCADERNA\u00c7\u00c3O:<\/b>\u00a0Capa Dura, Ilustra\u00e7\u00e3o digital color; plastificada com acetato semi transparente<\/span><\/p><p align=\"left\"><span style=\"color: #ff0000;\">\u00ab Imagem sem as dimens\u00f5es reais (Apenas para mostrar a imagem da ilustra\u00e7\u00e3o da da Capa)<\/span><\/p><p align=\"left\"><span style=\"color: #808080; font-size: 12pt;\"><b><span style=\"font-family: Verdana;\">As<\/span><\/b><span style=\"font-family: Verdana;\">\u00a0<b>Escrituras Sagradas segundo o Nome<\/b>\u00a0[ESN &#8211; EUC by CYC; Edi\u00e7\u00e3o Unitariana Corrigida], totalmente sob a \u00f3tica de Jo 1:3 onde TUDO foi criado por Yaohushua, est\u00e1 dispon\u00edvel em uma edi\u00e7\u00e3o condensada; de f\u00e1cil uso e \u00e9 IDEAL para manter uma linguagem padronizada entre o rosh e os membros, na oholy\u00e1o&#8230;<\/span><\/span><\/p><blockquote><p align=\"left\"><span style=\"font-size: 12pt;\"><strong>EDI\u00c7\u00c3O EXCLUSIVA PARA ROSHs DE OHOLYAIS DA CYC\u00a0<\/strong><\/span><\/p><\/blockquote><p align=\"left\"><span style=\"color: #808080; font-family: Verdana; font-size: 12pt;\">NUMA LINGUAGEM MODERNA E COM LETRA GRANDE, A ESN CONGREGACIONAL \u00c9 IDEAL PARA O\u00a0<b>ROSH<\/b>\u00a0USAR NO P\u00daLPITO ONDE A CONGREGA\u00c7\u00c3O TENHA ADOTADA A\u00a0<b>ESN CONGREGACIONAL<\/b>\u00a0(MEMBROS). TODOS OS NOMES EST\u00c3O NA SUA FORMA ORDIN\u00c1RIA JUNTAMENTE COM O HEBRAICO ARCAICO\u00a0TRANSLITERADO<\/span><\/p><p align=\"left\"><span style=\"font-family: Verdana; color: #808080; font-size: 12pt;\">EXEMPLO: Samuel\/Shamu&#8217;ul<\/span><\/p><p align=\"left\"><span style=\"font-family: Verdana; color: #808080; font-size: 12pt;\">\u00a0\u00a0\u00a0\u00a0\u00a0\u00a0\u00a0\u00a0\u00a0\u00a0\u00a0\u00a0\u00a0\u00a0 Jerusal\u00e9m\/Yashua&#8217;oleym<\/span><\/p><p align=\"left\"><span style=\"font-size: 12pt;\"><a href=\"https:\/\/overboyaohushua.com\/index.php\/model-4\/\" target=\"_blank\" rel=\"noopener\"><em>EST\u00c1 NA D\u00daVIDA? CLIC AQUI e Compare a ESN com as fraudes dispon\u00edveis na Internet<\/em><\/a><\/span><\/p>","protected":false},"excerpt":{"rendered":"<p>LETRA GRANDEDIMENS\u00d5ES: B5\u00a0[0.18 X 0.25 ~ 685 p\u00e1ginas; impress\u00e3o digital, papel offset 63grs]ENCADERNA\u00c7\u00c3O:\u00a0Capa Dura, Ilustra\u00e7\u00e3o digital color; plastificada com acetato semi transparente\u00ab Imagem sem as dimens\u00f5es reais (Apenas para mostrar a imagem da ilustra\u00e7\u00e3o da da Capa)As\u00a0Escrituras Sagradas segundo o Nome\u00a0[ESN &#8211; EUC by CYC; Edi\u00e7\u00e3o Unitariana Corrigida], totalmente sob a \u00f3tica de Jo 1:3 [&hellip;]<\/p>\n","protected":false},"featured_media":2863,"comment_status":"closed","ping_status":"closed","template":"","meta":{"yasr_overall_rating":0,"yasr_post_is_review":"yes","yasr_auto_insert_disabled":"yes","yasr_review_type":""},"class_list":{"0":"post-379","1":"product","2":"type-product","3":"status-publish","4":"has-post-thumbnail","6":"product_cat-esns","7":"product_tag-esn-013","9":"first","10":"outofstock","11":"featured","12":"taxable","13":"shipping-taxable","14":"purchasable","15":"product-type-simple"},"yasr_visitor_votes":{"stars_attributes":{"read_only":false,"span_bottom":false},"number_of_votes":0,"sum_votes":0},"_links":{"self":[{"href":"https:\/\/overboyaohushua.com\/index.php\/wp-json\/wp\/v2\/product\/379","targetHints":{"allow":["GET"]}}],"collection":[{"href":"https:\/\/overboyaohushua.com\/index.php\/wp-json\/wp\/v2\/product"}],"about":[{"href":"https:\/\/overboyaohushua.com\/index.php\/wp-json\/wp\/v2\/types\/product"}],"replies":[{"embeddable":true,"href":"https:\/\/overboyaohushua.com\/index.php\/wp-json\/wp\/v2\/comments?post=379"}],"wp:featuredmedia":[{"embeddable":true,"href":"https:\/\/overboyaohushua.com\/index.php\/wp-json\/wp\/v2\/media\/2863"}],"wp:attachment":[{"href":"https:\/\/overboyaohushua.com\/index.php\/wp-json\/wp\/v2\/media?parent=379"}],"curies":[{"name":"wp","href":"https:\/\/api.w.org\/{rel}","templated":true}]}}