{"id":381,"date":"2019-02-25T15:36:32","date_gmt":"2019-02-25T13:36:32","guid":{"rendered":"http:\/\/wp.cyocaminho.com\/?post_type=product&#038;p=381"},"modified":"2024-08-28T17:11:36","modified_gmt":"2024-08-28T14:11:36","slug":"esn-edicao-ltrgd-moderna","status":"publish","type":"product","link":"https:\/\/overboyaohushua.com\/index.php\/produto\/esn-edicao-ltrgd-moderna\/","title":{"rendered":"ESN &#8211; Letra Grande\/ Ling. Moderna"},"content":{"rendered":"<p style=\"text-align: left;\" align=\"right\"><span style=\"font-family: Verdana;\"><b><img loading=\"lazy\" decoding=\"async\" class=\"alignleft wp-image-2866 size-medium\" src=\"https:\/\/overboyaohushua.com\/wp-content\/uploads\/2019\/02\/ESNgdeMod01-247x300.png\" alt=\"\" width=\"247\" height=\"300\" srcset=\"https:\/\/overboyaohushua.com\/wp-content\/uploads\/2019\/02\/ESNgdeMod01-247x300.png 247w, https:\/\/overboyaohushua.com\/wp-content\/uploads\/2019\/02\/ESNgdeMod01-300x364.png 300w, https:\/\/overboyaohushua.com\/wp-content\/uploads\/2019\/02\/ESNgdeMod01.png 560w\" sizes=\"auto, (max-width: 247px) 100vw, 247px\" \/><\/b><\/span><\/p><p style=\"text-align: left;\" align=\"right\"><span style=\"font-family: verdana, geneva, sans-serif; font-size: 12pt;\"><strong>LETRA GRANDE<\/strong><\/span><\/p><p style=\"text-align: left;\" align=\"right\"><span style=\"font-family: Verdana; font-size: 12pt;\"><b>DIMENS\u00d5ES: B5\u00a0<\/b>[0.18 X 0.25 ~ 710 p\u00e1ginas; impress\u00e3o digital, papel offset &#8211; 63g].<\/span><\/p><p style=\"text-align: left;\" align=\"right\"><span style=\"font-family: Verdana; font-size: 12pt;\"><b>ENCADERNA\u00c7\u00c3O<\/b>: Capa Dura, Ilustra\u00e7\u00e3o Digital Colar. Plastificada com acetato semi brilho<\/span><\/p><p style=\"text-align: left;\" align=\"right\"><span style=\"color: #ff0000;\">\u00ab Imagens semas dimens\u00f5es reais (Apenas para mostrar a imagem da ilustra\u00e7\u00e3o da Capa)<\/span><\/p><p style=\"text-align: left;\" align=\"justify\"><span style=\"color: #808080; font-family: Verdana; font-size: 12pt;\">ESN NA LINGUAGEM MODERNA; DEVIDO AO SEU TAMANHO, A ESN &#8211; Escrituras Sagradas segundo o Nome &#8211; PERMITE A QUEM TEM DIFICULDADES VISUAIS MODERADA, LER AS ESCRITURAS SAGRADAS. AUMENTAMOS A DIMENS\u00c3O DO VOLUME E ASSIM, PUDEMOS AUMENTAR UM\u00a0POUCO MAIS O TAMANHO DAS LETRAS&#8230;<\/span><\/p><p style=\"text-align: left;\" align=\"justify\"><span style=\"color: #808080; font-family: Verdana; font-size: 12pt;\">NA ESN LINGUAGEM MODERNA, TODOS OS NOMES EST\u00c3O NA FORMA ORDIN\u00c1RIA JUNTAMENTE COM O HEBRAICO ARCAICO. Ex: Matt&#8217;yaohuh\/Mateus<\/span><\/p><p style=\"text-align: left;\" align=\"justify\"><span style=\"color: #808080; font-family: Verdana; font-size: 12pt;\">AL\u00c9M DE ESTAR DIVIDIDA EM VERS\u00cdCULOS, SEUS LIVROS SEGUEM A ORDEM CRONOL\u00d3GICA &#8211; HEBRAICA!<\/span><\/p><p align=\"justify\"><span style=\"font-size: 12pt;\"><a href=\"https:\/\/overboyaohushua.com\/index.php\/model-4\/\" target=\"_blank\" rel=\"noopener\"><em>EST\u00c1 NA D\u00daVIDA? CLIC AQUI e Compare a ESN com as fraudes dispon\u00edveis na Internet<\/em><\/a><\/span><\/p>","protected":false},"excerpt":{"rendered":"<p>LETRA GRANDEDIMENS\u00d5ES: B5\u00a0[0.18 X 0.25 ~ 710 p\u00e1ginas; impress\u00e3o digital, papel offset &#8211; 63g].ENCADERNA\u00c7\u00c3O: Capa Dura, Ilustra\u00e7\u00e3o Digital Colar. Plastificada com acetato semi brilho\u00ab Imagens semas dimens\u00f5es reais (Apenas para mostrar a imagem da ilustra\u00e7\u00e3o da Capa)ESN NA LINGUAGEM MODERNA; DEVIDO AO SEU TAMANHO, A ESN &#8211; Escrituras Sagradas segundo o Nome &#8211; PERMITE A [&hellip;]<\/p>\n","protected":false},"featured_media":2866,"comment_status":"closed","ping_status":"closed","template":"","meta":{"yasr_overall_rating":0,"yasr_post_is_review":"yes","yasr_auto_insert_disabled":"yes","yasr_review_type":""},"class_list":{"0":"post-381","1":"product","2":"type-product","3":"status-publish","4":"has-post-thumbnail","6":"product_cat-esns","7":"product_tag-esn-04m","9":"first","10":"outofstock","11":"featured","12":"taxable","13":"shipping-taxable","14":"purchasable","15":"product-type-simple"},"yasr_visitor_votes":{"stars_attributes":{"read_only":false,"span_bottom":false},"number_of_votes":0,"sum_votes":0},"_links":{"self":[{"href":"https:\/\/overboyaohushua.com\/index.php\/wp-json\/wp\/v2\/product\/381","targetHints":{"allow":["GET"]}}],"collection":[{"href":"https:\/\/overboyaohushua.com\/index.php\/wp-json\/wp\/v2\/product"}],"about":[{"href":"https:\/\/overboyaohushua.com\/index.php\/wp-json\/wp\/v2\/types\/product"}],"replies":[{"embeddable":true,"href":"https:\/\/overboyaohushua.com\/index.php\/wp-json\/wp\/v2\/comments?post=381"}],"wp:featuredmedia":[{"embeddable":true,"href":"https:\/\/overboyaohushua.com\/index.php\/wp-json\/wp\/v2\/media\/2866"}],"wp:attachment":[{"href":"https:\/\/overboyaohushua.com\/index.php\/wp-json\/wp\/v2\/media?parent=381"}],"curies":[{"name":"wp","href":"https:\/\/api.w.org\/{rel}","templated":true}]}}