{"id":3851,"date":"2024-08-29T19:21:18","date_gmt":"2024-08-29T16:21:18","guid":{"rendered":"https:\/\/overboyaohushua.com\/?post_type=product&#038;p=3851"},"modified":"2024-09-10T23:38:07","modified_gmt":"2024-09-10T20:38:07","slug":"e-book","status":"publish","type":"product","link":"https:\/\/overboyaohushua.com\/index.php\/produto\/e-book\/","title":{"rendered":"E-BOOK: ESN"},"content":{"rendered":"<p><img loading=\"lazy\" decoding=\"async\" class=\"size-thumbnail wp-image-1768 alignleft\" src=\"https:\/\/overboyaohushua.com\/wp-content\/uploads\/2019\/02\/ESNpad-150x150.png\" alt=\"\" width=\"150\" height=\"150\" srcset=\"https:\/\/overboyaohushua.com\/wp-content\/uploads\/2019\/02\/ESNpad-150x150.png 150w, https:\/\/overboyaohushua.com\/wp-content\/uploads\/2019\/02\/ESNpad-100x100.png 100w\" sizes=\"auto, (max-width: 150px) 100vw, 150px\" \/><\/p><p style=\"text-align: left;\" align=\"right\"><span style=\"font-size: 24pt;\"><span style=\"font-family: verdana, geneva, sans-serif;\"><b>E-Book (PDF)<\/b><\/span><\/span><\/p><p><span style=\"font-size: 14pt;\"><strong>ESN (Linguagem Padr\u00e3o \u2013 a tradicional)!<\/strong><\/span><\/p><blockquote><p>Para voc\u00ea usar em seu Computador ou no Celular \u2013 basta ter ou baixar um Leitor de PDF e pronto: Totalmente indexada (voc\u00ea navega entre os livros e cap\u00edtulos com um simples toque ou clic)! Ap\u00f3s a compra, voc\u00ea a recebe em seu e-mail; e, ao abrir, ela vai estar em sua p\u00e1gina de Download \u2013 mas estaremos aqui para orient\u00e1-los de como instalar e usar!!!<\/p><\/blockquote><ul><li><span style=\"font-size: 14pt;\">A \u00fanica sem as corrup\u00e7\u00f5es do paganismo<\/span><\/li><li><span style=\"font-size: 14pt;\">Com a translitera\u00e7\u00e3o correta do Nome<\/span><\/li><li><span style=\"font-size: 14pt;\">Sem os Ventos de Doutrinas pentecostais<\/span><\/li><li><span style=\"font-size: 14pt;\">Unitariana: Pai &amp; Filho presentes desde as primeiras p\u00e1ginas<\/span><\/li><\/ul><p align=\"justify\"><span style=\"font-size: 12pt;\"><strong>DESCRI\u00c7\u00c3O:\u00a0<\/strong><\/span><b style=\"font-size: 12pt;\"><span style=\"font-family: Verdana;\">As<\/span><\/b><span style=\"font-family: Verdana;\">\u00a0<b>Escrituras Sagradas segundo o Nome<\/b>\u00a0[ESN &#8211; EUC by CYC; Edi\u00e7\u00e3o Unitariana Corrigida], \u00e9 totalmente sob a \u00f3tica de Jo 1:3 onde TUDO foi criado por Yaohu&#8217;shua<\/span><\/p><p align=\"left\"><span style=\"font-family: Verdana; font-size: 12pt;\">Nesta edi\u00e7\u00e3o, muitas passagens onde os judaicos [e trinitarianos] n\u00e3o identificam Yaohu&#8217;shua, Ele est\u00e1 claramente presente. Al\u00e9m disto, TODOS os nomes de profetas, personagens e locais geogr\u00e1ficos est\u00e3o no Hebraico Arcaico, a l\u00edngua original das Escrituras.<\/span><\/p><p align=\"left\"><span style=\"font-family: Verdana; font-size: 12pt;\">ESTA EDI\u00c7\u00c3O ESTA DIVIDIDA PELO CONTEXTO E SEUS LIVROS SEGUEM A ORDEM CRONOL\u00d3GICA &#8211; HEBRAICA! COM NOTAS DE RODAP\u00c9 [+ de 650] PARA QUEM GOSTA DE SE APROFUNDAR NAS DOUTRINAS.<\/span><\/p><p align=\"left\"><a href=\"https:\/\/overboyaohushua.com\/index.php\/model-4\/\" target=\"_blank\" rel=\"noopener\"><span style=\"font-size: 12pt;\"><em>EST\u00c1 NA D\u00daVIDA? CLIC AQUI e Compare a ESN com as fraudes dispon\u00edveis na Internet<\/em><\/span><\/a><\/p>","protected":false},"excerpt":{"rendered":"<p><span style=\"font-size: 18pt;\">Garanta a sua edi\u00e7\u00e3o em PDF para o seu Celular ou PC! Pronta Entrega via ZAP&#8230;<\/span><\/p>\n<p style=\"text-align: center;\">[maxbutton id=\"5\" text=\"COMPRE J\u00c1!!!\" ]\u00a0<\/p>\n<p><span style=\"font-size: 18pt;\"><strong>Seja mais r\u00e1pido, usando o QR-COD abaixo:<\/strong><\/span><\/p>\n<p><img loading=\"lazy\" decoding=\"async\" class=\"alignnone wp-image-3883 size-full\" src=\"https:\/\/overboyaohushua.com\/wp-content\/uploads\/2024\/09\/ESNebook.png\" alt=\"\" width=\"283\" height=\"289\" \/>\u00a0<\/p>\n<blockquote>\n<p><span style=\"font-size: 14pt;\"><strong>Ou use a nossa chave PIX: <span style=\"color: #0000ff;\">cyocaminho@gmail.com<\/span>\u00a0 &#8211; N\u00e3o se esque\u00e7a de compartilhar o comprovante pelo nossos ZAP <span style=\"color: #0000ff;\">(15) 99781-0294<\/span> dentro do hor\u00e1rio de seg. a seg, das 9:00hs \u00e0s 19:00hs. No s\u00e1bado somente depois das 11:00hs. <\/strong><\/span><\/p>\n<p><span style=\"font-size: 14pt;\"><strong>USANDO O PIX N\u00c3O PRECISA CLICAR NO BOT\u00c3O &#8220;COMPRAR&#8221; (abaixo) e preencher o Cadastro; faremos tudo pelo Whatsapp<\/strong><\/span><\/p>\n<\/blockquote>\n","protected":false},"featured_media":1768,"comment_status":"closed","ping_status":"closed","template":"","meta":{"yasr_overall_rating":0,"yasr_post_is_review":"yes","yasr_auto_insert_disabled":"yes","yasr_review_type":""},"class_list":{"0":"post-3851","1":"product","2":"type-product","3":"status-publish","4":"has-post-thumbnail","6":"product_cat-esns","7":"product_tag-esn-002","9":"first","10":"instock","11":"featured","12":"downloadable","13":"purchasable","14":"product-type-simple"},"yasr_visitor_votes":{"stars_attributes":{"read_only":false,"span_bottom":false},"number_of_votes":0,"sum_votes":0},"_links":{"self":[{"href":"https:\/\/overboyaohushua.com\/index.php\/wp-json\/wp\/v2\/product\/3851","targetHints":{"allow":["GET"]}}],"collection":[{"href":"https:\/\/overboyaohushua.com\/index.php\/wp-json\/wp\/v2\/product"}],"about":[{"href":"https:\/\/overboyaohushua.com\/index.php\/wp-json\/wp\/v2\/types\/product"}],"replies":[{"embeddable":true,"href":"https:\/\/overboyaohushua.com\/index.php\/wp-json\/wp\/v2\/comments?post=3851"}],"wp:featuredmedia":[{"embeddable":true,"href":"https:\/\/overboyaohushua.com\/index.php\/wp-json\/wp\/v2\/media\/1768"}],"wp:attachment":[{"href":"https:\/\/overboyaohushua.com\/index.php\/wp-json\/wp\/v2\/media?parent=3851"}],"curies":[{"name":"wp","href":"https:\/\/api.w.org\/{rel}","templated":true}]}}