{"id":387,"date":"2019-02-25T15:55:08","date_gmt":"2019-02-25T13:55:08","guid":{"rendered":"http:\/\/wp.cyocaminho.com\/?post_type=product&#038;p=387"},"modified":"2024-01-19T17:18:24","modified_gmt":"2024-01-19T15:18:24","slug":"esn-edicao-ltrgd-pulpito","status":"publish","type":"product","link":"https:\/\/overboyaohushua.com\/index.php\/produto\/esn-edicao-ltrgd-pulpito\/","title":{"rendered":"ESN &#8211; Letra Extra Grd. P\u00daLPITO"},"content":{"rendered":"<p style=\"text-align: left;\" align=\"right\">\u00a0<\/p><p style=\"text-align: left;\" align=\"right\"><span style=\"font-family: Verdana; color: #808080;\"><b><img loading=\"lazy\" decoding=\"async\" class=\"alignleft wp-image-2864 size-medium\" src=\"https:\/\/overboyaohushua.com\/wp-content\/uploads\/2019\/02\/ESNpulpito01-247x300.png\" alt=\"\" width=\"247\" height=\"300\" srcset=\"https:\/\/overboyaohushua.com\/wp-content\/uploads\/2019\/02\/ESNpulpito01-247x300.png 247w, https:\/\/overboyaohushua.com\/wp-content\/uploads\/2019\/02\/ESNpulpito01-300x364.png 300w, https:\/\/overboyaohushua.com\/wp-content\/uploads\/2019\/02\/ESNpulpito01.png 560w\" sizes=\"auto, (max-width: 247px) 100vw, 247px\" \/><\/b><\/span><\/p><p style=\"text-align: left;\" align=\"right\"><span style=\"font-family: verdana, geneva, sans-serif; font-size: 12pt;\"><strong>LETRA EXTRA GRANDE &#8211; <span style=\"color: #ff0000;\">Sob Encomenda&#8230;<\/span><\/strong><\/span><\/p><p style=\"text-align: left;\" align=\"right\"><span style=\"font-family: Verdana; color: #808080; font-size: 12pt;\"><b>DIMENS\u00d5ES: A4<\/b>\u00a0[0.21 X 0.29 ~ 712 p\u00e1ginas; impress\u00e3o digital &#8211; papel offset, 63grs]<\/span><\/p><p style=\"text-align: left;\" align=\"right\"><span style=\"font-family: Verdana; color: #808080; font-size: 12pt;\"><b>ENCADERNA\u00c7\u00c3O:<\/b>\u00a0Capa Dura, Ilustra\u00e7\u00e3o digital color; plastificada com acetato semi transparente<\/span><\/p><p style=\"text-align: left;\" align=\"right\"><span style=\"color: #ff0000; font-size: 10pt;\">\u00ab Imagens sem as dimens\u00f5es reais (Apenas para mostrar a imagem da ilustra\u00e7\u00e3o da Capa)<\/span><\/p><p style=\"text-align: left;\" align=\"left\"><span style=\"color: #808080; font-size: 12pt;\"><b><span style=\"font-family: Verdana;\">P\u00daLPITO &#8211; As<\/span><\/b><span style=\"font-family: Verdana;\">\u00a0<b>Escrituras Sagradas segundo o Nome<\/b>\u00a0[ESN &#8211; EUC by CYC; Edi\u00e7\u00e3o Unitariana Corrigida], totalmente sob a \u00f3tica de Jo 1:3 onde TUDO foi criado por Yaohu&#8217;shua, est\u00e1 dispon\u00edvel em Tamanho especialmente preparada para os pregadores [rosh] usarem no p\u00falpito, devido ao tamanho de sua letra &#8211; Arial 10!<\/span><\/span><\/p><p style=\"text-align: left;\" align=\"left\"><span style=\"font-family: Verdana; color: #808080; font-size: 12pt;\">ESTA EDI\u00c7\u00c3O ESTA DIVIDIDA PELO CONTEXTO E SEUS LIVROS SEGUEM A ORDEM CRONOL\u00d3GICA &#8211; HEBRAICA! COM NOTAS DE RODAP\u00c9 PARA QUEM GOSTA DE SE APROFUNDAR NAS DOUTRINAS<\/span><\/p><p style=\"text-align: left;\" align=\"left\"><span style=\"font-size: 12pt;\"><a href=\"https:\/\/overboyaohushua.com\/index.php\/model-4\/\" target=\"_blank\" rel=\"noopener\"><em>EST\u00c1 NA D\u00daVIDA? CLIC AQUI e Compare a ESN com as fraudes dispon\u00edveis na Internet<\/em><\/a><\/span><\/p><p align=\"left\">\u00a0<\/p>","protected":false},"excerpt":{"rendered":"<p><strong><img loading=\"lazy\" decoding=\"async\" class=\"size-thumbnail wp-image-3075 alignleft\" src=\"https:\/\/overboyaohushua.com\/wp-content\/uploads\/2019\/02\/ESNpulp-150x150.png\" alt=\"\" width=\"150\" height=\"150\" srcset=\"https:\/\/overboyaohushua.com\/wp-content\/uploads\/2019\/02\/ESNpulp-150x150.png 150w, https:\/\/overboyaohushua.com\/wp-content\/uploads\/2019\/02\/ESNpulp-100x100.png 100w, https:\/\/overboyaohushua.com\/wp-content\/uploads\/2019\/02\/ESNpulp.png 278w\" sizes=\"auto, (max-width: 150px) 100vw, 150px\" \/><img loading=\"lazy\" decoding=\"async\" class=\"size-full wp-image-2490 alignleft\" src=\"https:\/\/overboyaohushua.com\/wp-content\/uploads\/2019\/02\/seta25.gif\" alt=\"\" width=\"43\" height=\"22\" \/><span style=\"font-size: 14pt;\"><span style=\"font-size: 12pt;\">QRcod PARA PAGAR ESTE PRODUTO COM O PIX (FRETE INCLUSO): CONSULTE OS PRAZOS ANTES &#8211; Feito o pagamento, entre em contato para passar os seus dados para o envio&#8230;<\/span><\/span><br \/><\/strong><\/p>\n<ul>\n<li><span style=\"font-size: 14pt; color: #ff0000;\"><strong>ENCOMENDE A SUA: 015 9 9781-0294 (ZAP)<\/strong><\/span><\/li>\n<\/ul>\n<p align=\"justify\"><span style=\"font-size: 14pt;\"><a href=\"http:\/\/overboyaohushua.com\/index.php\/model-65-13\/\"><strong>Comprar sem Cart\u00e3o ou sem o PIX (Dep\u00f3sito em Conta): CLIC AQUI!<\/strong><\/a><\/span><\/p>\n<p style=\"text-align: left;\" align=\"justify\"><span style=\"font-size: 14pt;\"><strong><span style=\"color: #3366ff;\"><em><img loading=\"lazy\" decoding=\"async\" class=\"alignleft wp-image-1791 \" src=\"https:\/\/overboyaohushua.com\/wp-content\/uploads\/2019\/02\/pay.png\" alt=\"\" width=\"202\" height=\"54\" srcset=\"https:\/\/overboyaohushua.com\/wp-content\/uploads\/2019\/02\/pay.png 433w, https:\/\/overboyaohushua.com\/wp-content\/uploads\/2019\/02\/pay-300x80.png 300w\" sizes=\"auto, (max-width: 202px) 100vw, 202px\" \/><\/em><\/span><\/strong><\/span><\/p>\n<p align=\"justify\">\u00a0<\/p>\n<p style=\"text-align: left;\" align=\"justify\"><span style=\"font-size: 14pt;\"><strong><span style=\"color: #3366ff;\"><em>Compre com o seu Cart\u00e3o de Cr\u00e9dito via Pay Pal<\/em><\/span><\/strong><\/span><\/p>\n<p><strong>[Tem acr\u00e9scimos: IOF e Taxas da operadora do sistema]<\/strong><\/p>\n","protected":false},"featured_media":2864,"comment_status":"closed","ping_status":"closed","template":"","meta":{"yasr_overall_rating":0,"yasr_post_is_review":"yes","yasr_auto_insert_disabled":"yes","yasr_review_type":""},"class_list":{"0":"post-387","1":"product","2":"type-product","3":"status-publish","4":"has-post-thumbnail","6":"product_cat-esns","7":"product_tag-esn-003","9":"first","10":"outofstock","11":"featured","12":"taxable","13":"shipping-taxable","14":"purchasable","15":"product-type-simple"},"yasr_visitor_votes":{"stars_attributes":{"read_only":false,"span_bottom":false},"number_of_votes":0,"sum_votes":0},"_links":{"self":[{"href":"https:\/\/overboyaohushua.com\/index.php\/wp-json\/wp\/v2\/product\/387","targetHints":{"allow":["GET"]}}],"collection":[{"href":"https:\/\/overboyaohushua.com\/index.php\/wp-json\/wp\/v2\/product"}],"about":[{"href":"https:\/\/overboyaohushua.com\/index.php\/wp-json\/wp\/v2\/types\/product"}],"replies":[{"embeddable":true,"href":"https:\/\/overboyaohushua.com\/index.php\/wp-json\/wp\/v2\/comments?post=387"}],"wp:featuredmedia":[{"embeddable":true,"href":"https:\/\/overboyaohushua.com\/index.php\/wp-json\/wp\/v2\/media\/2864"}],"wp:attachment":[{"href":"https:\/\/overboyaohushua.com\/index.php\/wp-json\/wp\/v2\/media?parent=387"}],"curies":[{"name":"wp","href":"https:\/\/api.w.org\/{rel}","templated":true}]}}